{"id":984,"date":"2019-11-04T11:13:48","date_gmt":"2019-11-04T08:13:48","guid":{"rendered":"http:\/\/gepomay.fr\/?page_id=984"},"modified":"2025-07-22T11:13:48","modified_gmt":"2025-07-22T08:13:48","slug":"faire-un-don","status":"publish","type":"page","link":"https:\/\/gepomay.fr\/index.php\/benevoles\/faire-un-don\/","title":{"rendered":"Faire un don"},"content":{"rendered":"\t\t<div data-elementor-type=\"wp-page\" data-elementor-id=\"984\" class=\"elementor elementor-984\">\n\t\t\t\t<div class=\"elementor-element elementor-element-46134deb e-flex e-con-boxed e-con e-parent\" data-id=\"46134deb\" data-element_type=\"container\">\n\t\t\t\t\t<div class=\"e-con-inner\">\n\t\t\t\t<div class=\"elementor-element elementor-element-343c7f5 elementor-widget elementor-widget-text-editor\" data-id=\"343c7f5\" data-element_type=\"widget\" data-widget_type=\"text-editor.default\">\n\t\t\t\t<div class=\"elementor-widget-container\">\n\t\t\t\t\t\t\t\t\t<p style=\"color: #ffffff; font-size: 20x; font-weight: bold; background-color: #7caacb; padding: 1px; border-radius: 10px; text-align: center; margin: 20px 0;\"><span style=\"font-size: 20pt;\">Merci pour votre soutien !<\/span><\/p><p style=\"color: #333333; font-size: 18px; text-align: justify;\">Le GEPOMAY vous remercie pour votre soutien en faveur de la protection de la biodiversit\u00e9 de Mayotte. Gr\u00e2ce \u00e0 vous, nous pouvons poursuivre nos actions de pr\u00e9servation de la faune et des milieux naturels.<\/p><p style=\"color: #333333; font-size: 18px;\">Chaque don, quel qu&rsquo;il soit, contribue directement \u00e0 la sauvegarde des esp\u00e8ces et des \u00e9cosyst\u00e8mes locaux.<\/p><p style=\"color: #333333; font-size: 18px;\"><strong>Votre soutien fait une r\u00e9elle diff\u00e9rence !<\/strong><\/p>\t\t\t\t\t\t\t\t<\/div>\n\t\t\t\t<\/div>\n\t\t\t\t<div class=\"elementor-element elementor-element-9b9be05 elementor-widget elementor-widget-text-editor\" data-id=\"9b9be05\" data-element_type=\"widget\" data-widget_type=\"text-editor.default\">\n\t\t\t\t<div class=\"elementor-widget-container\">\n\t\t\t\t\t\t\t\t\t<iframe id=\"haWidget\" allowtransparency=\"true\" src=\"https:\/\/www.helloasso.com\/associations\/gepomay\/formulaires\/1\/widget-bouton\" style=\"width: 100%; height: 70px; border: none;\"><\/iframe>\n\n<iframe id=\"haWidget\" allowtransparency=\"true\" scrolling=\"auto\" src=\"https:\/\/www.helloasso.com\/associations\/gepomay\/formulaires\/1\/widget\" style=\"width: 100%; height: 750px; border: none;\"><\/iframe>\t\t\t\t\t\t\t\t<\/div>\n\t\t\t\t<\/div>\n\t\t\t\t\t<\/div>\n\t\t\t\t<\/div>\n\t\t<div class=\"elementor-element elementor-element-1cfbb19 e-flex e-con-boxed e-con e-parent\" data-id=\"1cfbb19\" data-element_type=\"container\">\n\t\t\t\t\t<div class=\"e-con-inner\">\n\t\t\t\t<div class=\"elementor-element elementor-element-71a768d elementor-widget elementor-widget-spacer\" data-id=\"71a768d\" data-element_type=\"widget\" data-widget_type=\"spacer.default\">\n\t\t\t\t<div class=\"elementor-widget-container\">\n\t\t\t\t\t\t\t<div class=\"elementor-spacer\">\n\t\t\t<div class=\"elementor-spacer-inner\"><\/div>\n\t\t<\/div>\n\t\t\t\t\t\t<\/div>\n\t\t\t\t<\/div>\n\t\t\t\t\t<\/div>\n\t\t\t\t<\/div>\n\t\t\t\t<\/div>\n\t\t","protected":false},"excerpt":{"rendered":"<p>Merci pour votre soutien ! Le GEPOMAY vous remercie pour votre soutien en faveur de la protection de la biodiversit\u00e9 de Mayotte. Gr\u00e2ce \u00e0 vous, nous pouvons poursuivre nos actions de pr\u00e9servation de la faune et des milieux naturels. Chaque don, quel qu&rsquo;il soit, contribue directement \u00e0 la sauvegarde des esp\u00e8ces et des \u00e9cosyst\u00e8mes locaux. &hellip; <\/p>\n<p class=\"link-more\"><a href=\"https:\/\/gepomay.fr\/index.php\/benevoles\/faire-un-don\/\" class=\"more-link\">Lire la suite de<span class=\"screen-reader-text\">\u00ab\u00a0Faire un don\u00a0\u00bb<\/span><\/a><\/p>\n","protected":false},"author":1,"featured_media":0,"parent":2123,"menu_order":4,"comment_status":"closed","ping_status":"closed","template":"","meta":{"footnotes":""},"_links":{"self":[{"href":"https:\/\/gepomay.fr\/index.php\/wp-json\/wp\/v2\/pages\/984"}],"collection":[{"href":"https:\/\/gepomay.fr\/index.php\/wp-json\/wp\/v2\/pages"}],"about":[{"href":"https:\/\/gepomay.fr\/index.php\/wp-json\/wp\/v2\/types\/page"}],"author":[{"embeddable":true,"href":"https:\/\/gepomay.fr\/index.php\/wp-json\/wp\/v2\/users\/1"}],"replies":[{"embeddable":true,"href":"https:\/\/gepomay.fr\/index.php\/wp-json\/wp\/v2\/comments?post=984"}],"version-history":[{"count":15,"href":"https:\/\/gepomay.fr\/index.php\/wp-json\/wp\/v2\/pages\/984\/revisions"}],"predecessor-version":[{"id":5842,"href":"https:\/\/gepomay.fr\/index.php\/wp-json\/wp\/v2\/pages\/984\/revisions\/5842"}],"up":[{"embeddable":true,"href":"https:\/\/gepomay.fr\/index.php\/wp-json\/wp\/v2\/pages\/2123"}],"wp:attachment":[{"href":"https:\/\/gepomay.fr\/index.php\/wp-json\/wp\/v2\/media?parent=984"}],"curies":[{"name":"wp","href":"https:\/\/api.w.org\/{rel}","templated":true}]}}