{"id":96,"date":"2018-03-06T15:07:07","date_gmt":"2018-03-06T12:07:07","guid":{"rendered":"http:\/\/gepomay.fr\/?page_id=96"},"modified":"2025-07-22T14:39:13","modified_gmt":"2025-07-22T11:39:13","slug":"crabier-blanc","status":"publish","type":"page","link":"https:\/\/gepomay.fr\/index.php\/projets\/crabier-blanc\/","title":{"rendered":"Suivi et protection du Crabier blanc"},"content":{"rendered":"\t\t<div data-elementor-type=\"wp-page\" data-elementor-id=\"96\" class=\"elementor elementor-96\">\n\t\t\t\t<div class=\"elementor-element elementor-element-71c4b773 e-flex e-con-boxed e-con e-parent\" data-id=\"71c4b773\" data-element_type=\"container\">\n\t\t\t\t\t<div class=\"e-con-inner\">\n\t\t\t\t<div class=\"elementor-element elementor-element-ce715de elementor-widget elementor-widget-text-editor\" data-id=\"ce715de\" data-element_type=\"widget\" data-widget_type=\"text-editor.default\">\n\t\t\t\t<div class=\"elementor-widget-container\">\n\t\t\t\t\t\t\t\t\t<p style=\"text-align: justify;\"><span style=\"font-size: 13pt;\"><span style=\"color: #000000;\">Depuis 2010, le GEPOMAY est investi dans le suivi et la protection du\u00a0<\/span><a href=\"https:\/\/gepomay.fr\/index.php\/2020\/02\/17\/nouvelle-fiche-espece-le-crabier-blanc\/\" target=\"_blank\" rel=\"noopener\">Crabier blanc<\/a><span style=\"color: #000000;\">. Cet oiseau est un petit h\u00e9ron end\u00e9mique de l&rsquo;Oc\u00e9an Indien qui ne se reproduit que sur 4 \u00eeles dans le monde, par ordre des populations : Madagascar, Mayotte, Aldabra (Seychelles), Europa (\u00eeles \u00e9parses).<strong> Il s&rsquo;agit d&rsquo;une esp\u00e8ce en danger mondial d&rsquo;extinction et en danger critique \u00e0 l&rsquo;\u00e9chelle nationale <\/strong>(donn\u00e9es de l&rsquo;UICN)<strong>.\u00a0<\/strong><\/span><\/span><\/p>\n<div style=\"font-family: Roboto, font-size: 13pt; line-height: 1.6; color: #000000; background-color: #ffffff; margin-bottom: 20px; display: flex; align-items: center; flex-wrap: wrap; gap: 20px;\">\n<div style=\"flex: 1 1 300px; min-width: 250px;\">\n<p style=\"margin: 0px; text-align: justify;\"><span style=\"font-size: 13pt;\">Soutenu depuis 2013 par la <a style=\"color: #0bb4aa; text-decoration: none; font-weight: bold;\" href=\"https:\/\/www.mayotte.gouv.fr\/Services-de-l-Etat\/Direction-de-l-Environnement-de-l-Amenagement-du-Logement-et-de-la-Mer-de-Mayotte-DEALM\" target=\"_blank\" rel=\"noopener\"> DEALM de Mayotte <\/a>, le GEPOMAY devient animateur du <strong>Plan National d&rsquo;Actions (PNA) en faveur du Crabier blanc<\/strong> en 2019 : les actions de protection sont p\u00e9rennis\u00e9es gr\u00e2ce \u00e0 un programme fort et sur 5 ans.<\/span><\/p>\n<\/div>\n<div style=\"flex: 0 0 auto;\"><img decoding=\"async\" style=\"max-width: 100%; height: auto; display: block;\" src=\"https:\/\/gepomay.fr\/wp-content\/uploads\/2023\/05\/Direction-de-l-Environnement-de-l-Amenagement-du-Logement-et-de-la-Mer-de-Mayotte-DEALM_large-300x70.png\" alt=\"Logo DEALM\" \/><\/div>\n<\/div>\t\t\t\t\t\t\t\t<\/div>\n\t\t\t\t<\/div>\n\t\t\t\t<div class=\"elementor-element elementor-element-a9a9f9b elementor-widget elementor-widget-text-editor\" data-id=\"a9a9f9b\" data-element_type=\"widget\" data-widget_type=\"text-editor.default\">\n\t\t\t\t<div class=\"elementor-widget-container\">\n\t\t\t\t\t\t\t\t\t<div style=\"display: flex; justify-content: space-between; flex-wrap: wrap; width: 100%; gap: 10px; margin-bottom: 10px;\">\n\n  <!-- Image 1 -->\n  <figure style=\"flex: 1 1 49%; margin: 0; text-align: center;\">\n    <img decoding=\"async\" src=\"https:\/\/gepomay.fr\/wp-content\/uploads\/2020\/01\/crabier-blanc-2.jpg\" \n         alt=\"Crabier blanc plumage nuptial\" \n         style=\"width: 100%; height: 300px; object-fit: cover; border-radius: 4px;\" \/>\n    <figcaption style=\"font-size: 13px; color: #555;\">\u00a9 Gilles Adt<\/figcaption>\n  <\/figure>\n\n  <!-- Image 2 -->\n  <figure style=\"flex: 1 1 49%; margin: 0; text-align: center;\">\n    <img decoding=\"async\" src=\"https:\/\/gepomay.fr\/wp-content\/uploads\/2020\/02\/cb1-1.jpg\" \n         alt=\"Crabier blanc plumage internuptial\" \n         style=\"width: 100%; height: 300px; object-fit: cover; border-radius: 4px;\" \/>\n    <figcaption style=\"font-size: 13px; color: #555;\">\u00a9 Gilles Adt<\/figcaption>\n  <\/figure>\n\n<\/div>\n\n<!-- L\u00e9gende commune -->\n<p style=\"text-align: center; font-size: 14px; color: #000; font-style: italic; margin-top: 10px;\">\n  Les deux plumages du Crabier blanc : plumage nuptial \u00e0 gauche et plumage internuptial \u00e0 droite\n<\/p>\t\t\t\t\t\t\t\t<\/div>\n\t\t\t\t<\/div>\n\t\t\t\t<div class=\"elementor-element elementor-element-12b6c3f elementor-widget elementor-widget-spacer\" data-id=\"12b6c3f\" data-element_type=\"widget\" data-widget_type=\"spacer.default\">\n\t\t\t\t<div class=\"elementor-widget-container\">\n\t\t\t\t\t\t\t<div class=\"elementor-spacer\">\n\t\t\t<div class=\"elementor-spacer-inner\"><\/div>\n\t\t<\/div>\n\t\t\t\t\t\t<\/div>\n\t\t\t\t<\/div>\n\t\t\t\t<div class=\"elementor-element elementor-element-619439b elementor-widget elementor-widget-heading\" data-id=\"619439b\" data-element_type=\"widget\" data-widget_type=\"heading.default\">\n\t\t\t\t<div class=\"elementor-widget-container\">\n\t\t\t\t\t<h2 class=\"elementor-heading-title elementor-size-default\"><!-- Section contexte-->\n<div style=\"background-color: #7caacb;color: white;padding: 5px 30px;border-radius: 30px;text-align: center;margin-bottom: 20px\">\n<h2 style=\"font-size: 22px;margin: 0;color: #ffffff;font-weight: bold\">Un soutien europ\u00e9en<\/h2><\/h2>\t\t\t\t<\/div>\n\t\t\t\t<\/div>\n\t\t\t\t<div class=\"elementor-element elementor-element-b8110b0 elementor-widget elementor-widget-text-editor\" data-id=\"b8110b0\" data-element_type=\"widget\" data-widget_type=\"text-editor.default\">\n\t\t\t\t<div class=\"elementor-widget-container\">\n\t\t\t\t\t\t\t\t\t<div style=\"font-family: Roboto, sans-serif; font-size: 13pt; line-height: 1.6; color: #000000; background-color: #ffffff; margin-bottom: 20px; display: flex; align-items: flex-start; flex-wrap: wrap; gap: 20px;\"><!-- Image \u00e0 gauche -->\n<div style=\"flex: 0 0 200px; min-width: 150px;\"><img decoding=\"async\" style=\"max-width: 100%; height: auto; border-radius: 4px;\" src=\"https:\/\/gepomay.fr\/wp-content\/uploads\/2022\/09\/life-biodivom.jpg\" alt=\"Logo Life BIODIV'OM\" \/><\/div>\n<!-- Texte \u00e0 droite -->\n<div style=\"flex: 1 1 300px; min-width: 250px;\">\n<p style=\"margin: 0; text-align: justify;\">Le <strong>Plan National d\u2019Actions (PNA)<\/strong> est \u00e9galement soutenu financi\u00e8rement par la <a style=\"color: #0bb4aa; font-weight: bold; text-decoration: none;\" href=\"https:\/\/commission.europa.eu\/index_fr\" target=\"_blank\" rel=\"noopener\"> Commission europ\u00e9enne <\/a> via le projet <a style=\"color: #0bb4aa; font-weight: bold; text-decoration: none;\" href=\"https:\/\/www.lifebiodivom.fr\/\" target=\"_blank\" rel=\"noopener\"> Life BIODIV\u2019OM <\/a>. Coordonn\u00e9 au niveau national par la <a style=\"color: #0bb4aa; font-weight: bold; text-decoration: none;\" href=\"https:\/\/www.lpo.fr\/\" target=\"_blank\" rel=\"noopener\"> LPO France <\/a>, ce programme vise \u00e0 renforcer la conservation des esp\u00e8ces menac\u00e9es dans les territoires d\u2019Outre-mer. <br \/><br \/>C\u2019est donc naturellement que le GEPOMAY b\u00e9n\u00e9ficie de ce soutien depuis 2018 pour ses actions de protection en faveur du <strong>Crabier blanc<\/strong>.<\/p>\n<\/div>\n<\/div>\t\t\t\t\t\t\t\t<\/div>\n\t\t\t\t<\/div>\n\t\t\t\t<div class=\"elementor-element elementor-element-e51ef9a elementor-widget elementor-widget-heading\" data-id=\"e51ef9a\" data-element_type=\"widget\" data-widget_type=\"heading.default\">\n\t\t\t\t<div class=\"elementor-widget-container\">\n\t\t\t\t\t<h2 class=\"elementor-heading-title elementor-size-default\"><!-- Section contexte-->\n<div style=\"background-color: #7caacb;color: white;padding: 5px 30px;border-radius: 30px;text-align: center;margin-bottom: 20px\">\n<h2 style=\"font-size: 22px;margin: 0;color: #ffffff;font-weight: bold\">Quelles actions ?<\/h2><\/h2>\t\t\t\t<\/div>\n\t\t\t\t<\/div>\n\t\t\t\t<div class=\"elementor-element elementor-element-ad9558c elementor-widget elementor-widget-text-editor\" data-id=\"ad9558c\" data-element_type=\"widget\" data-widget_type=\"text-editor.default\">\n\t\t\t\t<div class=\"elementor-widget-container\">\n\t\t\t\t\t\t\t\t\t<p style=\"text-align: justify;\"><span style=\"font-size: 13pt;\"><span style=\"color: #000000;\">La protection du <strong>Crabier blanc<\/strong> passe par le suivi de ses populations, l&rsquo;\u00e9tude de ses menaces et la protection de ses habitats :\u00a0<\/span><\/span><\/p><div style=\"background-color: #e6f2fa; padding: 15px; margin-bottom: 20px; border-radius: 6px;\"><h4 style=\"margin-top: 0;\">\ud83d\udccc Am\u00e9lioration des connaissances<\/h4><p>\u00c9tudes des pr\u00e9f\u00e9rences de l&rsquo;esp\u00e8ce via un suivi t\u00e9l\u00e9m\u00e9trique :<\/p><ul><li><a href=\"https:\/\/gepomay.fr\/index.php\/2022\/07\/07\/suivez-les-crabiers-blancs-avec-le-gepomay\/\" target=\"_blank\" rel=\"noopener\">Suivez les Crabiers blancs avec le GEPOMAY<\/a> \u2013 2022<\/li><li><a href=\"https:\/\/gepomay.fr\/index.php\/2019\/12\/18\/six-crabiers-blancs-equipes-de-balises-une-premiere-mondiale\/\" target=\"_blank\" rel=\"noopener\">Six crabiers blancs \u00e9quip\u00e9s de balises : une premi\u00e8re mondiale !<\/a> \u2013 2019<\/li><\/ul><\/div><div style=\"background-color: #e6f2fa; padding: 15px; margin-bottom: 20px; border-radius: 6px;\"><h4 style=\"margin-top: 0;\">\ud83d\udcca Suivi des populations<\/h4><p>Suivi mensuel sur les sites d&rsquo;alimentation et photocomptage a\u00e9rien sur les sites de reproduction :<\/p><ul><li><a href=\"https:\/\/gepomay.fr\/index.php\/2023\/04\/20\/et-le-gepomay-comptait-le-suivi-du-crabier-blanc-sur-ses-sites-dalimentation-on-vous-explique\/\" target=\"_blank\" rel=\"noopener\">Et le GEPOMAY comptait\u2026 Le suivi du Crabier blanc sur ses sites d\u2019alimentation<\/a> \u2013 2023<\/li><li><a href=\"https:\/\/gepomay.fr\/index.php\/2022\/12\/20\/un-protocole-de-suivi-des-crabiers-blancs-nicheurs-finalise-et-standardise-pour-mayotte\/\" target=\"_blank\" rel=\"noopener\">Protocole de suivi des Crabiers blancs nicheurs finalis\u00e9 pour Mayotte<\/a> \u2013 2022<\/li><li><a href=\"https:\/\/gepomay.fr\/index.php\/2022\/07\/19\/le-gepomay-detecte-de-mieux-en-mieux-les-crabiers-blancs\/\" target=\"_blank\" rel=\"noopener\">Le GEPOMAY d\u00e9tecte de mieux en mieux les Crabiers blancs<\/a> \u2013 2022<\/li><\/ul><\/div><div style=\"background-color: #e6f2fa; padding: 15px; margin-bottom: 20px; border-radius: 6px;\"><h4 style=\"margin-top: 0;\">\ud83d\udc00 Lutte contre le Rat noir<\/h4><p>Pr\u00e9dateur quasi certain du Crabier blanc en mangrove :<\/p><ul><li><a href=\"https:\/\/gepomay.fr\/index.php\/2022\/11\/17\/la-lutte-contre-le-rat-noir-par-le-gepomay-pourquoi-et-comment\/\" target=\"_blank\" rel=\"noopener\">La lutte contre le Rat noir par le GEPOMAY : pourquoi et comment ?<\/a> \u2013 2022<\/li><\/ul><\/div><div style=\"background-color: #e6f2fa; padding: 15px; margin-bottom: 20px; border-radius: 6px;\"><h4 style=\"margin-top: 0;\">\ud83c\udf3f Restauration des sites d\u2019alimentation<\/h4><ul><li><a href=\"https:\/\/gepomay.fr\/index.php\/2022\/10\/27\/la-prairie-humide-de-malamani-se-refait-une-beaute\/\" target=\"_blank\" rel=\"noopener\">La prairie humide de Malamani se refait une beaut\u00e9 !<\/a> \u2013 2022<\/li><\/ul><\/div><div style=\"background-color: #e6f2fa; padding: 15px; margin-bottom: 20px; border-radius: 6px;\"><h4 style=\"margin-top: 0;\">\u2696\ufe0f Protection juridique<\/h4><p>Mise en place de mesures de protection sur les sites fr\u00e9quent\u00e9s par le Crabier blanc.<\/p><\/div><div style=\"background-color: #e6f2fa; padding: 15px; margin-bottom: 0; border-radius: 6px;\"><h4 style=\"margin-top: 0;\">\ud83c\udf93 Sensibilisation du public<\/h4><p>Actions en faveur de la sensibilisation \u00e0 la protection de l\u2019esp\u00e8ce et de ses milieux :<\/p><ul><li><a href=\"https:\/\/gepomay.fr\/index.php\/2022\/09\/01\/echo-du-festival-exposition-urbaine-improvisee\/\" target=\"_blank\" rel=\"noopener\">\u00c9cho du festival : exposition urbaine improvis\u00e9e<\/a> \u2013 2022<\/li><li><a href=\"https:\/\/gepomay.fr\/index.php\/2022\/08\/26\/premiere-edition-du-festival-en-faveur-des-especes-menacees-de-mayotte-ledition-crabier-blanc\/\" target=\"_blank\" rel=\"noopener\">Premi\u00e8re \u00e9dition du Festival en faveur des esp\u00e8ces menac\u00e9es : \u00e9dition Crabier blanc<\/a> \u2013 2022<\/li><li><a href=\"https:\/\/gepomay.fr\/index.php\/2022\/06\/29\/une-sortie-a-iloni-avec-le-gepomay\/\" target=\"_blank\" rel=\"noopener\">Une sortie \u00e0 Iloni avec le GEPOMAY<\/a> \u2013 2022<\/li><\/ul><\/div>\t\t\t\t\t\t\t\t<\/div>\n\t\t\t\t<\/div>\n\t\t\t\t<div class=\"elementor-element elementor-element-d0fc385 elementor-widget elementor-widget-text-editor\" data-id=\"d0fc385\" data-element_type=\"widget\" data-widget_type=\"text-editor.default\">\n\t\t\t\t<div class=\"elementor-widget-container\">\n\t\t\t\t\t\t\t\t\t<div style=\"display: flex; gap: 10px; justify-content: space-between; flex-wrap: wrap;\"><!-- Image 1 -->\n<div style=\"flex: 1; text-align: center;\"><img decoding=\"async\" style=\"width: 100%; height: 300px; object-fit: cover;\" src=\"https:\/\/gepomay.fr\/wp-content\/uploads\/2022\/06\/4.jpg\" alt=\"\u00a9 GEPOMAY\" \/>\n<p style=\"font-size: 13px;\">\u00a9 GEPOMAY<\/p>\n<\/div>\n<!-- Image 2 -->\n<div style=\"flex: 1; text-align: center;\"><img decoding=\"async\" style=\"width: 100%; height: 300px; object-fit: cover;\" src=\"https:\/\/gepomay.fr\/wp-content\/uploads\/2021\/10\/IMG20210904154813-2-scaled.jpg\" alt=\"\u00a9 GEPOMAY\" \/>\n<p style=\"font-size: 13px;\">\u00a9 GEPOMAY<\/p>\n<\/div>\n<!-- Image 3 -->\n<div style=\"flex: 1; text-align: center;\"><img decoding=\"async\" style=\"width: 100%; height: 300px; object-fit: cover;\" src=\"https:\/\/gepomay.fr\/wp-content\/uploads\/2020\/06\/088fba956fb00d945ae6278322b124c3.png\" alt=\"\u00a9 GEPOMAY\" \/>\n<p style=\"font-size: 13px;\">\u00a9 UICN<\/p>\n<\/div>\n<\/div>\n<p style=\"text-align: center; font-size: 14px; margin-top: 15px;\"><em>La sensibilisation en faveur du Crabier \u00e0 toutes les \u00e9chelles : animation scolaire \u00e0 gauche, intervention au pavillon fran\u00e7ais de l&rsquo;UICN lors du congr\u00e8s mondial de la nature \u00e0 droite.<\/em><\/p>\t\t\t\t\t\t\t\t<\/div>\n\t\t\t\t<\/div>\n\t\t\t\t<div class=\"elementor-element elementor-element-b9b22cf elementor-widget elementor-widget-spacer\" data-id=\"b9b22cf\" data-element_type=\"widget\" data-widget_type=\"spacer.default\">\n\t\t\t\t<div class=\"elementor-widget-container\">\n\t\t\t\t\t\t\t<div class=\"elementor-spacer\">\n\t\t\t<div class=\"elementor-spacer-inner\"><\/div>\n\t\t<\/div>\n\t\t\t\t\t\t<\/div>\n\t\t\t\t<\/div>\n\t\t\t\t<div class=\"elementor-element elementor-element-ee2e3af elementor-widget elementor-widget-text-editor\" data-id=\"ee2e3af\" data-element_type=\"widget\" data-widget_type=\"text-editor.default\">\n\t\t\t\t<div class=\"elementor-widget-container\">\n\t\t\t\t\t\t\t\t\t<div style=\"display: flex; flex-wrap: wrap; gap: 40px; justify-content: space-between; font-family: Roboto, sans-serif; font-size: 13pt; line-height: 1.6; color: #000000;\">\n\n  <!-- Colonne gauche : Un peu de lecture -->\n  <div style=\"flex: 1 1 45%; min-width: 300px;\">\n\n    <div style=\"background-color: #7caacb; color: white; padding: 5px 30px; border-radius: 30px; text-align: center; margin-bottom: 20px; display: block; width: 100%;\">\n      <h2 style=\"font-size: 22px; margin: 0; color: #ffffff; font-weight: bold;\">Un peu de lecture&#8230;<\/h2>\n    <\/div>\n\n    <div style=\"background-color: #f5f5f5; padding: 20px; border-radius: 12px;\">\n      <p><a href=\"https:\/\/gepomay.fr\/wp-content\/uploads\/2023\/05\/GEPOMAY_Nathan-Cazelles_Efficacite-du-plan-de-lutte-contre-le-Rat-noir-en-mangrove-pour-la-protection-du-Crabier-blanc-a-Mayotte.pdf\">Efficacit\u00e9 du plan de lutte contre le Rat noir en mangrove \u2013 Nathan Cazelles, GEPOMAY 2022<\/a><\/p>\n      <p><a href=\"https:\/\/gepomay.fr\/wp-content\/uploads\/2023\/05\/GEPOMAY_Laurie-Gaillard_Suivi-de-la-population-nicheuse-de-Crabiers-blancs-a-Mayotte-developpement-dun-indicateur-de-tendance.pdf\">Suivi de la population nicheuse de Crabiers blancs \u2013 Laurie Gaillard, GEPOMAY 2022<\/a><\/p>\n      <p><a href=\"https:\/\/gepomay.fr\/wp-content\/uploads\/2023\/05\/GEPOMAY_Almodis-Vadier_rythme-dactivite-journalier-des-Crabiers-blancs-et-detectabilite-des-nids-sur-les-colonies-de-reproduction-a-Mayotte-quelles-preconisations-pour-un-suivi-a-long-terme.pdf\">Rythme d\u2019activit\u00e9 journalier des Crabiers blancs \u2013 Almodis Vadier, GEPOMAY 2021<\/a><\/p>\n      <p><a href=\"https:\/\/gepomay.fr\/wp-content\/uploads\/2020\/06\/Rabarisoa-et-al_Waterbirds431_pp45-54.pdf\">Status assessment of the Madagascar Pond-Heron (<em>Ardeola idae<\/em>) \u2013 2020<\/a><\/p>\n      <p><a href=\"https:\/\/gepomay.fr\/wp-content\/uploads\/2023\/05\/GEPOMAY_Plan-national-dactions-en-faveur-du-Crabier-blanc-sur-lile-de-Mayotte_2019-2023.pdf\">Plan national d\u2019actions en faveur du Crabier blanc \u2013 GEPOMAY 2019-2023<\/a><\/p>\n    <\/div>\n  <\/div>\n\n  <!-- Colonne droite : Documents du Life -->\n  <div style=\"flex: 1 1 45%; min-width: 300px;\">\n\n    <div style=\"background-color: #7caacb; color: white; padding: 5px 30px; border-radius: 30px; text-align: center; margin-bottom: 20px; display: block; width: 100%;\">\n      <h2 style=\"font-size: 22px; margin: 0; color: #ffffff; font-weight: bold;\">Documents du Life<\/h2>\n    <\/div>\n\n    <div style=\"background-color: #f5f5f5; padding: 20px; border-radius: 12px;\">\n      <p><strong>Plaquette de pr\u00e9sentation<\/strong><br>\n        <a href=\"http:\/\/gepomay.fr\/wp-content\/uploads\/2020\/01\/Plaquette_LIFE_BIODIVOM_V3_WEB.pdf\">Voir le document<\/a> \u2013 \n        <a href=\"http:\/\/gepomay.fr\/wp-content\/uploads\/2020\/01\/Plaquette_LIFE_BIODIVOM_V3_WEB.pdf\" download>T\u00e9l\u00e9charger<\/a>\n      <\/p>\n      <p><strong>Dossier de presse<\/strong><br>\n        <a href=\"http:\/\/gepomay.fr\/wp-content\/uploads\/2020\/01\/DP_BiodivOM_V2_WEB-1.pdf\">Voir le document<\/a> \u2013 \n        <a href=\"http:\/\/gepomay.fr\/wp-content\/uploads\/2020\/01\/DP_BiodivOM_V2_WEB-1.pdf\" download>T\u00e9l\u00e9charger<\/a>\n      <\/p>\n      <p><strong>Exposition itin\u00e9rante<\/strong><br>\n        <a href=\"http:\/\/gepomay.fr\/wp-content\/uploads\/2020\/01\/ilovepdf_merged-3_compressed.pdf\">Voir le document<\/a> \u2013 \n        <a href=\"http:\/\/gepomay.fr\/wp-content\/uploads\/2020\/01\/ilovepdf_merged-3_compressed.pdf\" download>T\u00e9l\u00e9charger<\/a>\n      <\/p>\n      <p><strong>D\u00e9pliant \u2013 Reconnaitre le Crabier blanc<\/strong><br>\n        <a href=\"http:\/\/gepomay.fr\/wp-content\/uploads\/2020\/01\/Depliant_Mayotte_CrabierBlanc_Web.pdf\">Voir le document<\/a> \u2013 \n        <a href=\"http:\/\/gepomay.fr\/wp-content\/uploads\/2020\/01\/Depliant_Mayotte_CrabierBlanc_Web.pdf\" download>T\u00e9l\u00e9charger<\/a>\n      <\/p>\n    <\/div>\t\t\t\t\t\t\t\t<\/div>\n\t\t\t\t<\/div>\n\t\t\t\t<div class=\"elementor-element elementor-element-90743dd elementor-widget elementor-widget-text-editor\" data-id=\"90743dd\" data-element_type=\"widget\" data-widget_type=\"text-editor.default\">\n\t\t\t\t<div class=\"elementor-widget-container\">\n\t\t\t\t\t\t\t\t\t<p><span style=\"color: #ffffff;\">XXX<\/span><\/p><p><span style=\"color: #ffffff;\"><br><\/span><\/p>\t\t\t\t\t\t\t\t<\/div>\n\t\t\t\t<\/div>\n\t\t\t\t\t<\/div>\n\t\t\t\t<\/div>\n\t\t\t\t<\/div>\n\t\t","protected":false},"excerpt":{"rendered":"<p>Depuis 2010, le GEPOMAY est investi dans le suivi et la protection du\u00a0Crabier blanc. Cet oiseau est un petit h\u00e9ron end\u00e9mique de l&rsquo;Oc\u00e9an Indien qui ne se reproduit que sur 4 \u00eeles dans le monde, par ordre des populations : Madagascar, Mayotte, Aldabra (Seychelles), Europa (\u00eeles \u00e9parses). Il s&rsquo;agit d&rsquo;une esp\u00e8ce en danger mondial d&rsquo;extinction &hellip; <\/p>\n<p class=\"link-more\"><a href=\"https:\/\/gepomay.fr\/index.php\/projets\/crabier-blanc\/\" class=\"more-link\">Lire la suite de<span class=\"screen-reader-text\">\u00ab\u00a0Suivi et protection du Crabier blanc\u00a0\u00bb<\/span><\/a><\/p>\n","protected":false},"author":3,"featured_media":0,"parent":223,"menu_order":2,"comment_status":"closed","ping_status":"closed","template":"","meta":{"footnotes":""},"_links":{"self":[{"href":"https:\/\/gepomay.fr\/index.php\/wp-json\/wp\/v2\/pages\/96"}],"collection":[{"href":"https:\/\/gepomay.fr\/index.php\/wp-json\/wp\/v2\/pages"}],"about":[{"href":"https:\/\/gepomay.fr\/index.php\/wp-json\/wp\/v2\/types\/page"}],"author":[{"embeddable":true,"href":"https:\/\/gepomay.fr\/index.php\/wp-json\/wp\/v2\/users\/3"}],"replies":[{"embeddable":true,"href":"https:\/\/gepomay.fr\/index.php\/wp-json\/wp\/v2\/comments?post=96"}],"version-history":[{"count":39,"href":"https:\/\/gepomay.fr\/index.php\/wp-json\/wp\/v2\/pages\/96\/revisions"}],"predecessor-version":[{"id":5930,"href":"https:\/\/gepomay.fr\/index.php\/wp-json\/wp\/v2\/pages\/96\/revisions\/5930"}],"up":[{"embeddable":true,"href":"https:\/\/gepomay.fr\/index.php\/wp-json\/wp\/v2\/pages\/223"}],"wp:attachment":[{"href":"https:\/\/gepomay.fr\/index.php\/wp-json\/wp\/v2\/media?parent=96"}],"curies":[{"name":"wp","href":"https:\/\/api.w.org\/{rel}","templated":true}]}}