{"id":91,"date":"2018-03-06T15:04:47","date_gmt":"2018-03-06T14:04:47","guid":{"rendered":"http:\/\/gepomay.fr\/?page_id=91"},"modified":"2025-07-24T10:18:40","modified_gmt":"2025-07-24T07:18:40","slug":"oiseaux-de-mayotte","status":"publish","type":"page","link":"https:\/\/gepomay.fr\/index.php\/oiseaux-de-mayotte\/","title":{"rendered":"Oiseaux de Mayotte"},"content":{"rendered":"\t\t<div data-elementor-type=\"wp-page\" data-elementor-id=\"91\" class=\"elementor elementor-91\">\n\t\t\t\t<div class=\"elementor-element elementor-element-338ebfd6 e-flex e-con-boxed e-con e-parent\" data-id=\"338ebfd6\" data-element_type=\"container\">\n\t\t\t\t\t<div class=\"e-con-inner\">\n\t\t\t\t<div class=\"elementor-element elementor-element-c94e2ac elementor-widget elementor-widget-text-editor\" data-id=\"c94e2ac\" data-element_type=\"widget\" data-widget_type=\"text-editor.default\">\n\t\t\t\t<div class=\"elementor-widget-container\">\n\t\t\t\t\t\t\t\t\t<div style=\"width: 100%; overflow: hidden; margin-bottom: 10px;\"> \n  <img decoding=\"async\" style=\"width: 100%; height: 210px; object-fit: cover; object-position: center 30%; display: block;\" \n       src=\"https:\/\/gepomay.fr\/wp-content\/uploads\/2025\/07\/sterne.jpg\" \n       alt=\"Cr\u00e9dit : GEPOMAY\" \/>\n  <p style=\"font-size: 13px; color: #555; text-align: center; margin-top: 5px;\">\n    Cr\u00e9dit photo : L. Epelboin\n  <\/p>\n<\/div>\t\t\t\t\t\t\t\t<\/div>\n\t\t\t\t<\/div>\n\t\t\t\t<div class=\"elementor-element elementor-element-6aa0751 elementor-widget elementor-widget-text-editor\" data-id=\"6aa0751\" data-element_type=\"widget\" data-widget_type=\"text-editor.default\">\n\t\t\t\t<div class=\"elementor-widget-container\">\n\t\t\t\t\t\t\t\t\t<style>\n  .highlight-container {\n    max-width: 1000px;\n    margin: 40px auto;\n    display: flex;\n    flex-direction: column;\n    gap: 20px;\n    font-family: Roboto, sans-serif;\n  }\n\n  .highlight-banner {\n    display: flex;\n    align-items: center;\n    justify-content: space-between;\n    background-color: #e6f2fa;\n    border: 2px solid #a0c8e8;\n    border-radius: 12px;\n    padding: 20px 30px;\n    text-decoration: none;\n    color: #084d8a;\n    box-shadow: 0 4px 12px rgba(0, 123, 255, 0.1);\n    transition: background-color 0.3s, box-shadow 0.3s;\n  }\n\n  .highlight-banner:hover {\n    background-color: #d6eefe;\n    box-shadow: 0 6px 16px rgba(0, 123, 255, 0.15);\n  }\n\n  .highlight-banner .banner-text {\n    flex: 1;\n  }\n\n  .highlight-banner h2 {\n    margin: 0 0 8px;\n    font-size: 1.5rem;\n    color: #064789;\n  }\n\n  .highlight-banner p {\n    margin: 0;\n    font-size: 1rem;\n    line-height: 1.4;\n  }\n\n  .highlight-banner .banner-icon {\n    margin-left: 20px;\n    font-size: 2rem;\n    color: #2a7ecb;\n    flex-shrink: 0;\n  }\n\n  @media (max-width: 768px) {\n    .highlight-banner {\n      flex-direction: column;\n      text-align: center;\n      padding: 20px;\n    }\n\n    .highlight-banner .banner-icon {\n      margin: 15px 0 0;\n    }\n  }\n<\/style>\n\n<div class=\"highlight-container\">\n\n  <!-- Encadr\u00e9 1 : Oiseaux end\u00e9miques -->\n  <a class=\"highlight-banner\" href=\"#\">\n    <div class=\"banner-text\">\n      <h2>\ud83c\udf3f D\u00e9couvrez les oiseaux end\u00e9miques de Mayotte<\/h2>\n      <p>4 esp\u00e8ces pr\u00e9sentes uniquement \u00e0 Mayotte vous attendent. Apprenez \u00e0 les observer et \u00e0 les reconna\u00eetre.<\/p>\n    <\/div>\n    <div class=\"banner-icon\">\u2192<\/div>\n  <\/a>\n\n  <!-- Encadr\u00e9 2 : Oiseaux terrestres -->\n  <a class=\"highlight-banner\" href=\"#\">\n    <div class=\"banner-text\">\n      <h2>\ud83c\udf33 Explorez les oiseaux terrestres de Mayotte<\/h2>\n      <p>D\u00e9couvrez les esp\u00e8ces que vous pouvez observer en for\u00eat, en ville ou dans les jardins.<\/p>\n    <\/div>\n    <div class=\"banner-icon\">\u2192<\/div>\n  <\/a>\n\n  <!-- Encadr\u00e9 3 : Oiseaux c\u00f4tiers et marins -->\n  <a class=\"highlight-banner\" href=\"#\">\n    <div class=\"banner-text\">\n      <h2>\ud83c\udf0a Partez \u00e0 la rencontre des oiseaux c\u00f4tiers et marins<\/h2>\n      <p>Apprenez \u00e0 reconna\u00eetre les esp\u00e8ces visibles en bord de mer, sur les plages et en mer.<\/p>\n    <\/div>\n    <div class=\"banner-icon\">\u2192<\/div>\n  <\/a>\n\n  <!-- Nouveau bouton : Sonoth\u00e8que -->\n  <a class=\"highlight-banner\" href=\"https:\/\/gepomay.fr\/index.php\/oiseaux-de-mayotte\/chants-doiseaux\/\" target=\"_blank\">\n    <div class=\"banner-text\">\n      <h2>\ud83c\udfa7 Sonoth\u00e8que du GEPOMAY : \u00e9couter les oiseaux de Mayotte<\/h2>\n      <p>Acc\u00e9dez \u00e0 une collection de chants d\u2019oiseaux locaux \u00e0 \u00e9couter et \u00e0 reconna\u00eetre facilement.<\/p>\n    <\/div>\n    <div class=\"banner-icon\">\u2192<\/div>\n  <\/a>\n\n<\/div>\n\t\t\t\t\t\t\t\t<\/div>\n\t\t\t\t<\/div>\n\t\t\t\t<div class=\"elementor-element elementor-element-2e466d7 elementor-widget elementor-widget-text-editor\" data-id=\"2e466d7\" data-element_type=\"widget\" data-widget_type=\"text-editor.default\">\n\t\t\t\t<div class=\"elementor-widget-container\">\n\t\t\t\t\t\t\t\t\t<p><style>\n  .highlight-box {\n    background-color: #e6f2fa;\n    border: 2px solid #a0c8e8;\n    border-radius: 10px;\n    padding: 20px 25px;\n    box-shadow: 0 4px 10px rgba(100, 149, 237, 0.3);\n    font-family: Roboto, sans-serif;\n    color: #084d8a;\n    max-width: 900px;\n    margin: 20px auto;\n    line-height: 1.5;\n  }\n  .highlight-box strong {\n    font-size: 1.2rem;\n  }\n  .highlight-box a {\n    color: #7fb8e6; \/* bleu clair *\/\n    text-decoration: underline;\n  }\n  .highlight-box a:hover {\n    color: #5593d8; \/* bleu un peu plus fonc\u00e9 au survol *\/\n  }\n  .highlight-box ul {\n    padding-left: 20px;\n    margin-top: 10px;\n  }\n  .highlight-box ul li {\n    margin-bottom: 8px;\n    list-style-type: disc;\n  }\n  \/* Bouton blanc *\/\n  .wp-block-file__button.wp-element-button {\n    background-color: white !important;\n    color: #064789 !important;\n    border: 2px solid #064789;\n    border-radius: 6px;\n    padding: 8px 16px;\n    text-decoration: none;\n    font-weight: 600;\n    transition: background-color 0.3s ease, color 0.3s ease;\n    margin-left: 10px;\n    display: inline-block;\n  }\n  .wp-block-file__button.wp-element-button:hover {\n    background-color: #064789 !important;\n    color: white !important;\n  }\n  \/* Responsive *\/\n  @media (max-width: 768px) {\n    .highlight-box {\n      padding: 15px 20px;\n      margin: 15px;\n      font-size: 0.95rem;\n    }\n    .wp-block-file__button.wp-element-button {\n      margin-left: 0;\n      margin-top: 8px;\n      display: block;\n      width: fit-content;\n    }\n  }\n  @media (max-width: 480px) {\n    .highlight-box {\n      padding: 12px 15px;\n      margin: 10px;\n      font-size: 0.9rem;\n    }\n  }\n<\/style><\/p>\n<div class=\"highlight-box\">\n<p><strong>Envie d&rsquo;en savoir plus ? Retrouvez toutes les esp\u00e8ces observ\u00e9es \u00e0 Mayotte<\/strong><\/p>\n<ul>\n<li>D\u00e9couvrez les <a href=\"http:\/\/gepomay.fr\/index.php\/especes-menacees\/\" target=\"_blank\" rel=\"noopener noreferrer\">11 esp\u00e8ces menac\u00e9es<\/a>,<\/li>\n<li>Tentez de <a href=\"http:\/\/gepomay.fr\/index.php\/2020\/05\/11\/apprenez-les-chants-doiseaux-depuis-votre-fenetre\/\" target=\"_blank\" rel=\"noopener noreferrer\">reconnaitre les chants<\/a> des oiseaux de votre rue,<\/li>\n<li>Retrouvez toutes les esp\u00e8ces recens\u00e9es \u00e0 Mayotte :<\/li>\n<\/ul>\n<div class=\"wp-block-file\"><a href=\"http:\/\/gepomay.fr\/wp-content\/uploads\/2019\/12\/Actualisation-de-la-liste-des-esp\u00e8ces-d\u2019oiseaux-recens\u00e9es-\u00e0-Mayotte_GEPOMAY_2019_VF-1.pdf\" target=\"_blank\" rel=\"noopener noreferrer\"> Liste des esp\u00e8ces d&rsquo;oiseaux \u00e0 Mayotte &#8211; 2019 <\/a> <a class=\"wp-block-file__button wp-element-button\" href=\"http:\/\/gepomay.fr\/wp-content\/uploads\/2019\/12\/Actualisation-de-la-liste-des-esp\u00e8ces-d\u2019oiseaux-recens\u00e9es-\u00e0-Mayotte_GEPOMAY_2019_VF-1.pdf\" download=\"\" aria-describedby=\"wp-block-file--media-5447ee3e-9f4c-466f-8187-7bb87e06fdea\"> T\u00e9l\u00e9charger <\/a><\/div>\n<\/div>\t\t\t\t\t\t\t\t<\/div>\n\t\t\t\t<\/div>\n\t\t\t\t<div class=\"elementor-element elementor-element-14e15ec elementor-widget elementor-widget-spacer\" data-id=\"14e15ec\" data-element_type=\"widget\" data-widget_type=\"spacer.default\">\n\t\t\t\t<div class=\"elementor-widget-container\">\n\t\t\t\t\t\t\t<div class=\"elementor-spacer\">\n\t\t\t<div class=\"elementor-spacer-inner\"><\/div>\n\t\t<\/div>\n\t\t\t\t\t\t<\/div>\n\t\t\t\t<\/div>\n\t\t\t\t\t<\/div>\n\t\t\t\t<\/div>\n\t\t<div class=\"elementor-element elementor-element-9a3dd2b e-flex e-con-boxed e-con e-parent\" data-id=\"9a3dd2b\" data-element_type=\"container\">\n\t\t\t\t\t<div class=\"e-con-inner\">\n\t\t\t\t\t<\/div>\n\t\t\t\t<\/div>\n\t\t\t\t<\/div>\n\t\t","protected":false},"excerpt":{"rendered":"<p>Cr\u00e9dit photo : L. Epelboin \ud83c\udf3f D\u00e9couvrez les oiseaux end\u00e9miques de Mayotte 4 esp\u00e8ces pr\u00e9sentes uniquement \u00e0 Mayotte vous attendent. Apprenez \u00e0 les observer et \u00e0 les reconna\u00eetre. \u2192 \ud83c\udf33 Explorez les oiseaux terrestres de Mayotte D\u00e9couvrez les esp\u00e8ces que vous pouvez observer en for\u00eat, en ville ou dans les jardins. \u2192 \ud83c\udf0a Partez \u00e0 &hellip; <\/p>\n<p class=\"link-more\"><a href=\"https:\/\/gepomay.fr\/index.php\/oiseaux-de-mayotte\/\" class=\"more-link\">Lire la suite de<span class=\"screen-reader-text\">\u00ab\u00a0Oiseaux de Mayotte\u00a0\u00bb<\/span><\/a><\/p>\n","protected":false},"author":3,"featured_media":0,"parent":0,"menu_order":3,"comment_status":"closed","ping_status":"closed","template":"","meta":{"footnotes":""},"_links":{"self":[{"href":"https:\/\/gepomay.fr\/index.php\/wp-json\/wp\/v2\/pages\/91"}],"collection":[{"href":"https:\/\/gepomay.fr\/index.php\/wp-json\/wp\/v2\/pages"}],"about":[{"href":"https:\/\/gepomay.fr\/index.php\/wp-json\/wp\/v2\/types\/page"}],"author":[{"embeddable":true,"href":"https:\/\/gepomay.fr\/index.php\/wp-json\/wp\/v2\/users\/3"}],"replies":[{"embeddable":true,"href":"https:\/\/gepomay.fr\/index.php\/wp-json\/wp\/v2\/comments?post=91"}],"version-history":[{"count":130,"href":"https:\/\/gepomay.fr\/index.php\/wp-json\/wp\/v2\/pages\/91\/revisions"}],"predecessor-version":[{"id":6030,"href":"https:\/\/gepomay.fr\/index.php\/wp-json\/wp\/v2\/pages\/91\/revisions\/6030"}],"wp:attachment":[{"href":"https:\/\/gepomay.fr\/index.php\/wp-json\/wp\/v2\/media?parent=91"}],"curies":[{"name":"wp","href":"https:\/\/api.w.org\/{rel}","templated":true}]}}