{"id":84,"date":"2018-03-06T15:00:51","date_gmt":"2018-03-06T12:00:51","guid":{"rendered":"http:\/\/gepomay.fr\/?page_id=84"},"modified":"2025-10-14T14:21:56","modified_gmt":"2025-10-14T11:21:56","slug":"animations","status":"publish","type":"page","link":"https:\/\/gepomay.fr\/index.php\/gepomay\/animations\/","title":{"rendered":"Nos prestations"},"content":{"rendered":"\t\t<div data-elementor-type=\"wp-page\" data-elementor-id=\"84\" class=\"elementor elementor-84\">\n\t\t\t\t<div class=\"elementor-element elementor-element-1c8788c1 e-con-full e-flex e-con e-parent\" data-id=\"1c8788c1\" data-element_type=\"container\">\n\t\t\t\t<div class=\"elementor-element elementor-element-af67b0c elementor-widget elementor-widget-text-editor\" data-id=\"af67b0c\" data-element_type=\"widget\" data-widget_type=\"text-editor.default\">\n\t\t\t\t<div class=\"elementor-widget-container\">\n\t\t\t\t\t\t\t\t\t<p><\/p>\n<p style=\"font-size: 18px; color: #4a4a4a;\"><span style=\"font-size: 14pt;\">Le GEPOMAY est prestataire des \u00e9tablissements publics et propose diff\u00e9rentes prestations :<\/span><\/p>\t\t\t\t\t\t\t\t<\/div>\n\t\t\t\t<\/div>\n\t\t\t\t<div class=\"elementor-element elementor-element-8fa16e8 elementor-widget elementor-widget-text-editor\" data-id=\"8fa16e8\" data-element_type=\"widget\" data-widget_type=\"text-editor.default\">\n\t\t\t\t<div class=\"elementor-widget-container\">\n\t\t\t\t\t\t\t\t\t<p><style>\n  .gallery-row {\n    display: flex;\n    flex-wrap: wrap;\n    gap: 10px;\n    margin-top: 20px;\n  }\n\n  .gallery-row figure {\n    flex: 1 1 calc(33.33% - 10px);\n    margin: 0;\n    text-align: center;\n  }\n\n  .gallery-row img {\n    width: 100%;\n    height: 250px;\n    object-fit: cover;\n    display: block;\n    border-radius: 6px;\n  }\n\n  @media (max-width: 900px) {\n    .gallery-row figure {\n      flex: 1 1 calc(50% - 10px);\n    }\n  }\n\n  @media (max-width: 600px) {\n    .gallery-row figure {\n      flex: 1 1 100%;\n    }\n  }\n<\/style><\/p>\n<div class=\"gallery-row\">\n<figure><img decoding=\"async\" src=\"https:\/\/gepomay.fr\/wp-content\/uploads\/2023\/12\/terrain.jpg\" alt=\"Travail de terrain\" \/><\/figure>\n<figure><img decoding=\"async\" src=\"https:\/\/gepomay.fr\/wp-content\/uploads\/2023\/04\/IMG_2070-1024x768.jpg\" alt=\"Observation en groupe\" \/><\/figure>\n<figure><img decoding=\"async\" src=\"https:\/\/gepomay.fr\/wp-content\/uploads\/2023\/04\/IMG_20221110_114635-1024x461.jpg\" alt=\"Sortie terrain\" \/><\/figure>\n<\/div>\t\t\t\t\t\t\t\t<\/div>\n\t\t\t\t<\/div>\n\t\t\t\t<div class=\"elementor-element elementor-element-82d19b5 elementor-widget elementor-widget-spacer\" data-id=\"82d19b5\" data-element_type=\"widget\" data-widget_type=\"spacer.default\">\n\t\t\t\t<div class=\"elementor-widget-container\">\n\t\t\t\t\t\t\t<div class=\"elementor-spacer\">\n\t\t\t<div class=\"elementor-spacer-inner\"><\/div>\n\t\t<\/div>\n\t\t\t\t\t\t<\/div>\n\t\t\t\t<\/div>\n\t\t\t\t<div class=\"elementor-element elementor-element-d33e714 elementor-widget elementor-widget-heading\" data-id=\"d33e714\" data-element_type=\"widget\" data-widget_type=\"heading.default\">\n\t\t\t\t<div class=\"elementor-widget-container\">\n\t\t\t\t\t<h2 class=\"elementor-heading-title elementor-size-default\"><!-- Section Animations -->\n<div>\n    <h2>ANIMATIONS<\/h2>\n<\/div>\n<\/h2>\t\t\t\t<\/div>\n\t\t\t\t<\/div>\n\t\t\t\t<div class=\"elementor-element elementor-element-f7477e3 elementor-widget elementor-widget-text-editor\" data-id=\"f7477e3\" data-element_type=\"widget\" data-widget_type=\"text-editor.default\">\n\t\t\t\t<div class=\"elementor-widget-container\">\n\t\t\t\t\t\t\t\t\t<p style=\"font-size: 18px; color: #4a4a4a; text-align: justify;\">Le GEPOMAY organise de nombreuses animations aupr\u00e8s des \u00e9tablissements scolaires (1er et 2nd degr\u00e9s) de l&rsquo;\u00eele, des associations, des acteurs publics et professionnels. Ces interventions sont r\u00e9alis\u00e9es sur mesure selon les attentes de chacun et chacune et la th\u00e9matique souhait\u00e9e :<\/p>\n<ul style=\"font-size: 18px; color: #4a4a4a;\">\n<li>les oiseaux de Mayotte,<\/li>\n<li>les zones humides,<\/li>\n<li>la protection de la biodiversit\u00e9,<\/li>\n<li>les menaces pour l&rsquo;environnement,<\/li>\n<li>l&rsquo;eau,<\/li>\n<li>les d\u00e9chets&#8230;<\/li>\n<\/ul>\n<p style=\"font-size: 18px; color: #4a4a4a; text-align: justify;\">L&rsquo;association privil\u00e9gie les animations en ext\u00e9rieur (1\/2 journ\u00e9e minimum) pour permettre \u00e0 toutes et tous de d\u00e9couvrir le territoire, observer la faune et la flore (pr\u00eat de jumelles).<\/p>\n<div style=\"font-family: Arial, sans-serif; text-align: center;\"><span style=\"color: #333333; font-size: 1em; font-weight: normal;\"> Contactez-nous : <\/span> <a style=\"display: inline-block; margin-left: 10px; padding: 10px 20px; background-color: #8de3d7; color: #000000; border-radius: 5px; font-weight: bold; text-decoration: none;\" href=\"mailto:animation@gepomay.fr\"> animation@gepomay.fr ; 0639 02 61 11<\/a><\/div>\t\t\t\t\t\t\t\t<\/div>\n\t\t\t\t<\/div>\n\t\t\t\t<div class=\"elementor-element elementor-element-f29f677 elementor-widget elementor-widget-text-editor\" data-id=\"f29f677\" data-element_type=\"widget\" data-widget_type=\"text-editor.default\">\n\t\t\t\t<div class=\"elementor-widget-container\">\n\t\t\t\t\t\t\t\t\t<div style=\"text-align: center;\">\n  <a href=\"https:\/\/gepomay.fr\/wp-content\/uploads\/2025\/06\/Catalogue-GEPOMAY-2024-2025_compressed.pdf\" target=\"_blank\" style=\"display: inline-block; padding: 12px 20px; background-color: #0073aa; color: #fff; text-decoration: none; border-radius: 5px; font-weight: bold;\">\n    Consulter le catalogue des animations\n  <\/a>\n<\/div>\n\t\t\t\t\t\t\t\t<\/div>\n\t\t\t\t<\/div>\n\t\t\t\t<div class=\"elementor-element elementor-element-2044a79 e-transform elementor-widget elementor-widget-image\" data-id=\"2044a79\" data-element_type=\"widget\" data-settings=\"{&quot;_transform_scale_effect&quot;:{&quot;unit&quot;:&quot;px&quot;,&quot;size&quot;:0.7,&quot;sizes&quot;:[]},&quot;_transform_scale_effect_tablet&quot;:{&quot;unit&quot;:&quot;px&quot;,&quot;size&quot;:&quot;&quot;,&quot;sizes&quot;:[]},&quot;_transform_scale_effect_mobile&quot;:{&quot;unit&quot;:&quot;px&quot;,&quot;size&quot;:&quot;&quot;,&quot;sizes&quot;:[]}}\" data-widget_type=\"image.default\">\n\t\t\t\t<div class=\"elementor-widget-container\">\n\t\t\t\t\t\t\t\t\t\t\t\t\t\t\t<img fetchpriority=\"high\" decoding=\"async\" width=\"940\" height=\"788\" src=\"https:\/\/gepomay.fr\/wp-content\/uploads\/2025\/10\/Suisui-tarifs-animations.png\" class=\"attachment-full size-full wp-image-6390\" alt=\"\" srcset=\"https:\/\/gepomay.fr\/wp-content\/uploads\/2025\/10\/Suisui-tarifs-animations.png 940w, https:\/\/gepomay.fr\/wp-content\/uploads\/2025\/10\/Suisui-tarifs-animations-300x251.png 300w\" sizes=\"100vw\" \/>\t\t\t\t\t\t\t\t\t\t\t\t\t\t\t<\/div>\n\t\t\t\t<\/div>\n\t\t\t\t<div class=\"elementor-element elementor-element-b60ac5c elementor-widget elementor-widget-heading\" data-id=\"b60ac5c\" data-element_type=\"widget\" data-widget_type=\"heading.default\">\n\t\t\t\t<div class=\"elementor-widget-container\">\n\t\t\t\t\t<h2 class=\"elementor-heading-title elementor-size-default\"><div>\n    <h2>\u00c9TUDES<\/h2><\/h2>\t\t\t\t<\/div>\n\t\t\t\t<\/div>\n\t\t\t\t<div class=\"elementor-element elementor-element-14b5c81 elementor-widget elementor-widget-text-editor\" data-id=\"14b5c81\" data-element_type=\"widget\" data-widget_type=\"text-editor.default\">\n\t\t\t\t<div class=\"elementor-widget-container\">\n\t\t\t\t\t\t\t\t\t<p><!-- Section \u00c9tudes --><\/p>\n<p style=\"color: #4a4a4a;\">Le GEPOMAY est un expert local dans le domaine de l&rsquo;environnement, expliquez nous vos besoins :<\/p>\n<ul style=\"color: #4a4a4a;\">\n<li>\u00c9tudes d&rsquo;impact<\/li>\n<li>Inventaires faunistiques<\/li>\n<li>Diagnostics \u00e9cologiques<\/li>\n<\/ul>\n<div style=\"display: flex; justify-content: center; align-items: center; text-align: center; width: 100%; margin: 20px 0;\">\n<div style=\"font-family: Arial, sans-serif;\"><span style=\"color: #333333; font-size: 1em; font-weight: normal;\"> Contactez-nous : <\/span> <a style=\"display: inline-block; margin-left: 10px; padding: 10px 20px; background-color: #8de3d7; color: #000000; border-radius: 5px; font-weight: bold; text-decoration: none;\" href=\"mailto:contact@gepomay.fr\"> contact@gepomay.fr <\/a><\/div>\t\t\t\t\t\t\t\t<\/div>\n\t\t\t\t<\/div>\n\t\t\t\t<div class=\"elementor-element elementor-element-04059e9 elementor-widget elementor-widget-text-editor\" data-id=\"04059e9\" data-element_type=\"widget\" data-widget_type=\"text-editor.default\">\n\t\t\t\t<div class=\"elementor-widget-container\">\n\t\t\t\t\t\t\t\t\t<p><span style=\"color: #ffffff; font-size: 2pt;\">xx<\/span><\/p>\t\t\t\t\t\t\t\t<\/div>\n\t\t\t\t<\/div>\n\t\t\t\t<div class=\"elementor-element elementor-element-2bd0860 elementor-widget elementor-widget-heading\" data-id=\"2bd0860\" data-element_type=\"widget\" data-widget_type=\"heading.default\">\n\t\t\t\t<div class=\"elementor-widget-container\">\n\t\t\t\t\t<h2 class=\"elementor-heading-title elementor-size-default\"><p><!-- Section Formations --><\/p>\n<div>\n    <h2>FORMATIONS<\/h2>\n<\/div>\n<\/h2>\t\t\t\t<\/div>\n\t\t\t\t<\/div>\n\t\t\t\t<div class=\"elementor-element elementor-element-c90d906 elementor-widget elementor-widget-text-editor\" data-id=\"c90d906\" data-element_type=\"widget\" data-widget_type=\"text-editor.default\">\n\t\t\t\t<div class=\"elementor-widget-container\">\n\t\t\t\t\t\t\t\t\t<p style=\"color: #4a4a4a;\">Le GEPOMAY transmet son expertise, parlez nous de votre projet :<\/p>\n<ul style=\"color: #4a4a4a;\">\n<li>Initiation \u00e0 l&rsquo;ornithologie<\/li>\n<li>Suivis \u00e9cologiques<\/li>\n<li>Protection et restauration d&rsquo;habitats<\/li>\n<li>D\u00e9couverte et utilisation du portail Faune-Mayotte<\/li>\n<li>Cr\u00e9ation d&rsquo;un refuge pour la biodiversit\u00e9<\/li>\n<\/ul>\n<div style=\"font-family: Arial, sans-serif; text-align: center;\"><span style=\"color: #333333; font-size: 1em; font-weight: normal;\"> Contactez-nous : <\/span> <a style=\"display: inline-block; margin-left: 10px; padding: 10px 20px; background-color: #8de3d7; color: #000000; border-radius: 5px; font-weight: bold; text-decoration: none;\" href=\"mailto:contact@gepomay.fr\"> contact@gepomay.fr <\/a><\/div>\t\t\t\t\t\t\t\t<\/div>\n\t\t\t\t<\/div>\n\t\t\t\t<div class=\"elementor-element elementor-element-03aa937 elementor-widget elementor-widget-spacer\" data-id=\"03aa937\" data-element_type=\"widget\" data-widget_type=\"spacer.default\">\n\t\t\t\t<div class=\"elementor-widget-container\">\n\t\t\t\t\t\t\t<div class=\"elementor-spacer\">\n\t\t\t<div class=\"elementor-spacer-inner\"><\/div>\n\t\t<\/div>\n\t\t\t\t\t\t<\/div>\n\t\t\t\t<\/div>\n\t\t\t\t<div class=\"elementor-element elementor-element-222b6b6 elementor-widget elementor-widget-text-editor\" data-id=\"222b6b6\" data-element_type=\"widget\" data-widget_type=\"text-editor.default\">\n\t\t\t\t<div class=\"elementor-widget-container\">\n\t\t\t\t\t\t\t\t\t<p><span style=\"color: #ffffff; font-size: 4pt;\">xx<\/span><\/p>\t\t\t\t\t\t\t\t<\/div>\n\t\t\t\t<\/div>\n\t\t\t\t<div class=\"elementor-element elementor-element-7961aaf elementor-widget elementor-widget-heading\" data-id=\"7961aaf\" data-element_type=\"widget\" data-widget_type=\"heading.default\">\n\t\t\t\t<div class=\"elementor-widget-container\">\n\t\t\t\t\t<h2 class=\"elementor-heading-title elementor-size-default\"><p><!-- Section Sensibilisation --><\/p>\n<div>\n    <h2>SENSIBILISATION<\/h2>\n<\/div>\n<\/h2>\t\t\t\t<\/div>\n\t\t\t\t<\/div>\n\t\t\t\t<div class=\"elementor-element elementor-element-8c90ffa elementor-widget elementor-widget-text-editor\" data-id=\"8c90ffa\" data-element_type=\"widget\" data-widget_type=\"text-editor.default\">\n\t\t\t\t<div class=\"elementor-widget-container\">\n\t\t\t\t\t\t\t\t\t<p style=\"color: #4a4a4a;\">Le GEPOMAY travaille aupr\u00e8s de tous les publics, vous avez une id\u00e9e ?<\/p>\n<ul style=\"color: #4a4a4a;\">\n<li>Cr\u00e9ation de supports p\u00e9dagogiques : d\u00e9pliants, panneaux p\u00e9dagogiques, parcours p\u00e9dagogiques&#8230;<\/li>\n<li>Cr\u00e9ation de supports scientifiques : identification des esp\u00e8ces, rapports d&rsquo;\u00e9tudes&#8230;<\/li>\n<li>Manifestations publiques : conf\u00e9rences, pr\u00e9sentations, s\u00e9minaires, tables rondes et autres \u00e9changes<\/li>\n<\/ul>\n<div style=\"font-family: Arial, sans-serif; text-align: center;\"><span style=\"color: #333333; font-size: 1em; font-weight: normal;\"> Contactez-nous : <\/span> <a style=\"display: inline-block; margin-left: 10px; padding: 10px 20px; background-color: #8de3d7; color: #000000; border-radius: 5px; font-weight: bold; text-decoration: none;\" href=\"mailto:communication@gepomay.fr\"> communication@gepomay.fr <\/a><\/div>\n<p><\/p>\t\t\t\t\t\t\t\t<\/div>\n\t\t\t\t<\/div>\n\t\t\t\t<div class=\"elementor-element elementor-element-b9d65f6 elementor-widget elementor-widget-text-editor\" data-id=\"b9d65f6\" data-element_type=\"widget\" data-widget_type=\"text-editor.default\">\n\t\t\t\t<div class=\"elementor-widget-container\">\n\t\t\t\t\t\t\t\t\t<p><span style=\"color: #ffffff; font-size: 2pt;\">xx<\/span><\/p>\t\t\t\t\t\t\t\t<\/div>\n\t\t\t\t<\/div>\n\t\t\t\t<div class=\"elementor-element elementor-element-5909bb6 elementor-widget elementor-widget-text-editor\" data-id=\"5909bb6\" data-element_type=\"widget\" data-widget_type=\"text-editor.default\">\n\t\t\t\t<div class=\"elementor-widget-container\">\n\t\t\t\t\t\t\t\t\t<p><span style=\"font-size: 8pt; color: #ffffff;\">xx<\/span><\/p>\t\t\t\t\t\t\t\t<\/div>\n\t\t\t\t<\/div>\n\t\t\t\t<div class=\"elementor-element elementor-element-8f442a0 elementor-widget elementor-widget-spacer\" data-id=\"8f442a0\" data-element_type=\"widget\" data-widget_type=\"spacer.default\">\n\t\t\t\t<div class=\"elementor-widget-container\">\n\t\t\t\t\t\t\t<div class=\"elementor-spacer\">\n\t\t\t<div class=\"elementor-spacer-inner\"><\/div>\n\t\t<\/div>\n\t\t\t\t\t\t<\/div>\n\t\t\t\t<\/div>\n\t\t\t\t<\/div>\n\t\t<div class=\"elementor-element elementor-element-004a9f8 e-flex e-con-boxed e-con e-parent\" data-id=\"004a9f8\" data-element_type=\"container\">\n\t\t\t\t\t<div class=\"e-con-inner\">\n\t\t\t\t\t<\/div>\n\t\t\t\t<\/div>\n\t\t\t\t<\/div>\n\t\t","protected":false},"excerpt":{"rendered":"<p>Le GEPOMAY est prestataire des \u00e9tablissements publics et propose diff\u00e9rentes prestations : ANIMATIONS Le GEPOMAY organise de nombreuses animations aupr\u00e8s des \u00e9tablissements scolaires (1er et 2nd degr\u00e9s) de l&rsquo;\u00eele, des associations, des acteurs publics et professionnels. Ces interventions sont r\u00e9alis\u00e9es sur mesure selon les attentes de chacun et chacune et la th\u00e9matique souhait\u00e9e : les &hellip; <\/p>\n<p class=\"link-more\"><a href=\"https:\/\/gepomay.fr\/index.php\/gepomay\/animations\/\" class=\"more-link\">Lire la suite de<span class=\"screen-reader-text\">\u00ab\u00a0Nos prestations\u00a0\u00bb<\/span><\/a><\/p>\n","protected":false},"author":3,"featured_media":0,"parent":2,"menu_order":4,"comment_status":"closed","ping_status":"closed","template":"","meta":{"footnotes":""},"_links":{"self":[{"href":"https:\/\/gepomay.fr\/index.php\/wp-json\/wp\/v2\/pages\/84"}],"collection":[{"href":"https:\/\/gepomay.fr\/index.php\/wp-json\/wp\/v2\/pages"}],"about":[{"href":"https:\/\/gepomay.fr\/index.php\/wp-json\/wp\/v2\/types\/page"}],"author":[{"embeddable":true,"href":"https:\/\/gepomay.fr\/index.php\/wp-json\/wp\/v2\/users\/3"}],"replies":[{"embeddable":true,"href":"https:\/\/gepomay.fr\/index.php\/wp-json\/wp\/v2\/comments?post=84"}],"version-history":[{"count":38,"href":"https:\/\/gepomay.fr\/index.php\/wp-json\/wp\/v2\/pages\/84\/revisions"}],"predecessor-version":[{"id":6393,"href":"https:\/\/gepomay.fr\/index.php\/wp-json\/wp\/v2\/pages\/84\/revisions\/6393"}],"up":[{"embeddable":true,"href":"https:\/\/gepomay.fr\/index.php\/wp-json\/wp\/v2\/pages\/2"}],"wp:attachment":[{"href":"https:\/\/gepomay.fr\/index.php\/wp-json\/wp\/v2\/media?parent=84"}],"curies":[{"name":"wp","href":"https:\/\/api.w.org\/{rel}","templated":true}]}}