{"id":724,"date":"2019-10-09T14:55:29","date_gmt":"2019-10-09T11:55:29","guid":{"rendered":"http:\/\/gepomay.fr\/?page_id=724"},"modified":"2025-07-11T12:48:33","modified_gmt":"2025-07-11T09:48:33","slug":"science-participative","status":"publish","type":"page","link":"https:\/\/gepomay.fr\/index.php\/projets\/science-participative\/","title":{"rendered":"ODFM &#8211; Oiseaux Des For\u00eats de Mayotte"},"content":{"rendered":"\t\t<div data-elementor-type=\"wp-page\" data-elementor-id=\"724\" class=\"elementor elementor-724\">\n\t\t\t\t<div class=\"elementor-element elementor-element-62d1adc9 e-flex e-con-boxed e-con e-parent\" data-id=\"62d1adc9\" data-element_type=\"container\">\n\t\t\t\t\t<div class=\"e-con-inner\">\n\t\t\t\t<div class=\"elementor-element elementor-element-8ab2f80 elementor-widget elementor-widget-heading\" data-id=\"8ab2f80\" data-element_type=\"widget\" data-widget_type=\"heading.default\">\n\t\t\t\t<div class=\"elementor-widget-container\">\n\t\t\t\t\t<h2 class=\"elementor-heading-title elementor-size-default\"><!-- Section contexte-->\n<div style=\"background-color: #2d5572;color: white;padding: 15px 40px;border-radius: 30px;text-align: center;margin-bottom: 0px\">\n<h2 style=\"font-size: 22px;margin: 0;color: #ffffff;font-weight: bold\">La protection des for\u00eats \u00e0 Mayotte devient urgente. O\u00f9 mettre en place les premi\u00e8res actions ? Comment les \u00e9valuer ? Quelles sont les principales menaces ?<\/h2><\/h2>\t\t\t\t<\/div>\n\t\t\t\t<\/div>\n\t\t\t\t<div class=\"elementor-element elementor-element-54b9660 elementor-widget elementor-widget-text-editor\" data-id=\"54b9660\" data-element_type=\"widget\" data-widget_type=\"text-editor.default\">\n\t\t\t\t<div class=\"elementor-widget-container\">\n\t\t\t\t\t\t\t\t\t<p style=\"text-align: justify;\"><span style=\"color: #000000; text-align: justify; background-image: initial; background-position: initial; background-size: initial; background-repeat: initial; background-attachment: initial; background-origin: initial; background-clip: initial; font-family: 'Open Sans', sans-serif;\">Le projet <strong>Oiseaux des For\u00eats de Mayotte<\/strong> est n\u00e9 en 2022 et s\u2019inscrit dans la continuit\u00e9 de la cr\u00e9ation de la nouvelle R\u00e9serve Naturelle Nationale des For\u00eats de Mayotte en 2021. Gr\u00e2ce aux financements de l\u2019OFB, des suivis sont r\u00e9alis\u00e9s au niveau des massifs forestiers de Mayotte : l\u2019\u00e9tude de l\u2019avifaune des for\u00eats, comme bioindicateur, pourra notamment permettre d\u2019orienter la future gestion de la RNN, par exemple en \u00e9tudiant \u00ab l\u2019effet r\u00e9serve \u00bb, c\u2019est-\u00e0-dire l\u2019influence de la mise en place de la RNN tant qu\u2019outil juridique et instrument de gestion sur la biodiversit\u00e9.\u00a0<\/span><span style=\"color: #000000; text-align: justify; background-image: initial; background-position: initial; background-size: initial; background-repeat: initial; background-attachment: initial; background-origin: initial; background-clip: initial; font-family: 'Open Sans', sans-serif;\">Ces suivis \u00e9tudieront \u00e9galement les impacts des diff\u00e9rentes menaces d\u00e9j\u00e0 identifi\u00e9es\u00a0: d\u00e9forestation, brulis, esp\u00e8ces exotiques envahissantes.<\/span><\/p>\t\t\t\t\t\t\t\t<\/div>\n\t\t\t\t<\/div>\n\t\t\t\t<div class=\"elementor-element elementor-element-c7e8eb8 elementor-widget elementor-widget-heading\" data-id=\"c7e8eb8\" data-element_type=\"widget\" data-widget_type=\"heading.default\">\n\t\t\t\t<div class=\"elementor-widget-container\">\n\t\t\t\t\t<h2 class=\"elementor-heading-title elementor-size-default\"><!-- Section contexte-->\n<div style=\"background-color: #7caacb;color: white;padding: 5px 30px;border-radius: 30px;text-align: center;margin-bottom: 20px\">\n<h2 style=\"font-size: 22px;margin: 0;color: #ffffff;font-weight: bold\">Les objectifs<\/h2><\/h2>\t\t\t\t<\/div>\n\t\t\t\t<\/div>\n\t\t\t\t<div class=\"elementor-element elementor-element-85b7c7b elementor-widget elementor-widget-text-editor\" data-id=\"85b7c7b\" data-element_type=\"widget\" data-widget_type=\"text-editor.default\">\n\t\t\t\t<div class=\"elementor-widget-container\">\n\t\t\t\t\t\t\t\t\t<p><span style=\"color: #000000;\">\u2192 Conna\u00eetre les habitats prioritaires \u00e0 pr\u00e9server en for\u00eat : les habitats favorables aux oiseaux patrimoniaux et menac\u00e9s par exemple.<\/span><\/p>\n<p><span style=\"color: #000000;\">\u2192 \u00c9tudier l\u2019effet r\u00e9serve :<\/span><\/p>\n<ul>\n<li><span style=\"color: #000000;\">Effet temporel \u2013 comparaison avant\/apr\u00e8s la mise en \u0153uvre du plan de gestion,<\/span><\/li>\n<li><span style=\"color: #000000;\">Effet spatial \u2013 comparaison dans\/hors le territoire de la RNN.<\/span><\/li>\n<\/ul>\n<p><span style=\"color: #000000;\">\u2192 Obtenir des indicateurs et pr\u00e9conisations pour la gestion de la RNN via les populations d\u2019oiseaux.<\/span><\/p>\t\t\t\t\t\t\t\t<\/div>\n\t\t\t\t<\/div>\n\t\t\t\t<div class=\"elementor-element elementor-element-d90ee32 elementor-widget elementor-widget-heading\" data-id=\"d90ee32\" data-element_type=\"widget\" data-widget_type=\"heading.default\">\n\t\t\t\t<div class=\"elementor-widget-container\">\n\t\t\t\t\t<h2 class=\"elementor-heading-title elementor-size-default\"><!-- Section contexte-->\n<div style=\"background-color: #7caacb;color: white;padding: 5px 30px;border-radius: 30px;text-align: center;margin-bottom: 20px\">\n<h2 style=\"font-size: 22px;margin: 0;color: #ffffff;font-weight: bold\">La suite<\/h2><\/h2>\t\t\t\t<\/div>\n\t\t\t\t<\/div>\n\t\t\t\t<div class=\"elementor-element elementor-element-0652620 elementor-widget elementor-widget-text-editor\" data-id=\"0652620\" data-element_type=\"widget\" data-widget_type=\"text-editor.default\">\n\t\t\t\t<div class=\"elementor-widget-container\">\n\t\t\t\t\t\t\t\t\t<p style=\"text-align: justify;\"><span style=\"font-family: 'Open Sans', sans-serif; font-weight: 400; font-size: 18px; color: #000000;\">La premi\u00e8re partie du projet ODFM se concentre sur l\u2019am\u00e9lioration des connaissances, une \u00e9tape essentielle \u00e0 la mise en place d\u2019actions de protection efficaces. Sur le long terme, le GEPOMAY souhaite d\u00e9velopper un partenariat pour concr\u00e9tiser la reconqu\u00eate des milieux par la biodiversit\u00e9 foresti\u00e8re. Ce projet est \u00e9galement un premier pas vers un Observatoire de l\u2019Avifaune Foresti\u00e8re \u00e0 Mayotte.<\/span><\/p>\t\t\t\t\t\t\t\t<\/div>\n\t\t\t\t<\/div>\n\t\t\t\t<div class=\"elementor-element elementor-element-054b313 elementor-widget elementor-widget-text-editor\" data-id=\"054b313\" data-element_type=\"widget\" data-widget_type=\"text-editor.default\">\n\t\t\t\t<div class=\"elementor-widget-container\">\n\t\t\t\t\t\t\t\t\t<div style=\"display: flex; flex-wrap: wrap; gap: 20px; justify-content: center; margin-bottom: 20px;\">\n\n  <figure style=\"flex: 1; min-width: 300px; max-width: 32%; text-align: center; margin: 0;\">\n    <img\n      src=\"https:\/\/gepomay.fr\/wp-content\/uploads\/2019\/12\/foret-humide.jpg\"\n      alt=\"For\u00eat humide de Mayotte\"\n      style=\"width: 100%; height: 350px; object-fit: cover; object-position: center; border-radius: 5px;\" \/>\n    <figcaption style=\"margin-top: 8px; font-size: 14px; color: #555;\">For\u00eat humide de Mayotte<\/figcaption>\n  <\/figure>\n\n  <figure style=\"flex: 1; min-width: 300px; max-width: 32%; text-align: center; margin: 0;\">\n    <img\n      src=\"https:\/\/gepomay.fr\/wp-content\/uploads\/2019\/10\/pigeon.des_.comores.jpg\"\n      alt=\"Pigeon des Comores\"\n      style=\"width: 100%; height: 350px; object-fit: cover; object-position: center; border-radius: 5px;\" \/>\n    <figcaption style=\"margin-top: 8px; font-size: 14px; color: #555;\">Le Pigeon des\u00a0Comores<\/figcaption>\n  <\/figure>\n\n  <figure style=\"flex: 1; min-width: 300px; max-width: 32%; text-align: center; margin: 0;\">\n    <img\n      src=\"https:\/\/gepomay.fr\/wp-content\/uploads\/2023\/06\/IMG_20220319_095504-766x1024.jpg\"\n      alt=\"For\u00eat s\u00e8che de Mayotte\"\n      style=\"width: 100%; height: 350px; object-fit: cover; object-position: center; border-radius: 5px;\" \/>\n    <figcaption style=\"margin-top: 8px; font-size: 14px; color: #555;\">For\u00eat s\u00e8che de Mayotte<\/figcaption>\n  <\/figure>\n\n<\/div>\n\t\t\t\t\t\t\t\t<\/div>\n\t\t\t\t<\/div>\n\t\t\t\t<div class=\"elementor-element elementor-element-8a08ccb elementor-widget elementor-widget-spacer\" data-id=\"8a08ccb\" data-element_type=\"widget\" data-widget_type=\"spacer.default\">\n\t\t\t\t<div class=\"elementor-widget-container\">\n\t\t\t\t\t\t\t<div class=\"elementor-spacer\">\n\t\t\t<div class=\"elementor-spacer-inner\"><\/div>\n\t\t<\/div>\n\t\t\t\t\t\t<\/div>\n\t\t\t\t<\/div>\n\t\t\t\t\t<\/div>\n\t\t\t\t<\/div>\n\t\t\t\t<\/div>\n\t\t","protected":false},"excerpt":{"rendered":"<p>La protection des for\u00eats \u00e0 Mayotte devient urgente. O\u00f9 mettre en place les premi\u00e8res actions ? Comment les \u00e9valuer ? Quelles sont les principales menaces ? Le projet Oiseaux des For\u00eats de Mayotte est n\u00e9 en 2022 et s\u2019inscrit dans la continuit\u00e9 de la cr\u00e9ation de la nouvelle R\u00e9serve Naturelle Nationale des For\u00eats de Mayotte &hellip; <\/p>\n<p class=\"link-more\"><a href=\"https:\/\/gepomay.fr\/index.php\/projets\/science-participative\/\" class=\"more-link\">Lire la suite de<span class=\"screen-reader-text\">\u00ab\u00a0ODFM &#8211; Oiseaux Des For\u00eats de Mayotte\u00a0\u00bb<\/span><\/a><\/p>\n","protected":false},"author":1,"featured_media":0,"parent":223,"menu_order":5,"comment_status":"closed","ping_status":"closed","template":"","meta":{"footnotes":""},"_links":{"self":[{"href":"https:\/\/gepomay.fr\/index.php\/wp-json\/wp\/v2\/pages\/724"}],"collection":[{"href":"https:\/\/gepomay.fr\/index.php\/wp-json\/wp\/v2\/pages"}],"about":[{"href":"https:\/\/gepomay.fr\/index.php\/wp-json\/wp\/v2\/types\/page"}],"author":[{"embeddable":true,"href":"https:\/\/gepomay.fr\/index.php\/wp-json\/wp\/v2\/users\/1"}],"replies":[{"embeddable":true,"href":"https:\/\/gepomay.fr\/index.php\/wp-json\/wp\/v2\/comments?post=724"}],"version-history":[{"count":28,"href":"https:\/\/gepomay.fr\/index.php\/wp-json\/wp\/v2\/pages\/724\/revisions"}],"predecessor-version":[{"id":5861,"href":"https:\/\/gepomay.fr\/index.php\/wp-json\/wp\/v2\/pages\/724\/revisions\/5861"}],"up":[{"embeddable":true,"href":"https:\/\/gepomay.fr\/index.php\/wp-json\/wp\/v2\/pages\/223"}],"wp:attachment":[{"href":"https:\/\/gepomay.fr\/index.php\/wp-json\/wp\/v2\/media?parent=724"}],"curies":[{"name":"wp","href":"https:\/\/api.w.org\/{rel}","templated":true}]}}