{"id":72,"date":"2018-03-06T14:29:23","date_gmt":"2018-03-06T11:29:23","guid":{"rendered":"http:\/\/gepomay.fr\/?page_id=72"},"modified":"2025-07-22T13:24:03","modified_gmt":"2025-07-22T10:24:03","slug":"nos-missions","status":"publish","type":"page","link":"https:\/\/gepomay.fr\/index.php\/gepomay\/nos-missions\/","title":{"rendered":"Nos missions"},"content":{"rendered":"\t\t<div data-elementor-type=\"wp-page\" data-elementor-id=\"72\" class=\"elementor elementor-72\">\n\t\t\t\t<div class=\"elementor-element elementor-element-29d2f552 e-flex e-con-boxed e-con e-parent\" data-id=\"29d2f552\" data-element_type=\"container\">\n\t\t\t\t\t<div class=\"e-con-inner\">\n\t\t\t\t<div class=\"elementor-element elementor-element-168515f2 elementor-widget elementor-widget-text-editor\" data-id=\"168515f2\" data-element_type=\"widget\" data-widget_type=\"text-editor.default\">\n\t\t\t\t<div class=\"elementor-widget-container\">\n\t\t\t\t\t\t\t\t\t<p style=\"text-align: justify;\">\u00a0<span style=\"color: #000000; font-family: Inter, sans-serif; text-align: var(--text-align);\">Le Groupe d&rsquo;\u00c9tudes et de Protection des Oiseaux de Mayotte r\u00e9pond dans ses projets \u00e0 trois objectifs principaux fix\u00e9s comme les missions de l&rsquo;association.<\/span><\/p>\n<p><!-- \/wp:heading --><\/p>\n<p><!-- wp:group {\"style\":{\"spacing\":{\"padding\":\"20px\",\"margin\":\"20px 0\"},\"color\":{\"background\":\"#7caacb\"}}} --><\/p>\n<div style=\"background-color: #7caacb; padding: 20px; margin: 20px 0; border-radius: 10px;\">\n<h2 class=\"has-text-color\" style=\"color: white; text-transform: uppercase; text-align: center;\">\u00c9tudier<\/h2>\n<p style=\"font-size: 18px; color: #2d5572; text-align: justify;\">Le GEPOMAY est un groupe d&rsquo;\u00e9tudes de l&rsquo;avifaune mahoraise et de son \u00e9volution sur le long terme. Les oiseaux sont d&rsquo;excellents bio-indicateurs de l&rsquo;\u00e9tat des milieux naturels : c&rsquo;est-\u00e0-dire que leur pr\u00e9sence ou non nous permet d&rsquo;\u00e9valuer si un milieu est en bonne sant\u00e9 ou s&rsquo;il subit des menaces. Ainsi, si les oiseaux disparaissent, c&rsquo;est un indice que tout l&rsquo;environnement est en danger. Les \u00e9tudes faites sur les oiseaux portent sur le suivi des populations, l&rsquo;\u00e9cologie, les comportements, la reconnaissance des habitats, les menaces&#8230; Le GEPOMAY \u00e9tudie avec attention une esp\u00e8ce menac\u00e9e, le Crabier blanc, et coordonne un projet sur les oiseaux c\u00f4tiers et marins. Le suivi et l&rsquo;acquisition de donn\u00e9es sur un maximum d&rsquo;esp\u00e8ces sont tout de m\u00eame maintenus.<\/p>\n<\/div>\n<p><!-- \/wp:group --><\/p>\n<p><!-- wp:group {\"style\":{\"spacing\":{\"padding\":\"20px\",\"margin\":\"20px 0\"},\"color\":{\"background\":\"#f1f9fd\"}}} --><\/p>\n<div style=\"background-color: #f1f9fd; padding: 20px; margin: 20px 0; border-radius: 10px;\">\n<h2 style=\"text-transform: uppercase; color: #0693e3; text-align: center;\">Prot\u00e9ger<\/h2>\n<p style=\"font-size: 18px; color: #2d5572; text-align: justify;\">Gr\u00e2ce \u00e0 ses \u00e9tudes, le GEPOMAY est en mesure d&rsquo;\u00e9tablir des recommandations pour prot\u00e9ger les esp\u00e8ces sur le territoire de Mayotte. L&rsquo;association met donc en place diverses mesures de protection d\u00e9di\u00e9es aux esp\u00e8ces et \u00e0 leurs habitats : lutte contre les esp\u00e8ces exotiques envahissantes, mise en protection des espaces naturels, plans de gestion des habitats, sensibilisation des acteurs et de la population locale&#8230; En continuant \u00e0 \u00e9tudier les esp\u00e8ces pour lesquelles sont mises en place ces mesures, le GEPOMAY pourra \u00e9valuer, \u00e0 plus ou moins long terme, l&rsquo;impact de ses activit\u00e9s.<\/p>\n<\/div>\n<p><!-- \/wp:group --><\/p>\n<p><!-- wp:group {\"style\":{\"spacing\":{\"padding\":\"20px\",\"margin\":\"20px 0\"},\"color\":{\"background\":\"#e0f7fa\"}}} --><\/p>\n<div style=\"background-color: #e0f7fa; padding: 20px; margin: 20px 0; border-radius: 10px;\">\n<h2 style=\"text-transform: uppercase; color: #0693e3; text-align: center;\">Sensibiliser<\/h2>\n<p style=\"font-size: 18px; color: #2d5572; text-align: justify;\">Pour amplifier ses actions de protection, l&rsquo;association s&rsquo;engage \u00e0 sensibiliser un maximum de publics \u00e0 la protection des oiseaux, de leurs habitats et de la biodiversit\u00e9 en g\u00e9n\u00e9ral sur le superbe territoire de Mayotte. Sous la forme d&rsquo;animations, de conf\u00e9rences ou de formations, le GEPOMAY intervient aupr\u00e8s du public scolaire, des associations et des particuliers mais aussi des \u00e9lus et des acteurs du domaine priv\u00e9. L&rsquo;\u00e9quipe favorise des \u00e9changes sur le terrain pour \u00e9galement laisser sa place \u00e0 la d\u00e9couverte. L&rsquo;association intervient \u00e9galement \u00e0 l&rsquo;\u00e9chelle nationale et internationale pour repr\u00e9senter le territoire de Mayotte.<\/p>\n<\/div>\n<p><!-- \/wp:group --><\/p>\n<p><!-- wp:video {\"id\":3485} --><\/p>\n<figure class=\"wp-block-video\"><video src=\"https:\/\/gepomay.fr\/wp-content\/uploads\/2022\/10\/GEPOClip.mp4\" controls=\"controls\" width=\"300\" height=\"150\"><\/video><\/figure>\n<p><!-- \/wp:video --><\/p>\t\t\t\t\t\t\t\t<\/div>\n\t\t\t\t<\/div>\n\t\t\t\t<div class=\"elementor-element elementor-element-ac21c2c elementor-widget elementor-widget-text-editor\" data-id=\"ac21c2c\" data-element_type=\"widget\" data-widget_type=\"text-editor.default\">\n\t\t\t\t<div class=\"elementor-widget-container\">\n\t\t\t\t\t\t\t\t\t<p><!-- wp:tadv\/classic-paragraph --><\/p>\n<p class=\"wp-block-preformatted\" style=\"font-size: 25px; color: #2d5572; font-weight: bold; text-decoration: underline;\"><em>Aller plus loin :<\/em><\/p>\n<style>\n  .info-columns {\n    display: flex;\n    flex-wrap: wrap;\n    justify-content: space-between;\n    gap: 20px;\n    margin-top: 20px;\n  }\n\n  .info-box {\n    flex: 1 1 calc(33.33% - 20px);\n    background-color: #e0f0fb; \/* bleu clair *\/\n    padding: 20px;\n    border-radius: 8px;\n    text-align: center;\n    box-shadow: 0 2px 6px rgba(0,0,0,0.1);\n    transition: transform 0.2s ease;\n  }\n\n  .info-box:hover {\n    transform: translateY(-5px);\n  }\n\n  .info-box a {\n    text-decoration: none;\n    font-size: 18px;\n    color: #2d5572;\n    font-weight: bold;\n  }\n\n  .info-box a:hover {\n    text-decoration: underline;\n  }\n\n  @media (max-width: 800px) {\n    .info-box {\n      flex: 1 1 100%;\n    }\n  }\n<\/style>\n\n<div class=\"info-columns\">\n  <div class=\"info-box\">\n    <a href=\"https:\/\/gepomay.fr\/index.php\/projets\/\" target=\"_blank\" rel=\"noreferrer noopener\">\n      Nos projets\n    <\/a>\n  <\/div>\n  <div class=\"info-box\">\n    <a href=\"https:\/\/gepomay.fr\/index.php\/projets\/animations\/\" target=\"_blank\" rel=\"noreferrer noopener\">\n      Les prestations du GEPOMAY\n    <\/a>\n  <\/div>\n  <div class=\"info-box\">\n    <a href=\"https:\/\/gepomay.fr\/index.php\/un-peu-de-lecture\/\" target=\"_blank\" rel=\"noreferrer noopener\">\n      En savoir plus : quelques rapports\n    <\/a>\n  <\/div>\n<\/div>\n\t\t\t\t\t\t\t\t<\/div>\n\t\t\t\t<\/div>\n\t\t\t\t<div class=\"elementor-element elementor-element-c604f4a elementor-widget elementor-widget-text-editor\" data-id=\"c604f4a\" data-element_type=\"widget\" data-widget_type=\"text-editor.default\">\n\t\t\t\t<div class=\"elementor-widget-container\">\n\t\t\t\t\t\t\t\t\t<p><span style=\"color: #ffffff;\">xxx<\/span><\/p>\t\t\t\t\t\t\t\t<\/div>\n\t\t\t\t<\/div>\n\t\t\t\t\t<\/div>\n\t\t\t\t<\/div>\n\t\t\t\t<\/div>\n\t\t","protected":false},"excerpt":{"rendered":"<p>\u00a0Le Groupe d&rsquo;\u00c9tudes et de Protection des Oiseaux de Mayotte r\u00e9pond dans ses projets \u00e0 trois objectifs principaux fix\u00e9s comme les missions de l&rsquo;association. \u00c9tudier Le GEPOMAY est un groupe d&rsquo;\u00e9tudes de l&rsquo;avifaune mahoraise et de son \u00e9volution sur le long terme. Les oiseaux sont d&rsquo;excellents bio-indicateurs de l&rsquo;\u00e9tat des milieux naturels : c&rsquo;est-\u00e0-dire que &hellip; <\/p>\n<p class=\"link-more\"><a href=\"https:\/\/gepomay.fr\/index.php\/gepomay\/nos-missions\/\" class=\"more-link\">Lire la suite de<span class=\"screen-reader-text\">\u00ab\u00a0Nos missions\u00a0\u00bb<\/span><\/a><\/p>\n","protected":false},"author":3,"featured_media":0,"parent":2,"menu_order":1,"comment_status":"closed","ping_status":"closed","template":"","meta":{"footnotes":""},"_links":{"self":[{"href":"https:\/\/gepomay.fr\/index.php\/wp-json\/wp\/v2\/pages\/72"}],"collection":[{"href":"https:\/\/gepomay.fr\/index.php\/wp-json\/wp\/v2\/pages"}],"about":[{"href":"https:\/\/gepomay.fr\/index.php\/wp-json\/wp\/v2\/types\/page"}],"author":[{"embeddable":true,"href":"https:\/\/gepomay.fr\/index.php\/wp-json\/wp\/v2\/users\/3"}],"replies":[{"embeddable":true,"href":"https:\/\/gepomay.fr\/index.php\/wp-json\/wp\/v2\/comments?post=72"}],"version-history":[{"count":29,"href":"https:\/\/gepomay.fr\/index.php\/wp-json\/wp\/v2\/pages\/72\/revisions"}],"predecessor-version":[{"id":5895,"href":"https:\/\/gepomay.fr\/index.php\/wp-json\/wp\/v2\/pages\/72\/revisions\/5895"}],"up":[{"embeddable":true,"href":"https:\/\/gepomay.fr\/index.php\/wp-json\/wp\/v2\/pages\/2"}],"wp:attachment":[{"href":"https:\/\/gepomay.fr\/index.php\/wp-json\/wp\/v2\/media?parent=72"}],"curies":[{"name":"wp","href":"https:\/\/api.w.org\/{rel}","templated":true}]}}