{"id":714,"date":"2019-10-09T12:39:12","date_gmt":"2019-10-09T09:39:12","guid":{"rendered":"http:\/\/gepomay.fr\/?page_id=714"},"modified":"2025-07-22T14:07:19","modified_gmt":"2025-07-22T11:07:19","slug":"partenaires","status":"publish","type":"page","link":"https:\/\/gepomay.fr\/index.php\/gepomay\/partenaires\/","title":{"rendered":"Nos partenaires"},"content":{"rendered":"\t\t<div data-elementor-type=\"wp-page\" data-elementor-id=\"714\" class=\"elementor elementor-714\">\n\t\t\t\t<div class=\"elementor-element elementor-element-3aec2956 e-flex e-con-boxed e-con e-parent\" data-id=\"3aec2956\" data-element_type=\"container\">\n\t\t\t\t\t<div class=\"e-con-inner\">\n\t\t\t\t<div class=\"elementor-element elementor-element-9da494e elementor-widget elementor-widget-heading\" data-id=\"9da494e\" data-element_type=\"widget\" data-widget_type=\"heading.default\">\n\t\t\t\t<div class=\"elementor-widget-container\">\n\t\t\t\t\t<h2 class=\"elementor-heading-title elementor-size-default\"><!-- Section contexte-->\n<div style=\"background-color: #7caacb;color: white;padding: 5px 30px;border-radius: 30px;text-align: center;margin-bottom: 20px\">\n<h2 style=\"font-size: 22px;margin: 0;color: #ffffff;font-weight: bold\">Partenaires techniques et financiers<\/h2><\/h2>\t\t\t\t<\/div>\n\t\t\t\t<\/div>\n\t\t\t\t<div class=\"elementor-element elementor-element-3ae866e elementor-widget elementor-widget-text-editor\" data-id=\"3ae866e\" data-element_type=\"widget\" data-widget_type=\"text-editor.default\">\n\t\t\t\t<div class=\"elementor-widget-container\">\n\t\t\t\t\t\t\t\t\t<div class=\"wp-block-media-text alignwide is-stacked-on-mobile\" style=\"grid-template-columns: 25% auto;\">\n<figure class=\"wp-block-media-text__media\"><img decoding=\"async\" class=\"wp-image-4020  alignleft\" src=\"https:\/\/gepomay.fr\/wp-content\/uploads\/2023\/05\/Techniques-et-financiers-1-1024x1024.png\" alt=\"\" width=\"29\" height=\"29\" srcset=\"https:\/\/gepomay.fr\/wp-content\/uploads\/2023\/05\/Techniques-et-financiers-1-1024x1024.png 1024w, https:\/\/gepomay.fr\/wp-content\/uploads\/2023\/05\/Techniques-et-financiers-1-300x300.png 300w, https:\/\/gepomay.fr\/wp-content\/uploads\/2023\/05\/Techniques-et-financiers-1-150x150.png 150w, https:\/\/gepomay.fr\/wp-content\/uploads\/2023\/05\/Techniques-et-financiers-1.png 2000w\" sizes=\"(max-width: 29px) 100vw, 29px\" \/><\/figure>\n<div class=\"wp-block-media-text__content\">\n<p><\/p>\n<ul>\n<li><a href=\"https:\/\/www.conservatoire-du-littoral.fr\/sites-du-littoral\/SIL_SYCLAD_DEPARTEMENT\/976_MAYOTTE\/Find\/1\/5-les-sites-du-littoral.htm\">Conservatoire du Littoral<\/a> (CdL)<\/li>\n<li><a href=\"https:\/\/www.ofb.gouv.fr\/\">Office Fran\u00e7ais de la Biodiversit\u00e9<\/a> (OFB)<\/li>\n<li><a href=\"https:\/\/parc-marin-mayotte.fr\/\">Parc Naturel Marin de Mayotte<\/a> (PNMM)<\/li>\n<\/ul>\n<p><\/p>\n<\/div>\n<\/div>\n<p><!-- \/wp:media-text --><\/p>\t\t\t\t\t\t\t\t<\/div>\n\t\t\t\t<\/div>\n\t\t\t\t<div class=\"elementor-element elementor-element-62c17cf elementor-widget elementor-widget-heading\" data-id=\"62c17cf\" data-element_type=\"widget\" data-widget_type=\"heading.default\">\n\t\t\t\t<div class=\"elementor-widget-container\">\n\t\t\t\t\t<h2 class=\"elementor-heading-title elementor-size-default\"><!-- Section contexte-->\n<div style=\"background-color: #7caacb;color: white;padding: 5px 30px;border-radius: 30px;text-align: center;margin-bottom: 20px\">\n<h2 style=\"font-size: 22px;margin: 0;color: #ffffff;font-weight: bold\">Partenaires  financiers<\/h2><\/h2>\t\t\t\t<\/div>\n\t\t\t\t<\/div>\n\t\t\t\t<div class=\"elementor-element elementor-element-89ad11d elementor-widget elementor-widget-text-editor\" data-id=\"89ad11d\" data-element_type=\"widget\" data-widget_type=\"text-editor.default\">\n\t\t\t\t<div class=\"elementor-widget-container\">\n\t\t\t\t\t\t\t\t\t<div class=\"wp-block-media-text alignwide is-stacked-on-mobile\" style=\"grid-template-columns: 30% auto;\">\n<figure class=\"wp-block-media-text__media\"><img fetchpriority=\"high\" decoding=\"async\" width=\"1024\" height=\"1024\" class=\"wp-image-3856 size-full\" src=\"https:\/\/gepomay.fr\/wp-content\/uploads\/2023\/04\/1-1024x1024.png\" alt=\"\" srcset=\"https:\/\/gepomay.fr\/wp-content\/uploads\/2023\/04\/1-1024x1024.png 1024w, https:\/\/gepomay.fr\/wp-content\/uploads\/2023\/04\/1-300x300.png 300w, https:\/\/gepomay.fr\/wp-content\/uploads\/2023\/04\/1-150x150.png 150w, https:\/\/gepomay.fr\/wp-content\/uploads\/2023\/04\/1.png 2000w\" sizes=\"(max-width: 1024px) 100vw, 1024px\" \/><\/figure>\n<div class=\"wp-block-media-text__content\">\n<p><!-- wp:list --><\/p>\n<ul>\n<li><a href=\"https:\/\/www.ecologie.gouv.fr\/\">Minist\u00e8re de la Transition \u00c9cologique et Solidaire<\/a> (MTES)<\/li>\n<li><a href=\"https:\/\/www.mayotte.gouv.fr\/Services-de-l-Etat\/Direction-de-l-Environnement-de-l-Amenagement-du-Logement-et-de-la-Mer-de-Mayotte-DEALM\">Direction de l&rsquo;Environnement, de l&rsquo;Am\u00e9nagement, du Logement et de la Mer<\/a> de Mayotte (DEALM)<\/li>\n<li><a href=\"https:\/\/tourisme-petiteterre.fr\/?fbclid=IwAR19j2vJwCYhJZUQgg9GUizw0wjymFV4YNhLvdZP0U-BdDa7m_jvxb4NJXQ\">Communaut\u00e9 de Communes de Petite-Terre<\/a> (CCPT)<\/li>\n<li><a href=\"https:\/\/www.mairiedemtsangamouji.fr\/\">Mairie de M&rsquo;tsangamouji<\/a><\/li>\n<\/ul>\n<p><!-- \/wp:list --><\/p>\n<\/div>\n<\/div>\n<p><!-- \/wp:media-text --><\/p>\n<p><!-- wp:media-text {\"mediaId\":3857,\"mediaLink\":\"https:\/\/gepomay.fr\/index.php\/gepomay\/partenaires\/2-4\/\",\"mediaType\":\"image\",\"mediaWidth\":38} --><\/p>\n<div class=\"wp-block-media-text alignwide is-stacked-on-mobile\" style=\"grid-template-columns: 30% auto;\">\n<figure class=\"wp-block-media-text__media\"><img decoding=\"async\" width=\"1024\" height=\"1024\" class=\"wp-image-3857 size-full\" src=\"https:\/\/gepomay.fr\/wp-content\/uploads\/2023\/04\/2-1024x1024.png\" alt=\"\" srcset=\"https:\/\/gepomay.fr\/wp-content\/uploads\/2023\/04\/2-1024x1024.png 1024w, https:\/\/gepomay.fr\/wp-content\/uploads\/2023\/04\/2-300x300.png 300w, https:\/\/gepomay.fr\/wp-content\/uploads\/2023\/04\/2-150x150.png 150w, https:\/\/gepomay.fr\/wp-content\/uploads\/2023\/04\/2.png 2000w\" sizes=\"(max-width: 1024px) 100vw, 1024px\" \/><\/figure>\n<div class=\"wp-block-media-text__content\">\n<p><!-- wp:list --><\/p>\n<ul id=\"block-1d60310e-eca3-4238-980c-3d656f1f02c5\">\n<li><a href=\"https:\/\/www.ccsud.yt\/\">Communaut\u00e9 de Communes du Sud<\/a> (CCSud)<\/li>\n<li><a href=\"http:\/\/www.groupe-tetrama.com\/\">Tetrama<\/a><\/li>\n<li><a href=\"https:\/\/www.fondation-ca-solidaritedeveloppement.org\/\">Fondation Cr\u00e9dit Agricole<\/a><\/li>\n<li><a href=\"https:\/\/www.economie.gouv.fr\/plan-de-relance\">France Relance<\/a><\/li>\n<li><a href=\"https:\/\/www.asp-public.fr\/agence\/organisation\/ocean-indien\">Agence de Services et de Paiement<\/a> de Mayotte (ASP)<\/li>\n<li><a href=\"https:\/\/commission.europa.eu\/index_fr\">Commission europ\u00e9enne<\/a>, outil Life<\/li>\n<\/ul>\n<p><!-- \/wp:list --><\/p>\n<\/div>\n<\/div>\t\t\t\t\t\t\t\t<\/div>\n\t\t\t\t<\/div>\n\t\t\t\t<div class=\"elementor-element elementor-element-083e6df elementor-widget elementor-widget-spacer\" data-id=\"083e6df\" data-element_type=\"widget\" data-widget_type=\"spacer.default\">\n\t\t\t\t<div class=\"elementor-widget-container\">\n\t\t\t\t\t\t\t<div class=\"elementor-spacer\">\n\t\t\t<div class=\"elementor-spacer-inner\"><\/div>\n\t\t<\/div>\n\t\t\t\t\t\t<\/div>\n\t\t\t\t<\/div>\n\t\t\t\t<div class=\"elementor-element elementor-element-b73ede0 elementor-widget elementor-widget-heading\" data-id=\"b73ede0\" data-element_type=\"widget\" data-widget_type=\"heading.default\">\n\t\t\t\t<div class=\"elementor-widget-container\">\n\t\t\t\t\t<h2 class=\"elementor-heading-title elementor-size-default\"><!-- Section contexte-->\n<div style=\"background-color: #7caacb;color: white;padding: 5px 30px;border-radius: 30px;text-align: center;margin-bottom: 20px\">\n<h2 style=\"font-size: 22px;margin: 0;color: #ffffff;font-weight: bold\">Partenaires techniques <\/h2><\/h2>\t\t\t\t<\/div>\n\t\t\t\t<\/div>\n\t\t\t\t<div class=\"elementor-element elementor-element-4c3df52f elementor-widget elementor-widget-text-editor\" data-id=\"4c3df52f\" data-element_type=\"widget\" data-widget_type=\"text-editor.default\">\n\t\t\t\t<div class=\"elementor-widget-container\">\n\t\t\t\t\t\t\t\t\t<div class=\"wp-block-media-text alignwide is-stacked-on-mobile\" style=\"grid-template-columns: 30% auto;\">\n<figure class=\"wp-block-media-text__media\"><img loading=\"lazy\" decoding=\"async\" width=\"1024\" height=\"1024\" class=\"wp-image-3858 size-full\" src=\"https:\/\/gepomay.fr\/wp-content\/uploads\/2023\/04\/1-1-1024x1024.png\" alt=\"\" srcset=\"https:\/\/gepomay.fr\/wp-content\/uploads\/2023\/04\/1-1-1024x1024.png 1024w, https:\/\/gepomay.fr\/wp-content\/uploads\/2023\/04\/1-1-300x300.png 300w, https:\/\/gepomay.fr\/wp-content\/uploads\/2023\/04\/1-1-150x150.png 150w, https:\/\/gepomay.fr\/wp-content\/uploads\/2023\/04\/1-1.png 2000w\" sizes=\"(max-width: 1024px) 100vw, 1024px\" \/><\/figure>\n<div class=\"wp-block-media-text__content\">\n<p><!-- wp:list --><\/p>\n<ul>\n<li><a href=\"https:\/\/www.reserves-naturelles.org\/ilot-mbouzi\">R\u00e9serve Naturelle de l&rsquo;\u00eelot M&rsquo;Bouzi<\/a><\/li>\n<li><a href=\"https:\/\/mohelinationalpark.org\/\">Parc National de Moh\u00e9li<\/a><\/li>\n<li><a href=\"https:\/\/www.facebook.com\/jardindemtsangamouji\/\">Association Jardin de M&rsquo;tsangamouji<\/a><\/li>\n<li><a href=\"https:\/\/www.cefe.cnrs.fr\/fr\/\">Centre d&rsquo;\u00c9cologie Fonctionnelle &amp; \u00c9volutive<\/a> (CEFE)<\/li>\n<li><a href=\"https:\/\/www.lpo.fr\/\">Ligue pour la Protection des Oiseaux<\/a> &#8211; France (LPO France)<\/li>\n<li><a href=\"https:\/\/www.naturalistesmayotte.fr\/\">Les Naturalistes de Mayotte<\/a><\/li>\n<li><a href=\"https:\/\/www.cbnm.org\/\">Conservatoire Botanique National du Mascarin<\/a> (CBNM)<\/li>\n<\/ul>\n<p><!-- \/wp:list --><\/p>\n<\/div>\n<\/div>\n<p><!-- \/wp:media-text --><\/p>\n<p><!-- wp:media-text {\"mediaId\":3859,\"mediaLink\":\"https:\/\/gepomay.fr\/index.php\/gepomay\/partenaires\/2-1\/\",\"mediaType\":\"image\",\"mediaWidth\":35} --><\/p>\n<div class=\"wp-block-media-text alignwide is-stacked-on-mobile\" style=\"grid-template-columns: 30% auto;\">\n<figure class=\"wp-block-media-text__media\"><img loading=\"lazy\" decoding=\"async\" width=\"1024\" height=\"1024\" class=\"wp-image-3859 size-full\" src=\"https:\/\/gepomay.fr\/wp-content\/uploads\/2023\/04\/2-1-1024x1024.png\" alt=\"\" srcset=\"https:\/\/gepomay.fr\/wp-content\/uploads\/2023\/04\/2-1-1024x1024.png 1024w, https:\/\/gepomay.fr\/wp-content\/uploads\/2023\/04\/2-1-300x300.png 300w, https:\/\/gepomay.fr\/wp-content\/uploads\/2023\/04\/2-1-150x150.png 150w, https:\/\/gepomay.fr\/wp-content\/uploads\/2023\/04\/2-1.png 2000w\" sizes=\"(max-width: 1024px) 100vw, 1024px\" \/><\/figure>\n<div class=\"wp-block-media-text__content\">\n<p><!-- wp:list --><\/p>\n<ul>\n<li><a href=\"https:\/\/www.seor.fr\/\">Soci\u00e9t\u00e9 d&rsquo;\u00c9tudes Ornithologiques de la R\u00e9union<\/a> (SEOR)<\/li>\n<li><a href=\"https:\/\/mayottenatureenvironnement.com\/\">Mayotte Nature Environnement<\/a> (MNE)<\/li>\n<li><a href=\"https:\/\/dronego.fr\/\">DroneGo<\/a><\/li>\n<li><a href=\"https:\/\/www.ulmdemayotte.com\/\">Les ULM de Mayotte<\/a><\/li>\n<li><a href=\"https:\/\/reseaueedd976.com\/\">R\u00e9seau d&rsquo;\u00c9ducation \u00e0 l&rsquo;Environnement et au D\u00e9veloppement Durable 976<\/a> (REEDD 976)<\/li>\n<li><a href=\"https:\/\/www.cress-mayotte.org\/\">Chambre R\u00e9gionale de l&rsquo;\u00c9conomie Sociale et Solidaire<\/a> (CRESS)<\/li>\n<li><a href=\"http:\/\/www.gepog.org\/\" target=\"_blank\" rel=\"noreferrer noopener\">Groupe d&rsquo;\u00c9tude et de Protection des Oiseaux de Guyane<\/a> (GEPOG)<\/li>\n<\/ul>\n<p><!-- \/wp:list --><\/p>\n<\/div>\n<\/div>\n<p><!-- \/wp:media-text --><\/p>\n<p><!-- wp:media-text {\"mediaId\":3860,\"mediaLink\":\"https:\/\/gepomay.fr\/index.php\/gepomay\/partenaires\/3-4\/\",\"mediaType\":\"image\",\"mediaWidth\":35} --><\/p>\n<div class=\"wp-block-media-text alignwide is-stacked-on-mobile\" style=\"grid-template-columns: 30% auto;\">\n<figure class=\"wp-block-media-text__media\"><img loading=\"lazy\" decoding=\"async\" width=\"1024\" height=\"1024\" class=\"wp-image-3860 size-full\" src=\"https:\/\/gepomay.fr\/wp-content\/uploads\/2023\/04\/3-1024x1024.png\" alt=\"\" srcset=\"https:\/\/gepomay.fr\/wp-content\/uploads\/2023\/04\/3-1024x1024.png 1024w, https:\/\/gepomay.fr\/wp-content\/uploads\/2023\/04\/3-300x300.png 300w, https:\/\/gepomay.fr\/wp-content\/uploads\/2023\/04\/3-150x150.png 150w, https:\/\/gepomay.fr\/wp-content\/uploads\/2023\/04\/3.png 2000w\" sizes=\"(max-width: 1024px) 100vw, 1024px\" \/><\/figure>\n<div class=\"wp-block-media-text__content\">\n<p><!-- wp:list --><\/p>\n<ul>\n<li><a href=\"https:\/\/www.facebook.com\/FMAE976\/\">F\u00e9d\u00e9ration Mahoraise des Associations Environnementales<\/a> (FMAE)<\/li>\n<li><a href=\"https:\/\/www.onf.fr\/\">Office National des For\u00eats<\/a> (ONF)<\/li>\n<li><a href=\"https:\/\/www.facebook.com\/capamayotte\/\">Chambre de l&rsquo;Agriculture de la P\u00eache et de l&rsquo;Aquaculture \u00e0 Mayotte<\/a> (CAPAM)<\/li>\n<li><a href=\"https:\/\/uicn.fr\/\">Union Internationale pour la Conservation de la Nature<\/a> (UICN) &#8211; r\u00e9seau Outre-mer<\/li>\n<li><a href=\"https:\/\/www.mnhn.fr\/fr\">Mus\u00e9um National d&rsquo;Histoire Naturelle<\/a> (MNHN)<\/li>\n<li><a href=\"https:\/\/sciences.univ-reunion.fr\/recherche\/ecologie-marine-entropie-umr-9220\">Laboratoire d&rsquo;\u00c9cologie marine tropicale des oc\u00e9ans Pacifique et Indien<\/a> (ENTROPIE)<\/li>\n<\/ul>\n<p><!-- \/wp:list --><\/p>\n<\/div>\n<\/div>\n<p><!-- \/wp:media-text --><\/p>\n<p><!-- wp:media-text {\"mediaId\":3861,\"mediaLink\":\"https:\/\/gepomay.fr\/index.php\/gepomay\/partenaires\/4-4\/\",\"mediaType\":\"image\",\"mediaWidth\":35} --><\/p>\n<div class=\"wp-block-media-text alignwide is-stacked-on-mobile\" style=\"grid-template-columns: 30% auto;\">\n<figure class=\"wp-block-media-text__media\"><img loading=\"lazy\" decoding=\"async\" width=\"2000\" height=\"2000\" class=\"wp-image-3861 size-full\" src=\"https:\/\/gepomay.fr\/wp-content\/uploads\/2023\/04\/4-1024x1024.png\" alt=\"\" srcset=\"https:\/\/gepomay.fr\/wp-content\/uploads\/2023\/04\/4-1024x1024.png 1024w, https:\/\/gepomay.fr\/wp-content\/uploads\/2023\/04\/4-300x300.png 300w, https:\/\/gepomay.fr\/wp-content\/uploads\/2023\/04\/4-150x150.png 150w, https:\/\/gepomay.fr\/wp-content\/uploads\/2023\/04\/4.png 2000w\" sizes=\"(max-width: 2000px) 100vw, 2000px\" \/><\/figure>\n<div class=\"wp-block-media-text__content\">\n<p><!-- wp:list --><\/p>\n<ul>\n<li><a href=\"https:\/\/www.univ-mayotte.fr\/fr\/index.html\">Centre Universitaire de Formation et de Recherche de Mayotte<\/a> (CUFR)<\/li>\n<li><a href=\"https:\/\/www.pole-tropical.org\/\">Pole-Relais Zones Humides Tropicales<\/a> (PRZH)<\/li>\n<li><a href=\"https:\/\/www.3co-mayotte.fr\/\">Communaut\u00e9 de Communes du Centre Ouest<\/a> (3CO)<\/li>\n<li><a href=\"https:\/\/www.mlezi-maore.com\/\">Mlezi Maore<\/a><\/li>\n<li><a href=\"https:\/\/www.facebook.com\/associationmangroveenvironnement\/\">Association Mangrove Environnement<\/a> (AME)<\/li>\n<li><a href=\"https:\/\/daaf.mayotte.agriculture.gouv.fr\/\">Direction de l&rsquo;Alimentation de l&rsquo;Agriculture et de la For\u00eat<\/a> (DAAF)<\/li>\n<li><a href=\"http:\/\/mairie-bandraboua.fr\/ccas\/\">Centre Communal d&rsquo;Action Sociale de Bandraboua<\/a> (CCAS Bandraboua)<\/li>\n<\/ul>\n<p><!-- \/wp:list --><\/p>\n<\/div>\n<\/div>\n<p>&nbsp;<\/p>\t\t\t\t\t\t\t\t<\/div>\n\t\t\t\t<\/div>\n\t\t\t\t<div class=\"elementor-element elementor-element-4e5ae02 elementor-widget elementor-widget-heading\" data-id=\"4e5ae02\" data-element_type=\"widget\" data-widget_type=\"heading.default\">\n\t\t\t\t<div class=\"elementor-widget-container\">\n\t\t\t\t\t<h2 class=\"elementor-heading-title elementor-size-default\"><!-- Section contexte-->\n<div style=\"background-color: #7caacb;color: white;padding: 5px 30px;border-radius: 30px;text-align: center;margin-bottom: 20px\">\n<h2 style=\"font-size: 22px;margin: 0;color: #ffffff;font-weight: bold\">Donateurs <\/h2><\/h2>\t\t\t\t<\/div>\n\t\t\t\t<\/div>\n\t\t\t\t<div class=\"elementor-element elementor-element-0409fb2 elementor-widget elementor-widget-text-editor\" data-id=\"0409fb2\" data-element_type=\"widget\" data-widget_type=\"text-editor.default\">\n\t\t\t\t<div class=\"elementor-widget-container\">\n\t\t\t\t\t\t\t\t\t<div class=\"wp-block-media-text alignwide is-stacked-on-mobile\" style=\"grid-template-columns: 20% auto;\">\n<figure class=\"wp-block-media-text__media\"><img loading=\"lazy\" decoding=\"async\" width=\"258\" height=\"126\" class=\"wp-image-3864 size-full\" src=\"https:\/\/gepomay.fr\/wp-content\/uploads\/2023\/04\/Bureau-Valee.jpg.png\" alt=\"\" \/><\/figure>\n<div class=\"wp-block-media-text__content\">\n<p><!-- wp:paragraph {\"placeholder\":\"Contenu\u2026\",\"fontSize\":\"large\"} --><\/p>\n<p class=\"has-large-font-size\">\u00a0<\/p>\t\t\t\t\t\t\t\t<\/div>\n\t\t\t\t<\/div>\n\t\t\t\t<div class=\"elementor-element elementor-element-3a9e90c elementor-widget elementor-widget-text-editor\" data-id=\"3a9e90c\" data-element_type=\"widget\" data-widget_type=\"text-editor.default\">\n\t\t\t\t<div class=\"elementor-widget-container\">\n\t\t\t\t\t\t\t\t\t<p><span style=\"color: #ffffff;\">xxx<\/span><\/p>\t\t\t\t\t\t\t\t<\/div>\n\t\t\t\t<\/div>\n\t\t\t\t<div class=\"elementor-element elementor-element-56873fa elementor-widget elementor-widget-text-editor\" data-id=\"56873fa\" data-element_type=\"widget\" data-widget_type=\"text-editor.default\">\n\t\t\t\t<div class=\"elementor-widget-container\">\n\t\t\t\t\t\t\t\t\t<p><span style=\"font-size: 10pt; color: #ffffff;\">xx<\/span><\/p>\t\t\t\t\t\t\t\t<\/div>\n\t\t\t\t<\/div>\n\t\t\t\t<div class=\"elementor-element elementor-element-ef41794 elementor-widget elementor-widget-spacer\" data-id=\"ef41794\" data-element_type=\"widget\" data-widget_type=\"spacer.default\">\n\t\t\t\t<div class=\"elementor-widget-container\">\n\t\t\t\t\t\t\t<div class=\"elementor-spacer\">\n\t\t\t<div class=\"elementor-spacer-inner\"><\/div>\n\t\t<\/div>\n\t\t\t\t\t\t<\/div>\n\t\t\t\t<\/div>\n\t\t\t\t\t<\/div>\n\t\t\t\t<\/div>\n\t\t\t\t<\/div>\n\t\t","protected":false},"excerpt":{"rendered":"<p>Partenaires techniques et financiers Conservatoire du Littoral (CdL) Office Fran\u00e7ais de la Biodiversit\u00e9 (OFB) Parc Naturel Marin de Mayotte (PNMM) Partenaires financiers Minist\u00e8re de la Transition \u00c9cologique et Solidaire (MTES) Direction de l&rsquo;Environnement, de l&rsquo;Am\u00e9nagement, du Logement et de la Mer de Mayotte (DEALM) Communaut\u00e9 de Communes de Petite-Terre (CCPT) Mairie de M&rsquo;tsangamouji Communaut\u00e9 de &hellip; <\/p>\n<p class=\"link-more\"><a href=\"https:\/\/gepomay.fr\/index.php\/gepomay\/partenaires\/\" class=\"more-link\">Lire la suite de<span class=\"screen-reader-text\">\u00ab\u00a0Nos partenaires\u00a0\u00bb<\/span><\/a><\/p>\n","protected":false},"author":1,"featured_media":0,"parent":2,"menu_order":4,"comment_status":"closed","ping_status":"closed","template":"","meta":{"footnotes":""},"_links":{"self":[{"href":"https:\/\/gepomay.fr\/index.php\/wp-json\/wp\/v2\/pages\/714"}],"collection":[{"href":"https:\/\/gepomay.fr\/index.php\/wp-json\/wp\/v2\/pages"}],"about":[{"href":"https:\/\/gepomay.fr\/index.php\/wp-json\/wp\/v2\/types\/page"}],"author":[{"embeddable":true,"href":"https:\/\/gepomay.fr\/index.php\/wp-json\/wp\/v2\/users\/1"}],"replies":[{"embeddable":true,"href":"https:\/\/gepomay.fr\/index.php\/wp-json\/wp\/v2\/comments?post=714"}],"version-history":[{"count":24,"href":"https:\/\/gepomay.fr\/index.php\/wp-json\/wp\/v2\/pages\/714\/revisions"}],"predecessor-version":[{"id":5919,"href":"https:\/\/gepomay.fr\/index.php\/wp-json\/wp\/v2\/pages\/714\/revisions\/5919"}],"up":[{"embeddable":true,"href":"https:\/\/gepomay.fr\/index.php\/wp-json\/wp\/v2\/pages\/2"}],"wp:attachment":[{"href":"https:\/\/gepomay.fr\/index.php\/wp-json\/wp\/v2\/media?parent=714"}],"curies":[{"name":"wp","href":"https:\/\/api.w.org\/{rel}","templated":true}]}}