{"id":6592,"date":"2026-03-10T16:39:44","date_gmt":"2026-03-10T13:39:44","guid":{"rendered":"https:\/\/gepomay.fr\/?page_id=6592"},"modified":"2026-04-10T11:33:45","modified_gmt":"2026-04-10T08:33:45","slug":"nos-anciennes-newsletter","status":"publish","type":"page","link":"https:\/\/gepomay.fr\/index.php\/nos-anciennes-newsletter\/","title":{"rendered":"Nos anciennes newsletter"},"content":{"rendered":"\t\t<div data-elementor-type=\"wp-page\" data-elementor-id=\"6592\" class=\"elementor elementor-6592\">\n\t\t\t\t<div class=\"elementor-element elementor-element-6dcf8a1 e-flex e-con-boxed e-con e-parent\" data-id=\"6dcf8a1\" data-element_type=\"container\">\n\t\t\t\t\t<div class=\"e-con-inner\">\n\t\t\t\t<div class=\"elementor-element elementor-element-43b2a33 elementor-widget elementor-widget-text-editor\" data-id=\"43b2a33\" data-element_type=\"widget\" data-widget_type=\"text-editor.default\">\n\t\t\t\t<div class=\"elementor-widget-container\">\n\t\t\t\t\t\t\t\t\t<p>T\u00e9l\u00e9charger ici les newsletter du GEPOMAY :<\/p><p><a href=\"https:\/\/gepomay.fr\/wp-content\/uploads\/2026\/03\/Newsletter-GEPOMAY_octobre-2025.pdf\"><span style=\"color: #000080;\"><strong>Octobre 2025<\/strong><\/span><\/a><\/p><p><a href=\"https:\/\/gepomay.fr\/wp-content\/uploads\/2026\/03\/Newsletter-GEPOMAY-novembre-2025.pdf\"><span style=\"color: #000080;\"><strong>Novembre 2025<\/strong><\/span><\/a><\/p><p><a href=\"https:\/\/gepomay.fr\/wp-content\/uploads\/2026\/03\/Newsletter-GEPOMAY-decembre-2025.pdf\"><span style=\"color: #000080;\"><strong>D\u00e9cembre 2025<\/strong><\/span><\/a><\/p><p><a href=\"https:\/\/gepomay.fr\/wp-content\/uploads\/2026\/04\/Newsletter-janvier-2026.pdf\"><span style=\"color: #000080;\"><strong>Janvier\/F\u00e9vrier 2026<\/strong><\/span><\/a><\/p>\t\t\t\t\t\t\t\t<\/div>\n\t\t\t\t<\/div>\n\t\t\t\t\t<\/div>\n\t\t\t\t<\/div>\n\t\t\t\t<\/div>\n\t\t","protected":false},"excerpt":{"rendered":"<p>T\u00e9l\u00e9charger ici les newsletter du GEPOMAY : Octobre 2025 Novembre 2025 D\u00e9cembre 2025 Janvier\/F\u00e9vrier 2026<\/p>\n","protected":false},"author":1,"featured_media":0,"parent":0,"menu_order":0,"comment_status":"closed","ping_status":"closed","template":"","meta":{"footnotes":""},"_links":{"self":[{"href":"https:\/\/gepomay.fr\/index.php\/wp-json\/wp\/v2\/pages\/6592"}],"collection":[{"href":"https:\/\/gepomay.fr\/index.php\/wp-json\/wp\/v2\/pages"}],"about":[{"href":"https:\/\/gepomay.fr\/index.php\/wp-json\/wp\/v2\/types\/page"}],"author":[{"embeddable":true,"href":"https:\/\/gepomay.fr\/index.php\/wp-json\/wp\/v2\/users\/1"}],"replies":[{"embeddable":true,"href":"https:\/\/gepomay.fr\/index.php\/wp-json\/wp\/v2\/comments?post=6592"}],"version-history":[{"count":7,"href":"https:\/\/gepomay.fr\/index.php\/wp-json\/wp\/v2\/pages\/6592\/revisions"}],"predecessor-version":[{"id":6622,"href":"https:\/\/gepomay.fr\/index.php\/wp-json\/wp\/v2\/pages\/6592\/revisions\/6622"}],"wp:attachment":[{"href":"https:\/\/gepomay.fr\/index.php\/wp-json\/wp\/v2\/media?parent=6592"}],"curies":[{"name":"wp","href":"https:\/\/api.w.org\/{rel}","templated":true}]}}