{"id":582,"date":"2019-10-07T11:56:07","date_gmt":"2019-10-07T08:56:07","guid":{"rendered":"http:\/\/gepomay.fr\/?page_id=582"},"modified":"2023-05-26T12:11:14","modified_gmt":"2023-05-26T09:11:14","slug":"un-peu-de-lecture","status":"publish","type":"page","link":"https:\/\/gepomay.fr\/index.php\/projets\/un-peu-de-lecture\/","title":{"rendered":"En savoir plus : nos rapports"},"content":{"rendered":"\n<h3>Parce que le GEPOMAY est un groupe d&rsquo;\u00e9tudes et un acteur de l&rsquo;am\u00e9lioration des connaissances sur le territoire, vous pouvez retrouver ici des ressources, documents et rapports r\u00e9dig\u00e9s par l&rsquo;association. Les \u00e9crits sont tri\u00e9s par ordre chronologique.<\/h3>\n\n\n\n<hr class=\"wp-block-separator\"\/>\n\n\n\n<p><\/p>\n\n\n\n<p><a href=\"https:\/\/gepomay.fr\/wp-content\/uploads\/2023\/05\/GEPOMAY_Nathan-Cazelles_Efficacite-du-plan-de-lutte-contre-le-Rat-noir-en-mangrove-pour-la-protection-du-Crabier-blanc-a-Mayotte.pdf\">Efficacit\u00e9 du plan de lutte contre le Rat noir en mangrove pour la protection du Crabier blanc \u00e0 Mayotte &#8211; Nathan Cazelles, GEPOMAY 2022<\/a><\/p>\n<p><a href=\"https:\/\/gepomay.fr\/wp-content\/uploads\/2023\/05\/GEPOMAY_Laurie-Gaillard_Suivi-de-la-population-nicheuse-de-Crabiers-blancs-a-Mayotte-developpement-dun-indicateur-de-tendance.pdf\">Suivi de la population nicheuse de Crabiers blancs \u00e0 Mayotte &#8211; d\u00e9veloppement d&rsquo;un indicateur de tendance &#8211; Laurie Gaillard, GEPOMAY 2022<\/a><\/p>\n<p><a href=\"https:\/\/gepomay.fr\/wp-content\/uploads\/2023\/05\/GEPOMAY_OOCM_Bilan2021-2022.pdf\">Observatoire des Oiseaux C\u00f4tiers de Mayotte &#8211; bilan 2021-2022<\/a><\/p>\n<p><a href=\"https:\/\/gepomay.fr\/wp-content\/uploads\/2023\/05\/GEPOMAY_Almodis-Vadier_rythme-dactivite-journalier-des-Crabiers-blancs-et-detectabilite-des-nids-sur-les-colonies-de-reproduction-a-Mayotte-quelles-preconisations-pour-un-suivi-a-long-terme.pdf\">Rythme d&rsquo;activit\u00e9 journalier des Crabiers blancs et d\u00e9tectabilit\u00e9 des nids sur les colonies de reproduction \u00e0 Mayotte &#8211; quelles pr\u00e9conisations pour un suivi \u00e0 long terme &#8211; Almodis Vadier, GEPOMAY 2021<\/a><\/p>\n\n\n\n<p><a href=\"https:\/\/gepomay.fr\/wp-content\/uploads\/2022\/05\/Bilan-de-lObservatoire-des-Oiseaux-Cotiers-de-Mayotte-analyse-des-donnees-de-suivis-de-2012-a-2021.pdf\">Observatoire des Oiseaux C\u00f4tiers de Mayotte &#8211; bilan de l&rsquo;analyse des donn\u00e9es de suivis de 2012 \u00e0 2021<\/a><\/p>\n\n\n\n<div class=\"wp-block-file\"><a id=\"wp-block-file--media-d66f85ee-2a56-4330-9517-406710488c88\" href=\"http:\/\/gepomay.fr\/wp-content\/uploads\/2020\/06\/Rabarisoa-et-al_Waterbirds431_pp45-54.pdf\">Status assessment and population trends of the<br> Madagascar Pond-Heron (<em>Ardeola idae<\/em>) from 1993-2016 &#8211; 2020<\/a><a href=\"http:\/\/gepomay.fr\/wp-content\/uploads\/2020\/06\/Rabarisoa-et-al_Waterbirds431_pp45-54.pdf\" class=\"wp-block-file__button\" download aria-describedby=\"wp-block-file--media-d66f85ee-2a56-4330-9517-406710488c88\">T\u00e9l\u00e9charger<\/a><\/div>\n\n\n\n<div class=\"wp-block-file\"><a id=\"wp-block-file--media-6109d561-a18b-4d0f-9f75-de12fa287eaa\" href=\"http:\/\/gepomay.fr\/wp-content\/uploads\/2020\/01\/R\u00e9sum\u00e9_OOCM_OPNL2019_TFerrari-converti.pdf\">R\u00e9sum\u00e9 des actions de l&rsquo;Observatoire des oiseaux c\u00f4tiers de Mayotte &#8211; 2020<\/a><a href=\"http:\/\/gepomay.fr\/wp-content\/uploads\/2020\/01\/R\u00e9sum\u00e9_OOCM_OPNL2019_TFerrari-converti.pdf\" class=\"wp-block-file__button\" download aria-describedby=\"wp-block-file--media-6109d561-a18b-4d0f-9f75-de12fa287eaa\">T\u00e9l\u00e9charger<\/a><\/div>\n\n\n\n<div class=\"wp-block-file\"><a id=\"wp-block-file--media-6bf14cfe-2ab7-4cd4-855f-15c4a0250f5d\" href=\"http:\/\/gepomay.fr\/wp-content\/uploads\/2020\/01\/Pr\u00e9sentation-du-LIFE-BIODIVu2019OM-\u00e0-lAG.pdf\">Pr\u00e9sentation du programme Life BIODIV&rsquo;OM &#8211; 2019<\/a><a href=\"http:\/\/gepomay.fr\/wp-content\/uploads\/2020\/01\/Pr\u00e9sentation-du-LIFE-BIODIVu2019OM-\u00e0-lAG.pdf\" class=\"wp-block-file__button\" download aria-describedby=\"wp-block-file--media-6bf14cfe-2ab7-4cd4-855f-15c4a0250f5d\">T\u00e9l\u00e9charger<\/a><\/div>\n\n\n\n<p><a href=\"https:\/\/gepomay.fr\/wp-content\/uploads\/2023\/05\/GEPOMAY_Plan-national-dactions-en-faveur-du-Crabier-blanc-sur-lile-de-Mayotte_2019-2023.pdf\">Plan national d&rsquo;actions en faveur du Crabier blanc sur l&rsquo;\u00eele de Mayotte &#8211; animation par le GEPOMAY_de 2019 \u00e0 2023<\/a><\/p>\n\n\n\n<div class=\"wp-block-file\"><a id=\"wp-block-file--media-4580b830-90b5-4c7e-a911-03f8d62e1ebc\" href=\"http:\/\/gepomay.fr\/wp-content\/uploads\/2019\/12\/Actualisation-de-la-liste-des-esp\u00e8ces-d\u2019oiseaux-recens\u00e9es-\u00e0-Mayotte_GEPOMAY_2019_VF.pdf\">Liste des esp\u00e8ces d&rsquo;oiseaux recens\u00e9s \u00e0 Mayotte &#8211; 2019 <\/a><a href=\"http:\/\/gepomay.fr\/wp-content\/uploads\/2019\/12\/Actualisation-de-la-liste-des-esp\u00e8ces-d\u2019oiseaux-recens\u00e9es-\u00e0-Mayotte_GEPOMAY_2019_VF.pdf\" class=\"wp-block-file__button\" download aria-describedby=\"wp-block-file--media-4580b830-90b5-4c7e-a911-03f8d62e1ebc\">T\u00e9l\u00e9charger<\/a><\/div>\n\n\n\n<div class=\"wp-block-file\"><a id=\"wp-block-file--media-03b609b5-b083-49be-b11f-207338e01afe\" href=\"http:\/\/gepomay.fr\/wp-content\/uploads\/2019\/10\/Premier-rapport-de-l\u2019\u00e9valuation-de-l\u2019impact-des-Esp\u00e8ces-Exotiques-envahissantes-sur-Ardeola-idae.pdf\">Premi\u00e8re \u00e9valuation de l\u2019impact des Esp\u00e8ces Exotiques Envahissantes sur le Crabier blanc &#8211; 2019<\/a><a href=\"http:\/\/gepomay.fr\/wp-content\/uploads\/2019\/10\/Premier-rapport-de-l\u2019\u00e9valuation-de-l\u2019impact-des-Esp\u00e8ces-Exotiques-envahissantes-sur-Ardeola-idae.pdf\" class=\"wp-block-file__button\" download aria-describedby=\"wp-block-file--media-03b609b5-b083-49be-b11f-207338e01afe\">T\u00e9l\u00e9charger<\/a><\/div>\n\n\n\n<div class=\"wp-block-file\"><a id=\"wp-block-file--media-3f504372-79ed-49d4-9b9f-9ee3ebc8f85d\" href=\"http:\/\/gepomay.fr\/wp-content\/uploads\/2019\/10\/rale_cuvier_GEPOMAY_2019.pdf\">Recensement du R\u00e2le de Cuvier &#8211; 2017\/2018<\/a><a href=\"http:\/\/gepomay.fr\/wp-content\/uploads\/2019\/10\/rale_cuvier_GEPOMAY_2019.pdf\" class=\"wp-block-file__button\" download aria-describedby=\"wp-block-file--media-3f504372-79ed-49d4-9b9f-9ee3ebc8f85d\">T\u00e9l\u00e9charger<\/a><\/div>\n\n\n\n<div class=\"wp-block-file\"><a id=\"wp-block-file--media-5c9da600-cef9-4aba-a1f8-9728adfc11b3\" href=\"http:\/\/gepomay.fr\/wp-content\/uploads\/2019\/10\/BilanOOCM20132016VFLight.pdf\">Bilan de l&rsquo;Observatoire des Oiseaux C\u00f4tiers de Mayotte &#8211; 2013\/2016<\/a><a href=\"http:\/\/gepomay.fr\/wp-content\/uploads\/2019\/10\/BilanOOCM20132016VFLight.pdf\" class=\"wp-block-file__button\" download aria-describedby=\"wp-block-file--media-5c9da600-cef9-4aba-a1f8-9728adfc11b3\">T\u00e9l\u00e9charger<\/a><\/div>\n\n\n\n<p><a href=\"https:\/\/gepomay.fr\/wp-content\/uploads\/2023\/05\/UICN_Liste-rouge_oiseaux-de-Mayotte.pdf\">UICN_Liste rouge_des esp\u00e8ces menac\u00e9es en France &#8211; oiseaux de Mayotte, mai 2014<\/a><\/p>\n","protected":false},"excerpt":{"rendered":"<p>Parce que le GEPOMAY est un groupe d&rsquo;\u00e9tudes et un acteur de l&rsquo;am\u00e9lioration des connaissances sur le territoire, vous pouvez retrouver ici des ressources, documents et rapports r\u00e9dig\u00e9s par l&rsquo;association. Les \u00e9crits sont tri\u00e9s par ordre chronologique. Efficacit\u00e9 du plan de lutte contre le Rat noir en mangrove pour la protection du Crabier blanc \u00e0 &hellip; <\/p>\n<p class=\"link-more\"><a href=\"https:\/\/gepomay.fr\/index.php\/projets\/un-peu-de-lecture\/\" class=\"more-link\">Lire la suite de<span class=\"screen-reader-text\">\u00ab\u00a0En savoir plus : nos rapports\u00a0\u00bb<\/span><\/a><\/p>\n","protected":false},"author":1,"featured_media":0,"parent":223,"menu_order":7,"comment_status":"closed","ping_status":"closed","template":"page-right-sidebar.php","meta":{"footnotes":""},"_links":{"self":[{"href":"https:\/\/gepomay.fr\/index.php\/wp-json\/wp\/v2\/pages\/582"}],"collection":[{"href":"https:\/\/gepomay.fr\/index.php\/wp-json\/wp\/v2\/pages"}],"about":[{"href":"https:\/\/gepomay.fr\/index.php\/wp-json\/wp\/v2\/types\/page"}],"author":[{"embeddable":true,"href":"https:\/\/gepomay.fr\/index.php\/wp-json\/wp\/v2\/users\/1"}],"replies":[{"embeddable":true,"href":"https:\/\/gepomay.fr\/index.php\/wp-json\/wp\/v2\/comments?post=582"}],"version-history":[{"count":20,"href":"https:\/\/gepomay.fr\/index.php\/wp-json\/wp\/v2\/pages\/582\/revisions"}],"predecessor-version":[{"id":4018,"href":"https:\/\/gepomay.fr\/index.php\/wp-json\/wp\/v2\/pages\/582\/revisions\/4018"}],"up":[{"embeddable":true,"href":"https:\/\/gepomay.fr\/index.php\/wp-json\/wp\/v2\/pages\/223"}],"wp:attachment":[{"href":"https:\/\/gepomay.fr\/index.php\/wp-json\/wp\/v2\/media?parent=582"}],"curies":[{"name":"wp","href":"https:\/\/api.w.org\/{rel}","templated":true}]}}