{"id":5643,"date":"2025-07-21T10:34:52","date_gmt":"2025-07-21T07:34:52","guid":{"rendered":"https:\/\/gepomay.fr\/?page_id=5643"},"modified":"2025-09-04T12:23:14","modified_gmt":"2025-09-04T09:23:14","slug":"gestion-du-lac-karihani","status":"publish","type":"page","link":"https:\/\/gepomay.fr\/index.php\/gestion-du-lac-karihani\/","title":{"rendered":"Gestion du Lac Karihani"},"content":{"rendered":"\t\t<div data-elementor-type=\"wp-page\" data-elementor-id=\"5643\" class=\"elementor elementor-5643\">\n\t\t\t\t<div class=\"elementor-element elementor-element-61d71b5 e-flex e-con-boxed e-con e-parent\" data-id=\"61d71b5\" data-element_type=\"container\">\n\t\t\t\t\t<div class=\"e-con-inner\">\n\t\t\t\t<div class=\"elementor-element elementor-element-9430ee0 elementor-widget elementor-widget-text-editor\" data-id=\"9430ee0\" data-element_type=\"widget\" data-widget_type=\"text-editor.default\">\n\t\t\t\t<div class=\"elementor-widget-container\">\n\t\t\t\t\t\t\t\t\t<div style=\"width: 100%; overflow: hidden; margin-bottom: 10px;\"><img decoding=\"async\" style=\"width: 100%; height: 210px; object-fit: cover; object-position: center 75%; display: block;\" src=\"https:\/\/gepomay.fr\/wp-content\/uploads\/2025\/07\/DJI_0307.jpg\" alt=\"Vue a\u00e9rienne du Lac Karihani \u2013 Cr\u00e9dit photo : Maki Production\" \/>\n<p style=\"font-size: 13px; color: #555; text-align: center; margin-top: 5px;\">Vue a\u00e9rienne du Lac Karihani \u2013 Cr\u00e9dit photo : Maki Production<\/p>\t\t\t\t\t\t\t\t<\/div>\n\t\t\t\t<\/div>\n\t\t\t\t<div class=\"elementor-element elementor-element-4b5020e elementor-widget elementor-widget-text-editor\" data-id=\"4b5020e\" data-element_type=\"widget\" data-widget_type=\"text-editor.default\">\n\t\t\t\t<div class=\"elementor-widget-container\">\n\t\t\t\t\t\t\t\t\t<p class=\"v1MsoNormal\" style=\"text-align: justify;\"><span lang=\"FR\" style=\"color: #000000;\">Le Lac Karihani, (Dziani Karihani en shimaor\u00e9) est situ\u00e9 entre les villes de Tsingoni et de Mroual\u00e9. Il est l&rsquo;unique lac d&rsquo;eau douce naturel de Mayotte. Sa localisation et la nature g\u00e9ologique de ce site en font un bassin de r\u00e9tention qui alimente \u00e0 son tour la plus grande rivi\u00e8re de Mayotte, l&rsquo;Ourouveni. Cette derni\u00e8re se jette ensuite dans la mangrove de Tsingoni. Le lac participe ainsi \u00e0 maintenir l&rsquo;\u00e9quilibre de cette zone humide.<\/span><\/p><p class=\"v1MsoNormal\" style=\"text-align: justify;\"><span lang=\"FR\" style=\"color: #000000;\">Le site couvre une superficie totale de 7 ha dont le Conservatoire du Littoral est le propri\u00e9taire depuis 2001. La gestion du site est confi\u00e9e au Bureau de Gestion des Sites (BGS) du Conseil D\u00e9partemental depuis 2006, et la d\u00e9l\u00e9gation de gestion a \u00e9t\u00e9 confi\u00e9e au GEPOMAY en juin 2023, du fait de la r\u00e9alisation par l&rsquo;association de plusieurs actions sur le site depuis 2013 :<\/span><\/p>\t\t\t\t\t\t\t\t<\/div>\n\t\t\t\t<\/div>\n\t\t\t\t<div class=\"elementor-element elementor-element-a22c627 elementor-widget elementor-widget-text-editor\" data-id=\"a22c627\" data-element_type=\"widget\" data-widget_type=\"text-editor.default\">\n\t\t\t\t<div class=\"elementor-widget-container\">\n\t\t\t\t\t\t\t\t\t\n<div style=\"border: 2px solid #b3d9ff; background-color: #e6f3ff; padding: 15px; border-radius: 8px; margin-bottom: 20px;\">\n  <h4 style=\"color: #005580; margin-top: 0; font-size: 18px;\">Suivis naturalistes<\/h4>\n  <ul style=\"margin-top: 10px;\">\n    <li>Du Crabier blanc et de l&rsquo;avifaune des zones humides<\/li>\n    <li>De l&rsquo;avifaune terrestre<\/li>\n    <li>De la reproduction des Rallid\u00e9s et des Gr\u00e8bes castagneux<\/li>\n    <li>Bioacoustique sur la ph\u00e9nologie du Crabier blanc et du Petit Duc de Mayotte (suivi exp\u00e9rimental)<\/li>\n  <\/ul>\n<\/div>\n\n<div style=\"border: 2px solid #b3d9ff; background-color: #e6f3ff; padding: 15px; border-radius: 8px; margin-bottom: 20px;\">\n  <h4 style=\"color: #005580; margin-top: 0; font-size: 18px;\">Restauration \u00e9cologique<\/h4>\n  <ul style=\"margin-top: 10px;\">\n    <li>Lutte contre les Esp\u00e8ces V\u00e9g\u00e9tales Exotiques Envahissantes (EVEE)<\/li>\n    <li>Plantation d&rsquo;esp\u00e8ces v\u00e9g\u00e9tales indig\u00e8nes<\/li>\n    <li>Surveillance et nettoyage du site<\/li>\n  <\/ul>\n<\/div>\n\n<div style=\"border: 2px solid #b3d9ff; background-color: #e6f3ff; padding: 15px; border-radius: 8px; margin-bottom: 20px;\">\n  <h4 style=\"color: #005580; margin-top: 0; font-size: 18px;\">Concertation territoriale avec les acteurs des sites<\/h4>\n  <ul style=\"margin-top: 10px;\">\n    <li>R\u00e9alisation d&rsquo;enqu\u00eates<\/li>\n    <li>Concertation avec les agriculteurs pour identifier des alternatives viables visant \u00e0 pr\u00e9server ce milieu tout en adaptant leurs pratiques agricoles, notamment par le d\u00e9veloppement de l&rsquo;agrotourisme<\/li>\n    <li>Coordination d&rsquo;Aires Terrestres \u00c9ducatives (ATE)<\/li>\n    <li>Animations \u00e0 destination des \u00e9l\u00e8ves et des adh\u00e9rent\u00b7e\u00b7s<\/li>\n    <li>\u00c9tude hydrog\u00e9ologique avec le BRGM<\/li>\n  <\/ul>\n<\/div>\n\t\t\t\t\t\t\t\t<\/div>\n\t\t\t\t<\/div>\n\t\t\t\t<div class=\"elementor-element elementor-element-fa960b1 elementor-widget elementor-widget-text-editor\" data-id=\"fa960b1\" data-element_type=\"widget\" data-widget_type=\"text-editor.default\">\n\t\t\t\t<div class=\"elementor-widget-container\">\n\t\t\t\t\t\t\t\t\t<span style=\"color: #ffffff; font-size: 6pt;\">XXX<\/span>\t\t\t\t\t\t\t\t<\/div>\n\t\t\t\t<\/div>\n\t\t\t\t<div class=\"elementor-element elementor-element-d316334 elementor-widget elementor-widget-text-editor\" data-id=\"d316334\" data-element_type=\"widget\" data-widget_type=\"text-editor.default\">\n\t\t\t\t<div class=\"elementor-widget-container\">\n\t\t\t\t\t\t\t\t\t<div style=\"display: flex; gap: 20px; flex-wrap: wrap; justify-content: center; margin-bottom: 20px;\">\n\n  <figure style=\"flex: 1; min-width: 300px; max-width: 32%; text-align: center; margin: 0; overflow: hidden; border-radius: 5px;\">\n    <img\n      src=\"https:\/\/gepomay.fr\/wp-content\/uploads\/2025\/07\/Lac-K-Cecile-Casteran-GEPOMAY.jpeg\"\n      alt=\"Lac Karihani de nuit - Cr\u00e9dit : C\u00e9cile Cast\u00e9ran - GEPOMAY\"\n      style=\"width: 100%; height: 400px; object-fit: cover; object-position: center;\"\n    \/>\n    <figcaption style=\"margin-top: 8px; font-size: 14px; color: #555;\">\n      Lac Karihani de nuit &#8211; Cr\u00e9dit : C\u00e9cile Cast\u00e9ran &#8211; GEPOMAY\n    <\/figcaption>\n  <\/figure>\n\n  <figure style=\"flex: 1; min-width: 300px; max-width: 32%; text-align: center; margin: 0; overflow: hidden; border-radius: 5px;\">\n    <img\n      src=\"https:\/\/gepomay.fr\/wp-content\/uploads\/2025\/07\/DJI_0315.jpg\"\n      alt=\"Vue drone du Lac Karihani - Cr\u00e9dit : Maki Production\"\n      style=\"width: 100%; height: 400px; object-fit: cover; object-position: center;\"\n    \/>\n    <figcaption style=\"margin-top: 8px; font-size: 14px; color: #555;\">\n      Vue drone du Lac Karihani &#8211; Cr\u00e9dit : Maki Production\n    <\/figcaption>\n  <\/figure>\n\n  <figure style=\"flex: 1; min-width: 300px; max-width: 32%; text-align: center; margin: 0; overflow: hidden; border-radius: 5px;\">\n    <img\n      src=\"https:\/\/gepomay.fr\/wp-content\/uploads\/2025\/07\/Lac-vu-drone-Eloi-Contant.jpg\"\n      alt=\"Vue drone du Lac Karihani - Cr\u00e9dit : Eloi Contant - GEPOMAY\"\n      style=\"width: 100%; height: 400px; object-fit: cover; object-position: center;\"\n    \/>\n    <figcaption style=\"margin-top: 8px; font-size: 14px; color: #555;\">\n      Vue drone du Lac Karihani &#8211; Cr\u00e9dit : Eloi Contant &#8211; GEPOMAY\n    <\/figcaption>\n  <\/figure>\n\n<\/div>\t\t\t\t\t\t\t\t<\/div>\n\t\t\t\t<\/div>\n\t\t\t\t<div class=\"elementor-element elementor-element-419e4d7 elementor-widget elementor-widget-spacer\" data-id=\"419e4d7\" data-element_type=\"widget\" data-widget_type=\"spacer.default\">\n\t\t\t\t<div class=\"elementor-widget-container\">\n\t\t\t\t\t\t\t<div class=\"elementor-spacer\">\n\t\t\t<div class=\"elementor-spacer-inner\"><\/div>\n\t\t<\/div>\n\t\t\t\t\t\t<\/div>\n\t\t\t\t<\/div>\n\t\t\t\t<div class=\"elementor-element elementor-element-37d0498 elementor-widget elementor-widget-text-editor\" data-id=\"37d0498\" data-element_type=\"widget\" data-widget_type=\"text-editor.default\">\n\t\t\t\t<div class=\"elementor-widget-container\">\n\t\t\t\t\t\t\t\t\t<div class=\"video-container\">\n  <!-- Lien pour visionner la vid\u00e9o directement sur le site -->\n  <div class=\"video-wrapper\">\n    <iframe src=\"https:\/\/player.vimeo.com\/video\/1099266857?title=0&#038;byline=0&#038;portrait=0\" \n            frameborder=\"0\" \n            allowfullscreen=\"allowfullscreen\"><\/iframe>\n  <\/div>\n\n  <!-- L\u00e9gende -->\n  <div class=\"video-caption\">\n    <strong>Documentaire \u00ab\u00a0Outre-mers, terres d&rsquo;actions\u00a0\u00bb<\/strong> r\u00e9alis\u00e9 par la Fondation Albioma. \n    <a href=\"https:\/\/vimeo.com\/1099266857\" target=\"_blank\">Cliquez ici pour retrouver la vid\u00e9o sur Vim\u00e9o<\/a>.\n    Reportage du GEPOMAY \u00e0 la minute 36.\n  <\/div>\n<\/div>\n\n<!-- Style CSS pour le rendu -->\n<style>\n  .video-container {\n    max-width: 100%; \/* Permet \u00e0 la vid\u00e9o de s'\u00e9tendre sur toute la largeur disponible *\/\n    margin: 0 auto;\n    text-align: center;\n  }\n\n  .video-wrapper {\n    position: relative;\n    padding-bottom: 56.25%; \/* Ratio 16:9 *\/\n    height: 0;\n    overflow: hidden;\n    max-width: 100%;\n    margin-bottom: 20px;\n  }\n\n  .video-wrapper iframe {\n    position: absolute;\n    top: 0;\n    left: 0;\n    width: 100%;\n    height: 100%;\n  }\n\n  .video-caption {\n    font-size: 14px;\n    color: #333;\n    margin-top: 10px;\n  }\n\n  .video-caption strong {\n    font-weight: bold;\n  }\n\n  @media (max-width: 768px) {\n    .video-caption {\n      font-size: 12px;\n    }\n  }\n\n  @media (max-width: 480px) {\n    .video-caption {\n      font-size: 10px;\n    }\n  }\n<\/style>\n\t\t\t\t\t\t\t\t<\/div>\n\t\t\t\t<\/div>\n\t\t\t\t<div class=\"elementor-element elementor-element-a9f6091 elementor-widget elementor-widget-spacer\" data-id=\"a9f6091\" data-element_type=\"widget\" data-widget_type=\"spacer.default\">\n\t\t\t\t<div class=\"elementor-widget-container\">\n\t\t\t\t\t\t\t<div class=\"elementor-spacer\">\n\t\t\t<div class=\"elementor-spacer-inner\"><\/div>\n\t\t<\/div>\n\t\t\t\t\t\t<\/div>\n\t\t\t\t<\/div>\n\t\t\t\t<div class=\"elementor-element elementor-element-f7b5862 elementor-widget elementor-widget-text-editor\" data-id=\"f7b5862\" data-element_type=\"widget\" data-widget_type=\"text-editor.default\">\n\t\t\t\t<div class=\"elementor-widget-container\">\n\t\t\t\t\t\t\t\t\t<div style=\"background-color: #f0f8ff; border-left: 6px solid #0077aa; padding: 20px; border-radius: 8px; margin-top: 40px; font-family: Arial, sans-serif;\">\n\n  <h2 style=\"color: #0077aa; font-size: 22px; margin-top: 0; margin-bottom: 15px;\">\n    \ud83d\udcda Pour aller plus loin\u2026 Consultez nos actualit\u00e9s sur le Lac Karihani :\n  <\/h2>\n\n  <ul style=\"list-style-type: '\ud83d\udc49 '; padding-left: 20px; color: #1e3f66; font-size: 16px; line-height: 1.6; margin: 0;\">\n    <li>\n      <a href=\"https:\/\/gepomay.fr\/?p=6268\" target=\"_blank\" style=\"color: #0077aa; text-decoration: none;\">\n        Matin\u00e9e de d\u00e9couverte des actions de gestion du Lac Karihani\n      <\/a>\n    <\/li>\n    <li>\n      <a href=\"https:\/\/gepomay.fr\/?p=5396\" target=\"_blank\" style=\"color: #0077aa; text-decoration: none;\">\n        Retour sur la matin\u00e9e de sensibilisation du 14 juin 2025 au Lac Karihani\n      <\/a>\n    <\/li>\n    <li>\n      <a href=\"https:\/\/gepomay.fr\/?p=4063\" target=\"_blank\" style=\"color: #0077aa; text-decoration: none;\">\n        Le GEPOMAY devient gestionnaire de deux sites naturels du Conservatoire du Littoral\n      <\/a>\n    <\/li>\n    <li>\n      <a href=\"https:\/\/gepomay.fr\/?p=5655\" target=\"_blank\" style=\"color: #0077aa; text-decoration: none;\">\n        \u00c9ducation environnementale \u00e0 Mayotte : le GEPOMAY forme les \u00e9co-citoyens de demain gr\u00e2ce aux Aires Terrestres \u00c9ducatives\n      <\/a>\n    <\/li>\n    <li>\n      <a href=\"https:\/\/gepomay.fr\/?p=3868\" target=\"_blank\" style=\"color: #0077aa; text-decoration: none;\">\n        Et le GEPOMAY comptait\u2026 Le suivi du Crabier blanc sur ses sites d&rsquo;alimentation : on vous explique\n      <\/a>\n    <\/li>\n  <\/ul>\n\n<\/div>\n\t\t\t\t\t\t\t\t<\/div>\n\t\t\t\t<\/div>\n\t\t\t\t<div class=\"elementor-element elementor-element-4307bb7 elementor-widget elementor-widget-text-editor\" data-id=\"4307bb7\" data-element_type=\"widget\" data-widget_type=\"text-editor.default\">\n\t\t\t\t<div class=\"elementor-widget-container\">\n\t\t\t\t\t\t\t\t\t<p><span style=\"color: #ffffff;\">XXX<\/span><\/p><p>\u00a0<\/p>\t\t\t\t\t\t\t\t<\/div>\n\t\t\t\t<\/div>\n\t\t\t\t\t<\/div>\n\t\t\t\t<\/div>\n\t\t<div class=\"elementor-element elementor-element-53b0e81 e-flex e-con-boxed e-con e-parent\" data-id=\"53b0e81\" data-element_type=\"container\">\n\t\t\t\t\t<div class=\"e-con-inner\">\n\t\t\t\t\t<\/div>\n\t\t\t\t<\/div>\n\t\t\t\t<\/div>\n\t\t","protected":false},"excerpt":{"rendered":"<p>Vue a\u00e9rienne du Lac Karihani \u2013 Cr\u00e9dit photo : Maki Production Le Lac Karihani, (Dziani Karihani en shimaor\u00e9) est situ\u00e9 entre les villes de Tsingoni et de Mroual\u00e9. Il est l&rsquo;unique lac d&rsquo;eau douce naturel de Mayotte. Sa localisation et la nature g\u00e9ologique de ce site en font un bassin de r\u00e9tention qui alimente \u00e0 &hellip; <\/p>\n<p class=\"link-more\"><a href=\"https:\/\/gepomay.fr\/index.php\/gestion-du-lac-karihani\/\" class=\"more-link\">Lire la suite de<span class=\"screen-reader-text\">\u00ab\u00a0Gestion du Lac Karihani\u00a0\u00bb<\/span><\/a><\/p>\n","protected":false},"author":1,"featured_media":0,"parent":0,"menu_order":0,"comment_status":"closed","ping_status":"closed","template":"","meta":{"footnotes":""},"_links":{"self":[{"href":"https:\/\/gepomay.fr\/index.php\/wp-json\/wp\/v2\/pages\/5643"}],"collection":[{"href":"https:\/\/gepomay.fr\/index.php\/wp-json\/wp\/v2\/pages"}],"about":[{"href":"https:\/\/gepomay.fr\/index.php\/wp-json\/wp\/v2\/types\/page"}],"author":[{"embeddable":true,"href":"https:\/\/gepomay.fr\/index.php\/wp-json\/wp\/v2\/users\/1"}],"replies":[{"embeddable":true,"href":"https:\/\/gepomay.fr\/index.php\/wp-json\/wp\/v2\/comments?post=5643"}],"version-history":[{"count":37,"href":"https:\/\/gepomay.fr\/index.php\/wp-json\/wp\/v2\/pages\/5643\/revisions"}],"predecessor-version":[{"id":6280,"href":"https:\/\/gepomay.fr\/index.php\/wp-json\/wp\/v2\/pages\/5643\/revisions\/6280"}],"wp:attachment":[{"href":"https:\/\/gepomay.fr\/index.php\/wp-json\/wp\/v2\/media?parent=5643"}],"curies":[{"name":"wp","href":"https:\/\/api.w.org\/{rel}","templated":true}]}}