{"id":5562,"date":"2025-07-11T17:04:27","date_gmt":"2025-07-11T14:04:27","guid":{"rendered":"https:\/\/gepomay.fr\/?page_id=5562"},"modified":"2025-07-22T12:01:08","modified_gmt":"2025-07-22T09:01:08","slug":"pole-connaissance-et-conservation-de-lherpetofaune","status":"publish","type":"page","link":"https:\/\/gepomay.fr\/index.php\/pole-connaissance-et-conservation-de-lherpetofaune\/","title":{"rendered":"P\u00f4le \u00ab\u00a0Connaissance et Conservation de l&rsquo;Herp\u00e9tofaune\u00a0\u00bb"},"content":{"rendered":"\t\t<div data-elementor-type=\"wp-page\" data-elementor-id=\"5562\" class=\"elementor elementor-5562\">\n\t\t\t\t<div class=\"elementor-element elementor-element-f962120 e-flex e-con-boxed e-con e-parent\" data-id=\"f962120\" data-element_type=\"container\">\n\t\t\t\t\t<div class=\"e-con-inner\">\n\t\t\t\t<div class=\"elementor-element elementor-element-70f2c62 elementor-widget elementor-widget-text-editor\" data-id=\"70f2c62\" data-element_type=\"widget\" data-widget_type=\"text-editor.default\">\n\t\t\t\t<div class=\"elementor-widget-container\">\n\t\t\t\t\t\t\t\t\t<p style=\"text-align: justify;\"><span style=\"color: #000000;\">Le<strong> p\u00f4le Connaissance et Conservation de l&rsquo;Herp\u00e9tofaune<\/strong>, cr\u00e9\u00e9 en 2025, se consacre \u00e0 l\u2019\u00e9tude et \u00e0 la protection des reptiles et des amphibiens terrestres de Mayotte. Ce p\u00f4le d\u00e9veloppe des recherches sp\u00e9cifiques pour mieux comprendre ces esp\u00e8ces souvent m\u00e9connues, tout en mettant en place des actions concr\u00e8tes de conservation afin de pr\u00e9server leur habitat naturel et assurer leur p\u00e9rennit\u00e9 \u00e0 l&rsquo;\u00e9chelle du territoire mahorais.\u00a0<\/span><\/p>\t\t\t\t\t\t\t\t<\/div>\n\t\t\t\t<\/div>\n\t\t\t\t<div class=\"elementor-element elementor-element-90d630b elementor-widget elementor-widget-text-editor\" data-id=\"90d630b\" data-element_type=\"widget\" data-widget_type=\"text-editor.default\">\n\t\t\t\t<div class=\"elementor-widget-container\">\n\t\t\t\t\t\t\t\t\t<div style=\"\n  width: 100%;\n  height: 250px; \/* hauteur du bandeau *\/\n  background-image: url('https:\/\/gepomay.fr\/wp-content\/uploads\/2025\/05\/P1010002-1.jpg');\n  background-size: cover;\n  background-position: center 40%; \n  background-repeat: no-repeat;\n  position: relative;\n\">\n<\/div>\n\n<!-- L\u00e9gende et cr\u00e9dit sous la photo -->\n<div style=\"text-align: center; font-family: Arial, sans-serif; margin-top: 8px; color: #333;\">\n  <div style=\"font-weight: bold; font-size: 16px;\">Cam\u00e9lon de Mayotte<\/div>\n  <div style=\"font-size: 12px; color: #555; margin-top: 2px;\">Cr\u00e9dit photo : GEPOMAY<\/div>\n<\/div>\n\t\t\t\t\t\t\t\t<\/div>\n\t\t\t\t<\/div>\n\t\t\t\t<div class=\"elementor-element elementor-element-5e2a207 elementor-widget elementor-widget-spacer\" data-id=\"5e2a207\" data-element_type=\"widget\" data-widget_type=\"spacer.default\">\n\t\t\t\t<div class=\"elementor-widget-container\">\n\t\t\t\t\t\t\t<div class=\"elementor-spacer\">\n\t\t\t<div class=\"elementor-spacer-inner\"><\/div>\n\t\t<\/div>\n\t\t\t\t\t\t<\/div>\n\t\t\t\t<\/div>\n\t\t\t\t\t<\/div>\n\t\t\t\t<\/div>\n\t\t\t\t<\/div>\n\t\t","protected":false},"excerpt":{"rendered":"<p>Le p\u00f4le Connaissance et Conservation de l&rsquo;Herp\u00e9tofaune, cr\u00e9\u00e9 en 2025, se consacre \u00e0 l\u2019\u00e9tude et \u00e0 la protection des reptiles et des amphibiens terrestres de Mayotte. Ce p\u00f4le d\u00e9veloppe des recherches sp\u00e9cifiques pour mieux comprendre ces esp\u00e8ces souvent m\u00e9connues, tout en mettant en place des actions concr\u00e8tes de conservation afin de pr\u00e9server leur habitat naturel &hellip; <\/p>\n<p class=\"link-more\"><a href=\"https:\/\/gepomay.fr\/index.php\/pole-connaissance-et-conservation-de-lherpetofaune\/\" class=\"more-link\">Lire la suite de<span class=\"screen-reader-text\">\u00ab\u00a0P\u00f4le \u00ab\u00a0Connaissance et Conservation de l&rsquo;Herp\u00e9tofaune\u00a0\u00bb\u00a0\u00bb<\/span><\/a><\/p>\n","protected":false},"author":1,"featured_media":0,"parent":0,"menu_order":0,"comment_status":"closed","ping_status":"closed","template":"","meta":{"footnotes":""},"_links":{"self":[{"href":"https:\/\/gepomay.fr\/index.php\/wp-json\/wp\/v2\/pages\/5562"}],"collection":[{"href":"https:\/\/gepomay.fr\/index.php\/wp-json\/wp\/v2\/pages"}],"about":[{"href":"https:\/\/gepomay.fr\/index.php\/wp-json\/wp\/v2\/types\/page"}],"author":[{"embeddable":true,"href":"https:\/\/gepomay.fr\/index.php\/wp-json\/wp\/v2\/users\/1"}],"replies":[{"embeddable":true,"href":"https:\/\/gepomay.fr\/index.php\/wp-json\/wp\/v2\/comments?post=5562"}],"version-history":[{"count":13,"href":"https:\/\/gepomay.fr\/index.php\/wp-json\/wp\/v2\/pages\/5562\/revisions"}],"predecessor-version":[{"id":5871,"href":"https:\/\/gepomay.fr\/index.php\/wp-json\/wp\/v2\/pages\/5562\/revisions\/5871"}],"wp:attachment":[{"href":"https:\/\/gepomay.fr\/index.php\/wp-json\/wp\/v2\/media?parent=5562"}],"curies":[{"name":"wp","href":"https:\/\/api.w.org\/{rel}","templated":true}]}}