{"id":5538,"date":"2025-07-11T16:04:00","date_gmt":"2025-07-11T13:04:00","guid":{"rendered":"https:\/\/gepomay.fr\/?page_id=5538"},"modified":"2026-03-10T16:46:05","modified_gmt":"2026-03-10T13:46:05","slug":"pole-animation","status":"publish","type":"page","link":"https:\/\/gepomay.fr\/index.php\/pole-animation\/","title":{"rendered":"P\u00f4le Mobilisation citoyenne"},"content":{"rendered":"\t\t<div data-elementor-type=\"wp-page\" data-elementor-id=\"5538\" class=\"elementor elementor-5538\">\n\t\t\t\t<div class=\"elementor-element elementor-element-d1e9330 e-flex e-con-boxed e-con e-parent\" data-id=\"d1e9330\" data-element_type=\"container\">\n\t\t\t\t\t<div class=\"e-con-inner\">\n\t\t\t\t<div class=\"elementor-element elementor-element-42fc807 elementor-widget elementor-widget-text-editor\" data-id=\"42fc807\" data-element_type=\"widget\" data-widget_type=\"text-editor.default\">\n\t\t\t\t<div class=\"elementor-widget-container\">\n\t\t\t\t\t\t\t\t\t<p style=\"text-align: justify;\"><span style=\"color: #000000;\">L\u2019une des missions centrales du GEPOMAY est la sensibilisation du grand public \u00e0 la richesse et \u00e0 la pr\u00e9servation de la biodiversit\u00e9 mahoraise.<\/span><\/p><p><span style=\"color: #000000;\">Le p\u00f4le Mobilisation citoyenne d\u00e9veloppe et met ainsi en \u0153uvre des actions p\u00e9dagogiques \u00e0 destination de diff\u00e9rents publics : \u00e9tablissements scolaires, entreprises, adh\u00e9rents ou aupr\u00e8s du grand public.<\/span><\/p><div style=\"line-height: 1.6; background-color: #ffffff; font-size: 13pt; font-family: Roboto, sans-serif; color: #000000;\"><div style=\"background-color: #e6f2fa; padding: 20px; margin-bottom: 20px; border-radius: 8px;\"><h4 style=\"margin-top: 0;\">\ud83c\udf3f Animations scolaires<\/h4><p style=\"text-align: justify;\">Chaque ann\u00e9e, le GEPOMAY intervient dans de nombreux \u00e9tablissements scolaires de Mayotte, du\u00a0<strong>premier au second degr\u00e9<\/strong>, pour proposer des animations adapt\u00e9es aux niveaux et attentes p\u00e9dagogiques des enseignants. Les interventions sont construites sur mesure, en fonction de la th\u00e9matique choisie, et visent \u00e0 favoriser une meilleure compr\u00e9hension des enjeux environnementaux locaux.<\/p><p>Parmi les th\u00e9matiques les plus fr\u00e9quemment abord\u00e9es :<\/p><ul><li>Les oiseaux de Mayotte et leur r\u00f4le dans l\u2019\u00e9cosyst\u00e8me<\/li><li>La d\u00e9couverte et la pr\u00e9servation des zones humides<\/li><li>La biodiversit\u00e9 locale et ses menaces<\/li><li>La gestion de l\u2019eau et des d\u00e9chets<\/li><\/ul><p style=\"text-align: justify;\">Ces animations peuvent \u00e9galement s\u2019int\u00e9grer dans le cadre de projets \u00e9ducatifs pluriannuels ou d\u2019actions sp\u00e9cifiques comme les <strong>Aires Terrestres \u00c9ducatives (ATE) <\/strong>ou le<b>\u00a0<a href=\"https:\/\/gepomay.fr\/index.php\/projets\/refuges-pour-la-biodiversite\/\" target=\"_blank\" rel=\"noopener\">Programme \u00ab\u00a0May&rsquo;Refuges LPO\u00a0\u00bb<\/a><\/b>.<\/p><div style=\"text-align: center; margin-top: 20px;\"><a style=\"display: inline-block; padding: 10px 20px; background-color: #7caacb; color: white; font-size: 16px; font-weight: bold; border-radius: 8px; text-decoration: none; transition: background-color 0.3s;\" href=\"https:\/\/gepomay.fr\/wp-content\/uploads\/2025\/06\/Catalogue-GEPOMAY-2024-2025_compressed.pdf\" target=\"_blank\" rel=\"noopener\"><br \/>\ud83d\udc49 Consultez le catalogue des animations en milieu scolaire<br \/><\/a><\/div><\/div><p><!-- ATE --><\/p><div style=\"background-color: #e6f2fa; padding: 20px; margin-bottom: 20px; border-radius: 8px;\"><h4 style=\"margin-top: 0;\">\ud83d\udcd8 Les Aires Terrestres \u00c9ducatives (ATE)<\/h4><p style=\"text-align: justify;\">Les ATE sont des projets d\u2019\u00e9ducation \u00e0 l\u2019environnement initi\u00e9s par l\u2019OFB,\u00a0qui permettent \u00e0 des \u00e9l\u00e8ves de g\u00e9rer de mani\u00e8re participative un petit espace naturel \u00e0 proximit\u00e9 de leur \u00e9cole.\u00a0Le GEPOMAY accompagne plusieurs \u00e9tablissements dans ce dispositif, en les soutenant sur les volets \u00e9cologiques, p\u00e9dagogiques et m\u00e9thodologiques.\u00a0Les \u00e9l\u00e8ves deviennent ainsi <strong>acteurs de la gestion d\u2019un milieu naturel<\/strong>.<\/p><\/div><p><!-- Sorties adh\u00e9rents --><\/p><div style=\"background-color: #e6f2fa; padding: 20px; margin-bottom: 20px; border-radius: 8px;\"><h4 style=\"margin-top: 0;\">\ud83d\udc6b Sorties pour les adh\u00e9rents<\/h4><p style=\"text-align: justify;\">Le GEPOMAY organise r\u00e9guli\u00e8rement des <strong>sorties naturalistes \u00e0 destination de ses adh\u00e9rent.e.s<\/strong>.<br \/>Ces sorties sont l\u2019occasion d\u2019observer la faune et la flore locales, de d\u00e9couvrir les actions de conservation en cours, et de partager des savoirs en lien avec la biodiversit\u00e9 de Mayotte.<\/p><div style=\"text-align: center; margin-top: 20px;\"><a style=\"display: inline-block; padding: 10px 20px; background-color: #7caacb; color: white; font-size: 16px; font-weight: bold; border-radius: 8px; text-decoration: none; transition: background-color 0.3s;\" href=\"https:\/\/gepomay.fr\/index.php\/test\/programme-dactivite\/\" target=\"_blank\" rel=\"noopener\"><br \/>\ud83d\udc49 Consultez le programme des sorties naturalistes<br \/><\/a><\/div><\/div><\/div><p><!-- Animations en entreprise --><\/p><div style=\"background-color: #e6f2fa; padding: 20px; margin-bottom: 20px; border-radius: 8px;\"><h4 style=\"margin-top: 0;\">\ud83c\udfe2 Animations en entreprise<\/h4><p style=\"text-align: justify;\"><span style=\"color: #000000;\">Dans une d\u00e9marche de <strong>responsabilit\u00e9 soci\u00e9tale des entreprises (RSE)<\/strong>, le p\u00f4le animation propose \u00e9galement des interventions et ateliers en entreprise. Ces animations permettent de sensibiliser les salari\u00e9s aux enjeux de pr\u00e9servation de l\u2019environnement, en lien avec leur territoire.\u00a0<\/span><\/p><\/div>\t\t\t\t\t\t\t\t<\/div>\n\t\t\t\t<\/div>\n\t\t\t\t<div class=\"elementor-element elementor-element-c6b1a66 elementor-widget elementor-widget-text-editor\" data-id=\"c6b1a66\" data-element_type=\"widget\" data-widget_type=\"text-editor.default\">\n\t\t\t\t<div class=\"elementor-widget-container\">\n\t\t\t\t\t\t\t\t\t<div style=\"font-family: Arial, sans-serif; text-align: center;\">\n  <span style=\"color: #333333; font-size: 1em; font-weight: normal;\">Contactez-nous :<\/span>\n  <a style=\"display: inline-block; margin-left: 10px; padding: 10px 20px; background-color: #8de3d7; color: #000000; border-radius: 5px; font-weight: bold; text-decoration: none;\" href=\"mailto:animation@gepomay.fr\">\n    animation@gepomay.fr\n  <\/a>\n<\/div>\n\t\t\t\t\t\t\t\t<\/div>\n\t\t\t\t<\/div>\n\t\t\t\t<div class=\"elementor-element elementor-element-0899276 elementor-widget elementor-widget-text-editor\" data-id=\"0899276\" data-element_type=\"widget\" data-widget_type=\"text-editor.default\">\n\t\t\t\t<div class=\"elementor-widget-container\">\n\t\t\t\t\t\t\t\t\t<style>\n  .photo-grid {\n    display: flex;\n    flex-wrap: wrap;\n    gap: 16px;\n    margin-top: 20px;\n    width: 100%;\n  }\n\n  .photo-item {\n    flex: 1 1 calc(33.333% - 16px);\n    display: flex;\n    flex-direction: column;\n    align-items: center;\n  }\n\n  .photo-item img {\n    width: 100%;\n    height: 260px;\n    object-fit: cover;\n    border-radius: 6px;\n  }\n\n  .caption {\n    font-size: 14px;\n    color: #333;\n    text-align: center;\n    margin-top: 8px;\n    line-height: 1.4;\n  }\n\n  @media (max-width: 900px) {\n    .photo-item {\n      flex: 1 1 calc(50% - 16px);\n    }\n  }\n\n  @media (max-width: 600px) {\n    .photo-item {\n      flex: 1 1 100%;\n    }\n  }\n<\/style>\n\n<div class=\"photo-grid\">\n  <div class=\"photo-item\">\n    <img decoding=\"async\" src=\"https:\/\/gepomay.fr\/wp-content\/uploads\/2025\/07\/image00001.jpeg\" alt=\"Sortie ornithologique\" \/>\n    <div class=\"caption\">Sortie ornithologique avec les adh\u00e9rent\u00b7e\u00b7s<br><em>Cr\u00e9dit : GEPOMAY<\/em><\/div>\n  <\/div>\n  <div class=\"photo-item\">\n    <img decoding=\"async\" src=\"https:\/\/gepomay.fr\/wp-content\/uploads\/2025\/07\/Capture-decran-2025-05-20-141409.png\" alt=\"Animation scolaire\" \/>\n    <div class=\"caption\">Animation aupr\u00e8s de scolaires<br><em>Cr\u00e9dit : GEPOMAY<\/em><\/div>\n  <\/div>\n  <div class=\"photo-item\">\n    <img decoding=\"async\" src=\"https:\/\/gepomay.fr\/wp-content\/uploads\/2023\/03\/Nadjima-1-scaled.jpg\" alt=\"Animation ATE\" \/>\n    <div class=\"caption\">Animation dans le cadre des ATE<br><em>Cr\u00e9dit : GEPOMAY<\/em><\/div>\n  <\/div>\n<\/div>\n\t\t\t\t\t\t\t\t<\/div>\n\t\t\t\t<\/div>\n\t\t\t\t<div class=\"elementor-element elementor-element-4849347 elementor-widget elementor-widget-spacer\" data-id=\"4849347\" data-element_type=\"widget\" data-widget_type=\"spacer.default\">\n\t\t\t\t<div class=\"elementor-widget-container\">\n\t\t\t\t\t\t\t<div class=\"elementor-spacer\">\n\t\t\t<div class=\"elementor-spacer-inner\"><\/div>\n\t\t<\/div>\n\t\t\t\t\t\t<\/div>\n\t\t\t\t<\/div>\n\t\t\t\t\t<\/div>\n\t\t\t\t<\/div>\n\t\t\t\t<\/div>\n\t\t","protected":false},"excerpt":{"rendered":"<p>L\u2019une des missions centrales du GEPOMAY est la sensibilisation du grand public \u00e0 la richesse et \u00e0 la pr\u00e9servation de la biodiversit\u00e9 mahoraise. Le p\u00f4le Mobilisation citoyenne d\u00e9veloppe et met ainsi en \u0153uvre des actions p\u00e9dagogiques \u00e0 destination de diff\u00e9rents publics : \u00e9tablissements scolaires, entreprises, adh\u00e9rents ou aupr\u00e8s du grand public. \ud83c\udf3f Animations scolaires Chaque &hellip; <\/p>\n<p class=\"link-more\"><a href=\"https:\/\/gepomay.fr\/index.php\/pole-animation\/\" class=\"more-link\">Lire la suite de<span class=\"screen-reader-text\">\u00ab\u00a0P\u00f4le Mobilisation citoyenne\u00a0\u00bb<\/span><\/a><\/p>\n","protected":false},"author":1,"featured_media":0,"parent":0,"menu_order":0,"comment_status":"closed","ping_status":"closed","template":"","meta":{"footnotes":""},"_links":{"self":[{"href":"https:\/\/gepomay.fr\/index.php\/wp-json\/wp\/v2\/pages\/5538"}],"collection":[{"href":"https:\/\/gepomay.fr\/index.php\/wp-json\/wp\/v2\/pages"}],"about":[{"href":"https:\/\/gepomay.fr\/index.php\/wp-json\/wp\/v2\/types\/page"}],"author":[{"embeddable":true,"href":"https:\/\/gepomay.fr\/index.php\/wp-json\/wp\/v2\/users\/1"}],"replies":[{"embeddable":true,"href":"https:\/\/gepomay.fr\/index.php\/wp-json\/wp\/v2\/comments?post=5538"}],"version-history":[{"count":16,"href":"https:\/\/gepomay.fr\/index.php\/wp-json\/wp\/v2\/pages\/5538\/revisions"}],"predecessor-version":[{"id":6605,"href":"https:\/\/gepomay.fr\/index.php\/wp-json\/wp\/v2\/pages\/5538\/revisions\/6605"}],"wp:attachment":[{"href":"https:\/\/gepomay.fr\/index.php\/wp-json\/wp\/v2\/media?parent=5538"}],"curies":[{"name":"wp","href":"https:\/\/api.w.org\/{rel}","templated":true}]}}