{"id":5430,"date":"2025-07-11T09:53:55","date_gmt":"2025-07-11T06:53:55","guid":{"rendered":"https:\/\/gepomay.fr\/?page_id=5430"},"modified":"2025-07-22T11:06:29","modified_gmt":"2025-07-22T08:06:29","slug":"elementor-5430","status":"publish","type":"page","link":"https:\/\/gepomay.fr\/index.php\/elementor-5430\/","title":{"rendered":"P\u00f4le \u00ab\u202fConnaissance et Conservation de l\u2019Avifaune\u202f\u00bb"},"content":{"rendered":"\t\t<div data-elementor-type=\"wp-page\" data-elementor-id=\"5430\" class=\"elementor elementor-5430\">\n\t\t\t\t<div class=\"elementor-element elementor-element-ed27b78 e-flex e-con-boxed e-con e-parent\" data-id=\"ed27b78\" data-element_type=\"container\">\n\t\t\t\t\t<div class=\"e-con-inner\">\n\t\t\t\t<div class=\"elementor-element elementor-element-5e027ba elementor-widget elementor-widget-text-editor\" data-id=\"5e027ba\" data-element_type=\"widget\" data-widget_type=\"text-editor.default\">\n\t\t\t\t<div class=\"elementor-widget-container\">\n\t\t\t\t\t\t\t\t\t<div style=\"width: 100%; overflow: hidden; margin-bottom: 10px;\">\n\n<img decoding=\"async\" style=\"width: 100%; height: 210px; object-fit: cover; object-position: center 30%; display: block;\" src=\"https:\/\/gepomay.fr\/wp-content\/uploads\/2023\/11\/Yannick-Stephan-9-scaled.jpg\" alt=\"Cr\u00e9dit : Yannick St\u00e9phan\" \/>\n<p style=\"font-size: 13px; color: #555; text-align: center; margin-top: 5px;\">Cr\u00e9dit photo : Yannick St\u00e9phan<\/p>\n\n<\/div>\t\t\t\t\t\t\t\t<\/div>\n\t\t\t\t<\/div>\n\t\t\t\t<div class=\"elementor-element elementor-element-f15a0be elementor-widget elementor-widget-text-editor\" data-id=\"f15a0be\" data-element_type=\"widget\" data-widget_type=\"text-editor.default\">\n\t\t\t\t<div class=\"elementor-widget-container\">\n\t\t\t\t\t\t\t\t\t<h3><span style=\"font-family: Roboto, sans-serif; font-weight: 400; font-size: 18px;\">Le p\u00f4le \u00ab <\/span><b style=\"font-family: Roboto, sans-serif; font-size: 18px;\">Connaissance et Conservation de l\u2019Avifaune<\/b><span style=\"font-family: Roboto, sans-serif; font-weight: 400; font-size: 18px;\"> \u00bb conduit une dizaine de projets dont :\u00a0<\/span><\/h3><ul><li style=\"list-style-type: none;\"><ul><li style=\"list-style-type: none;\"><ul style=\"list-style-type: disc;\"><li><span style=\"color: #000000;\">L&rsquo;<a href=\"http:\/\/gepomay.fr\/index.php\/projets\/oocm\/\" target=\"_blank\" rel=\"noopener\"><b>Observatoire des Oiseaux C\u00f4tiers de Mayotte\u00a0<\/b><\/a>: a pour\u00a0<\/span><span style=\"color: #000000;\">objectif de suivre l\u2019\u00e9volution des populations d\u2019oiseaux c\u00f4tiers et marins sur le long terme, en partenariat avec le Parc naturel marin.<\/span><\/li><li><span style=\"color: #000000;\">Le\u00a0<\/span><a href=\"https:\/\/gepomay.fr\/index.php\/projets\/science-participative\/\" target=\"_blank\" rel=\"noopener\"><b>projet Oiseaux des For\u00eats de Mayotte<\/b><\/a>\u00a0<span style=\"color: #000000;\">(ODFM) : n\u00e9 en 2022, ce projet a pour objectif de conna\u00eetre les habitats prioritaires \u00e0 pr\u00e9server en for\u00eat notamment les habitats favorables aux oiseaux patrimoniaux et menac\u00e9s.<\/span><\/li><li><span style=\"color: #000000;\">le suivi de l&rsquo;avifaune des zones humides\u00a0<\/span><\/li><li><span style=\"color: #000000;\">la lutte contre le Rat noir sur les sites de reproduction du Crabier blanc : la pr\u00e9servation du\u00a0Crabier blanc (<i>Ardeola idae<\/i>), esp\u00e8ce class\u00e9e en \u00ab\u00a0danger critique d&rsquo;extinction\u00a0\u00bb au niveau national par l&rsquo;UICN, repose sur un plan national d\u2019actions (PNA), incluant lutte contre le rat noir, balisage GPS, photo\u2011comptages par drone et suivi de ses sites de reproduction.<\/span><\/li><li><span style=\"color: #000000;\">l\u2019\u00e9tude bioacoustique du Petit-duc de Mayotte<\/span><\/li><li><span style=\"color: #000000;\">le\u00a0<\/span><a href=\"https:\/\/gepomay.fr\/index.php\/projets\/stoc-udunga-nyunyi\/\" target=\"_blank\" rel=\"noopener\"><b>Suivi Temporel des Oiseaux Communs<\/b><\/a><span style=\"color: #000000;\">\u00a0(STOC) : programme de sciences participatives auquel vous pouvez participer aux c\u00f4t\u00e9s du GEPOMAY.\u00a0<\/span><\/li><li><span style=\"color: #000000;\">le\u00a0<\/span><a href=\"https:\/\/gepomay.fr\/index.php\/projets\/enrm\/\" target=\"_blank\" rel=\"noopener\"><b>suivi des Esp\u00e8ces Nicheuses Rares et Menac\u00e9es<\/b><\/a>\u00a0<span style=\"color: #000000;\">(ENRM) : depuis 2013, le GEPOMAY surveille trois ENRM \u00e0 Mayotte, le Fauche p\u00e8lerin (<i>Falco peregrinus<\/i>), le H\u00e9ron de Humblot (<i>Ardea humbloti<\/i>) et le R\u00e2le de Cuvier (<i>Dryolimnas cuvieri<\/i>).<\/span><\/li><li><span style=\"color: #000000;\">les Atlas de Biodiversit\u00e9 Intercommunaux<\/span>\u00a0<\/li><\/ul><\/li><\/ul><\/li><\/ul><p style=\"box-sizing: border-box; margin: 0px 0px 20px; padding: 0px; overflow-wrap: break-word; color: #7a7a7a; font-family: Roboto, sans-serif; font-size: 18px; font-style: normal; font-variant-ligatures: normal; font-variant-caps: normal; font-weight: 400; letter-spacing: normal; orphans: 2; text-align: start; text-indent: 0px; text-transform: none; widows: 2; word-spacing: 0px; -webkit-text-stroke-width: 0px; white-space: normal; background-color: #ffffff;\"><span style=\"color: #000000;\">De plus, en tant que gestionnaire de la\u00a0<strong style=\"box-sizing: border-box; font-weight: bold;\">base de donn\u00e9es interne<\/strong>\u00a0de l\u2019association et coordinateur de la plateforme<\/span>\u00a0<a style=\"box-sizing: border-box; color: #0bb4aa; text-decoration: none; background-color: transparent; transition: color 0.1s ease-in; box-shadow: none; text-underline-offset: 0.125em;\" href=\"https:\/\/gepomay.fr\/index.php\/benevoles\/faune-mayotte\/\"><strong style=\"box-sizing: border-box; font-weight: bold;\">Faune\u2011Mayotte<\/strong><\/a><span style=\"color: #000000;\">, le p\u00f4le facilite la collecte et l\u2019analyse des observations naturalistes, en s\u2019appuyant sur une communaut\u00e9 d\u2019observateurs et d\u2019outils de science participative.<\/span><\/p>\t\t\t\t\t\t\t\t<\/div>\n\t\t\t\t<\/div>\n\t\t\t\t<div class=\"elementor-element elementor-element-5de9278 elementor-widget elementor-widget-spacer\" data-id=\"5de9278\" data-element_type=\"widget\" data-widget_type=\"spacer.default\">\n\t\t\t\t<div class=\"elementor-widget-container\">\n\t\t\t\t\t\t\t<div class=\"elementor-spacer\">\n\t\t\t<div class=\"elementor-spacer-inner\"><\/div>\n\t\t<\/div>\n\t\t\t\t\t\t<\/div>\n\t\t\t\t<\/div>\n\t\t\t\t\t<\/div>\n\t\t\t\t<\/div>\n\t\t\t\t<\/div>\n\t\t","protected":false},"excerpt":{"rendered":"<p>Cr\u00e9dit photo : Yannick St\u00e9phan Le p\u00f4le \u00ab Connaissance et Conservation de l\u2019Avifaune \u00bb conduit une dizaine de projets dont :\u00a0 L&rsquo;Observatoire des Oiseaux C\u00f4tiers de Mayotte\u00a0: a pour\u00a0objectif de suivre l\u2019\u00e9volution des populations d\u2019oiseaux c\u00f4tiers et marins sur le long terme, en partenariat avec le Parc naturel marin. Le\u00a0projet Oiseaux des For\u00eats de Mayotte\u00a0(ODFM) &hellip; <\/p>\n<p class=\"link-more\"><a href=\"https:\/\/gepomay.fr\/index.php\/elementor-5430\/\" class=\"more-link\">Lire la suite de<span class=\"screen-reader-text\">\u00ab\u00a0P\u00f4le \u00ab\u202fConnaissance et Conservation de l\u2019Avifaune\u202f\u00bb\u00a0\u00bb<\/span><\/a><\/p>\n","protected":false},"author":1,"featured_media":0,"parent":0,"menu_order":0,"comment_status":"closed","ping_status":"closed","template":"","meta":{"footnotes":""},"_links":{"self":[{"href":"https:\/\/gepomay.fr\/index.php\/wp-json\/wp\/v2\/pages\/5430"}],"collection":[{"href":"https:\/\/gepomay.fr\/index.php\/wp-json\/wp\/v2\/pages"}],"about":[{"href":"https:\/\/gepomay.fr\/index.php\/wp-json\/wp\/v2\/types\/page"}],"author":[{"embeddable":true,"href":"https:\/\/gepomay.fr\/index.php\/wp-json\/wp\/v2\/users\/1"}],"replies":[{"embeddable":true,"href":"https:\/\/gepomay.fr\/index.php\/wp-json\/wp\/v2\/comments?post=5430"}],"version-history":[{"count":23,"href":"https:\/\/gepomay.fr\/index.php\/wp-json\/wp\/v2\/pages\/5430\/revisions"}],"predecessor-version":[{"id":5976,"href":"https:\/\/gepomay.fr\/index.php\/wp-json\/wp\/v2\/pages\/5430\/revisions\/5976"}],"wp:attachment":[{"href":"https:\/\/gepomay.fr\/index.php\/wp-json\/wp\/v2\/media?parent=5430"}],"curies":[{"name":"wp","href":"https:\/\/api.w.org\/{rel}","templated":true}]}}