{"id":5067,"date":"2025-03-19T18:13:05","date_gmt":"2025-03-19T15:13:05","guid":{"rendered":"https:\/\/gepomay.fr\/?page_id=5067"},"modified":"2026-01-22T13:14:34","modified_gmt":"2026-01-22T10:14:34","slug":"nos-publications-scientifiques","status":"publish","type":"page","link":"https:\/\/gepomay.fr\/index.php\/nos-publications-scientifiques\/","title":{"rendered":"Nos publications scientifiques"},"content":{"rendered":"\t\t<div data-elementor-type=\"wp-page\" data-elementor-id=\"5067\" class=\"elementor elementor-5067\">\n\t\t\t\t<div class=\"elementor-element elementor-element-607c4b5 e-flex e-con-boxed e-con e-parent\" data-id=\"607c4b5\" data-element_type=\"container\">\n\t\t\t\t\t<div class=\"e-con-inner\">\n\t\t\t\t<div class=\"elementor-element elementor-element-3b7be10 elementor-widget elementor-widget-text-editor\" data-id=\"3b7be10\" data-element_type=\"widget\" data-widget_type=\"text-editor.default\">\n\t\t\t\t<div class=\"elementor-widget-container\">\n\t\t\t\t\t\t\t\t\t<p><span style=\"color: #333333; font-size: 14pt;\">Parce que le GEPOMAY est un <strong>groupe d\u2019\u00e9tudes<\/strong> et un <strong>acteur de l\u2019am\u00e9lioration des connaissances sur le territoire mahorais<\/strong>, vous pouvez retrouver ici des ressources, documents et rapports r\u00e9dig\u00e9s par l\u2019association. Consultez nos rapports pour d\u00e9couvrir les observations, les r\u00e9sultats ainsi que les m\u00e9thodologies de nos projets<\/span><span style=\"color: #333333; font-size: 14pt;\">. Les \u00e9crits sont tri\u00e9s par ordre chronologique.<\/span><\/p>\t\t\t\t\t\t\t\t<\/div>\n\t\t\t\t<\/div>\n\t\t\t\t<div class=\"elementor-element elementor-element-92a2ec9 elementor-widget elementor-widget-heading\" data-id=\"92a2ec9\" data-element_type=\"widget\" data-widget_type=\"heading.default\">\n\t\t\t\t<div class=\"elementor-widget-container\">\n\t\t\t\t\t<h2 class=\"elementor-heading-title elementor-size-default\"><div>\n    <h2><span><strong>Suivi et protection du Crabier blanc<\/strong><\/span><\/h2><\/h2>\t\t\t\t<\/div>\n\t\t\t\t<\/div>\n\t\t\t\t\t<\/div>\n\t\t\t\t<\/div>\n\t\t<div class=\"elementor-element elementor-element-f6592f5 e-flex e-con-boxed e-con e-parent\" data-id=\"f6592f5\" data-element_type=\"container\">\n\t\t\t\t\t<div class=\"e-con-inner\">\n\t\t\t\t<div class=\"elementor-element elementor-element-06d7e6b elementor-widget elementor-widget-text-editor\" data-id=\"06d7e6b\" data-element_type=\"widget\" data-widget_type=\"text-editor.default\">\n\t\t\t\t<div class=\"elementor-widget-container\">\n\t\t\t\t\t\t\t\t\t<p><a href=\"https:\/\/gepomay.fr\/wp-content\/uploads\/2025\/10\/Guide-Inclusion-de-la-biodiversite-dans-les-projets-de-reconstruction-2_compressed.pdf\"><span class=\"a_GcMg font-feature-liga-off font-feature-clig-off font-feature-calt-off text-decoration-none text-strikethrough-none\">Guide pour accueillir la biodiversit\u00e9 de proximit\u00e9 au c\u0153ur des projets de (re)construction de Mayotte &#8211; \u00c0 destination des constructeurs, architectes, urbanistes, am\u00e9nageurs du territoire et collectivit\u00e9s territoriales \u2013 pour une reconstruction et une urbanisation plus r\u00e9siliente, fonctionnelle et favorable au vivant. Septembre 2025<\/span><\/a><\/p><p><a href=\"https:\/\/gepomay.fr\/wp-content\/uploads\/2025\/05\/Fondation-de-France-Likoli-Dago-V1-web2_compressed.pdf\">Regards crois\u00e9s sur les impacts du cyclone Chido \u00e0 Mayotte : Analyses et propositions (Constructions, Habitat informel, For\u00eats, Agriculture, Biodiversit\u00e9) &#8211; Fondation de France, Likoli Dago, GEPOMAY, Cultures Permanentes, DroneGo, Harappa, JBA, Radis &#8211; avril 2025<\/a><\/p><p><span style=\"font-family: helvetica, arial, sans-serif;\"><a href=\"https:\/\/gepomay.fr\/wp-content\/uploads\/2023\/05\/GEPOMAY_Nathan-Cazelles_Efficacite-du-plan-de-lutte-contre-le-Rat-noir-en-mangrove-pour-la-protection-du-Crabier-blanc-a-Mayotte.pdf\">Efficacit\u00e9 du plan de lutte contre le Rat noir en mangrove pour la protection du Crabier blanc \u00e0 Mayotte \u2013 Nathan Cazelles, GEPOMAY 2022<\/a><\/span><\/p><p><span style=\"font-family: helvetica, arial, sans-serif;\"><a href=\"https:\/\/gepomay.fr\/wp-content\/uploads\/2023\/05\/GEPOMAY_Laurie-Gaillard_Suivi-de-la-population-nicheuse-de-Crabiers-blancs-a-Mayotte-developpement-dun-indicateur-de-tendance.pdf\">Suivi de la population nicheuse de Crabiers blancs \u00e0 Mayotte \u2013 d\u00e9veloppement d\u2019un indicateur de tendance \u2013 Laurie Gaillard, GEPOMAY 2022<\/a><\/span><\/p><p><span style=\"font-family: helvetica, arial, sans-serif;\"><a style=\"box-sizing: inherit; text-decoration-line: underline; background-color: #ffffff;\" href=\"https:\/\/gepomay.fr\/wp-content\/uploads\/2023\/05\/GEPOMAY_Almodis-Vadier_rythme-dactivite-journalier-des-Crabiers-blancs-et-detectabilite-des-nids-sur-les-colonies-de-reproduction-a-Mayotte-quelles-preconisations-pour-un-suivi-a-long-terme.pdf\">Rythme d\u2019activit\u00e9 journalier des Crabiers blancs et d\u00e9tectabilit\u00e9 des nids sur les colonies de reproduction \u00e0 Mayotte \u2013 quelles pr\u00e9conisations pour un suivi \u00e0 long terme \u2013 Almodis Vadier, GEPOMAY 2021<\/a><\/span><\/p><p><span style=\"font-family: helvetica, arial, sans-serif;\"><a href=\"https:\/\/gepomay.fr\/wp-content\/uploads\/2020\/06\/Rabarisoa-et-al_Waterbirds431_pp45-54.pdf\">Status assessment and population trends of the Madagascar Pond-Heron (<em>Ardeola idae<\/em>) from 1993-2016 \u2013 2020<\/a><\/span><\/p><p><span style=\"font-family: helvetica, arial, sans-serif;\"><a style=\"box-sizing: inherit; text-decoration-line: underline; background-color: #ffffff;\" href=\"https:\/\/gepomay.fr\/wp-content\/uploads\/2023\/05\/GEPOMAY_Plan-national-dactions-en-faveur-du-Crabier-blanc-sur-lile-de-Mayotte_2019-2023.pdf\">Plan national d\u2019actions en faveur du Crabier blanc sur l\u2019\u00eele de Mayotte \u2013 animation par le GEPOMAY_de 2019 \u00e0 2023<\/a><\/span><\/p><p><span style=\"font-family: helvetica, arial, sans-serif;\"><a id=\"wp-block-file--media-6bf14cfe-2ab7-4cd4-855f-15c4a0250f5d\" href=\"https:\/\/gepomay.fr\/wp-content\/uploads\/2020\/01\/Pr%C3%A9sentation-du-LIFE-BIODIVu2019OM-%C3%A0-lAG.pdf\">Pr\u00e9sentation du programme Life BIODIV\u2019OM \u2013 2019<\/a><\/span><\/p><p><span style=\"font-family: helvetica, arial, sans-serif;\"><a id=\"wp-block-file--media-03b609b5-b083-49be-b11f-207338e01afe\" href=\"https:\/\/gepomay.fr\/wp-content\/uploads\/2019\/10\/Premier-rapport-de-l%E2%80%99%C3%A9valuation-de-l%E2%80%99impact-des-Esp%C3%A8ces-Exotiques-envahissantes-sur-Ardeola-idae.pdf\">Premi\u00e8re \u00e9valuation de l\u2019impact des Esp\u00e8ces Exotiques Envahissantes sur le Crabier blanc \u2013 2019<\/a><\/span><\/p><p><span style=\"font-family: helvetica, arial, sans-serif;\"><a href=\"https:\/\/www.lifebiodivom.fr\/wp-content\/uploads\/2022\/04\/A4-Livrable-GEPOMAY-Etude-faisabilite-restauration-prairies-humides.pdf\">Etude de faisabilit\u00e9 de la restauration de prairies humides \u00e0 Mayotte<\/a><\/span><\/p>\t\t\t\t\t\t\t\t<\/div>\n\t\t\t\t<\/div>\n\t\t\t\t<div class=\"elementor-element elementor-element-264ba87 elementor-widget elementor-widget-heading\" data-id=\"264ba87\" data-element_type=\"widget\" data-widget_type=\"heading.default\">\n\t\t\t\t<div class=\"elementor-widget-container\">\n\t\t\t\t\t<h2 class=\"elementor-heading-title elementor-size-default\"><div>\n    <h2><span><strong>Observatoire des Oiseaux C\u00f4tiers de Mayotte<\/strong><\/span><\/h2><\/h2>\t\t\t\t<\/div>\n\t\t\t\t<\/div>\n\t\t\t\t<div class=\"elementor-element elementor-element-fcb3e93 elementor-widget elementor-widget-text-editor\" data-id=\"fcb3e93\" data-element_type=\"widget\" data-widget_type=\"text-editor.default\">\n\t\t\t\t<div class=\"elementor-widget-container\">\n\t\t\t\t\t\t\t\t\t<p><a href=\"https:\/\/gepomay.fr\/wp-content\/uploads\/2025\/08\/Bilan-OOCM-2024-2025.pdf\">Bilan de l&rsquo;Observatoire des Oiseaux C\u00f4tiers de Mayotte &#8211; 2024\/2025<\/a><\/p><p><a href=\"https:\/\/gepomay.fr\/wp-content\/uploads\/2023\/05\/Resultats-2021-du-comptage-WETLANDS-INTERNATIONAL.pdf\">R\u00e9sultats 2021 du comptage WETLANDS INTERNATIONAL<\/a>\u00a0\u2013 zoom sur Mayotte p.23<\/p><p><a id=\"wp-block-file--media-2054eb78-df0f-40ab-8129-bde630b1e222\" href=\"https:\/\/gepomay.fr\/wp-content\/uploads\/2020\/01\/R%C3%A9sum%C3%A9_OOCM_OPNL2019_TFerrari-converti.pdf\">R\u00e9sum\u00e9 des actions de l\u2019Observatoire des oiseaux c\u00f4tiers de Mayotte \u2013 2020<\/a><\/p><p><a href=\"https:\/\/gepomay.fr\/wp-content\/uploads\/2019\/10\/BilanOOCM20132016VFLight.pdf\" target=\"_blank\" rel=\"noopener\">Bilan de l\u2019Observatoire des oiseaux c\u00f4tiers de Mayotte \u2013 2013\/2016<\/a><\/p>\t\t\t\t\t\t\t\t<\/div>\n\t\t\t\t<\/div>\n\t\t\t\t<div class=\"elementor-element elementor-element-4bad656 elementor-widget elementor-widget-heading\" data-id=\"4bad656\" data-element_type=\"widget\" data-widget_type=\"heading.default\">\n\t\t\t\t<div class=\"elementor-widget-container\">\n\t\t\t\t\t<h2 class=\"elementor-heading-title elementor-size-default\"><div>\n    <h2><span><strong>Esp\u00e8ces Nicheuses Rares et Menac\u00e9es<\/strong><\/span><\/h2><\/h2>\t\t\t\t<\/div>\n\t\t\t\t<\/div>\n\t\t\t\t<div class=\"elementor-element elementor-element-6814b3a elementor-widget elementor-widget-text-editor\" data-id=\"6814b3a\" data-element_type=\"widget\" data-widget_type=\"text-editor.default\">\n\t\t\t\t<div class=\"elementor-widget-container\">\n\t\t\t\t\t\t\t\t\t<p style=\"text-align: justify;\"><a style=\"box-sizing: inherit; font-family: 'Open Sans', sans-serif; text-align: justify;\" href=\"https:\/\/gepomay.fr\/wp-content\/uploads\/2019\/10\/rale_cuvier_GEPOMAY_2019.pdf\" target=\"_blank\" rel=\"noopener\">Le recensement du R\u00e2le de Cuvier (<em>Dryolimnas cuvieri<\/em>) r\u00e9alis\u00e9 en 2017\/2018.\u00a0<\/a><\/p>\t\t\t\t\t\t\t\t<\/div>\n\t\t\t\t<\/div>\n\t\t\t\t<div class=\"elementor-element elementor-element-803b5fe elementor-widget__width-inherit elementor-widget elementor-widget-heading\" data-id=\"803b5fe\" data-element_type=\"widget\" data-widget_type=\"heading.default\">\n\t\t\t\t<div class=\"elementor-widget-container\">\n\t\t\t\t\t<h2 class=\"elementor-heading-title elementor-size-default\"><div>\n    <h2><span><strong>Avifaune de Mayotte<\/strong><\/span><\/h2><\/h2>\t\t\t\t<\/div>\n\t\t\t\t<\/div>\n\t\t\t\t<div class=\"elementor-element elementor-element-7c9d8b9 elementor-widget elementor-widget-text-editor\" data-id=\"7c9d8b9\" data-element_type=\"widget\" data-widget_type=\"text-editor.default\">\n\t\t\t\t<div class=\"elementor-widget-container\">\n\t\t\t\t\t\t\t\t\t<p><a id=\"wp-block-file--media-4580b830-90b5-4c7e-a911-03f8d62e1ebc\" href=\"https:\/\/gepomay.fr\/wp-content\/uploads\/2019\/12\/Actualisation-de-la-liste-des-esp%C3%A8ces-d%E2%80%99oiseaux-recens%C3%A9es-%C3%A0-Mayotte_GEPOMAY_2019_VF.pdf\">Liste des esp\u00e8ces d\u2019oiseaux recens\u00e9s \u00e0 Mayotte \u2013 2019\u00a0<\/a><\/p><p><a href=\"https:\/\/gepomay.fr\/wp-content\/uploads\/2023\/05\/UICN_Liste-rouge_oiseaux-de-Mayotte.pdf\">UICN_Liste rouge_des esp\u00e8ces menac\u00e9es en France \u2013 oiseaux de Mayotte, mai 2014<\/a><\/p>\t\t\t\t\t\t\t\t<\/div>\n\t\t\t\t<\/div>\n\t\t\t\t<div class=\"elementor-element elementor-element-1e6e6cf elementor-widget elementor-widget-heading\" data-id=\"1e6e6cf\" data-element_type=\"widget\" data-widget_type=\"heading.default\">\n\t\t\t\t<div class=\"elementor-widget-container\">\n\t\t\t\t\t<h2 class=\"elementor-heading-title elementor-size-default\"><div>\n    <h2><span><strong>Faune-Mayotte<\/strong><\/span><\/h2><\/h2>\t\t\t\t<\/div>\n\t\t\t\t<\/div>\n\t\t\t\t<div class=\"elementor-element elementor-element-98c484e elementor-widget elementor-widget-text-editor\" data-id=\"98c484e\" data-element_type=\"widget\" data-widget_type=\"text-editor.default\">\n\t\t\t\t<div class=\"elementor-widget-container\">\n\t\t\t\t\t\t\t\t\t<p><a id=\"wp-block-file--media-4580b830-90b5-4c7e-a911-03f8d62e1ebc\" href=\"https:\/\/gepomay.fr\/wp-content\/uploads\/2026\/01\/Faune-Mayotte-Bilan-2025.pdf\">Bilan de la plateforme Faune-Mayotte, des outils de communication et des \u00e9v\u00e8nements r\u00e9alis\u00e9s \u2013 2025\u00a0<\/a><\/p>\t\t\t\t\t\t\t\t<\/div>\n\t\t\t\t<\/div>\n\t\t\t\t\t<\/div>\n\t\t\t\t<\/div>\n\t\t<div class=\"elementor-element elementor-element-54709bd e-flex e-con-boxed e-con e-parent\" data-id=\"54709bd\" data-element_type=\"container\">\n\t\t\t\t\t<div class=\"e-con-inner\">\n\t\t\t\t<div class=\"elementor-element elementor-element-7d1af12 elementor-widget elementor-widget-spacer\" data-id=\"7d1af12\" data-element_type=\"widget\" data-widget_type=\"spacer.default\">\n\t\t\t\t<div class=\"elementor-widget-container\">\n\t\t\t\t\t\t\t<div class=\"elementor-spacer\">\n\t\t\t<div class=\"elementor-spacer-inner\"><\/div>\n\t\t<\/div>\n\t\t\t\t\t\t<\/div>\n\t\t\t\t<\/div>\n\t\t\t\t\t<\/div>\n\t\t\t\t<\/div>\n\t\t\t\t<\/div>\n\t\t","protected":false},"excerpt":{"rendered":"<p>Parce que le GEPOMAY est un groupe d\u2019\u00e9tudes et un acteur de l\u2019am\u00e9lioration des connaissances sur le territoire mahorais, vous pouvez retrouver ici des ressources, documents et rapports r\u00e9dig\u00e9s par l\u2019association. Consultez nos rapports pour d\u00e9couvrir les observations, les r\u00e9sultats ainsi que les m\u00e9thodologies de nos projets. Les \u00e9crits sont tri\u00e9s par ordre chronologique. Suivi &hellip; <\/p>\n<p class=\"link-more\"><a href=\"https:\/\/gepomay.fr\/index.php\/nos-publications-scientifiques\/\" class=\"more-link\">Lire la suite de<span class=\"screen-reader-text\">\u00ab\u00a0Nos publications scientifiques\u00a0\u00bb<\/span><\/a><\/p>\n","protected":false},"author":1,"featured_media":0,"parent":0,"menu_order":0,"comment_status":"closed","ping_status":"closed","template":"","meta":{"footnotes":""},"_links":{"self":[{"href":"https:\/\/gepomay.fr\/index.php\/wp-json\/wp\/v2\/pages\/5067"}],"collection":[{"href":"https:\/\/gepomay.fr\/index.php\/wp-json\/wp\/v2\/pages"}],"about":[{"href":"https:\/\/gepomay.fr\/index.php\/wp-json\/wp\/v2\/types\/page"}],"author":[{"embeddable":true,"href":"https:\/\/gepomay.fr\/index.php\/wp-json\/wp\/v2\/users\/1"}],"replies":[{"embeddable":true,"href":"https:\/\/gepomay.fr\/index.php\/wp-json\/wp\/v2\/comments?post=5067"}],"version-history":[{"count":37,"href":"https:\/\/gepomay.fr\/index.php\/wp-json\/wp\/v2\/pages\/5067\/revisions"}],"predecessor-version":[{"id":6487,"href":"https:\/\/gepomay.fr\/index.php\/wp-json\/wp\/v2\/pages\/5067\/revisions\/6487"}],"wp:attachment":[{"href":"https:\/\/gepomay.fr\/index.php\/wp-json\/wp\/v2\/media?parent=5067"}],"curies":[{"name":"wp","href":"https:\/\/api.w.org\/{rel}","templated":true}]}}