{"id":496,"date":"2019-10-02T09:20:14","date_gmt":"2019-10-02T06:20:14","guid":{"rendered":"http:\/\/gepomay.fr\/?page_id=496"},"modified":"2026-05-05T09:32:30","modified_gmt":"2026-05-05T06:32:30","slug":"test","status":"publish","type":"page","link":"https:\/\/gepomay.fr\/","title":{"rendered":"Accueil"},"content":{"rendered":"\t\t<div data-elementor-type=\"wp-page\" data-elementor-id=\"496\" class=\"elementor elementor-496\">\n\t\t\t\t<div class=\"elementor-element elementor-element-3fc7d4e3 e-con-full e-flex e-con e-parent\" data-id=\"3fc7d4e3\" data-element_type=\"container\">\n\t\t\t\t<div class=\"elementor-element elementor-element-19c0283 elementor-widget elementor-widget-heading\" data-id=\"19c0283\" data-element_type=\"widget\" data-widget_type=\"heading.default\">\n\t\t\t\t<div class=\"elementor-widget-container\">\n\t\t\t\t\t<h2 class=\"elementor-heading-title elementor-size-default\"><div>\n<h2>Qui sommes-nous ?<\/h2><\/h2>\t\t\t\t<\/div>\n\t\t\t\t<\/div>\n\t\t\t\t<div class=\"elementor-element elementor-element-16ffc55 elementor-widget elementor-widget-text-editor\" data-id=\"16ffc55\" data-element_type=\"widget\" data-widget_type=\"text-editor.default\">\n\t\t\t\t<div class=\"elementor-widget-container\">\n\t\t\t\t\t\t\t\t\t<p style=\"font-size: 18px; line-height: 1.6; color: #2d5572; text-align: justify;\"><span style=\"color: #000000;\">Le GEPOMAY est le <strong>Groupe d&rsquo;\u00c9tudes et de Protection des Oiseaux de Mayotte<\/strong>, une association loi 1901 \u00e0 but non lucratif fond\u00e9e en 2010. <\/span><\/p>\n<p style=\"font-size: 18px; line-height: 1.6; color: #2d5572; text-align: justify;\"><span style=\"color: #000000;\">Association agr\u00e9\u00e9e de protection de l\u2019environnement et reconnue d\u2019int\u00e9r\u00eat g\u00e9n\u00e9ral, le GEPOMAY a pour missions <strong>l\u2019\u00e9tude et la conservation de la biodiversit\u00e9 de Mayotte et des milieux dont elle d\u00e9pend<\/strong>, ainsi que la sensibilisation du public \u00e0 la protection de la nature gr\u00e2ce \u00e0 sa constitution en 4 p\u00f4les :\u00a0<\/span><\/p>\n<ul style=\"text-align: justify;\">\n<li style=\"font-size: 18px; line-height: 1.6; color: #2d5572;\"><span style=\"color: #000000;\">le p\u00f4le \u00ab Connaissance et Conservation de l\u2019Avifaune \u00bb<\/span><\/li>\n<li style=\"font-size: 18px; line-height: 1.6; color: #2d5572;\"><span style=\"color: #000000;\">le p\u00f4le \u00ab Connaissance et Conservation de l\u2019Herp\u00e9tofaune \u00bb<\/span><\/li>\n<li style=\"font-size: 18px; line-height: 1.6; color: #2d5572;\"><span style=\"color: #000000;\"> le p\u00f4le \u00ab Gestion des habitats \u00bb <\/span><\/li>\n<li style=\"font-size: 18px; line-height: 1.6; color: #2d5572;\"><span style=\"color: #000000;\">le p\u00f4le \u00ab Animation et Mobilisation Citoyenne \u00bb<\/span><\/li>\n<\/ul>\n<p style=\"font-size: 18px; line-height: 1.6; color: #2d5572; text-align: justify;\"><span style=\"color: #000000;\">Le territoire de Mayotte abrite une avifaune d&rsquo;une richesse exceptionnelle : <\/span><strong style=\"color: #000000;\">plus de 150 esp\u00e8ces d&rsquo;oiseaux<\/strong><span style=\"color: #000000;\"> y ont \u00e9t\u00e9 observ\u00e9es. Plusieurs esp\u00e8ces sont par ailleurs end\u00e9miques de l&rsquo;\u00eele et de l&rsquo;archipel des Comores. Aujourd&rsquo;hui, de nombreux facteurs p\u00e8sent sur la biodiversit\u00e9 : destruction des habitats, esp\u00e8ces exotiques envahissantes, braconnage&#8230; Ces probl\u00e8mes nous poussent \u00e0 tout mettre en \u0153uvre pour prot\u00e9ger les oiseaux sur notre \u00eele !<\/span><\/p>\n<p style=\"font-size: 18px; line-height: 1.6; color: #2d5572; text-align: justify;\"><span style=\"color: #000000;\">Dans ce sens, le GEPOMAY travaille autour de <strong>trois objectifs principaux<\/strong> :<\/span><\/p>\t\t\t\t\t\t\t\t<\/div>\n\t\t\t\t<\/div>\n\t\t\t\t<div class=\"elementor-element elementor-element-a740dc7 elementor-widget elementor-widget-text-editor\" data-id=\"a740dc7\" data-element_type=\"widget\" data-widget_type=\"text-editor.default\">\n\t\t\t\t<div class=\"elementor-widget-container\">\n\t\t\t\t\t\t\t\t\t<style>\n  .missions-row {\n    display: flex;\n    justify-content: space-between;\n    flex-wrap: nowrap;\n    gap: 20px;\n    margin-top: 30px;\n  }\n\n  .mission-card {\n    flex: 1;\n    text-align: center;\n    background-color: #f0f8fc;\n    border-radius: 8px;\n    overflow: hidden;\n    box-shadow: 0 2px 8px rgba(0, 0, 0, 0.1);\n    transition: transform 0.2s ease;\n  }\n\n  .mission-card:hover {\n    transform: translateY(-5px);\n  }\n\n  .mission-card img {\n    width: 100%;\n    height: 200px;\n    object-fit: cover;\n    display: block;\n  }\n\n  .mission-card figcaption {\n    font-weight: bold;\n    font-size: 1.8rem;\n    color: #2d5572;\n    padding: 15px;\n    background-color: #f0f8fc;\n  }\n\n  @media (max-width: 900px) {\n    .missions-row {\n      flex-wrap: wrap;\n    }\n\n    .mission-card {\n      flex: 1 1 100%;\n    }\n  }\n<\/style>\n\n<div class=\"missions-row\">\n  <figure class=\"mission-card\">\n    <a href=\"http:\/\/gepomay.fr\/index.php\/gepomay\/nos-missions\/\">\n      <img decoding=\"async\" src=\"https:\/\/gepomay.fr\/wp-content\/uploads\/2019\/10\/bagage-paille-en-queue-300x225.jpg\" alt=\"\u00c9tudier\">\n      <figcaption>\u00c9tudier<\/figcaption>\n    <\/a>\n  <\/figure>\n\n  <figure class=\"mission-card\">\n    <a href=\"http:\/\/gepomay.fr\/index.php\/gepomay\/nos-missions\/\">\n      <img decoding=\"async\" src=\"https:\/\/gepomay.fr\/wp-content\/uploads\/2021\/07\/cropped-heron-strie-3-scaled-1-1024x614.jpg\" alt=\"Prot\u00e9ger\">\n      <figcaption>Prot\u00e9ger<\/figcaption>\n    <\/a>\n  <\/figure>\n\n  <figure class=\"mission-card\">\n    <a href=\"http:\/\/gepomay.fr\/index.php\/gepomay\/nos-missions\/\">\n      <img decoding=\"async\" src=\"https:\/\/gepomay.fr\/wp-content\/uploads\/2022\/03\/DSCN0696RecLight-300x207.jpg\" alt=\"Sensibiliser\">\n      <figcaption>Sensibiliser<\/figcaption>\n    <\/a>\n  <\/figure>\n<\/div>\n\t\t\t\t\t\t\t\t<\/div>\n\t\t\t\t<\/div>\n\t\t\t\t<div class=\"elementor-element elementor-element-0d83e6e elementor-widget elementor-widget-text-editor\" data-id=\"0d83e6e\" data-element_type=\"widget\" data-widget_type=\"text-editor.default\">\n\t\t\t\t<div class=\"elementor-widget-container\">\n\t\t\t\t\t\t\t\t\t<p><span style=\"color: #000000; font-family: var(--e-global-typography-text-font-family), Sans-serif; font-weight: var(--e-global-typography-text-font-weight); text-align: var(--text-align);\">Le GEPOMAY est partenaire officiel de la <\/span> <a style=\"font-family: var(--e-global-typography-text-font-family), Sans-serif; font-weight: var(--e-global-typography-text-font-weight); text-align: var(--text-align); background-color: #ffffff;\" href=\"https:\/\/www.lpo.fr\/\" target=\"_blank\" rel=\"noopener\"> Ligue pour la Protection des Oiseaux <\/a> <span style=\"color: #000000; font-family: var(--e-global-typography-text-font-family), Sans-serif; font-weight: var(--e-global-typography-text-font-weight); text-align: var(--text-align);\"> , en France m\u00e9tropolitaine. <\/span> <img decoding=\"async\" style=\"vertical-align: middle; margin-left: 10px; margin-top: -5px;\" src=\"https:\/\/gepomay.fr\/wp-content\/uploads\/2023\/05\/RVB_LPO_LOGOTYPE_HD-1-276x300.png\" alt=\"Logo LPO\" width=\"118\" height=\"128\" \/><\/p>\n<p><!-- \/wp:separator --><\/p>\n<p><!-- wp:tadv\/classic-paragraph \/--><\/p>\n<p><!-- Image de la LPO avec texte \u00e0 c\u00f4t\u00e9 --><\/p>\t\t\t\t\t\t\t\t<\/div>\n\t\t\t\t<\/div>\n\t\t\t\t<\/div>\n\t\t<div class=\"elementor-element elementor-element-5ac05c2 e-flex e-con-boxed e-con e-parent\" data-id=\"5ac05c2\" data-element_type=\"container\">\n\t\t\t\t\t<div class=\"e-con-inner\">\n\t\t\t\t<div class=\"elementor-element elementor-element-131356e elementor-widget elementor-widget-spacer\" data-id=\"131356e\" data-element_type=\"widget\" data-widget_type=\"spacer.default\">\n\t\t\t\t<div class=\"elementor-widget-container\">\n\t\t\t\t\t\t\t<div class=\"elementor-spacer\">\n\t\t\t<div class=\"elementor-spacer-inner\"><\/div>\n\t\t<\/div>\n\t\t\t\t\t\t<\/div>\n\t\t\t\t<\/div>\n\t\t\t\t<div class=\"elementor-element elementor-element-b2fa39e elementor-widget elementor-widget-text-editor\" data-id=\"b2fa39e\" data-element_type=\"widget\" data-widget_type=\"text-editor.default\">\n\t\t\t\t<div class=\"elementor-widget-container\">\n\t\t\t\t\t\t\t\t\t<div style=\"background-color: #7caacb; color: white; padding: 9px 0; border-radius: 50px; text-align: center; margin-bottom: 20px; width: 100%; box-sizing: border-box;\">\n<h2 style=\"font-size: 22px; margin: 0; color: #ffffff; font-weight: bold;\">Sortez avec le GEPOMAY !<\/h2>\n<\/div>\n<p class=\"has-black-color has-text-color\" style=\"font-size: 20px; font-weight: bold; text-align: center; margin-top: 20px;\">Vous souhaitez participer \u00e0 nos sorties ornithologiques ?<\/p>\n<div style=\"display: flex; justify-content: center; flex-wrap: wrap; gap: 20px; margin-top: 20px;\"><!-- Premier encadr\u00e9 : Adh\u00e9rer au GEPOMAY -->\n<div style=\"background-color: #f0f8ff; color: #333; padding: 15px 25px; border-radius: 20px; box-shadow: 0 4px 8px rgba(0, 0, 0, 0.1); font-size: 18px; font-weight: bold; text-align: center; width: 100%; max-width: 400px;\"><a style=\"color: #2d5572; text-decoration: underline;\" href=\"https:\/\/www.helloasso.com\/associations\/gepomay\/adhesions\/en-2026-j-adhere-au-gepomay\">Adh\u00e9rer au GEPOMAY<\/a> pour participer \u00e0 nos sorties<\/div>\n<!-- Deuxi\u00e8me encadr\u00e9 : Programme du mois -->\n<div style=\"background-color: #f0f8ff; color: #333; padding: 15px 25px; border-radius: 20px; box-shadow: 0 4px 8px rgba(0, 0, 0, 0.1); font-size: 18px; font-weight: bold; text-align: center; width: 100%; max-width: 400px;\">D\u00e9j\u00e0 adh\u00e9rent-e ? Consultez le <a style=\"color: #2d5572; text-decoration: underline;\" href=\"http:\/\/gepomay.fr\/index.php\/programme-dactivite\/\">programme du mois en cours<\/a><\/div>\n<!-- Troisi\u00e8me encadr\u00e9 : Organiser une animation (corrig\u00e9) -->\n<div style=\"background-color: #f0f8ff; color: #333; padding: 15px 25px; border-radius: 20px; box-shadow: 0 4px 8px rgba(0, 0, 0, 0.1); font-size: 18px; font-weight: bold; text-align: center; width: 100%; max-width: 400px;\">Enseignant-e ? <a style=\"color: #2d5572; text-decoration: underline;\" href=\"http:\/\/gepomay.fr\/index.php\/projets\/animations\/\">Organisez une animation GEPOMAY<\/a> pour votre classe<\/div>\n<\/div>\n<p style=\"text-align: center; font-size: 16px; color: #333; margin-top: 20px;\"><style>\n    @media only screen and (max-width: 768px) {\n      .has-text-color {\n        font-size: 18px;\n      }\n\n      div {\n        width: 100%;\n        margin: 10px 0;\n        text-align: center;\n      }\n\n      h2 {\n        font-size: 22px;\n      }\n    }\n  <\/style><\/p>\t\t\t\t\t\t\t\t<\/div>\n\t\t\t\t<\/div>\n\t\t\t\t<div class=\"elementor-element elementor-element-bebe669 elementor-widget elementor-widget-text-editor\" data-id=\"bebe669\" data-element_type=\"widget\" data-widget_type=\"text-editor.default\">\n\t\t\t\t<div class=\"elementor-widget-container\">\n\t\t\t\t\t\t\t\t\t<div style=\"background-color: #2d5572; color: white; padding: 10px 20px; font-size: 18px; font-weight: bold; border-radius: 5px; width: fit-content; margin-left: 0px; margin-bottom: 20px;\">Calendrier des sorties 2026<\/div>\t\t\t\t\t\t\t\t<\/div>\n\t\t\t\t<\/div>\n\t\t\t\t<div class=\"elementor-element elementor-element-100ff25 elementor-widget elementor-widget-text-editor\" data-id=\"100ff25\" data-element_type=\"widget\" data-widget_type=\"text-editor.default\">\n\t\t\t\t<div class=\"elementor-widget-container\">\n\t\t\t\t\t\t\t\t\t<div style=\"display: flex; align-items: center; justify-content: space-between; background-color: #e6f7ff; border-left: 6px solid #00b3b3; border-radius: 12px; padding: 15px 20px; margin: 30px auto; max-width: 850px; box-shadow: 0 4px 8px rgba(0,0,0,0.1);\">\n<div style=\"flex: 1; text-align: left;\">\n<h3 style=\"color: #007b7f; font-size: 20px; font-weight: bold; margin-bottom: 10px;\">Sortie nocturne Herp\u00e9tologique &#8211; Mtsamboro<\/h3>\n<p style=\"font-size: 16px; color: #333333; margin: 0px 0px 6px; text-align: center;\"><strong>\ud83d\udcc5 Samedi 16 mai 2026<\/strong> \u00e0<strong> 17h45<\/strong><\/p>\n<p style=\"text-align: center;\"><span style=\"font-size: 10pt;\">(Sortie r\u00e9alis\u00e9e dans le cadre de l&rsquo;Atlas de la Biodiversit\u00e9 de la CAGNM)<\/span><\/p>\n<p style=\"font-size: 16px; color: #333; margin: 0 0 6px;\"><span style=\"text-decoration: underline;\">Au programme :<\/span> 2h de d\u00e9couverte environ.<\/p>\n<p style=\"font-size: 16px; color: #333; margin: 0 0 6px;\">Rendez-vous \u00e0 17h45 sur les hauteurs du village de Mtsamboro (le lieu exact du rendez-vous sera communiqu\u00e9 aux inscrits).<\/p>\n<p style=\"font-size: 16px; color: #333; margin: 0 0 6px;\"><strong style=\"color: #555555; font-size: 15px;\">Infos :<\/strong> <span style=\"color: #555555; font-size: 15px;\"><span data-olk-copy-source=\"MessageBody\">0639 02 61 11\u00a0<\/span> \u2022 <\/span> <a style=\"font-size: 15px; background-color: #e6f7ff; color: #007b7f; text-decoration-line: underline;\" href=\"mailto:animation@gepomay.fr\">animation@gepomay.fr<\/a><\/p>\n<p style=\"font-size: 15px; color: #555; margin: 0 0 12px;\">N&rsquo;oubliez pas de pr\u00e9voir de l&rsquo;eau, des chaussures adapt\u00e9es et des v\u00eatements couvrant (les moustiques seront de sortie aussi !), ainsi qu&rsquo;une lampe frontale.<\/p>\n<p style=\"font-size: 15px; color: #555; margin: 0 0 12px;\"><a style=\"font-size: 18px; background-color: #00b3b3; color: white; padding: 8px 18px; border-radius: 5px; font-weight: bold; margin-right: 10px;\" href=\"https:\/\/www.helloasso.com\/associations\/gepomay\/evenements\/sortie-nocturne-herpetologique-a-mtsamboro-abi-cagnm\" target=\"_blank\" rel=\"noopener\">S&rsquo;inscrire<\/a> <a style=\"font-size: 18px; border: 2px solid #00b3b3; color: #00b3b3; padding: 7px 16px; border-radius: 5px; font-weight: bold;\" href=\"https:\/\/www.helloasso.com\/associations\/gepomay\/adhesions\/en-2026-j-adhere-au-gepomay\" target=\"_blank\" rel=\"noopener\">Adh\u00e9rer<\/a><\/p>\n<\/div>\n<p><!-- Remplacement de l'image par celle de la retenue collinaire --><\/p>\n<div style=\"flex-shrink: 0; margin-left: 20px;\"><img fetchpriority=\"high\" decoding=\"async\" class=\"alignnone wp-image-6648 size-full\" style=\"max-width: 300px; height: auto; border-radius: 8px;\" src=\"https:\/\/gepomay.fr\/wp-content\/uploads\/2026\/05\/Nocturne-ABI-Herpeto-2.png\" alt=\"\" width=\"940\" height=\"788\" srcset=\"https:\/\/gepomay.fr\/wp-content\/uploads\/2026\/05\/Nocturne-ABI-Herpeto-2.png 940w, https:\/\/gepomay.fr\/wp-content\/uploads\/2026\/05\/Nocturne-ABI-Herpeto-2-300x251.png 300w\" sizes=\"(max-width: 940px) 100vw, 940px\" \/><\/div>\n<div>\u00a0<\/div>\n<\/div>\n<p><!-- Galerie d'images en bas --><!-- Galerie d'images en bas --><\/p>\n<div style=\"display: flex; flex-wrap: wrap; justify-content: center; gap: 15px; margin-top: 0;\"><img decoding=\"async\" class=\"alignnone wp-image-6647 size-large\" style=\"max-width: 100%; height: auto; width: 300px; border-radius: 8px;\" src=\"https:\/\/gepomay.fr\/wp-content\/uploads\/2026\/05\/Programme-sorties-adherents-a-jour-724x1024.png\" alt=\"\" width=\"724\" height=\"1024\" srcset=\"https:\/\/gepomay.fr\/wp-content\/uploads\/2026\/05\/Programme-sorties-adherents-a-jour-724x1024.png 724w, https:\/\/gepomay.fr\/wp-content\/uploads\/2026\/05\/Programme-sorties-adherents-a-jour-212x300.png 212w, https:\/\/gepomay.fr\/wp-content\/uploads\/2026\/05\/Programme-sorties-adherents-a-jour.png 1414w\" sizes=\"(max-width: 724px) 100vw, 724px\" \/><\/div>\n<p>\u00a0<\/p>\t\t\t\t\t\t\t\t<\/div>\n\t\t\t\t<\/div>\n\t\t\t\t<div class=\"elementor-element elementor-element-8085777 elementor-widget elementor-widget-text-editor\" data-id=\"8085777\" data-element_type=\"widget\" data-widget_type=\"text-editor.default\">\n\t\t\t\t<div class=\"elementor-widget-container\">\n\t\t\t\t\t\t\t\t\t<div style=\"background-color: #2d5572; color: white; padding: 10px 20px; font-size: 18px; font-weight: bold; border-radius: 5px; width: fit-content; margin-left: 0px; margin-bottom: 20px;\"><a href=\"https:\/\/www.helloasso.com\/associations\/gepomay\">Tous nos formulaires Hello Asso<\/a><\/div>\t\t\t\t\t\t\t\t<\/div>\n\t\t\t\t<\/div>\n\t\t\t\t<div class=\"elementor-element elementor-element-bff7ebb elementor-widget elementor-widget-spacer\" data-id=\"bff7ebb\" data-element_type=\"widget\" data-widget_type=\"spacer.default\">\n\t\t\t\t<div class=\"elementor-widget-container\">\n\t\t\t\t\t\t\t<div class=\"elementor-spacer\">\n\t\t\t<div class=\"elementor-spacer-inner\"><\/div>\n\t\t<\/div>\n\t\t\t\t\t\t<\/div>\n\t\t\t\t<\/div>\n\t\t\t\t<div class=\"elementor-element elementor-element-abc57b8 elementor-widget elementor-widget-heading\" data-id=\"abc57b8\" data-element_type=\"widget\" data-widget_type=\"heading.default\">\n\t\t\t\t<div class=\"elementor-widget-container\">\n\t\t\t\t\t<h2 class=\"elementor-heading-title elementor-size-default\"><div>\n<h2>Actualit\u00e9s<\/h2><\/h2>\t\t\t\t<\/div>\n\t\t\t\t<\/div>\n\t\t\t\t<div class=\"elementor-element elementor-element-e084802 elementor-widget__width-inherit elementor-widget elementor-widget-wp-widget-recent-posts\" data-id=\"e084802\" data-element_type=\"widget\" data-widget_type=\"wp-widget-recent-posts.default\">\n\t\t\t\t<div class=\"elementor-widget-container\">\n\t\t\t\t\t\n\t\t\n\t\t<h5>Articles r\u00e9cents<\/h5>\n\t\t<ul>\n\t\t\t\t\t\t\t\t\t\t\t<li>\n\t\t\t\t\t<a href=\"https:\/\/gepomay.fr\/index.php\/2026\/02\/02\/nouvelle-fiche-oiseau-le-drome-ardeole\/\">L&rsquo;oiseau du mois : le Drome ard\u00e9ole<\/a>\n\t\t\t\t\t\t\t\t\t<\/li>\n\t\t\t\t\t\t\t\t\t\t\t<li>\n\t\t\t\t\t<a href=\"https:\/\/gepomay.fr\/index.php\/2026\/01\/05\/loiseau-du-mois-la-tourterelle-du-cap\/\">L&rsquo;oiseau du mois : la Tourterelle du cap<\/a>\n\t\t\t\t\t\t\t\t\t<\/li>\n\t\t\t\t\t\t\t\t\t\t\t<li>\n\t\t\t\t\t<a href=\"https:\/\/gepomay.fr\/index.php\/2025\/12\/02\/loiseau-du-mois-le-pluvier-argente\/\">L&rsquo;oiseau du mois : le Pluvier argent\u00e9<\/a>\n\t\t\t\t\t\t\t\t\t<\/li>\n\t\t\t\t\t\t\t\t\t\t\t<li>\n\t\t\t\t\t<a href=\"https:\/\/gepomay.fr\/index.php\/2025\/11\/14\/en-octobre-decouvrez-le-founingo-des-comores\/\">L&rsquo;oiseau du mois : le Founingo des Comores<\/a>\n\t\t\t\t\t\t\t\t\t<\/li>\n\t\t\t\t\t\t\t\t\t\t\t<li>\n\t\t\t\t\t<a href=\"https:\/\/gepomay.fr\/index.php\/2025\/10\/18\/loiseau-du-mois-le-grebe-castagneux\/\">L&rsquo;oiseau du mois : Le Gr\u00e8be castagneux<\/a>\n\t\t\t\t\t\t\t\t\t<\/li>\n\t\t\t\t\t\t\t\t\t\t\t<li>\n\t\t\t\t\t<a href=\"https:\/\/gepomay.fr\/index.php\/2025\/09\/04\/matinee-de-decouverte-des-actions-de-gestion-du-lac-karihani\/\">Matin\u00e9e de d\u00e9couverte des actions de gestion du Lac Karihani<\/a>\n\t\t\t\t\t\t\t\t\t<\/li>\n\t\t\t\t\t\t\t\t\t\t\t<li>\n\t\t\t\t\t<a href=\"https:\/\/gepomay.fr\/index.php\/2025\/08\/14\/loiseau-du-mois-le-phaeton-a-bec-jaune\/\">L&rsquo;oiseau du mois : le Pha\u00e9ton \u00e0 bec jaune<\/a>\n\t\t\t\t\t\t\t\t\t<\/li>\n\t\t\t\t\t<\/ul>\n\n\t\t\t\t\t\t<\/div>\n\t\t\t\t<\/div>\n\t\t\t\t<div class=\"elementor-element elementor-element-b50aa35 elementor-widget elementor-widget-spacer\" data-id=\"b50aa35\" data-element_type=\"widget\" data-widget_type=\"spacer.default\">\n\t\t\t\t<div class=\"elementor-widget-container\">\n\t\t\t\t\t\t\t<div class=\"elementor-spacer\">\n\t\t\t<div class=\"elementor-spacer-inner\"><\/div>\n\t\t<\/div>\n\t\t\t\t\t\t<\/div>\n\t\t\t\t<\/div>\n\t\t\t\t<div class=\"elementor-element elementor-element-017dc83 elementor-widget elementor-widget-heading\" data-id=\"017dc83\" data-element_type=\"widget\" data-widget_type=\"heading.default\">\n\t\t\t\t<div class=\"elementor-widget-container\">\n\t\t\t\t\t<h2 class=\"elementor-heading-title elementor-size-default\"><div>\n<h2>O\u00f9 nous trouver ?<\/h2><\/h2>\t\t\t\t<\/div>\n\t\t\t\t<\/div>\n\t\t\t\t\t<\/div>\n\t\t\t\t<\/div>\n\t\t<div class=\"elementor-element elementor-element-b9dfaec e-flex e-con-boxed e-con e-parent\" data-id=\"b9dfaec\" data-element_type=\"container\">\n\t\t\t\t\t<div class=\"e-con-inner\">\n\t\t\t\t\t<\/div>\n\t\t\t\t<\/div>\n\t\t<div class=\"elementor-element elementor-element-cc7ba5c e-con-full e-flex e-con e-parent\" data-id=\"cc7ba5c\" data-element_type=\"container\">\n\t\t\t\t<div class=\"elementor-element elementor-element-3937469 elementor-widget elementor-widget-google_maps\" data-id=\"3937469\" data-element_type=\"widget\" data-widget_type=\"google_maps.default\">\n\t\t\t\t<div class=\"elementor-widget-container\">\n\t\t\t\t\t\t\t<div class=\"elementor-custom-embed\">\n\t\t\t<iframe loading=\"lazy\"\n\t\t\t\t\tsrc=\"https:\/\/maps.google.com\/maps?q=4%20impasse%20Tropina%2C%20Mir%C3%A9r%C3%A9ni%2C%20Tsingoni&#038;t=m&#038;z=14&#038;output=embed&#038;iwloc=near\"\n\t\t\t\t\ttitle=\"4 impasse Tropina, Mir\u00e9r\u00e9ni, Tsingoni\"\n\t\t\t\t\taria-label=\"4 impasse Tropina, Mir\u00e9r\u00e9ni, Tsingoni\"\n\t\t\t><\/iframe>\n\t\t<\/div>\n\t\t\t\t\t\t<\/div>\n\t\t\t\t<\/div>\n\t\t\t\t<div class=\"elementor-element elementor-element-8455f59 elementor-widget elementor-widget-spacer\" data-id=\"8455f59\" data-element_type=\"widget\" data-widget_type=\"spacer.default\">\n\t\t\t\t<div class=\"elementor-widget-container\">\n\t\t\t\t\t\t\t<div class=\"elementor-spacer\">\n\t\t\t<div class=\"elementor-spacer-inner\"><\/div>\n\t\t<\/div>\n\t\t\t\t\t\t<\/div>\n\t\t\t\t<\/div>\n\t\t\t\t<div class=\"elementor-element elementor-element-36799aa elementor-widget elementor-widget-spacer\" data-id=\"36799aa\" data-element_type=\"widget\" data-widget_type=\"spacer.default\">\n\t\t\t\t<div class=\"elementor-widget-container\">\n\t\t\t\t\t\t\t<div class=\"elementor-spacer\">\n\t\t\t<div class=\"elementor-spacer-inner\"><\/div>\n\t\t<\/div>\n\t\t\t\t\t\t<\/div>\n\t\t\t\t<\/div>\n\t\t\t\t<div class=\"elementor-element elementor-element-5c32c50 elementor-widget-divider--view-line elementor-widget elementor-widget-divider\" data-id=\"5c32c50\" data-element_type=\"widget\" data-widget_type=\"divider.default\">\n\t\t\t\t<div class=\"elementor-widget-container\">\n\t\t\t\t\t\t\t<div class=\"elementor-divider\">\n\t\t\t<span class=\"elementor-divider-separator\">\n\t\t\t\t\t\t<\/span>\n\t\t<\/div>\n\t\t\t\t\t\t<\/div>\n\t\t\t\t<\/div>\n\t\t\t\t<\/div>\n\t\t<div class=\"elementor-element elementor-element-212b07c e-flex e-con-boxed e-con e-parent\" data-id=\"212b07c\" data-element_type=\"container\">\n\t\t\t\t\t<div class=\"e-con-inner\">\n\t\t\t\t\t<\/div>\n\t\t\t\t<\/div>\n\t\t\t\t<\/div>\n\t\t","protected":false},"excerpt":{"rendered":"<p>Qui sommes-nous ? Le GEPOMAY est le Groupe d&rsquo;\u00c9tudes et de Protection des Oiseaux de Mayotte, une association loi 1901 \u00e0 but non lucratif fond\u00e9e en 2010. Association agr\u00e9\u00e9e de protection de l\u2019environnement et reconnue d\u2019int\u00e9r\u00eat g\u00e9n\u00e9ral, le GEPOMAY a pour missions l\u2019\u00e9tude et la conservation de la biodiversit\u00e9 de Mayotte et des milieux dont &hellip; <\/p>\n<p class=\"link-more\"><a href=\"https:\/\/gepomay.fr\/\" class=\"more-link\">Lire la suite de<span class=\"screen-reader-text\">\u00ab\u00a0Accueil\u00a0\u00bb<\/span><\/a><\/p>\n","protected":false},"author":1,"featured_media":4695,"parent":0,"menu_order":0,"comment_status":"closed","ping_status":"closed","template":"","meta":{"footnotes":""},"_links":{"self":[{"href":"https:\/\/gepomay.fr\/index.php\/wp-json\/wp\/v2\/pages\/496"}],"collection":[{"href":"https:\/\/gepomay.fr\/index.php\/wp-json\/wp\/v2\/pages"}],"about":[{"href":"https:\/\/gepomay.fr\/index.php\/wp-json\/wp\/v2\/types\/page"}],"author":[{"embeddable":true,"href":"https:\/\/gepomay.fr\/index.php\/wp-json\/wp\/v2\/users\/1"}],"replies":[{"embeddable":true,"href":"https:\/\/gepomay.fr\/index.php\/wp-json\/wp\/v2\/comments?post=496"}],"version-history":[{"count":300,"href":"https:\/\/gepomay.fr\/index.php\/wp-json\/wp\/v2\/pages\/496\/revisions"}],"predecessor-version":[{"id":6651,"href":"https:\/\/gepomay.fr\/index.php\/wp-json\/wp\/v2\/pages\/496\/revisions\/6651"}],"wp:featuredmedia":[{"embeddable":true,"href":"https:\/\/gepomay.fr\/index.php\/wp-json\/wp\/v2\/media\/4695"}],"wp:attachment":[{"href":"https:\/\/gepomay.fr\/index.php\/wp-json\/wp\/v2\/media?parent=496"}],"curies":[{"name":"wp","href":"https:\/\/api.w.org\/{rel}","templated":true}]}}