{"id":4580,"date":"2024-10-28T14:57:34","date_gmt":"2024-10-28T11:57:34","guid":{"rendered":"https:\/\/gepomay.fr\/?page_id=4580"},"modified":"2026-03-03T13:04:02","modified_gmt":"2026-03-03T10:04:02","slug":"labellisation-ramsar","status":"publish","type":"page","link":"https:\/\/gepomay.fr\/index.php\/labellisation-ramsar\/","title":{"rendered":"Labellisation RAMSAR"},"content":{"rendered":"\t\t<div data-elementor-type=\"wp-page\" data-elementor-id=\"4580\" class=\"elementor elementor-4580\">\n\t\t\t\t<div class=\"elementor-element elementor-element-48d5ea28 e-flex e-con-boxed e-con e-parent\" data-id=\"48d5ea28\" data-element_type=\"container\">\n\t\t\t\t\t<div class=\"e-con-inner\">\n\t\t\t\t<div class=\"elementor-element elementor-element-69a004ef elementor-widget elementor-widget-text-editor\" data-id=\"69a004ef\" data-element_type=\"widget\" data-widget_type=\"text-editor.default\">\n\t\t\t\t<div class=\"elementor-widget-container\">\n\t\t\t\t\t\t\t\t\t\n<h2 class=\"wp-block-heading\">Qu&rsquo;est ce que la labellisation RAMSAR ?<\/h2>\n\n<div class=\"wp-block-media-text is-stacked-on-mobile\" style=\"grid-template-columns: 25% auto;\">\n<figure class=\"wp-block-media-text__media\"><img fetchpriority=\"high\" decoding=\"async\" width=\"947\" height=\"1024\" class=\"wp-image-4602 size-full\" src=\"https:\/\/gepomay.fr\/wp-content\/uploads\/2024\/11\/logo-Ramsar-947x1024.png\" alt=\"\" srcset=\"https:\/\/gepomay.fr\/wp-content\/uploads\/2024\/11\/logo-Ramsar-947x1024.png 947w, https:\/\/gepomay.fr\/wp-content\/uploads\/2024\/11\/logo-Ramsar-277x300.png 277w, https:\/\/gepomay.fr\/wp-content\/uploads\/2024\/11\/logo-Ramsar.png 1200w\" sizes=\"(max-width: 947px) 100vw, 947px\" \/><\/figure>\n<div class=\"wp-block-media-text__content\">\n<p>L&rsquo;int\u00e9r\u00eat du label est de valoriser une zone humide d&rsquo;importance internationale via ses caract\u00e9ristiques \u00e9cologiques, mais aussi via sa gestion et ses activit\u00e9s durables, ainsi que son patrimoine culturel.<\/p>\n<\/div>\n<\/div>\n\n<p>\u00a0<\/p>\n\n<p>Les avantages de ce label :\u00a0\u00a0<\/p>\n\n<ul>\n<li>Valorisation de la biodiversit\u00e9, des activit\u00e9s et des patrimoines\u00a0<\/li>\n\n<li>Dynamique de r\u00e9seau et visibilit\u00e9 internationale\u00a0<\/li>\n\n<li>Attractivit\u00e9 du territoire : cadre de vie, tourisme nature<\/li>\n\n<li>Engagement collectif en faveur des zones humides\u00a0<\/li>\n\n<li>Partage et renforcement des connaissances<\/li>\n\n<li>Vitrine des zones humides : exemplarit\u00e9, r\u00e9f\u00e9rence, exp\u00e9rimentation<\/li>\n<\/ul>\n\n<p>En revanche une labellisation Ramsar n\u2019accorde pas \u00e0 la zone humide d\u2019effets juridique.<br \/>\u00c7a n\u2019est donc pas une protection forte. N\u00e9anmoins ce label pourra permettre par exemple d\u2019acc\u00e9l\u00e9rer des d\u00e9marches de protection des sites.<\/p>\n\n<p>\u00a0<\/p>\n\n<h2 class=\"wp-block-heading\">Pourquoi cette labellisation RAMSAR ?<\/h2>\n\n<figure class=\"wp-block-image size-large\"><img decoding=\"async\" class=\"wp-image-4610\" src=\"https:\/\/gepomay.fr\/wp-content\/uploads\/2024\/11\/2013.11.11_ADT8272-NIKON-D800E-LR-2-1024x576.jpg\" alt=\"\" \/>\n<figcaption class=\"wp-element-caption\">\u00a9 Gilles ADT 2013<\/figcaption>\n<\/figure>\n\n<p class=\"has-text-align-right\">\u00a0<\/p>\n\n<p>Dans le cadre du Plan National d\u2019Action en faveur du Crabier blanc, en partie financ\u00e9 par le programme europ\u00e9en Life BIODIV\u2019OM, le GEPOMAY a eu pour mission de prot\u00e9ger le Crabier et ses habitats. L\u2019action C4.1 du LIFE \u00ab mise en protection et valorisation des sites de reproduction \u00bb a pour objectif comme son nom l\u2019indique de prot\u00e9ger et valoriser les zones humides utiles au crabier, par le biais d\u2019APB (protection forte) ou de labellisation Ramsar (valorisation internationale).<br data-rich-text-line-break=\"true\" \/>Le GEPOMAY a pour objectif de labelliser Ramsar en 2023 le <span style=\"color: #333399;\"><strong>Lac Karihani<\/strong><\/span> et la <span style=\"color: #333399;\"><strong>Baie de Bou\u00e9ni<\/strong><\/span>.<\/p>\n<p>\u00a0<\/p>\n\n<h2 class=\"wp-block-heading\">Comment obtenir la labellisation RAMSAR<\/h2>\n\n<p style=\"text-align: left;\"><strong><span style=\"color: #333399;\">Pour obtenir la labellisation Ramsar, la zone humide doit cocher au moins l\u2019un des 9 crit\u00e8res de <br \/>labellisation. <\/span><\/strong><\/p>\n<p style=\"text-align: center;\"><span style=\"color: #333333;\"><em>Groupe A des Crit\u00e8res. Sites contenant des types de zones humides repr\u00e9sentatifs, rares ou uniques<\/em><\/span><\/p>\n<ul>\n<li><span style=\"color: #333399;\"><strong>Crit\u00e8re 1<\/strong><\/span> : Une zone humide devrait \u00eatre consid\u00e9r\u00e9e comme un site d&rsquo;importance internationale si elle contient un exemple repr\u00e9sentatif, rare ou unique de type de zone humide naturelle ou quasi naturelle de la r\u00e9gion biog\u00e9ographique concern\u00e9e.<\/li>\n<\/ul>\n<p style=\"text-align: center;\"><span style=\"color: #333333;\"><em>Groupe B des Crit\u00e8res. Sites d&rsquo;importance internationale pour la conservation de la diversit\u00e9 <\/em><\/span><br \/><span style=\"color: #333333;\"><em>biologique<\/em><\/span> <br \/><span style=\"color: #808080;\"><em>Crit\u00e8res tenant compte des esp\u00e8ces ou des communaut\u00e9s \u00e9cologiques<\/em><\/span><\/p>\n<ul>\n<li style=\"text-align: left;\"><span style=\"color: #333399;\"><strong>Crit\u00e8re 2<\/strong><\/span> : Une zone humide devrait \u00eatre consid\u00e9r\u00e9e comme un site d&rsquo;importance internationale si elle abrite des esp\u00e8ces vuln\u00e9rables, menac\u00e9es d&rsquo;extinction ou gravement menac\u00e9es d&rsquo;extinction ou des communaut\u00e9s \u00e9cologiques menac\u00e9es.\u00a0<\/li>\n<li style=\"text-align: left;\"><strong><span style=\"color: #333399;\">Crit\u00e8re 3<\/span><\/strong> : Une zone humide devrait \u00eatre consid\u00e9r\u00e9e comme un site d&rsquo;importance internationale si elle abrite des populations d&rsquo;esp\u00e8ces animales et\/ou v\u00e9g\u00e9tales importantes pour le maintien de la diversit\u00e9 biologique d&rsquo;une r\u00e9gion biog\u00e9ographique particuli\u00e8re.\u00a0<\/li>\n<li style=\"text-align: left;\"><strong><span style=\"color: #333399;\">Crit\u00e8re 4<\/span> <\/strong>: Une zone humide devrait \u00eatre consid\u00e9r\u00e9e comme un site d&rsquo;importance internationale si elle abrite des esp\u00e8ces v\u00e9g\u00e9tales et\/ou animales \u00e0 un stade critique de leur cycle de vie ou si elle sert de refuge dans des conditions difficiles.\u00a0<\/li>\n<\/ul>\n<p style=\"text-align: center;\"><span style=\"color: #808080;\"><em>Crit\u00e8res sp\u00e9cifiques tenant compte des oiseaux d&rsquo;eau\u00a0<\/em><\/span><\/p>\n<ul>\n<li style=\"text-align: left;\"><strong><span style=\"color: #333399;\">Crit\u00e8re 5<\/span> <\/strong>: Une zone humide devrait \u00eatre consid\u00e9r\u00e9e comme un site d&rsquo;importance internationale si elle abrite, habituellement, 20&rsquo;000 oiseaux d&rsquo;eau ou plus.\u00a0<\/li>\n<li style=\"text-align: left;\"><span style=\"color: #000080;\"><strong>Crit\u00e8re 6<\/strong><\/span>\u00a0: Une zone humide devrait \u00eatre consid\u00e9r\u00e9e comme un site d&rsquo;importance internationale si elle abrite, habituellement, 1% des individus d&rsquo;une population d&rsquo;une esp\u00e8ce ou sous esp\u00e8ce d&rsquo;oiseau d&rsquo;eau.\u00a0<\/li>\n<\/ul>\n<p style=\"text-align: center;\"><span style=\"color: #808080;\"><em>Crit\u00e8res sp\u00e9cifiques tenant compte des poissons <\/em><\/span><\/p>\n<ul>\n<li style=\"text-align: left;\"><strong><span style=\"color: #333399;\">Crit\u00e8re 7<\/span><\/strong> : Une zone humide devrait \u00eatre consid\u00e9r\u00e9e comme un site d&rsquo;importance internationale si elle abrite une proportion importante de sous-esp\u00e8ces, esp\u00e8ces ou familles de poissons indig\u00e8nes, d&rsquo;individus \u00e0 diff\u00e9rents stades du cycle de vie, d&rsquo;interactions intersp\u00e9cifiques et\/ou de populations repr\u00e9sentatives des avantages et\/ou des valeurs des zones humides et contribue ainsi \u00e0 la diversit\u00e9 biologique mondiale.\u00a0<\/li>\n<li style=\"text-align: left;\"><strong><span style=\"color: #333399;\">Crit\u00e8re 8<\/span><\/strong> : Une zone humide devrait \u00eatre consid\u00e9r\u00e9e comme un site d&rsquo;importance internationale si elle sert de source d&rsquo;alimentation importante pour les poissons, de fray\u00e8re, de zone d&rsquo;alevinage et\/ou de voie de migration dont d\u00e9pendent des stocks de poissons se trouvant dans la zone humide ou ailleurs.\u00a0<\/li>\n<\/ul>\n<p style=\"text-align: center;\"><span style=\"color: #808080;\"><em>Crit\u00e8re sp\u00e9cifique tenant compte d&rsquo;autres esp\u00e8ces<\/em><\/span><\/p>\n<ul>\n<li style=\"text-align: left;\"><strong><span style=\"color: #333399;\">Crit\u00e8re 9<\/span><\/strong> : Une zone humide devrait \u00eatre consid\u00e9r\u00e9e comme \u00e9tant d&rsquo;importance internationale si elle abrite r\u00e9guli\u00e8rement 1 % des individus d&rsquo;une population d&rsquo;une esp\u00e8ce ou sous-esp\u00e8ce animale d\u00e9pendant des zones humides mais n&rsquo;appartenant pas \u00e0 l&rsquo;avifaune.<\/li>\n<\/ul>\n<p>\u00a0<\/p>\n\n<h2 class=\"wp-block-heading\">Le Lac Karihani<\/h2>\n\n<div class=\"wp-block-columns is-layout-flex wp-container-7 wp-block-columns-is-layout-flex\">\n<div class=\"wp-block-column is-layout-flow wp-block-column-is-layout-flow\" style=\"flex-basis: 100%;\">\n<div class=\"wp-block-cover\" style=\"min-height: 278px;\"><img decoding=\"async\" width=\"969\" height=\"645\" class=\"wp-block-cover__image-background wp-image-4471\" src=\"https:\/\/gepomay.fr\/wp-content\/uploads\/2024\/06\/Karihani.GEPOMAY.jpg\" alt=\"\" data-object-fit=\"cover\" srcset=\"https:\/\/gepomay.fr\/wp-content\/uploads\/2024\/06\/Karihani.GEPOMAY.jpg 969w, https:\/\/gepomay.fr\/wp-content\/uploads\/2024\/06\/Karihani.GEPOMAY-300x200.jpg 300w\" sizes=\"(max-width: 969px) 100vw, 969px\" \/>\n<div class=\"wp-block-cover__inner-container is-layout-flow wp-block-cover-is-layout-flow\">\n<p class=\"has-text-align-center has-large-font-size\">\u00a0<\/p>\n<\/div>\n<\/div>\n<\/div>\n<\/div>\n\n<p>Le Lac Karihani est le seul lac naturel d&rsquo;eau douce de Mayotte.\u00a0 Il est aliment\u00e9 par les eaux de ruissellement et par les eaux de pluies. Il est le deuxi\u00e8me site qui accueille le plus grand nombre d&rsquo;oiseaux \u00e0 Mayotte. En effet, il est class\u00e9 comme une Zone Importante pour la Conservation des Oiseaux (ZICO). Il est consid\u00e9r\u00e9 comme le premier site d&rsquo;alimentation du Crabier blanc.\u00a0<\/p>\n<p>Le site est la propri\u00e9t\u00e9 du Conservatoire du Littoral. La gestion principale est au Conseil d\u00e9partemental et le GEPOMAY d\u00e9tient une d\u00e9l\u00e9gation de gestion.<\/p>\n<p>Du fait de son caract\u00e8re rare, de son accueil d\u2019une grande diversit\u00e9 d\u2019esp\u00e8ces animales comme v\u00e9g\u00e9tales et au vu de son utilisation par le Crabier blanc, le lac Karihani coche 4 des 9 crit\u00e8res pour la labellisation Ramsar :\u00a0<\/p>\n<ul>\n<li>Crit\u00e8re 1\u00a0<\/li>\n<li>Crit\u00e8re 2<\/li>\n<li>Crit\u00e8re 3<\/li>\n<li>Crit\u00e8re 4<\/li>\n<\/ul>\n<p>Dossiers compl\u00e9mentaires consultables\u00a0 :\u00a0<\/p>\n<ul>\n<li><a href=\"https:\/\/gepomay.fr\/wp-content\/uploads\/2026\/02\/RAMSAR_Lac_Karihani.pdf\">Cartographie<\/a>\u00a0<\/li>\n<li>Fiche descriptive RAMSAR<\/li>\n<li>Liste des membres du COPIL<\/li>\n<li><a href=\"https:\/\/gepomay.fr\/wp-content\/uploads\/2026\/03\/CR-RAMSAR-06112025-majLK.pdf\">CR de r\u00e9union 06\/11\/2025<\/a><\/li>\n<li><a href=\"https:\/\/gepomay.fr\/wp-content\/uploads\/2026\/02\/Lac-Karihani_Correspondants-du-site-VF.pdf\">Correspondants du site<\/a><\/li>\n<li><a href=\"https:\/\/gepomay.fr\/wp-content\/uploads\/2026\/02\/PdeG-simple-Dziani-Karihani-1ere-partie.pdf\">Plan de gestion (partie 1)<\/a><\/li>\n<li><a href=\"https:\/\/gepomay.fr\/wp-content\/uploads\/2026\/02\/PdeG-simple-Dziani-Karihani-2eme-partie.pdf\">Plan de gestion (partie 2)<\/a><\/li>\n<li><a href=\"https:\/\/gepomay.fr\/wp-content\/uploads\/2026\/02\/Lac-Karihani_Convention-de-Gestion.pdf\">Convention de gestion<\/a>\u00a0<\/li>\n<\/ul>\n<p>\u00a0<\/p>\n\n<h2 class=\"wp-block-heading\">La Baie de Bou\u00e9ni<\/h2>\n\n<div class=\"wp-block-cover\" style=\"min-height: 297px;\"><img decoding=\"async\" width=\"2560\" height=\"1707\" class=\"wp-block-cover__image-background wp-image-4604\" src=\"https:\/\/gepomay.fr\/wp-content\/uploads\/2024\/11\/DJI_0666-scaled.jpg\" alt=\"\" data-object-fit=\"cover\" srcset=\"https:\/\/gepomay.fr\/wp-content\/uploads\/2024\/11\/DJI_0666-scaled.jpg 2560w, https:\/\/gepomay.fr\/wp-content\/uploads\/2024\/11\/DJI_0666-scaled-300x200.jpg 300w, https:\/\/gepomay.fr\/wp-content\/uploads\/2024\/11\/DJI_0666-scaled-1024x683.jpg 1024w, https:\/\/gepomay.fr\/wp-content\/uploads\/2024\/11\/DJI_0666-scaled-2000x1334.jpg 2000w\" sizes=\"(max-width: 2560px) 100vw, 2560px\" \/>\n<div class=\"wp-block-cover__inner-container has-global-padding is-layout-constrained wp-block-cover-is-layout-constrained\">\n<p class=\"has-text-align-center has-large-font-size\">\u00a0<\/p>\n<\/div>\n<\/div>\n\n<p>La Baie de Bou\u00e9ni\u00a0 est une anse dans laquelle d\u00e9bouchent plusieurs cours d\u2019eau. Elle est compos\u00e9e d\u2019une diversit\u00e9 de milieux naturels et accueille notamment la plus grande\u00a0 mangrove non fragment\u00e9 de Mayotte avec plus de 182 ha . On retrouve dans la mangrove de la Baie de Bou\u00e9ni les sept esp\u00e8ces de pal\u00e9tuviers pr\u00e9sentes \u00e0 Mayotte. La mangrove accueille depuis 2013 une colonie de Crabier blanc.\u00a0<br \/>La for\u00eat d\u2019arri\u00e8re-mangrove situ\u00e9e dans la Baie est elle aussi une des plus remarquables de l\u2019\u00eele. Les arri\u00e8re-mangroves poss\u00e8dent \u00e9galement de nombreuses prairies humides, sites d&rsquo;alimentation des oiseaux d\u2019eau et jouent un r\u00f4le de stockage d\u2019eau et de CO2.\u00a0<\/p>\n<p>Le site est class\u00e9 Espace naturel Sensible (ENS).\u00a0<\/p>\n<p>Du fait de son caract\u00e8re rare, de son accueil d\u2019une grande diversit\u00e9 d\u2019esp\u00e8ces animales comme v\u00e9g\u00e9tales et au vu de son utilisation par le Crabier blanc, la Baie de Bou\u00e9ni coche 6 des 9 crit\u00e8res pour la labellisation Ramsar :\u00a0<\/p>\n<ul>\n<li>Crit\u00e8re 1\u00a0<\/li>\n<li>Crit\u00e8re 2<\/li>\n<li>Crit\u00e8re 3<\/li>\n<li>Crit\u00e8re 4<\/li>\n<li>Crit\u00e8re 6\u00a0<\/li>\n<li>Crit\u00e8re 8<\/li>\n<\/ul>\n<p>Dossiers compl\u00e9mentaires consultables\u00a0 :\u00a0<\/p>\n<ul>\n<li><a href=\"https:\/\/gepomay.fr\/wp-content\/uploads\/2026\/02\/Baie-de-Boueni-Limite-de-site.png\">Cartographie<\/a>\u00a0<\/li>\n<li>Fiche descriptive RAMSAR<\/li>\n<li><a href=\"https:\/\/gepomay.fr\/wp-content\/uploads\/2026\/02\/Baie-de-Boueni_Liste-des-membres-du-comite-de-suivis-RAMSAR.pdf\">Liste des membres du COPIL <\/a><\/li>\n<li>CR de r\u00e9union<\/li>\n<li><a href=\"https:\/\/gepomay.fr\/wp-content\/uploads\/2026\/02\/Baie-de-Boueni_Correspondants-du-site-VF.pdf\">Correspondants du site<\/a><\/li>\n<li><a href=\"https:\/\/gepomay.fr\/wp-content\/uploads\/2026\/02\/Baie-de-Boueni-ONF-Plan-damenagement_Mangroves_vCCAF.pdf\">Plan d&rsquo;am\u00e9nagement forestier des mangroves (ONF)<\/a><\/li>\n<li><a href=\"https:\/\/gepomay.fr\/wp-content\/uploads\/2026\/02\/Baie-de-Boueni_Convention-de-gestion-CdL-CCSUD-GEPOMAY.pdf\">Convention de gestion<\/a>\u00a0<\/li>\n<\/ul>\n<p>\u00a0<\/p>\n<p><strong>Et retrouvez <a href=\"https:\/\/gepomay.fr\/wp-content\/uploads\/2026\/02\/20251106_PTT-comite-de-suivi-RAMSAR.pptx\">ici la pr\u00e9sentation<\/a> faite lors du Comit\u00e9 de suivi du 6 novembre 2025 relative \u00e0 la labellisation de nos 2 sites RAMSAR.<\/strong><\/p>\n\t\t\t\t\t\t\t\t<\/div>\n\t\t\t\t<\/div>\n\t\t\t\t\t<\/div>\n\t\t\t\t<\/div>\n\t\t\t\t<\/div>\n\t\t","protected":false},"excerpt":{"rendered":"<p>Qu&rsquo;est ce que la labellisation RAMSAR ? L&rsquo;int\u00e9r\u00eat du label est de valoriser une zone humide d&rsquo;importance internationale via ses caract\u00e9ristiques \u00e9cologiques, mais aussi via sa gestion et ses activit\u00e9s durables, ainsi que son patrimoine culturel. \u00a0 Les avantages de ce label :\u00a0\u00a0 En revanche une labellisation Ramsar n\u2019accorde pas \u00e0 la zone humide d\u2019effets &hellip; <\/p>\n<p class=\"link-more\"><a href=\"https:\/\/gepomay.fr\/index.php\/labellisation-ramsar\/\" class=\"more-link\">Lire la suite de<span class=\"screen-reader-text\">\u00ab\u00a0Labellisation RAMSAR\u00a0\u00bb<\/span><\/a><\/p>\n","protected":false},"author":1,"featured_media":0,"parent":0,"menu_order":0,"comment_status":"closed","ping_status":"closed","template":"","meta":{"footnotes":""},"_links":{"self":[{"href":"https:\/\/gepomay.fr\/index.php\/wp-json\/wp\/v2\/pages\/4580"}],"collection":[{"href":"https:\/\/gepomay.fr\/index.php\/wp-json\/wp\/v2\/pages"}],"about":[{"href":"https:\/\/gepomay.fr\/index.php\/wp-json\/wp\/v2\/types\/page"}],"author":[{"embeddable":true,"href":"https:\/\/gepomay.fr\/index.php\/wp-json\/wp\/v2\/users\/1"}],"replies":[{"embeddable":true,"href":"https:\/\/gepomay.fr\/index.php\/wp-json\/wp\/v2\/comments?post=4580"}],"version-history":[{"count":16,"href":"https:\/\/gepomay.fr\/index.php\/wp-json\/wp\/v2\/pages\/4580\/revisions"}],"predecessor-version":[{"id":6590,"href":"https:\/\/gepomay.fr\/index.php\/wp-json\/wp\/v2\/pages\/4580\/revisions\/6590"}],"wp:attachment":[{"href":"https:\/\/gepomay.fr\/index.php\/wp-json\/wp\/v2\/media?parent=4580"}],"curies":[{"name":"wp","href":"https:\/\/api.w.org\/{rel}","templated":true}]}}