{"id":4226,"date":"2023-10-09T13:35:54","date_gmt":"2023-10-09T10:35:54","guid":{"rendered":"https:\/\/gepomay.fr\/?page_id=4226"},"modified":"2025-07-22T12:28:26","modified_gmt":"2025-07-22T09:28:26","slug":"le-gepomay-representant-officiel-a-mayotte-de-la-lpo-agir-pour-la-biodiversite","status":"publish","type":"page","link":"https:\/\/gepomay.fr\/index.php\/gepomay\/partenaires\/le-gepomay-representant-officiel-a-mayotte-de-la-lpo-agir-pour-la-biodiversite\/","title":{"rendered":"Repr\u00e9sentant officiel de la LPO"},"content":{"rendered":"\t\t<div data-elementor-type=\"wp-page\" data-elementor-id=\"4226\" class=\"elementor elementor-4226\">\n\t\t\t\t<div class=\"elementor-element elementor-element-bfbbbf9 e-flex e-con-boxed e-con e-parent\" data-id=\"bfbbbf9\" data-element_type=\"container\">\n\t\t\t\t\t<div class=\"e-con-inner\">\n\t\t\t\t<div class=\"elementor-element elementor-element-c0ddd4a elementor-widget elementor-widget-heading\" data-id=\"c0ddd4a\" data-element_type=\"widget\" data-widget_type=\"heading.default\">\n\t\t\t\t<div class=\"elementor-widget-container\">\n\t\t\t\t\t<h2 class=\"elementor-heading-title elementor-size-default\"><div style=\"background-color: #7caacb;color: white;padding: 5px 30px;border-radius: 30px;text-align: center;margin-bottom: 20px\">\n<h2 style=\"font-size: 22px;margin: 0;color: #ffffff;font-weight: bold\">Le GEPOMAY, repr\u00e9sentant officiel de la LPO \u00e0 Mayotte \u2013 Agir pour la Biodiversit\u00e9<\/h2><\/div><\/h2>\t\t\t\t<\/div>\n\t\t\t\t<\/div>\n\t\t\t\t<div class=\"elementor-element elementor-element-2369ae52 elementor-widget elementor-widget-text-editor\" data-id=\"2369ae52\" data-element_type=\"widget\" data-widget_type=\"text-editor.default\">\n\t\t\t\t<div class=\"elementor-widget-container\">\n\t\t\t\t\t\t\t\t\t<div style=\"overflow: hidden; margin-bottom: 20px;\">\n  <img decoding=\"async\" src=\"https:\/\/gepomay.fr\/wp-content\/uploads\/2023\/10\/RVB_LPO_LOGOTYPE_SIGNATURE_DROITE_HD-1-1024x442.png\"\n       alt=\"Logo LPO\"\n       style=\"float: right; margin-left: 20px; max-width: 160px; height: auto;\" \/>\n\n  <p style=\"font-size: 18px; color: #4a4a4a; line-height: 1.6; text-align: justify;\">\n    Forte de pr\u00e8s de 70 000 adh\u00e9rents, de 8 000 b\u00e9n\u00e9voles actifs et de 650 salari\u00e9s sur le territoire fran\u00e7ais,\n    la Ligue pour la Protection des Oiseaux est <strong>la premi\u00e8re association qui \u0153uvre pour la protection de la biodiversit\u00e9 en France<\/strong>.\n  <\/p>\n\n  <p style=\"font-size: 18px; color: #4a4a4a; line-height: 1.6; text-align: justify;\">\n    Elle agit pour la <strong>connaissance<\/strong> et la <strong>protection<\/strong> des esp\u00e8ces, la <strong>pr\u00e9servation<\/strong> des espaces naturels\n    (elle g\u00e8re 14 R\u00e9serves naturelles Nationales et 14 R\u00e9serves Naturelles r\u00e9gionales) en associant la soci\u00e9t\u00e9 civile\n    avec le programme \u00ab\u00a0Refuges LPO\u00a0\u00bb (50 000 et 65 000 ha pr\u00e9serv\u00e9s).\n  <\/p>\n\n  <p style=\"font-size: 18px; color: #4a4a4a; line-height: 1.6; text-align: justify;\">\n    Enfin, elle <strong>sensibilise<\/strong> et <strong>forme<\/strong> \u00e0 la biodiversit\u00e9 et mobilise les citoyens autour de ces enjeux.\n  <\/p>\n\n  <p style=\"font-size: 18px; color: #4a4a4a; line-height: 1.6; text-align: justify;\">\n    Elle est le repr\u00e9sentant de BirdLife International pour la France.\n  <\/p>\n<\/div>\n\n<h3 style=\"font-size: 24px; font-weight: bold; color: #1d5d9e; margin-bottom: 10px;\">\n  <strong style=\"color: #4a4a4a; font-size: 20px;\">Le GEPOMAY<\/strong>\n  <span style=\"color: #4a4a4a; font-size: 20px;\"> est son repr\u00e9sentant \u00e0 Mayotte. Dans cette mesure, il :<\/span>\n<\/h3>\n\n<ul style=\"font-size: 18px; color: #4a4a4a; line-height: 1.6;\">\n  <li><strong>Adapte<\/strong> au territoire les outils de la LPO qui ont d\u00e9j\u00e0 fait leur preuve en m\u00e9tropole : Refuges LPO, Faune, Oiseaux des Jardins, comptages Wetlands International, etc.<\/li>\n  <li><strong>R\u00e9alise<\/strong> des projets en commun tels que des programmes europ\u00e9ens LIFE.<\/li>\n  <li><strong>Participe<\/strong> au r\u00e9seau Outre-mer de la LPO au travers d&rsquo;\u00e9changes sur les actions.<\/li>\n  <li><strong>Valorise<\/strong> ce partenariat avec la LPO aupr\u00e8s des acteurs du territoire.<\/li>\n<\/ul>\n\t\t\t\t\t\t\t\t<\/div>\n\t\t\t\t<\/div>\n\t\t\t\t\t<\/div>\n\t\t\t\t<\/div>\n\t\t\t\t<\/div>\n\t\t","protected":false},"excerpt":{"rendered":"<p>Le GEPOMAY, repr\u00e9sentant officiel de la LPO \u00e0 Mayotte \u2013 Agir pour la Biodiversit\u00e9 Forte de pr\u00e8s de 70 000 adh\u00e9rents, de 8 000 b\u00e9n\u00e9voles actifs et de 650 salari\u00e9s sur le territoire fran\u00e7ais, la Ligue pour la Protection des Oiseaux est la premi\u00e8re association qui \u0153uvre pour la protection de la biodiversit\u00e9 en France. &hellip; <\/p>\n<p class=\"link-more\"><a href=\"https:\/\/gepomay.fr\/index.php\/gepomay\/partenaires\/le-gepomay-representant-officiel-a-mayotte-de-la-lpo-agir-pour-la-biodiversite\/\" class=\"more-link\">Lire la suite de<span class=\"screen-reader-text\">\u00ab\u00a0Repr\u00e9sentant officiel de la LPO\u00a0\u00bb<\/span><\/a><\/p>\n","protected":false},"author":1,"featured_media":0,"parent":714,"menu_order":1,"comment_status":"closed","ping_status":"closed","template":"","meta":{"footnotes":""},"_links":{"self":[{"href":"https:\/\/gepomay.fr\/index.php\/wp-json\/wp\/v2\/pages\/4226"}],"collection":[{"href":"https:\/\/gepomay.fr\/index.php\/wp-json\/wp\/v2\/pages"}],"about":[{"href":"https:\/\/gepomay.fr\/index.php\/wp-json\/wp\/v2\/types\/page"}],"author":[{"embeddable":true,"href":"https:\/\/gepomay.fr\/index.php\/wp-json\/wp\/v2\/users\/1"}],"replies":[{"embeddable":true,"href":"https:\/\/gepomay.fr\/index.php\/wp-json\/wp\/v2\/comments?post=4226"}],"version-history":[{"count":31,"href":"https:\/\/gepomay.fr\/index.php\/wp-json\/wp\/v2\/pages\/4226\/revisions"}],"predecessor-version":[{"id":5882,"href":"https:\/\/gepomay.fr\/index.php\/wp-json\/wp\/v2\/pages\/4226\/revisions\/5882"}],"up":[{"embeddable":true,"href":"https:\/\/gepomay.fr\/index.php\/wp-json\/wp\/v2\/pages\/714"}],"wp:attachment":[{"href":"https:\/\/gepomay.fr\/index.php\/wp-json\/wp\/v2\/media?parent=4226"}],"curies":[{"name":"wp","href":"https:\/\/api.w.org\/{rel}","templated":true}]}}