{"id":4199,"date":"2023-10-03T15:34:53","date_gmt":"2023-10-03T12:34:53","guid":{"rendered":"https:\/\/gepomay.fr\/?page_id=4199"},"modified":"2025-07-22T11:24:44","modified_gmt":"2025-07-22T08:24:44","slug":"oiseaux-des-jardins-de-mayotte","status":"publish","type":"page","link":"https:\/\/gepomay.fr\/index.php\/projets\/oiseaux-des-jardins-de-mayotte\/","title":{"rendered":"ODJM &#8211; Oiseaux des jardins de Mayotte"},"content":{"rendered":"\t\t<div data-elementor-type=\"wp-page\" data-elementor-id=\"4199\" class=\"elementor elementor-4199\">\n\t\t\t\t<div class=\"elementor-element elementor-element-3b2d85dc e-flex e-con-boxed e-con e-parent\" data-id=\"3b2d85dc\" data-element_type=\"container\">\n\t\t\t\t\t<div class=\"e-con-inner\">\n\t\t\t\t<div class=\"elementor-element elementor-element-2ad578f6 elementor-widget elementor-widget-text-editor\" data-id=\"2ad578f6\" data-element_type=\"widget\" data-widget_type=\"text-editor.default\">\n\t\t\t\t<div class=\"elementor-widget-container\">\n\t\t\t\t\t\t\t\t\t<p><\/p>\n<p><\/p>\n<p style=\"text-align: justify;\"><span style=\"color: #000000;\">Inspir\u00e9 du protocole \u00ab <strong>Oiseaux des jardins<\/strong> \u00bb mis en place par la LPO et le Mus\u00e9um national d\u2019Histoire naturelle depuis 2012, le GEPOMAY propose en 2023 une variante pour l\u2019\u00eele au parfum. L\u2019objectif est double\u00a0: familiariser le public mahorais avec les oiseaux communs et promouvoir les Sciences participatives avec la plateforme Faune Mayotte.<\/span><\/p>\n<p><\/p>\n<p><\/p>\n<figure class=\"wp-block-image size-full\" style=\"margin: 0; width: 100%; display: block; overflow: hidden;\"><img fetchpriority=\"high\" decoding=\"async\" width=\"960\" height=\"240\" class=\"wp-image-4206\" style=\"width: 100%; height: auto; display: block; object-fit: cover;\" src=\"https:\/\/gepomay.fr\/wp-content\/uploads\/2023\/10\/Bandeau-ODJM-1.jpg\" alt=\"\" srcset=\"https:\/\/gepomay.fr\/wp-content\/uploads\/2023\/10\/Bandeau-ODJM-1.jpg 960w, https:\/\/gepomay.fr\/wp-content\/uploads\/2023\/10\/Bandeau-ODJM-1-300x75.jpg 300w\" sizes=\"(max-width: 960px) 100vw, 960px\" \/><\/figure>\n<p><\/p>\n<p><\/p>\n<p style=\"text-align: justify;\"><span style=\"color: #000000;\">Du 30 octobre au 6 novembre 2023, vous \u00eates invit\u00e9s \u00e0 noter une fois un matin les oiseaux pr\u00e9sents dans votre jardin.<\/span><\/p>\n<p style=\"text-align: justify;\"><span style=\"color: #000000;\">Rendez-vous dans votre jardin, dans un parc \u00e0 proximit\u00e9, sur votre balcon, sur votre promenade pr\u00e9f\u00e9r\u00e9e\u2026 et pendant 10 minutes, observer et \u00e9couter les oiseaux qui vous entoure.<\/span><\/p>\n<p style=\"text-align: justify;\"><span style=\"color: #000000;\">Nous vous conseillons de r\u00e9aliser votre comptage entre 6 et 9h, au-del\u00e0 vous ne verrez pas autant d\u2019oiseaux.<\/span><\/p>\n<p style=\"text-align: justify;\"><span style=\"color: #000000;\">Notez le maximum d\u2019individus d\u2019une m\u00eame esp\u00e8ce pr\u00e9sents au m\u00eame moment, qu\u2019ils soient vus ou entendus. Vous ne garderez sur les 10 minutes que le \u00ab\u00a0record\u00a0\u00bb d\u2019observations simultan\u00e9es pour chaque esp\u00e8ce.<\/span><\/p>\n<p style=\"text-align: justify;\"><span style=\"color: #000000;\">La saisie est facilit\u00e9e sur l\u2019application Naturalist : installez l\u2019application sur votre smartphone, cr\u00e9ez un compte sur Faune ou identifiez-vous, et d\u00e9marrez la saisie par liste. Sinon notez bien l\u2019heure de d\u00e9but et de fin et vos observations, vous pourrez les saisir ult\u00e9rieurement sur le site Faune Mayotte.<\/span><\/p>\n<p><\/p>\n<p><\/p>\n<figure class=\"wp-block-image size-full\"><img decoding=\"async\" width=\"960\" height=\"240\" class=\"wp-image-4201\" src=\"https:\/\/gepomay.fr\/wp-content\/uploads\/2023\/10\/Bandeau-ODJM.jpg\" alt=\"\" srcset=\"https:\/\/gepomay.fr\/wp-content\/uploads\/2023\/10\/Bandeau-ODJM.jpg 960w, https:\/\/gepomay.fr\/wp-content\/uploads\/2023\/10\/Bandeau-ODJM-300x75.jpg 300w\" sizes=\"(max-width: 960px) 100vw, 960px\" \/>\n<p>\u00a0<\/p>\n<figcaption>Retrouver tous les tutos pour ces 4 \u00e9tapes sur faune-mayotte.org dans la rubrique aide et tutos<\/figcaption>\n<\/figure>\n<p><\/p>\n<p><\/p>\n<p style=\"text-align: justify;\"><span style=\"color: #000000;\">Les informations ainsi r\u00e9colt\u00e9es pourront \u00eatre analys\u00e9es pour participer \u00e0 l\u2019estimation des tailles de population pr\u00e9vue pour la fin de l\u2019ann\u00e9e. Ces donn\u00e9es suppl\u00e9mentaires seront pr\u00e9cieuses pour affiner la mise \u00e0 jour de la Liste rouge des oiseaux de Mayotte de l\u2019UICN voir d\u2019\u00e9valuer la r\u00e9partition et l\u2019\u00e9volution des populations au cours du temps si l\u2019op\u00e9ration est reconduite.<\/span><\/p>\n<p style=\"text-align: justify;\"><span style=\"color: #000000;\">En cas de doute sur une esp\u00e8ce\u00a0: soit vous avez pu prendre une photo et nous la partagez avec votre observation (les experts valideurs pourront ainsi v\u00e9rifier), soit ne notez rien. Il vaut mieux ne rien \u00e9crire que de noter une erreur. Rassurez-vous de nombreux oiseaux sont tr\u00e8s faciles \u00e0 reconna\u00eetre et il est de plus en plus facile de les identifier en prenant l\u2019habitude de les observer.<\/span><\/p>\n<p><\/p>\t\t\t\t\t\t\t\t<\/div>\n\t\t\t\t<\/div>\n\t\t\t\t<div class=\"elementor-element elementor-element-802828c elementor-widget elementor-widget-spacer\" data-id=\"802828c\" data-element_type=\"widget\" data-widget_type=\"spacer.default\">\n\t\t\t\t<div class=\"elementor-widget-container\">\n\t\t\t\t\t\t\t<div class=\"elementor-spacer\">\n\t\t\t<div class=\"elementor-spacer-inner\"><\/div>\n\t\t<\/div>\n\t\t\t\t\t\t<\/div>\n\t\t\t\t<\/div>\n\t\t\t\t\t<\/div>\n\t\t\t\t<\/div>\n\t\t\t\t<\/div>\n\t\t","protected":false},"excerpt":{"rendered":"<p>Inspir\u00e9 du protocole \u00ab Oiseaux des jardins \u00bb mis en place par la LPO et le Mus\u00e9um national d\u2019Histoire naturelle depuis 2012, le GEPOMAY propose en 2023 une variante pour l\u2019\u00eele au parfum. L\u2019objectif est double\u00a0: familiariser le public mahorais avec les oiseaux communs et promouvoir les Sciences participatives avec la plateforme Faune Mayotte. Du &hellip; <\/p>\n<p class=\"link-more\"><a href=\"https:\/\/gepomay.fr\/index.php\/projets\/oiseaux-des-jardins-de-mayotte\/\" class=\"more-link\">Lire la suite de<span class=\"screen-reader-text\">\u00ab\u00a0ODJM &#8211; Oiseaux des jardins de Mayotte\u00a0\u00bb<\/span><\/a><\/p>\n","protected":false},"author":1,"featured_media":0,"parent":223,"menu_order":6,"comment_status":"closed","ping_status":"closed","template":"","meta":{"footnotes":""},"_links":{"self":[{"href":"https:\/\/gepomay.fr\/index.php\/wp-json\/wp\/v2\/pages\/4199"}],"collection":[{"href":"https:\/\/gepomay.fr\/index.php\/wp-json\/wp\/v2\/pages"}],"about":[{"href":"https:\/\/gepomay.fr\/index.php\/wp-json\/wp\/v2\/types\/page"}],"author":[{"embeddable":true,"href":"https:\/\/gepomay.fr\/index.php\/wp-json\/wp\/v2\/users\/1"}],"replies":[{"embeddable":true,"href":"https:\/\/gepomay.fr\/index.php\/wp-json\/wp\/v2\/comments?post=4199"}],"version-history":[{"count":13,"href":"https:\/\/gepomay.fr\/index.php\/wp-json\/wp\/v2\/pages\/4199\/revisions"}],"predecessor-version":[{"id":5850,"href":"https:\/\/gepomay.fr\/index.php\/wp-json\/wp\/v2\/pages\/4199\/revisions\/5850"}],"up":[{"embeddable":true,"href":"https:\/\/gepomay.fr\/index.php\/wp-json\/wp\/v2\/pages\/223"}],"wp:attachment":[{"href":"https:\/\/gepomay.fr\/index.php\/wp-json\/wp\/v2\/media?parent=4199"}],"curies":[{"name":"wp","href":"https:\/\/api.w.org\/{rel}","templated":true}]}}