{"id":4060,"date":"2023-06-15T16:19:59","date_gmt":"2023-06-15T13:19:59","guid":{"rendered":"https:\/\/gepomay.fr\/?page_id=4060"},"modified":"2025-07-22T11:07:22","modified_gmt":"2025-07-22T08:07:22","slug":"faune-mayotte","status":"publish","type":"page","link":"https:\/\/gepomay.fr\/index.php\/benevoles\/faune-mayotte\/","title":{"rendered":"Faune-Mayotte"},"content":{"rendered":"\t\t<div data-elementor-type=\"wp-page\" data-elementor-id=\"4060\" class=\"elementor elementor-4060\">\n\t\t\t\t<div class=\"elementor-element elementor-element-42169ac4 e-flex e-con-boxed e-con e-parent\" data-id=\"42169ac4\" data-element_type=\"container\">\n\t\t\t\t\t<div class=\"e-con-inner\">\n\t\t\t\t<div class=\"elementor-element elementor-element-c418e51 elementor-widget elementor-widget-heading\" data-id=\"c418e51\" data-element_type=\"widget\" data-widget_type=\"heading.default\">\n\t\t\t\t<div class=\"elementor-widget-container\">\n\t\t\t\t\t<h2 class=\"elementor-heading-title elementor-size-default\"><div class=\"elementor-element elementor-element-246053c elementor-widget elementor-widget-heading\" data-id=\"246053c\" data-element_type=\"widget\" data-widget_type=\"heading.default\">\n\t\t\t\t<div class=\"elementor-widget-container\">\n\t\t\t\t\t<h2 class=\"elementor-heading-title elementor-size-default\"><!-- Section contexte-->\n<div style=\"background-color: #7caacb;color: white;padding: 10px 30px;border-radius: 30px;text-align: center;margin-bottom: 20px\">\n<h2 style=\"font-size: 22px;margin: 0;color: #ffffff;font-weight: bold\">Observez, partagez, prot\u00e9gez <\/h2><\/h2>\t\t\t\t<\/div>\n\t\t\t\t<\/div>\n\t\t\t\t<div class=\"elementor-element elementor-element-ae2ee14 elementor-widget elementor-widget-text-editor\" data-id=\"ae2ee14\" data-element_type=\"widget\" data-widget_type=\"text-editor.default\">\n\t\t\t\t<div class=\"elementor-widget-container\">\n\t\t\t\t\t\t\t\t\t<p><style>\n  .intro-section {\n    display: flex;\n    flex-wrap: wrap;\n    align-items: flex-start;\n    gap: 20px;\n    margin-bottom: 30px;\n  }\n\n  .intro-section img {\n    max-width: 100px;\n    height: auto;\n    flex-shrink: 0;\n  }\n\n  .intro-text {\n    flex: 1 1 250px;\n    font-family: Roboto, sans-serif;\n    color: #000;\n    font-size: 18px;\n    line-height: 1.6;\n    text-align: justify;\n  }\n\n  @media (max-width: 600px) {\n    .intro-section {\n      flex-direction: column;\n      align-items: center;\n      text-align: left;\n    }\n\n    .intro-text {\n      text-align: left;\n    }\n  }\n<\/style><\/p>\n<div class=\"intro-section\"><img decoding=\"async\" src=\"https:\/\/gepomay.fr\/wp-content\/uploads\/2022\/09\/NaturaList-300x300.png\" alt=\"Logo NaturaList\" \/>\n<div class=\"intro-text\">\n<p>La plateforme <a style=\"color: #000000;\" href=\"http:\/\/www.faune-mayotte.org\">www.faune-mayotte.org<\/a> est ouverte au public depuis 2022 gr\u00e2ce aux financements du programme Life BIODIV&rsquo;OM. Ce nouvel outil de science participative, administr\u00e9 par le GEPOMAY, permet de recenser les esp\u00e8ces animales de Mayotte \u00e0 large \u00e9chelle, dans le temps et l\u2019espace.<\/p>\n<p>Partout sur l&rsquo;\u00eele, chacun\u00b7e peut saisir ses observations de la faune, les partager et les analyser. Gr\u00e2ce \u00e0 l&rsquo;application <strong>NaturaList<\/strong>, synchronis\u00e9e \u00e0 Faune-Mayotte, il est \u00e9galement possible d\u2019enregistrer ses donn\u00e9es directement depuis un smartphone.<\/p>\n<\/div>\n<\/div>\t\t\t\t\t\t\t\t<\/div>\n\t\t\t\t<\/div>\n\t\t\t\t<div class=\"elementor-element elementor-element-7f6380a elementor-widget elementor-widget-text-editor\" data-id=\"7f6380a\" data-element_type=\"widget\" data-widget_type=\"text-editor.default\">\n\t\t\t\t<div class=\"elementor-widget-container\">\n\t\t\t\t\t\t\t\t\t<p><style>\n  .objectif-section {\n    background-color: #e6f0ff;\n    padding: 18px 20px;\n    border-left: 5px solid #1f5fa0; \/* bleu fonc\u00e9 *\/\n    border-radius: 7px;\n    margin-bottom: 25px;\n    font-family: Roboto, sans-serif;\n    font-size: 1rem;\n    width: 100%;\n    box-sizing: border-box; \/* important pour que padding ne d\u00e9borde pas *\/\n    max-width: 100vw; \/* s'assure pas de d\u00e9bordement horizontal *\/\n  }\n\n  .objectif-section h3 {\n    color: #2d5572;\n    margin-top: 0;\n    font-size: 1.3rem;\n    margin-bottom: 12px;\n  }\n\n  .objectif-section p {\n    color: #000000;\n    font-weight: 400;\n    font-size: 1rem;\n    text-align: justify;\n    line-height: 1.6;\n    margin-bottom: 14px;\n  }\n\n  .objectif-section h4 {\n    color: #2d5572;\n    font-weight: 600;\n    text-align: center;\n    font-size: 1.05rem;\n    margin-top: 18px;\n  }\n\n  \/* Adaptation responsive *\/\n  @media (max-width: 768px) {\n    .objectif-section {\n      font-size: 0.95rem;\n      padding: 15px 16px;\n    }\n    .objectif-section h3 {\n      font-size: 1.15rem;\n    }\n    .objectif-section h4 {\n      font-size: 1rem;\n    }\n  }\n<\/style><\/p>\n<div class=\"objectif-section\">\n<h3>Les objectifs<\/h3>\n<p>Partie int\u00e9grante du r\u00e9seau Visionature, <strong>Faune-Mayotte<\/strong> a pour but de constituer une base de donn\u00e9es de la faune \u00e0 l\u2019\u00e9chelle du territoire. Elle permet d\u2019am\u00e9liorer nos connaissances sur la biodiversit\u00e9 mahoraise et constitue une aide \u00e0 la gestion et \u00e0 la protection des milieux.<\/p>\n<h4>Chaque observation est utile et renforce nos connaissances et nos actions en faveur de la faune : alimenter des inventaires faunistiques, comprendre l\u2019\u00e9volution des populations ou encore prot\u00e9ger un site naturel\u2026<\/h4>\n<\/div>\t\t\t\t\t\t\t\t<\/div>\n\t\t\t\t<\/div>\n\t\t\t\t<div class=\"elementor-element elementor-element-4ff1200 elementor-widget elementor-widget-heading\" data-id=\"4ff1200\" data-element_type=\"widget\" data-widget_type=\"heading.default\">\n\t\t\t\t<div class=\"elementor-widget-container\">\n\t\t\t\t\t<h2 class=\"elementor-heading-title elementor-size-default\"><div class=\"elementor-element elementor-element-246053c elementor-widget elementor-widget-heading\" data-id=\"246053c\" data-element_type=\"widget\" data-widget_type=\"heading.default\">\n\t\t\t\t<div class=\"elementor-widget-container\">\n\t\t\t\t\t<h2 class=\"elementor-heading-title elementor-size-default\"><!-- Section contexte-->\n<div style=\"background-color: #7caacb;color: white;padding: 10px 30px;border-radius: 30px;text-align: center;margin-bottom: 20px\">\n<h2 style=\"font-size: 22px;margin: 0;color: #ffffff;font-weight: bold\">Concr\u00e8tement <\/h2><\/h2>\t\t\t\t<\/div>\n\t\t\t\t<\/div>\n\t\t\t\t<div class=\"elementor-element elementor-element-8279510 elementor-widget elementor-widget-text-editor\" data-id=\"8279510\" data-element_type=\"widget\" data-widget_type=\"text-editor.default\">\n\t\t\t\t<div class=\"elementor-widget-container\">\n\t\t\t\t\t\t\t\t\t<div class=\"intro-text\">\n<p>Dans un premier temps, huit groupes taxonomiques sont disponibles \u00e0 la saisie :\u00a0<\/span><\/p>\n<ul style=\"text-align: justify;\">\n<li style=\"font-weight: 400;\" aria-level=\"1\"><span style=\"font-weight: 400; color: #000000;\">Oiseaux<\/span><\/li>\n<li style=\"font-weight: 400;\" aria-level=\"1\"><span style=\"font-weight: 400; color: #000000;\">Reptiles<\/span><\/li>\n<li style=\"font-weight: 400;\" aria-level=\"1\"><span style=\"font-weight: 400; color: #000000;\">Amphibiens<\/span><\/li>\n<li style=\"font-weight: 400;\" aria-level=\"1\"><span style=\"font-weight: 400; color: #000000;\">Odonates (libellules)<\/span><\/li>\n<li style=\"font-weight: 400;\" aria-level=\"1\"><span style=\"font-weight: 400; color: #000000;\">Rhopaloc\u00e8res (papillons de jour)<\/span><\/li>\n<li style=\"font-weight: 400;\" aria-level=\"1\"><span style=\"font-weight: 400; color: #000000;\">Chiropt\u00e8res<\/span><\/li>\n<li style=\"font-weight: 400;\" aria-level=\"1\"><span style=\"font-weight: 400; color: #000000;\">Mammif\u00e8res terrestres\u00a0<\/span><\/li>\n<li style=\"font-weight: 400;\" aria-level=\"1\"><span style=\"color: #000000;\"><span style=\"font-weight: 400;\"><span style=\"font-weight: 400;\">Mammif\u00e8res marins : <\/span><\/span>La saisie des Mammif\u00e8res marins est mise en place et optimis\u00e9e sur la plateforme <a style=\"color: #000000;\" href=\"https:\/\/www.tsiono.fr\/\" target=\"_blank\" rel=\"noopener\">Tsi\u00d4no<\/a>, g\u00e9r\u00e9e par le Parc Naturel Marin de Mayotte. Ainsi, nous incitons fortement les observateurs \u00e0 partager leurs observations de la faune marine sur Tsi\u00d4no.\u00a0 \u00a0<\/span><\/li>\n<\/ul>\n<p style=\"text-align: justify;\"><span style=\"font-weight: 400; color: #000000;\">En parall\u00e8le de la saisie, la plateforme propose des aides \u00e0 l\u2019identification des esp\u00e8ces, des nouvelles au sujet de la faune mahoraise et une galerie photo participative. Gr\u00e2ce notamment aux retours des utilisateurs, ces \u00e9l\u00e9ments sont en \u00e9volution et en am\u00e9lioration constante..<\/p>\n<\/div>\t\t\t\t\t\t\t\t<\/div>\n\t\t\t\t<\/div>\n\t\t\t\t<div class=\"elementor-element elementor-element-fb0af21 elementor-widget elementor-widget-text-editor\" data-id=\"fb0af21\" data-element_type=\"widget\" data-widget_type=\"text-editor.default\">\n\t\t\t\t<div class=\"elementor-widget-container\">\n\t\t\t\t\t\t\t\t\t<div style=\"text-align: center;\">\n<p style=\"display: inline-block; margin-right: 10px; vertical-align: middle; font-size: 18px; color: #333333;\">Plus d\u2019infos \u2192<\/p>\n<a style=\"display: inline-block; padding: 10px 20px; background-color: #8de3d7; color: #000000; text-decoration: none; border-radius: 5px; font-weight: bold; font-size: 20px; vertical-align: middle;\" href=\"mailto:communication@gepomay.fr\"> communication@gepomay.fr <\/a><\/div>\t\t\t\t\t\t\t\t<\/div>\n\t\t\t\t<\/div>\n\t\t\t\t<div class=\"elementor-element elementor-element-e866df5 elementor-widget elementor-widget-spacer\" data-id=\"e866df5\" data-element_type=\"widget\" data-widget_type=\"spacer.default\">\n\t\t\t\t<div class=\"elementor-widget-container\">\n\t\t\t\t\t\t\t<div class=\"elementor-spacer\">\n\t\t\t<div class=\"elementor-spacer-inner\"><\/div>\n\t\t<\/div>\n\t\t\t\t\t\t<\/div>\n\t\t\t\t<\/div>\n\t\t\t\t<div class=\"elementor-element elementor-element-99e85ed elementor-widget elementor-widget-text-editor\" data-id=\"99e85ed\" data-element_type=\"widget\" data-widget_type=\"text-editor.default\">\n\t\t\t\t<div class=\"elementor-widget-container\">\n\t\t\t\t\t\t\t\t\t<p><span style=\"color: #ffffff; font-size: 2pt;\">xx<\/span><\/p>\t\t\t\t\t\t\t\t<\/div>\n\t\t\t\t<\/div>\n\t\t\t\t<div class=\"elementor-element elementor-element-2d2b3ed elementor-widget elementor-widget-text-editor\" data-id=\"2d2b3ed\" data-element_type=\"widget\" data-widget_type=\"text-editor.default\">\n\t\t\t\t<div class=\"elementor-widget-container\">\n\t\t\t\t\t\t\t\t\t<style>\n  .video-section {\n    display: flex;\n    flex-direction: column;\n    gap: 30px;\n    margin-bottom: 30px;\n    align-items: center; \/* centre horizontalement tous les blocs *\/\n    padding: 0 10px; \/* un petit padding horizontal sur petits \u00e9crans *\/\n  }\n\n  .video-block {\n    width: 100%;\n    max-width: 800px;\n  }\n\n  .video-block iframe,\n  .video-block video {\n    width: 100%;\n    height: auto;\n    aspect-ratio: 16 \/ 9;\n    border-radius: 8px;\n    display: block;\n  }\n\n  .video-block figcaption {\n    text-align: center;\n    font-size: 15px;\n    color: #555;\n    margin-top: 5px;\n  }\n\n  @media (max-width: 768px) {\n    .video-block iframe,\n    .video-block video {\n      aspect-ratio: 4 \/ 3;\n    }\n  }\n<\/style>\n\n<div class=\"video-section\">\n  <figure class=\"video-block\">\n    <iframe title=\"Version shimaoraise\" src=\"https:\/\/www.youtube.com\/embed\/XSD4V8kTYkE\" frameborder=\"0\" allowfullscreen><\/iframe>\n    <figcaption>Version shimaoraise<\/figcaption>\n  <\/figure>\n\n  <figure class=\"video-block\">\n    <iframe title=\"Version fran\u00e7aise\" src=\"https:\/\/www.youtube.com\/embed\/VMdOq8-brp8\" frameborder=\"0\" allowfullscreen><\/iframe>\n    <figcaption>Version fran\u00e7aise<\/figcaption>\n  <\/figure>\n\n  <figure class=\"video-block\">\n    <video src=\"https:\/\/gepomay.fr\/wp-content\/uploads\/2023\/10\/Inscrivez-vous-sur-Faune-Mayotte.mp4\" controls><\/video>\n    <figcaption>Inscription sur Faune Mayotte<\/figcaption>\n  <\/figure>\n\n  <figure class=\"video-block\">\n    <video src=\"https:\/\/gepomay.fr\/wp-content\/uploads\/2023\/10\/Saisie-sur-Naturalist.mp4\" controls><\/video>\n    <figcaption>Utilisation de l&rsquo;application Naturalist<\/figcaption>\n  <\/figure>\n<\/div>\n\n<div style=\"max-width: 800px; margin: 0 auto; font-size: 16px; line-height: 1.6; padding: 0 10px;\">\n  <p><strong>Nous remercions la <a href=\"https:\/\/www.lpo.fr\/\" target=\"_blank\" rel=\"noopener\">LPO France<\/a> (\u00e9quipe Faune-France), le <a href=\"http:\/\/www.gepog.org\/\" target=\"_blank\" rel=\"noopener\">GEPOG<\/a> (\u00e9quipe Faune-Guyane) et la <a href=\"https:\/\/www.seor.fr\/\" target=\"_blank\" rel=\"noopener\">SEOR<\/a> (\u00e9quipe Faune-R\u00e9union) pour leur soutien lors de la mise en place et du d\u00e9veloppement de la plateforme.<\/strong><\/p>\n<\/div>\n\t\t\t\t\t\t\t\t<\/div>\n\t\t\t\t<\/div>\n\t\t\t\t<div class=\"elementor-element elementor-element-3673b60 elementor-widget elementor-widget-text-editor\" data-id=\"3673b60\" data-element_type=\"widget\" data-widget_type=\"text-editor.default\">\n\t\t\t\t<div class=\"elementor-widget-container\">\n\t\t\t\t\t\t\t\t\t<p><span style=\"color: #ffffff; font-size: 2pt;\">xx<\/span><\/p>\t\t\t\t\t\t\t\t<\/div>\n\t\t\t\t<\/div>\n\t\t\t\t<div class=\"elementor-element elementor-element-cc04067 elementor-widget elementor-widget-text-editor\" data-id=\"cc04067\" data-element_type=\"widget\" data-widget_type=\"text-editor.default\">\n\t\t\t\t<div class=\"elementor-widget-container\">\n\t\t\t\t\t\t\t\t\t<style>\n  .encadre-bleu-clair {\n    background-color: #e6f2ff; \/* bleu clair *\/\n    border-left: 6px solid #1f5fa0; \/* bleu plus fonc\u00e9 comme demand\u00e9 *\/\n    padding: 18px 20px;\n    border-radius: 8px;\n    font-family: Arial, sans-serif;\n    color: #003366;\n    margin-bottom: 30px;\n    width: 100%;\n    box-sizing: border-box;\n    max-width: 100vw;\n    font-size: 1rem;\n  }\n\n  .encadre-bleu-clair h2 {\n    color: #003399;\n    margin-top: 0;\n    font-size: 1.6rem;\n  }\n\n  .encadre-bleu-clair h3 {\n    color: #0059b3;\n    margin-bottom: 8px;\n    font-size: 1.3rem;\n  }\n\n  .encadre-bleu-clair a {\n    color: #0066cc;\n    text-decoration: underline;\n  }\n\n  .encadre-bleu-clair a:hover {\n    text-decoration: none;\n  }\n\n  @media (max-width: 600px) {\n    .encadre-bleu-clair {\n      padding: 15px 16px;\n      font-size: 0.95rem;\n    }\n    .encadre-bleu-clair h2 {\n      font-size: 1.3rem;\n    }\n    .encadre-bleu-clair h3 {\n      font-size: 1.1rem;\n    }\n  }\n<\/style>\n\n<div class=\"encadre-bleu-clair\">\n  <h2>En Pratique<\/h2>\n  <h3>S&rsquo;inscrire sur Faune Mayotte<\/h3>\n  <p>Rendez-vous sur <a href=\"https:\/\/www.faune-mayotte.org\/index.php\" target=\"_blank\" rel=\"noopener\">Faune Mayotte<\/a> et suivez le guide !<\/p>\n  <h3>Utiliser Naturalist<\/h3>\n  <p>Il peut \u00eatre pratique de noter ses observations directement depuis son t\u00e9l\u00e9phone, par exemple lorsque nous sommes sur le terrain. D\u00e9couvrez l&rsquo;<a href=\"https:\/\/play.google.com\/store\/apps\/details?id=ch.biolovision.naturalist&amp;hl=fr\" target=\"_blank\" rel=\"noopener\">application Naturalist<\/a> associ\u00e9e \u00e0 votre compte Faune !<\/p>\n  <p>Vous retrouverez plus d&rsquo;aide et de conseils dans la rubrique <strong>Aide et tutos<\/strong> en bas \u00e0 gauche du menu sur <a href=\"https:\/\/www.faune-mayotte.org\/index.php\" target=\"_blank\" rel=\"noopener\">Faune-Mayotte.org<\/a>.<\/p>\n<\/div>\n\t\t\t\t\t\t\t\t<\/div>\n\t\t\t\t<\/div>\n\t\t\t\t<div class=\"elementor-element elementor-element-99d8c25 elementor-widget elementor-widget-text-editor\" data-id=\"99d8c25\" data-element_type=\"widget\" data-widget_type=\"text-editor.default\">\n\t\t\t\t<div class=\"elementor-widget-container\">\n\t\t\t\t\t\t\t\t\t<p><span style=\"color: #ffffff;\">xxx<\/span><\/p>\t\t\t\t\t\t\t\t<\/div>\n\t\t\t\t<\/div>\n\t\t\t\t\t<\/div>\n\t\t\t\t<\/div>\n\t\t\t\t<\/div>\n\t\t","protected":false},"excerpt":{"rendered":"<p>Observez, partagez, prot\u00e9gez La plateforme www.faune-mayotte.org est ouverte au public depuis 2022 gr\u00e2ce aux financements du programme Life BIODIV&rsquo;OM. Ce nouvel outil de science participative, administr\u00e9 par le GEPOMAY, permet de recenser les esp\u00e8ces animales de Mayotte \u00e0 large \u00e9chelle, dans le temps et l\u2019espace. Partout sur l&rsquo;\u00eele, chacun\u00b7e peut saisir ses observations de la &hellip; <\/p>\n<p class=\"link-more\"><a href=\"https:\/\/gepomay.fr\/index.php\/benevoles\/faune-mayotte\/\" class=\"more-link\">Lire la suite de<span class=\"screen-reader-text\">\u00ab\u00a0Faune-Mayotte\u00a0\u00bb<\/span><\/a><\/p>\n","protected":false},"author":1,"featured_media":0,"parent":2123,"menu_order":3,"comment_status":"closed","ping_status":"closed","template":"","meta":{"footnotes":""},"_links":{"self":[{"href":"https:\/\/gepomay.fr\/index.php\/wp-json\/wp\/v2\/pages\/4060"}],"collection":[{"href":"https:\/\/gepomay.fr\/index.php\/wp-json\/wp\/v2\/pages"}],"about":[{"href":"https:\/\/gepomay.fr\/index.php\/wp-json\/wp\/v2\/types\/page"}],"author":[{"embeddable":true,"href":"https:\/\/gepomay.fr\/index.php\/wp-json\/wp\/v2\/users\/1"}],"replies":[{"embeddable":true,"href":"https:\/\/gepomay.fr\/index.php\/wp-json\/wp\/v2\/comments?post=4060"}],"version-history":[{"count":36,"href":"https:\/\/gepomay.fr\/index.php\/wp-json\/wp\/v2\/pages\/4060\/revisions"}],"predecessor-version":[{"id":5823,"href":"https:\/\/gepomay.fr\/index.php\/wp-json\/wp\/v2\/pages\/4060\/revisions\/5823"}],"up":[{"embeddable":true,"href":"https:\/\/gepomay.fr\/index.php\/wp-json\/wp\/v2\/pages\/2123"}],"wp:attachment":[{"href":"https:\/\/gepomay.fr\/index.php\/wp-json\/wp\/v2\/media?parent=4060"}],"curies":[{"name":"wp","href":"https:\/\/api.w.org\/{rel}","templated":true}]}}