{"id":241,"date":"2019-09-16T10:38:33","date_gmt":"2019-09-16T07:38:33","guid":{"rendered":"http:\/\/gepomay.fr\/?page_id=241"},"modified":"2026-02-11T17:28:40","modified_gmt":"2026-02-11T14:28:40","slug":"programme-dactivite","status":"publish","type":"page","link":"https:\/\/gepomay.fr\/index.php\/test\/programme-dactivite\/","title":{"rendered":"Programme d&rsquo;activit\u00e9s et de sorties"},"content":{"rendered":"\t\t<div data-elementor-type=\"wp-page\" data-elementor-id=\"241\" class=\"elementor elementor-241\">\n\t\t\t\t<div class=\"elementor-element elementor-element-5ba0dbe1 e-con-full e-flex e-con e-parent\" data-id=\"5ba0dbe1\" data-element_type=\"container\">\n\t\t\t\t<div class=\"elementor-element elementor-element-151c1c3 elementor-widget elementor-widget-heading\" data-id=\"151c1c3\" data-element_type=\"widget\" data-widget_type=\"heading.default\">\n\t\t\t\t<div class=\"elementor-widget-container\">\n\t\t\t\t\t<h2 class=\"elementor-heading-title elementor-size-default\"><!-- Section contexte-->\n<div>\n<h2>Sorties ornithologiques \u00e0 destination des adh\u00e9rent.e.s et\/ou du grand public<\/h2><\/h2>\t\t\t\t<\/div>\n\t\t\t\t<\/div>\n\t\t\t\t<div class=\"elementor-element elementor-element-9d39917 elementor-widget elementor-widget-text-editor\" data-id=\"9d39917\" data-element_type=\"widget\" data-widget_type=\"text-editor.default\">\n\t\t\t\t<div class=\"elementor-widget-container\">\n\t\t\t\t\t\t\t\t\t<div style=\"text-align: center; padding: 20px; background-color: #f0f8ff; border-radius: 10px; margin: 30px auto; max-width: 800px;\">\n<h2 style=\"color: #007b7f; font-size: 24px; font-weight: bold; margin-bottom: 20px;\">JMZH : sortie mangrove et arri\u00e8re-mangrove de la baie de Bou\u00e9ni<\/h2>\n<p style=\"font-size: 18px; color: #333333; margin-bottom: 15px;\"><b>\ud83d\udcc5 Date : Samedi 14 f\u00e9vrier 2026<\/b><\/p>\n<p style=\"font-size: 18px; color: #333333; margin-bottom: 15px;\"><b>\u00e0 partir de 8h30<\/b> : Au programme, 3h d&rsquo;observation au sein d&rsquo;un des milieux les plus rares et menac\u00e9s \u00e0 Mayotte.<\/p>\n<p style=\"font-size: 18px; color: #333333; margin-bottom: 15px;\">\ud83d\udccdRendez-vous \u00e0 8h30 au niveau de l&rsquo;arr\u00eat de bus \u00e0 l&rsquo;entr\u00e9e du village de Mir\u00e9r\u00e9ni de Chirongui (vous verrez un petit far\u00e9 en m\u00e9tal rouge).<\/p>\n<p><strong>GRATUIT, ouvert \u00e0 tout public<\/strong><\/p>\n<p style=\"font-size: 18px; color: #333333; margin-bottom: 15px;\"><strong>\ud83d\udcde Infos :<\/strong> 0639 02 61 11 | <a style=\"background-color: #f0f8ff; color: #007b7f;\" href=\"mailto:animation@gepomay.fr\">animation@gepomay.fr<\/a><\/p>\n<div style=\"margin-bottom: 20px;\"><a style=\"display: inline-block; background-color: #33cccc; color: white; font-size: 16px; font-weight: bold; padding: 10px 25px; border-radius: 5px; text-decoration: none; margin-right: 15px;\" href=\"https:\/\/www.helloasso.com\/associations\/gepomay\/adhesions\/en-2026-j-adhere-au-gepomay\" target=\"_blank\" rel=\"noopener\"> Adh\u00e9sion obligatoire ici <\/a> <a style=\"display: inline-block; background-color: #33cccc; color: white; font-size: 16px; font-weight: bold; padding: 10px 25px; border-radius: 5px; text-decoration: none;\" href=\"https:\/\/www.helloasso.com\/associations\/gepomay\/evenements\/sortie-mangrove-et-arriere-mangrove-de-la-baie-de-boueni-jmzh-2026\" target=\"_blank\" rel=\"noopener\"> Inscription obligatoire ici <\/a><\/div>\n<div>\u00a0<\/div>\n<!-- Image en fin de bloc, grande et nette -->\n<div style=\"margin-top: 30px;\"><img fetchpriority=\"high\" decoding=\"async\" class=\"alignnone wp-image-6546 size-full\" src=\"https:\/\/gepomay.fr\/wp-content\/uploads\/2026\/02\/BdB-JMZH_vignette.png\" alt=\"\" width=\"1280\" height=\"720\" srcset=\"https:\/\/gepomay.fr\/wp-content\/uploads\/2026\/02\/BdB-JMZH_vignette.png 1280w, https:\/\/gepomay.fr\/wp-content\/uploads\/2026\/02\/BdB-JMZH_vignette-300x169.png 300w, https:\/\/gepomay.fr\/wp-content\/uploads\/2026\/02\/BdB-JMZH_vignette-1024x576.png 1024w\" sizes=\"(max-width: 1280px) 100vw, 1280px\" \/><\/div>\n<div>\u00a0<\/div>\n<\/div>\t\t\t\t\t\t\t\t<\/div>\n\t\t\t\t<\/div>\n\t\t\t\t<div class=\"elementor-element elementor-element-3381343 elementor-widget elementor-widget-text-editor\" data-id=\"3381343\" data-element_type=\"widget\" data-widget_type=\"text-editor.default\">\n\t\t\t\t<div class=\"elementor-widget-container\">\n\t\t\t\t\t\t\t\t\t<p style=\"text-align: justify;\"><span style=\"color: #333333; font-family: var( --e-global-typography-text-font-family ), Sans-serif; font-weight: var( --e-global-typography-text-font-weight ); text-align: var(--text-align);\">Le GEPOMAY organise tous les mois des <\/span><b style=\"color: #333333; font-family: var( --e-global-typography-text-font-family ), Sans-serif; text-align: var(--text-align);\">sorties naturalistes\u00a0<\/b><span style=\"color: #333333; font-family: var( --e-global-typography-text-font-family ), Sans-serif; font-weight: var( --e-global-typography-text-font-weight ); text-align: var(--text-align);\">\u00e0 prix libre et pour tous types de public. D\u00e9couverte d&rsquo;un site d&rsquo;observation ou d&rsquo;une esp\u00e8ce, initiation \u00e0 l&rsquo;ornithologie ou randonn\u00e9e biodiversit\u00e9, ces sorties se d\u00e9roulent sous la forme de promenades d&rsquo;environ 3 heures avec des temps d&rsquo;observation. Vous aurez l&rsquo;occasion d&rsquo;utiliser des jumelles ou une longue-vue pour apprendre \u00e0 rep\u00e9rer les oiseaux et \u00e0 les reconna\u00eetre. Il s&rsquo;agit \u00e9galement d&rsquo;observer et de d\u00e9couvrir la biodiversit\u00e9 qui nous entoure.<\/span><\/p>\n<p style=\"text-align: justify;\"><span style=\"color: #333333;\"><!-- \/wp:paragraph --><\/span><\/p>\n<p style=\"text-align: justify;\"><!-- wp:paragraph --><\/p>\n<p style=\"text-align: justify;\"><span style=\"color: #333333;\">Les sorties peuvent avoir lieu partout sur l&rsquo;\u00eele mais nous privil\u00e9gions les sites d&rsquo;observation d&rsquo;oiseaux. Il faut penser \u00e0 s&rsquo;\u00e9quiper contre le soleil et la pluie et \u00e0 prendre assez d&rsquo;eau. Vous pourrez discuter de la nature qui vous entoure avec un\u00b7e animateur\u00b7ice sp\u00e9cialis\u00e9\u00b7\u00e9 voire un\u00b7e technicien\u00b7e ou un\u00b7e scientifique de l&rsquo;association.<\/span><\/p>\n<p style=\"text-align: justify;\"><span style=\"color: #333333;\"><!-- \/wp:paragraph --><\/span><\/p>\n<p style=\"text-align: justify;\"><!-- wp:paragraph --><\/p>\n<p style=\"text-align: justify;\"><span style=\"color: #333333;\">Les sorties sont r\u00e9serv\u00e9s aux adh\u00e9rent\u00b7e\u00b7s de l&rsquo;association. <strong>L&rsquo;adh\u00e9sion au GEPOMAY co\u00fbte 15\u20ac pour un premier membre puis 5\u20ac pour un membre familial suppl\u00e9mentaire et est valable sur toute la dur\u00e9e de l&rsquo;ann\u00e9e civile en cours<\/strong>. Il est possible d&rsquo;adh\u00e9rer en ligne, dans nos locaux \u00e0 Mir\u00e9r\u00e9ni ou \u00e0 l&rsquo;occasion d&rsquo;\u00e9v\u00e9nements sur lesquels vous retrouverez un stand du GEPOMAY.<\/span><\/p>\n<p style=\"text-align: justify;\"><span style=\"color: #333333;\"><!-- \/wp:paragraph --><\/span><\/p>\n<p style=\"text-align: justify;\"><!-- wp:paragraph --><\/p>\n<p style=\"text-align: justify;\"><span style=\"color: #333333;\">\u00c0 tr\u00e8s vite !<\/span><\/p>\n<p style=\"text-align: justify;\"><iframe id=\"haWidget\" style=\"width: 100%; height: 70px; border: none;\" src=\"https:\/\/www.helloasso.com\/associations\/gepomay\/adhesions\/en-2026-j-adhere-au-gepomay\/widget-bouton\"><\/iframe><\/p>\t\t\t\t\t\t\t\t<\/div>\n\t\t\t\t<\/div>\n\t\t\t\t<div class=\"elementor-element elementor-element-76bc859 elementor-widget elementor-widget-spacer\" data-id=\"76bc859\" data-element_type=\"widget\" data-widget_type=\"spacer.default\">\n\t\t\t\t<div class=\"elementor-widget-container\">\n\t\t\t\t\t\t\t<div class=\"elementor-spacer\">\n\t\t\t<div class=\"elementor-spacer-inner\"><\/div>\n\t\t<\/div>\n\t\t\t\t\t\t<\/div>\n\t\t\t\t<\/div>\n\t\t\t\t<div class=\"elementor-element elementor-element-524a7af elementor-widget elementor-widget-heading\" data-id=\"524a7af\" data-element_type=\"widget\" data-widget_type=\"heading.default\">\n\t\t\t\t<div class=\"elementor-widget-container\">\n\t\t\t\t\t<h2 class=\"elementor-heading-title elementor-size-default\"><!-- Section contexte-->\n<div>\n<h2>Programme d'activit\u00e9s et de sorties ornithologiques du GEPOMAY<\/h2><\/h2>\t\t\t\t<\/div>\n\t\t\t\t<\/div>\n\t\t\t\t<div class=\"elementor-element elementor-element-12f9708c elementor-widget elementor-widget-text-editor\" data-id=\"12f9708c\" data-element_type=\"widget\" data-widget_type=\"text-editor.default\">\n\t\t\t\t<div class=\"elementor-widget-container\">\n\t\t\t\t\t\t\t\t\t<p><!-- wp:heading {\"fontSize\":\"medium\"} --><\/p>\n<p style=\"text-align: justify;\"><span style=\"color: #333333; font-family: var( --e-global-typography-text-font-family ), Sans-serif; font-weight: var( --e-global-typography-text-font-weight ); text-align: var(--text-align);\">Les sorties peuvent accueillir un maximum de 15 participants par animateur du GEPOMAY et, sauf exceptions lors des \u00e9v\u00e9nements nationaux (JMZH, JIF,&#8230;), sont r\u00e9serv\u00e9es aux adh\u00e9rent\u00b7e\u00b7s : cela vous permet d&rsquo;\u00eatre couvert\u00b7e\u00b7s par notre assurance.<\/span><\/p>\n<p><span style=\"color: #333333;\">\u2192<\/span><strong> <a href=\"https:\/\/www.helloasso.com\/associations\/gepomay\/adhesions\/en-2026-j-adhere-au-gepomay\" target=\"_blank\" rel=\"noreferrer noopener\">Cliquez pour adh\u00e9rer<\/a> <\/strong><span style=\"color: #333333;\">(possibilit\u00e9 d&rsquo;adh\u00e9sion sur place). \u00a0<\/span><\/p>\n<p><!-- wp:heading {\"fontSize\":\"medium\"} --><\/p>\n<p style=\"text-align: justify;\"><span style=\"color: #333333; font-family: var( --e-global-typography-text-font-family ), Sans-serif; font-weight: var( --e-global-typography-text-font-weight ); text-align: var(--text-align);\">Toutes les sorties sont programm\u00e9es sous r\u00e9serve de conditions m\u00e9t\u00e9orologiques acceptables et le GEPOMAY se permettra d&rsquo;annuler une sortie si celle-ci ne s&rsquo;annonce pas assez s\u00e9curis\u00e9e au vu de l&rsquo;actualit\u00e9.<\/span><\/p>\n<p><!-- \/wp:paragraph --><\/p>\n<p><!-- wp:paragraph --><\/p>\n<p><!-- \/wp:paragraph --><\/p>\n<p><!-- wp:heading {\"fontSize\":\"medium\"} --><\/p>\n<p style=\"text-align: justify;\"><span style=\"color: #333333; font-family: var( --e-global-typography-text-font-family ), Sans-serif; font-weight: var( --e-global-typography-text-font-weight ); text-align: var(--text-align);\">Suite aux nombreux d\u00e9sistements de derni\u00e8re minute, les r\u00e9servations des sorties adh\u00e9rent\u00b7e\u00b7s seront obligatoires en ligne et \u00e0 un prix libre. Sauf justification s\u00e9rieuse, toute sortie annul\u00e9e moins de 48h \u00e0 l&rsquo;avance ne pourra malheureusement pas \u00eatre rembours\u00e9e. Ci-dessous le programme pr\u00e9visionnel des sorties de l&rsquo;ann\u00e9e.<\/span><\/p>\n<p><!-- \/wp:paragraph --><\/p>\n<p><!-- wp:paragraph {\"fontSize\":\"small\"} --><\/p>\n<p><span style=\"color: #333333;\"><strong>Les sorties gratuites peuvent \u00eatre r\u00e9serv\u00e9es aux adh\u00e9rent\u00b7e\u00b7s ou non : informations d\u00e9taill\u00e9es au cas par cas sur nos outils de communications.<\/strong><\/span><\/p>\n<p><!-- \/wp:paragraph --><\/p>\n<p><!-- wp:tadv\/classic-paragraph --><\/p>\n<p style=\"text-align: center;\"><span style=\"font-size: 14pt;\"><a style=\"display: inline-block; background-color: #33cccc; color: white; font-weight: bold; padding: 15px 30px; border-radius: 5px; text-decoration: none; text-align: center; margin-top: 20px;\" href=\"https:\/\/www.helloasso.com\/associations\/gepomay\" target=\"_blank\" rel=\"noopener\">Pour voir tous nos formulaires d&rsquo;inscription disponibles et r\u00e9server, c&rsquo;est par ici !<\/a><\/span><\/p>\n<p style=\"text-align: center;\"><span style=\"font-size: 14pt;\"><span style=\"text-decoration: underline;\"><span style=\"color: #2d5572; font-weight: bold; text-decoration: underline;\">Plus d&rsquo;infos :<\/span><\/span> <span style=\"color: #2d5572; font-weight: bold;\"> animation@gepomay.fr ; 0269 61 05 90 ; 0639 02 61 11<\/span><\/span><\/p>\n<p><!-- \/wp:tadv\/classic-paragraph --><\/p>\t\t\t\t\t\t\t\t<\/div>\n\t\t\t\t<\/div>\n\t\t\t\t<div class=\"elementor-element elementor-element-de7b8f6 elementor-widget elementor-widget-text-editor\" data-id=\"de7b8f6\" data-element_type=\"widget\" data-widget_type=\"text-editor.default\">\n\t\t\t\t<div class=\"elementor-widget-container\">\n\t\t\t\t\t\t\t\t\t<p style=\"display: flex; justify-content: center; gap: 15px;\"><img decoding=\"async\" class=\"alignnone wp-image-6478 size-full\" style=\"width: auto; height: 550px; max-width: 100%;\" src=\"https:\/\/gepomay.fr\/wp-content\/uploads\/2026\/01\/programme-2026_S1.png\" alt=\"\" width=\"1414\" height=\"2000\" srcset=\"https:\/\/gepomay.fr\/wp-content\/uploads\/2026\/01\/programme-2026_S1.png 1414w, https:\/\/gepomay.fr\/wp-content\/uploads\/2026\/01\/programme-2026_S1-212x300.png 212w, https:\/\/gepomay.fr\/wp-content\/uploads\/2026\/01\/programme-2026_S1-724x1024.png 724w\" sizes=\"(max-width: 1414px) 100vw, 1414px\" \/><\/p>\t\t\t\t\t\t\t\t<\/div>\n\t\t\t\t<\/div>\n\t\t\t\t<div class=\"elementor-element elementor-element-e0f45a2 elementor-widget-divider--view-line elementor-widget elementor-widget-divider\" data-id=\"e0f45a2\" data-element_type=\"widget\" data-widget_type=\"divider.default\">\n\t\t\t\t<div class=\"elementor-widget-container\">\n\t\t\t\t\t\t\t<div class=\"elementor-divider\">\n\t\t\t<span class=\"elementor-divider-separator\">\n\t\t\t\t\t\t<\/span>\n\t\t<\/div>\n\t\t\t\t\t\t<\/div>\n\t\t\t\t<\/div>\n\t\t\t\t<div class=\"elementor-element elementor-element-70a69c1 elementor-widget elementor-widget-spacer\" data-id=\"70a69c1\" data-element_type=\"widget\" data-widget_type=\"spacer.default\">\n\t\t\t\t<div class=\"elementor-widget-container\">\n\t\t\t\t\t\t\t<div class=\"elementor-spacer\">\n\t\t\t<div class=\"elementor-spacer-inner\"><\/div>\n\t\t<\/div>\n\t\t\t\t\t\t<\/div>\n\t\t\t\t<\/div>\n\t\t\t\t<\/div>\n\t\t<div class=\"elementor-element elementor-element-26445ae e-flex e-con-boxed e-con e-parent\" data-id=\"26445ae\" data-element_type=\"container\">\n\t\t\t\t\t<div class=\"e-con-inner\">\n\t\t\t\t\t<\/div>\n\t\t\t\t<\/div>\n\t\t<div class=\"elementor-element elementor-element-a2e76bd e-grid e-con-boxed e-con e-parent\" data-id=\"a2e76bd\" data-element_type=\"container\">\n\t\t\t\t\t<div class=\"e-con-inner\">\n\t\t\t\t\t<\/div>\n\t\t\t\t<\/div>\n\t\t\t\t<\/div>\n\t\t","protected":false},"excerpt":{"rendered":"<p>Sorties ornithologiques \u00e0 destination des adh\u00e9rent.e.s et\/ou du grand public JMZH : sortie mangrove et arri\u00e8re-mangrove de la baie de Bou\u00e9ni \ud83d\udcc5 Date : Samedi 14 f\u00e9vrier 2026 \u00e0 partir de 8h30 : Au programme, 3h d&rsquo;observation au sein d&rsquo;un des milieux les plus rares et menac\u00e9s \u00e0 Mayotte. \ud83d\udccdRendez-vous \u00e0 8h30 au niveau de &hellip; <\/p>\n<p class=\"link-more\"><a href=\"https:\/\/gepomay.fr\/index.php\/test\/programme-dactivite\/\" class=\"more-link\">Lire la suite de<span class=\"screen-reader-text\">\u00ab\u00a0Programme d&rsquo;activit\u00e9s et de sorties\u00a0\u00bb<\/span><\/a><\/p>\n","protected":false},"author":1,"featured_media":0,"parent":496,"menu_order":2,"comment_status":"closed","ping_status":"closed","template":"","meta":{"footnotes":""},"_links":{"self":[{"href":"https:\/\/gepomay.fr\/index.php\/wp-json\/wp\/v2\/pages\/241"}],"collection":[{"href":"https:\/\/gepomay.fr\/index.php\/wp-json\/wp\/v2\/pages"}],"about":[{"href":"https:\/\/gepomay.fr\/index.php\/wp-json\/wp\/v2\/types\/page"}],"author":[{"embeddable":true,"href":"https:\/\/gepomay.fr\/index.php\/wp-json\/wp\/v2\/users\/1"}],"replies":[{"embeddable":true,"href":"https:\/\/gepomay.fr\/index.php\/wp-json\/wp\/v2\/comments?post=241"}],"version-history":[{"count":278,"href":"https:\/\/gepomay.fr\/index.php\/wp-json\/wp\/v2\/pages\/241\/revisions"}],"predecessor-version":[{"id":6549,"href":"https:\/\/gepomay.fr\/index.php\/wp-json\/wp\/v2\/pages\/241\/revisions\/6549"}],"up":[{"embeddable":true,"href":"https:\/\/gepomay.fr\/index.php\/wp-json\/wp\/v2\/pages\/496"}],"wp:attachment":[{"href":"https:\/\/gepomay.fr\/index.php\/wp-json\/wp\/v2\/media?parent=241"}],"curies":[{"name":"wp","href":"https:\/\/api.w.org\/{rel}","templated":true}]}}