{"id":237,"date":"2019-09-16T10:37:02","date_gmt":"2019-09-16T07:37:02","guid":{"rendered":"http:\/\/gepomay.fr\/?page_id=237"},"modified":"2026-01-02T11:20:04","modified_gmt":"2026-01-02T08:20:04","slug":"adhesion","status":"publish","type":"page","link":"https:\/\/gepomay.fr\/index.php\/benevoles\/adhesion\/","title":{"rendered":"Adh\u00e9rer"},"content":{"rendered":"\t\t<div data-elementor-type=\"wp-page\" data-elementor-id=\"237\" class=\"elementor elementor-237\">\n\t\t\t\t<div class=\"elementor-element elementor-element-d97495f e-flex e-con-boxed e-con e-parent\" data-id=\"d97495f\" data-element_type=\"container\">\n\t\t\t\t\t<div class=\"e-con-inner\">\n\t\t\t\t<div class=\"elementor-element elementor-element-fbafcfe elementor-widget elementor-widget-text-editor\" data-id=\"fbafcfe\" data-element_type=\"widget\" data-widget_type=\"text-editor.default\">\n\t\t\t\t<div class=\"elementor-widget-container\">\n\t\t\t\t\t\t\t\t\t<p style=\"color: #333333; font-size: 18px; font-family: Arial, sans-serif; line-height: 1.5; margin-bottom: 15px; text-align: justify;\">L&rsquo;adh\u00e9sion au Groupe d&rsquo;\u00c9tudes et de Protection des Oiseaux de Mayotte est de <strong>15\u20ac l&rsquo;ann\u00e9e<\/strong> pour le membre principal (tarif r\u00e9duit \u00e0 5\u20ac), puis 5\u20ac par membre familial suppl\u00e9mentaire. Cette cotisation est valable durant toute l&rsquo;ann\u00e9e civile. Toute adh\u00e9sion pay\u00e9e \u00e0 partir du 1er novembre de l&rsquo;ann\u00e9e permet d&rsquo;\u00eatre \u00e0 jour de cotisation pour l&rsquo;ann\u00e9e suivante.<\/p><p style=\"color: #333333; font-size: 18px; font-family: Arial, sans-serif; line-height: 1.5; margin-bottom: 15px; text-align: justify;\">En adh\u00e9rant au GEPOMAY, vous avez acc\u00e8s \u00e0 nos sorties d\u00e9couverte organis\u00e9es tous les mois. Vous recevez \u00e9galement une newsletter tous les 2 mois : des petites anecdotes de la vie associative aux r\u00e9sultats de nos actions, en passant par les rendez-vous \u00e0 ne pas manquer et nos plus belles ou nos pires photos. La newsletter du GEPOMAY, c&rsquo;est le devant de la sc\u00e8ne mais aussi les coulisses de votre association.<\/p><p style=\"color: #333333; font-size: 18px; font-family: Arial, sans-serif; line-height: 1.5; margin-bottom: 15px; text-align: justify;\">Vous pouvez adh\u00e9rer en visitant notre page Hello Asso (o\u00f9 vous trouverez \u00e9galement nos autres formulaires pour notre boutique et nos sorties) en cliquant sur le bouton ci-apr\u00e8s, ou directement via le formulaire ci-dessous.<\/p>\t\t\t\t\t\t\t\t<\/div>\n\t\t\t\t<\/div>\n\t\t\t\t<div class=\"elementor-element elementor-element-28bdeb5 elementor-widget elementor-widget-text-editor\" data-id=\"28bdeb5\" data-element_type=\"widget\" data-widget_type=\"text-editor.default\">\n\t\t\t\t<div class=\"elementor-widget-container\">\n\t\t\t\t\t\t\t\t\t<iframe id=\"haWidget\" allowtransparency=\"true\" src=\"https:\/\/www.helloasso.com\/associations\/gepomay\/adhesions\/en-2026-j-adhere-au-gepomay\/widget-bouton\" style=\"width: 100%; height: 70px; border: none;\" onload=\"window.addEventListener( 'message', function(e) { const dataHeight = e.data.height; const haWidgetElement = document.getElementById('haWidget'); haWidgetElement.height = dataHeight + 'px'; } )\" ><\/iframe>\t\t\t\t\t\t\t\t<\/div>\n\t\t\t\t<\/div>\n\t\t\t\t\t<\/div>\n\t\t\t\t<\/div>\n\t\t<div class=\"elementor-element elementor-element-3903b77 e-flex e-con-boxed e-con e-parent\" data-id=\"3903b77\" data-element_type=\"container\">\n\t\t\t\t\t<div class=\"e-con-inner\">\n\t\t\t\t<div class=\"elementor-element elementor-element-0ab8a13 elementor-widget elementor-widget-text-editor\" data-id=\"0ab8a13\" data-element_type=\"widget\" data-widget_type=\"text-editor.default\">\n\t\t\t\t<div class=\"elementor-widget-container\">\n\t\t\t\t\t\t\t\t\t<iframe id=\"haWidget\" allowtransparency=\"true\" src=\"https:\/\/www.helloasso.com\/associations\/gepomay\/adhesions\/en-2026-j-adhere-au-gepomay\/widget\" style=\"width: 100%; border: none;\" onload=\"window.addEventListener( 'message', function(e) { const dataHeight = e.data.height; const haWidgetElement = document.getElementById('haWidget'); haWidgetElement.height = dataHeight + 'px'; } )\" ><\/iframe>\t\t\t\t\t\t\t\t<\/div>\n\t\t\t\t<\/div>\n\t\t\t\t\t<\/div>\n\t\t\t\t<\/div>\n\t\t<div class=\"elementor-element elementor-element-dcde712 e-flex e-con-boxed e-con e-parent\" data-id=\"dcde712\" data-element_type=\"container\">\n\t\t\t\t\t<div class=\"e-con-inner\">\n\t\t\t\t<div class=\"elementor-element elementor-element-8cd8547 elementor-widget elementor-widget-heading\" data-id=\"8cd8547\" data-element_type=\"widget\" data-widget_type=\"heading.default\">\n\t\t\t\t<div class=\"elementor-widget-container\">\n\t\t\t\t\t<h2 class=\"elementor-heading-title elementor-size-default\"><h3>\n    Pourquoi les sorties sont-elles r\u00e9serv\u00e9es aux adh\u00e9rent\u00b7e\u00b7s ?<\/h3><\/h2>\t\t\t\t<\/div>\n\t\t\t\t<\/div>\n\t\t\t\t<div class=\"elementor-element elementor-element-149782b elementor-widget elementor-widget-text-editor\" data-id=\"149782b\" data-element_type=\"widget\" data-widget_type=\"text-editor.default\">\n\t\t\t\t<div class=\"elementor-widget-container\">\n\t\t\t\t\t\t\t\t\t<p style=\"color: #333333; font-size: 18px; font-family: 'Arial', sans-serif; line-height: 1.5; margin-bottom: 15px;\">Effectivement, \u00e0 part lors d&rsquo;\u00e9v\u00e9nements totalement gratuits et d&rsquo;ampleur nationale, il est obligatoire d&rsquo;\u00eatre adh\u00e9rent\u00b7e \u00e0 l&rsquo;association pour faire une sortie GEPOMAY. Il s&rsquo;agit simplement d&rsquo;une question d&rsquo;assurance : si vous adh\u00e9rez, nous serons en mesure de vous couvrir en cas de blessure durant la sortie, il vaut mieux \u00eatre pr\u00e9voyant.<\/p>\t\t\t\t\t\t\t\t<\/div>\n\t\t\t\t<\/div>\n\t\t\t\t<div class=\"elementor-element elementor-element-9784a42 elementor-widget elementor-widget-heading\" data-id=\"9784a42\" data-element_type=\"widget\" data-widget_type=\"heading.default\">\n\t\t\t\t<div class=\"elementor-widget-container\">\n\t\t\t\t\t<h2 class=\"elementor-heading-title elementor-size-default\"><h3>Adh\u00e9rer, c'est d\u00e9j\u00e0 s'engager<\/h3><\/h2>\t\t\t\t<\/div>\n\t\t\t\t<\/div>\n\t\t\t\t<div class=\"elementor-element elementor-element-7cc0cd3 elementor-widget elementor-widget-text-editor\" data-id=\"7cc0cd3\" data-element_type=\"widget\" data-widget_type=\"text-editor.default\">\n\t\t\t\t<div class=\"elementor-widget-container\">\n\t\t\t\t\t\t\t\t\t<p style=\"color: #333333; font-size: 18px; font-family: 'Arial', sans-serif; line-height: 1.5; margin-bottom: 15px;\">Votre adh\u00e9sion t\u00e9moigne de votre soutien aux valeurs et aux missions port\u00e9es par le GEPOMAY. Nous sommes fiers d&rsquo;avoir un r\u00e9seau d&rsquo;adh\u00e9rent\u00b7e\u00b7s renouvel\u00e9 chaque ann\u00e9e et toujours curieux de nos actions. Il existe d&rsquo;autres mani\u00e8res de s&rsquo;engager :<\/p>\n<ul style=\"color: #333333; font-size: 18px;\">\n<li><a style=\"color: #007b7f;\" href=\"https:\/\/gepomay.fr\/index.php\/benevoles\/devenir-benevole\/\" target=\"_blank\" rel=\"noopener\">Devenez b\u00e9n\u00e9vole sur le terrain ou lors d&rsquo;\u00e9v\u00e9nements<\/a> ;<\/li>\n<li><a style=\"color: #007b7f;\" href=\"https:\/\/www.faune-mayotte.org\/index.php?m_id=1164&amp;a=1#FN1\" target=\"_blank\" rel=\"noopener\">Partagez vos observations de la faune sur la plateforme naturaliste Faune-Mayotte<\/a> ;<\/li>\n<li><a style=\"color: #007b7f;\" href=\"https:\/\/gepomay.fr\/index.php\/benevoles\/creer-un-refuge-pour-la-biodiversite\/\" target=\"_blank\" rel=\"noopener\">Cr\u00e9ez un refuge pour la biodiversit\u00e9<\/a> ;<\/li>\n<li><a style=\"color: #007b7f;\" href=\"https:\/\/gepomay.fr\/index.php\/benevoles\/faire-un-don\/\" target=\"_blank\" rel=\"noopener\">Faites un don \u00e0 l&rsquo;association<\/a>.<\/li>\n<\/ul>\t\t\t\t\t\t\t\t<\/div>\n\t\t\t\t<\/div>\n\t\t\t\t\t<\/div>\n\t\t\t\t<\/div>\n\t\t<div class=\"elementor-element elementor-element-83f5ff6 e-flex e-con-boxed e-con e-parent\" data-id=\"83f5ff6\" data-element_type=\"container\">\n\t\t\t\t\t<div class=\"e-con-inner\">\n\t\t\t\t<div class=\"elementor-element elementor-element-0e9232b elementor-widget elementor-widget-spacer\" data-id=\"0e9232b\" data-element_type=\"widget\" data-widget_type=\"spacer.default\">\n\t\t\t\t<div class=\"elementor-widget-container\">\n\t\t\t\t\t\t\t<div class=\"elementor-spacer\">\n\t\t\t<div class=\"elementor-spacer-inner\"><\/div>\n\t\t<\/div>\n\t\t\t\t\t\t<\/div>\n\t\t\t\t<\/div>\n\t\t\t\t<div class=\"elementor-element elementor-element-383cde7 elementor-widget elementor-widget-text-editor\" data-id=\"383cde7\" data-element_type=\"widget\" data-widget_type=\"text-editor.default\">\n\t\t\t\t<div class=\"elementor-widget-container\">\n\t\t\t\t\t\t\t\t\t<style>\n  .image-row {\n    display: flex;\n    flex-wrap: wrap;\n    gap: 10px;\n    justify-content: center;\n    margin-bottom: 10px;\n  }\n\n  .image-row figure {\n    flex: 1 1 calc(33.33% - 10px);\n    margin: 0;\n    border-radius: 5px;\n    overflow: hidden;\n    text-align: center;\n  }\n\n  .image-row img {\n    width: 100%;\n    height: 300px;\n    object-fit: cover;\n    display: block;\n  }\n\n  .image-row figcaption {\n    font-size: 13px;\n    color: #555;\n    padding: 6px 0;\n  }\n\n  .common-caption {\n    font-size: 14px;\n    color: #555;\n    text-align: center;\n    margin-top: 5px;\n    font-style: italic;\n  }\n\n  @media (max-width: 768px) {\n    .image-row figure {\n      flex: 1 1 100%;\n    }\n  }\n<\/style>\n\n<div class=\"image-row\">\n  <figure>\n    <img decoding=\"async\" src=\"https:\/\/gepomay.fr\/wp-content\/uploads\/2023\/05\/IMG20220508133818-scaled.jpg\" alt=\"IMG20220508133818\" \/>\n    <figcaption><\/figcaption>\n  <\/figure>\n  <figure>\n    <img decoding=\"async\" src=\"https:\/\/gepomay.fr\/wp-content\/uploads\/2023\/05\/IMG20220508132226-1-scaled.jpg\" alt=\"IMG20220508132226\" \/>\n    <figcaption><\/figcaption>\n  <\/figure>\n  <figure>\n    <img decoding=\"async\" src=\"https:\/\/gepomay.fr\/wp-content\/uploads\/2023\/05\/IMG20220508132331-scaled.jpg\" alt=\"IMG20220508132331\" \/>\n    <figcaption><\/figcaption>\n  <\/figure>\n<\/div>\n\n<p class=\"common-caption\">Des moments de partage et de convivialit\u00e9 au GEPOMAY \u2013 \u00a9GEPOMAY<\/p>\n\t\t\t\t\t\t\t\t<\/div>\n\t\t\t\t<\/div>\n\t\t\t\t<div class=\"elementor-element elementor-element-4ba9312 elementor-widget elementor-widget-spacer\" data-id=\"4ba9312\" data-element_type=\"widget\" data-widget_type=\"spacer.default\">\n\t\t\t\t<div class=\"elementor-widget-container\">\n\t\t\t\t\t\t\t<div class=\"elementor-spacer\">\n\t\t\t<div class=\"elementor-spacer-inner\"><\/div>\n\t\t<\/div>\n\t\t\t\t\t\t<\/div>\n\t\t\t\t<\/div>\n\t\t\t\t\t<\/div>\n\t\t\t\t<\/div>\n\t\t\t\t<\/div>\n\t\t","protected":false},"excerpt":{"rendered":"<p>L&rsquo;adh\u00e9sion au Groupe d&rsquo;\u00c9tudes et de Protection des Oiseaux de Mayotte est de 15\u20ac l&rsquo;ann\u00e9e pour le membre principal (tarif r\u00e9duit \u00e0 5\u20ac), puis 5\u20ac par membre familial suppl\u00e9mentaire. Cette cotisation est valable durant toute l&rsquo;ann\u00e9e civile. Toute adh\u00e9sion pay\u00e9e \u00e0 partir du 1er novembre de l&rsquo;ann\u00e9e permet d&rsquo;\u00eatre \u00e0 jour de cotisation pour l&rsquo;ann\u00e9e &hellip; <\/p>\n<p class=\"link-more\"><a href=\"https:\/\/gepomay.fr\/index.php\/benevoles\/adhesion\/\" class=\"more-link\">Lire la suite de<span class=\"screen-reader-text\">\u00ab\u00a0Adh\u00e9rer\u00a0\u00bb<\/span><\/a><\/p>\n","protected":false},"author":1,"featured_media":0,"parent":2123,"menu_order":1,"comment_status":"closed","ping_status":"closed","template":"","meta":{"footnotes":""},"_links":{"self":[{"href":"https:\/\/gepomay.fr\/index.php\/wp-json\/wp\/v2\/pages\/237"}],"collection":[{"href":"https:\/\/gepomay.fr\/index.php\/wp-json\/wp\/v2\/pages"}],"about":[{"href":"https:\/\/gepomay.fr\/index.php\/wp-json\/wp\/v2\/types\/page"}],"author":[{"embeddable":true,"href":"https:\/\/gepomay.fr\/index.php\/wp-json\/wp\/v2\/users\/1"}],"replies":[{"embeddable":true,"href":"https:\/\/gepomay.fr\/index.php\/wp-json\/wp\/v2\/comments?post=237"}],"version-history":[{"count":88,"href":"https:\/\/gepomay.fr\/index.php\/wp-json\/wp\/v2\/pages\/237\/revisions"}],"predecessor-version":[{"id":6468,"href":"https:\/\/gepomay.fr\/index.php\/wp-json\/wp\/v2\/pages\/237\/revisions\/6468"}],"up":[{"embeddable":true,"href":"https:\/\/gepomay.fr\/index.php\/wp-json\/wp\/v2\/pages\/2123"}],"wp:attachment":[{"href":"https:\/\/gepomay.fr\/index.php\/wp-json\/wp\/v2\/media?parent=237"}],"curies":[{"name":"wp","href":"https:\/\/api.w.org\/{rel}","templated":true}]}}