{"id":223,"date":"2019-09-16T08:49:09","date_gmt":"2019-09-16T05:49:09","guid":{"rendered":"http:\/\/gepomay.fr\/?page_id=223"},"modified":"2025-07-23T14:21:15","modified_gmt":"2025-07-23T11:21:15","slug":"projets","status":"publish","type":"page","link":"https:\/\/gepomay.fr\/index.php\/projets\/","title":{"rendered":"P\u00f4les"},"content":{"rendered":"\t\t<div data-elementor-type=\"wp-page\" data-elementor-id=\"223\" class=\"elementor elementor-223\">\n\t\t\t\t<div class=\"elementor-element elementor-element-75eee269 e-flex e-con-boxed e-con e-parent\" data-id=\"75eee269\" data-element_type=\"container\">\n\t\t\t\t\t<div class=\"e-con-inner\">\n\t\t\t\t<div class=\"elementor-element elementor-element-3e4a6d5 elementor-widget elementor-widget-text-editor\" data-id=\"3e4a6d5\" data-element_type=\"widget\" data-widget_type=\"text-editor.default\">\n\t\t\t\t<div class=\"elementor-widget-container\">\n\t\t\t\t\t\t\t\t\t<style>\n  .poles-container {\n    max-width: 1100px;\n    margin: 40px auto;\n    display: flex;\n    gap: 20px;\n    flex-wrap: wrap;\n    font-family: Roboto, sans-serif;\n  }\n\n  .pole-card {\n    background-color: #e6f2fa;\n    border-left: 6px solid #2d5572;\n    border-radius: 10px;\n    padding: 20px;\n    box-sizing: border-box;\n    flex: 1 1 240px;\n    color: #2d5572;\n    text-decoration: none;\n    box-shadow: 0 4px 12px rgba(45, 85, 114, 0.15);\n    transition: transform 0.3s ease, box-shadow 0.3s ease;\n    display: flex;\n    flex-direction: column;\n    justify-content: space-between;\n  }\n\n  .pole-card:hover {\n    box-shadow: 0 8px 20px rgba(45, 85, 114, 0.3);\n    transform: translateY(-5px);\n  }\n\n  .pole-card h3 {\n    margin-top: 0;\n    margin-bottom: 12px;\n    font-size: 1.2rem;\n  }\n\n  .pole-card p {\n    flex-grow: 1;\n    font-size: 1rem;\n    margin-bottom: 15px;\n  }\n\n  .pole-card .read-more {\n    color: #0693e3;\n    font-weight: 700;\n    text-decoration: none;\n    font-size: 0.95rem;\n  }\n\n  .pole-card .read-more:hover {\n    text-decoration: underline;\n  }\n\n  @media (max-width: 700px) {\n    .poles-container {\n      flex-direction: column;\n      margin: 20px 15px;\n    }\n    .pole-card {\n      flex: 1 1 100%;\n    }\n  }\n<\/style>\n\n<div class=\"poles-container\">\n  <a href=\"https:\/\/gepomay.fr\/index.php\/pole-animation\/\" class=\"pole-card\" target=\"_blank\" rel=\"noopener noreferrer\">\n    <h3>P\u00f4le Animation<\/h3>\n    <p>R\u00e9alisation des activit\u00e9s de sensibilisation et d\u2019\u00e9ducation \u00e0 la biodiversit\u00e9 aupr\u00e8s de tous les publics.<\/p>\n    <span class=\"read-more\">En savoir plus \u2192<\/span>\n  <\/a>\n\n  <a href=\"https:\/\/gepomay.fr\/index.php\/elementor-5430\/\" class=\"pole-card\" target=\"_blank\" rel=\"noopener noreferrer\">\n    <h3>P\u00f4le Connaissance et Conservation de l&rsquo;Avifaune<\/h3>\n    <p>Etude, suivi et protection des esp\u00e8ces d\u2019oiseaux pr\u00e9sentes \u00e0 Mayotte.<\/p>\n    <span class=\"read-more\">En savoir plus \u2192<\/span>\n  <\/a>\n\n  <a href=\"https:\/\/gepomay.fr\/index.php\/pole-connaissance-et-conservation-de-lherpetofaune\/\" class=\"pole-card\" target=\"_blank\" rel=\"noopener noreferrer\">\n    <h3>P\u00f4le Connaissance et Conservation de l&rsquo;Herp\u00e9tofaune<\/h3>\n    <p>Etude, suivi et protection des amphibiens et reptiles de l&rsquo;\u00eele.<\/p>\n    <span class=\"read-more\">En savoir plus \u2192<\/span>\n  <\/a>\n\n  <a href=\"https:\/\/gepomay.fr\/index.php\/projets\/gestion-despaces-naturels\/\" class=\"pole-card\" target=\"_blank\" rel=\"noopener noreferrer\">\n    <h3>P\u00f4le Gestion des Habitats<\/h3>\n    <p>Gestion durable des milieux naturels et des espaces prot\u00e9g\u00e9s.<\/p>\n    <span class=\"read-more\">En savoir plus \u2192<\/span>\n  <\/a>\n<\/div>\n\t\t\t\t\t\t\t\t<\/div>\n\t\t\t\t<\/div>\n\t\t\t\t<div class=\"elementor-element elementor-element-746ace3c elementor-widget elementor-widget-text-editor\" data-id=\"746ace3c\" data-element_type=\"widget\" data-widget_type=\"text-editor.default\">\n\t\t\t\t<div class=\"elementor-widget-container\">\n\t\t\t\t\t\t\t\t\t<p><style>\n  .blue-box {\n    background-color: #e6f2fa;\n    border-left: 6px solid #7caacb; \/* petit trait sur la gauche *\/\n    padding: 20px;\n    font-family: Roboto, sans-serif;\n    color: #000;\n    max-width: 1100px;\n    margin: 30px auto;\n    border-radius: 10px;\n    box-shadow: 0 4px 12px rgba(45, 85, 114, 0.15);\n  }\n\n  .blue-box h1 {\n    color: #7caacb;\n    font-size: 1.6rem;\n    margin-bottom: 15px;\n    text-align: center;\n  }\n\n  .blue-box ul {\n    padding-left: 20px;\n  }\n\n  .blue-box ul li {\n    margin-bottom: 8px;\n  }\n\n  \/* Texte et liens en bleu fonc\u00e9 *\/\n  .blue-box span,\n  .blue-box a {\n    color: #7caacb!important;\n    font-weight: bold;\n    text-decoration: none;\n  }\n\n  .blue-box a:hover {\n    text-decoration: underline;\n  }\n<\/style><\/p>\n<div class=\"blue-box\">\n<h1>Nos projets phares<\/h1>\n<p>Le GEPOMAY s&rsquo;investit dans la protection de la biodiversit\u00e9 de mani\u00e8re globale : il s&rsquo;agit de prot\u00e9ger les esp\u00e8ces et les espaces sur l&rsquo;\u00eele de Mayotte. Voici quelques projets phares de l&rsquo;association :<\/p>\n<ul>\n<li>Gestion et coordination de l&rsquo;Observatoire des Oiseaux C\u00f4tiers de Mayotte (OOCM) depuis 2013<\/li>\n<li>Animation du Plan National d&rsquo;Actions (PNA) en faveur du Crabier blanc depuis 2018 : participation dans ce cadre au projet europ\u00e9en <a href=\"https:\/\/www.lifebiodivom.fr\/\">Life BIODIV&rsquo;OM<\/a>.<\/li>\n<li>Suivi des Esp\u00e8ces Nicheuses Rares et Menac\u00e9es (ENRM) dont le <a href=\"https:\/\/gepomay.fr\/index.php\/2022\/06\/13\/loiseau-du-mois-le-heron-de-humblot\/\">H\u00e9ron de Humblot<\/a> et le <a href=\"https:\/\/gepomay.fr\/index.php\/2019\/12\/13\/nouvelle-fiche-oiseau-le-faucon-pelerin\/\">Faucon p\u00e8lerin<\/a><\/li>\n<li>Gestion et animation du Suivi Temporel des Oiseaux Communs de Mayotte (STOC) depuis 2021<\/li>\n<li>Gestion et animation du suivi des Oiseaux Des For\u00eats de Mayotte (ODFM) depuis 2022<\/li>\n<li>Gestion et animation de l&rsquo;op\u00e9ration <a href=\"https:\/\/gepomay.fr\/index.php\/projets\/oiseaux-des-jardins-de-mayotte\/\">Oiseaux des Jardins de Mayotte<\/a> (ODJM) depuis 2023<\/li>\n<li>Mise en place de Refuges pour la biodiversit\u00e9 \u00e0 Mayotte depuis 2022<\/li>\n<li>Administration et animation de la plateforme participative <a href=\"https:\/\/www.faune-mayotte.org\/\">Faune-Mayotte<\/a> depuis 2022 : mise en place dans le cadre du Life BIODIV&rsquo;OM<\/li>\n<\/ul>\n<\/div>\t\t\t\t\t\t\t\t<\/div>\n\t\t\t\t<\/div>\n\t\t\t\t<div class=\"elementor-element elementor-element-c0dd78b elementor-widget elementor-widget-text-editor\" data-id=\"c0dd78b\" data-element_type=\"widget\" data-widget_type=\"text-editor.default\">\n\t\t\t\t<div class=\"elementor-widget-container\">\n\t\t\t\t\t\t\t\t\t<figure class=\"wp-block-image size-large\"><img decoding=\"async\" class=\"wp-image-3706 aligncenter\" src=\"https:\/\/gepomay.fr\/wp-content\/uploads\/2023\/02\/PhotoDetU_Mariane-Harmand_GEPOMAY-a-1024x683.jpg\" alt=\"\" \/><\/figure>\t\t\t\t\t\t\t\t<\/div>\n\t\t\t\t<\/div>\n\t\t\t\t<div class=\"elementor-element elementor-element-43ada64 elementor-widget elementor-widget-spacer\" data-id=\"43ada64\" data-element_type=\"widget\" data-widget_type=\"spacer.default\">\n\t\t\t\t<div class=\"elementor-widget-container\">\n\t\t\t\t\t\t\t<div class=\"elementor-spacer\">\n\t\t\t<div class=\"elementor-spacer-inner\"><\/div>\n\t\t<\/div>\n\t\t\t\t\t\t<\/div>\n\t\t\t\t<\/div>\n\t\t\t\t\t<\/div>\n\t\t\t\t<\/div>\n\t\t\t\t<\/div>\n\t\t","protected":false},"excerpt":{"rendered":"<p>P\u00f4le Animation R\u00e9alisation des activit\u00e9s de sensibilisation et d\u2019\u00e9ducation \u00e0 la biodiversit\u00e9 aupr\u00e8s de tous les publics. En savoir plus \u2192 P\u00f4le Connaissance et Conservation de l&rsquo;Avifaune Etude, suivi et protection des esp\u00e8ces d\u2019oiseaux pr\u00e9sentes \u00e0 Mayotte. En savoir plus \u2192 P\u00f4le Connaissance et Conservation de l&rsquo;Herp\u00e9tofaune Etude, suivi et protection des amphibiens et reptiles &hellip; <\/p>\n<p class=\"link-more\"><a href=\"https:\/\/gepomay.fr\/index.php\/projets\/\" class=\"more-link\">Lire la suite de<span class=\"screen-reader-text\">\u00ab\u00a0P\u00f4les\u00a0\u00bb<\/span><\/a><\/p>\n","protected":false},"author":1,"featured_media":0,"parent":0,"menu_order":2,"comment_status":"closed","ping_status":"closed","template":"","meta":{"footnotes":""},"_links":{"self":[{"href":"https:\/\/gepomay.fr\/index.php\/wp-json\/wp\/v2\/pages\/223"}],"collection":[{"href":"https:\/\/gepomay.fr\/index.php\/wp-json\/wp\/v2\/pages"}],"about":[{"href":"https:\/\/gepomay.fr\/index.php\/wp-json\/wp\/v2\/types\/page"}],"author":[{"embeddable":true,"href":"https:\/\/gepomay.fr\/index.php\/wp-json\/wp\/v2\/users\/1"}],"replies":[{"embeddable":true,"href":"https:\/\/gepomay.fr\/index.php\/wp-json\/wp\/v2\/comments?post=223"}],"version-history":[{"count":19,"href":"https:\/\/gepomay.fr\/index.php\/wp-json\/wp\/v2\/pages\/223\/revisions"}],"predecessor-version":[{"id":6004,"href":"https:\/\/gepomay.fr\/index.php\/wp-json\/wp\/v2\/pages\/223\/revisions\/6004"}],"wp:attachment":[{"href":"https:\/\/gepomay.fr\/index.php\/wp-json\/wp\/v2\/media?parent=223"}],"curies":[{"name":"wp","href":"https:\/\/api.w.org\/{rel}","templated":true}]}}