{"id":2145,"date":"2020-07-22T15:29:51","date_gmt":"2020-07-22T12:29:51","guid":{"rendered":"http:\/\/gepomay.fr\/?page_id=2145"},"modified":"2025-07-22T11:08:35","modified_gmt":"2025-07-22T08:08:35","slug":"devenir-benevole","status":"publish","type":"page","link":"https:\/\/gepomay.fr\/index.php\/benevoles\/devenir-benevole\/","title":{"rendered":"Devenir un\u00b7e b\u00e9n\u00e9vole actif\u00b7ve !"},"content":{"rendered":"\t\t<div data-elementor-type=\"wp-page\" data-elementor-id=\"2145\" class=\"elementor elementor-2145\">\n\t\t\t\t<div class=\"elementor-element elementor-element-1f8c4a17 e-flex e-con-boxed e-con e-parent\" data-id=\"1f8c4a17\" data-element_type=\"container\">\n\t\t\t\t\t<div class=\"e-con-inner\">\n\t\t\t\t<div class=\"elementor-element elementor-element-0620543 elementor-widget elementor-widget-heading\" data-id=\"0620543\" data-element_type=\"widget\" data-widget_type=\"heading.default\">\n\t\t\t\t<div class=\"elementor-widget-container\">\n\t\t\t\t\t<h2 class=\"elementor-heading-title elementor-size-default\"><div style=\"background-color: #7caacb;color: white;padding: 5px 30px;border-radius: 30px;text-align: center;margin-bottom: 20px\">\n<h2 style=\"font-size: 22px;margin: 0;color: #ffffff;font-weight: bold\">Vous souhaitez vous engager aux c\u00f4t\u00e9s du GEPOMAY ?<\/h2>\n<\/div><\/h2>\t\t\t\t<\/div>\n\t\t\t\t<\/div>\n\t\t\t\t<div class=\"elementor-element elementor-element-5e4af5e elementor-widget elementor-widget-text-editor\" data-id=\"5e4af5e\" data-element_type=\"widget\" data-widget_type=\"text-editor.default\">\n\t\t\t\t<div class=\"elementor-widget-container\">\n\t\t\t\t\t\t\t\t\t<div style=\"border-left: 6px solid #2c7a7b; background-color: #f0f9f9; padding: 13px 20px; margin: 20px 0; border-radius: 5px;\">\n<h3 style=\"margin: 0; font-size: 18px; font-weight: normal; color: #2c3e50;\">Pas besoin d\u2019\u00eatre un expert en ornithologie\u00a0!<br \/>Il est possible de s\u2019engager aux c\u00f4t\u00e9s du GEPOMAY de nombreuses fa\u00e7ons. Chaque coup de pouce compte pour l\u2019association\u2026 et pour la biodiversit\u00e9\ud83c\udf3f<br \/><br \/>Et vous, quelle serait votre pr\u00e9f\u00e9rence\u00a0?<\/h3>\n<\/div>\t\t\t\t\t\t\t\t<\/div>\n\t\t\t\t<\/div>\n\t\t\t\t<div class=\"elementor-element elementor-element-942b511 elementor-widget elementor-widget-image\" data-id=\"942b511\" data-element_type=\"widget\" data-widget_type=\"image.default\">\n\t\t\t\t<div class=\"elementor-widget-container\">\n\t\t\t\t\t\t\t\t\t\t\t\t\t\t\t<img fetchpriority=\"high\" decoding=\"async\" width=\"1900\" height=\"640\" src=\"https:\/\/gepomay.fr\/wp-content\/uploads\/2023\/06\/IMG20210926091031-scaled-1900x640.jpg\" class=\"attachment-inspiro-loop@2x size-inspiro-loop@2x wp-image-4137\" alt=\"\" srcset=\"https:\/\/gepomay.fr\/wp-content\/uploads\/2023\/06\/IMG20210926091031-scaled-1900x640.jpg 1900w, https:\/\/gepomay.fr\/wp-content\/uploads\/2023\/06\/IMG20210926091031-scaled-950x320.jpg 950w\" sizes=\"100vw\" \/>\t\t\t\t\t\t\t\t\t\t\t\t\t\t\t<\/div>\n\t\t\t\t<\/div>\n\t\t\t\t<div class=\"elementor-element elementor-element-f9fc070 elementor-widget elementor-widget-spacer\" data-id=\"f9fc070\" data-element_type=\"widget\" data-widget_type=\"spacer.default\">\n\t\t\t\t<div class=\"elementor-widget-container\">\n\t\t\t\t\t\t\t<div class=\"elementor-spacer\">\n\t\t\t<div class=\"elementor-spacer-inner\"><\/div>\n\t\t<\/div>\n\t\t\t\t\t\t<\/div>\n\t\t\t\t<\/div>\n\t\t\t\t<div class=\"elementor-element elementor-element-6ac70d9 elementor-widget elementor-widget-heading\" data-id=\"6ac70d9\" data-element_type=\"widget\" data-widget_type=\"heading.default\">\n\t\t\t\t<div class=\"elementor-widget-container\">\n\t\t\t\t\t<h2 class=\"elementor-heading-title elementor-size-default\"><!-- Section Animations -->\n<div style=\"background-color: #7caacb;color: white;padding: 5px 30px;border-radius: 30px;text-align: center\">\n    <h2 style=\"font-size: 22px;margin: 0;color: #ffffff;font-weight: bold\">J'apprends \u00e0 reconna\u00eetre les esp\u00e8ces communes et je m'engage sur le long terme<\/h2>\n<\/div><\/h2>\t\t\t\t<\/div>\n\t\t\t\t<\/div>\n\t\t\t\t<div class=\"elementor-element elementor-element-c884dfc elementor-widget elementor-widget-text-editor\" data-id=\"c884dfc\" data-element_type=\"widget\" data-widget_type=\"text-editor.default\">\n\t\t\t\t<div class=\"elementor-widget-container\">\n\t\t\t\t\t\t\t\t\t<h3 style=\"margin-top: 0;\"><span style=\"color: #333333; font-family: var(--e-global-typography-text-font-family), Sans-serif; font-weight: var(--e-global-typography-text-font-weight); text-align: var(--text-align); font-size: 18px;\"> Le <strong>GEPOMAY<\/strong> forme chaque ann\u00e9e des b\u00e9n\u00e9voles au <\/span> <a style=\"font-family: var(--e-global-typography-text-font-family), Sans-serif; font-weight: var(--e-global-typography-text-font-weight); text-align: var(--text-align); background-color: #ffffff; font-size: 18px;\" href=\"https:\/\/gepomay.fr\/index.php\/projets\/stoc-udunga-nyunyi\/\"><strong> Suivi Temporel des Oiseaux Communs de Mayotte<\/strong><\/a><span style=\"color: #333333; font-family: var(--e-global-typography-text-font-family), Sans-serif; font-weight: var(--e-global-typography-text-font-weight); text-align: var(--text-align); font-size: 18px;\">. En participant \u00e0 ce programme, vous vous engagez pour 3 ans minimum \u00e0 effectuer un suivi annuel des oiseaux communs sur un itin\u00e9raire fixe qui vous est attribu\u00e9 selon vos pr\u00e9f\u00e9rences. Un itin\u00e9raire est compos\u00e9 de 10 points d&rsquo;\u00e9coute aux niveaux desquels il faut prendre note de tous les oiseaux vus et entendus. Un suivi annuel correspond \u00e0 deux passages sur le m\u00eame itin\u00e9raire durant la saison de reproduction, d&rsquo;octobre \u00e0 d\u00e9cembre. <\/span><\/h3>\n<div style=\"text-align: center;\">\n<div style=\"text-align: center;\">\n<p style=\"display: inline-block; margin-right: 10px; vertical-align: middle; font-size: 18px; color: #333333;\">Plus d&rsquo;infos \u2192<\/p>\n<a style=\"display: inline-block; padding: 10px 20px; background-color: #8de3d7; color: #000000; text-decoration: none; border-radius: 5px; font-weight: bold; font-size: 20px; vertical-align: middle;\" href=\"mailto:stoc-mayotte@gepomay.fr\"> stoc-mayotte@gepomay.fr <\/a><\/div>\n<\/div>\t\t\t\t\t\t\t\t<\/div>\n\t\t\t\t<\/div>\n\t\t\t\t<div class=\"elementor-element elementor-element-fb0e679 elementor-widget elementor-widget-spacer\" data-id=\"fb0e679\" data-element_type=\"widget\" data-widget_type=\"spacer.default\">\n\t\t\t\t<div class=\"elementor-widget-container\">\n\t\t\t\t\t\t\t<div class=\"elementor-spacer\">\n\t\t\t<div class=\"elementor-spacer-inner\"><\/div>\n\t\t<\/div>\n\t\t\t\t\t\t<\/div>\n\t\t\t\t<\/div>\n\t\t\t\t<div class=\"elementor-element elementor-element-d39868c elementor-widget elementor-widget-heading\" data-id=\"d39868c\" data-element_type=\"widget\" data-widget_type=\"heading.default\">\n\t\t\t\t<div class=\"elementor-widget-container\">\n\t\t\t\t\t<h2 class=\"elementor-heading-title elementor-size-default\"><!-- Section Animations -->\n<div style=\"background-color: #7caacb;color: white;padding: 5px 30px;border-radius: 30px;text-align: center\">\n    <h2 style=\"font-size: 22px;margin: 0;color: #ffffff;font-weight: bold\">Je partage mes observations sur la plateforme Faune-Mayotte\n<\/h2>\n<\/div><\/h2>\t\t\t\t<\/div>\n\t\t\t\t<\/div>\n\t\t\t\t<div class=\"elementor-element elementor-element-3273c50 elementor-widget elementor-widget-text-editor\" data-id=\"3273c50\" data-element_type=\"widget\" data-widget_type=\"text-editor.default\">\n\t\t\t\t<div class=\"elementor-widget-container\">\n\t\t\t\t\t\t\t\t\t<h3 style=\"margin-top: 0;\"><span style=\"color: #333333; font-family: var(--e-global-typography-text-font-family), Sans-serif; font-weight: var(--e-global-typography-text-font-weight); text-align: var(--text-align); font-size: 18px;\"> Ce nouvel <strong>outil de science participative<\/strong> administr\u00e9 par le GEPOMAY permet de recenser les esp\u00e8ces animales de Mayotte \u00e0 larges \u00e9chelles spatiale et temporelle. Partout sur l\u2019\u00eele, chacun\u00b7e peut y saisir ses observations de la faune, les partager et les analyser. Gr\u00e2ce \u00e0 <strong>l\u2019application NaturaList<\/strong>, synchronis\u00e9e \u00e0 Faune-Mayotte, il est \u00e9galement possible de saisir depuis un smartphone. <\/span><\/h3>\n<div><span style=\"color: #333333; font-family: var(--e-global-typography-text-font-family), Sans-serif; font-weight: var(--e-global-typography-text-font-weight); text-align: var(--text-align); font-size: 18px;\"><span style=\"color: #333333; font-family: var(--e-global-typography-text-font-family), Sans-serif; font-weight: var(--e-global-typography-text-font-weight); text-align: var(--text-align); font-size: 18px;\">N&rsquo;h\u00e9sitez pas \u00e0 consulter l&rsquo;onglet d\u00e9di\u00e9 sur notre site internet :\u00a0\u00ab\u00a0<a href=\"https:\/\/gepomay.fr\/index.php\/benevoles\/faune-mayotte\/\"><strong><em>Faune-Mayotte\u00a0\u00bb<\/em><\/strong><\/a><\/span><\/span>\n<h3 style=\"margin-top: 0; display: flex; align-items: center;\"><span style=\"color: #333333; font-family: var(--e-global-typography-text-font-family), Sans-serif; font-weight: var(--e-global-typography-text-font-weight); font-size: 18px; margin-right: 10px;\"> Pour acc\u00e9der au site web <strong><em>Faune-Mayotte<\/em><\/strong>, cliquez sur le logo ci-apr\u00e8s : <\/span> <!-- Logo de NaturaList avec un lien vers le site Faune-Mayotte --> <a href=\"http:\/\/www.faune-mayotte.org\/\" target=\"_blank\" rel=\"noopener\"> <img decoding=\"async\" style=\"margin: 0; padding: 0; vertical-align: middle; cursor: pointer;\" src=\"https:\/\/gepomay.fr\/wp-content\/uploads\/2022\/09\/NaturaList-300x300.png\" alt=\"NaturaList Logo\" width=\"115\" height=\"115\" \/> <\/a><\/h3>\n<div style=\"text-align: center;\">\n<div style=\"text-align: center;\">\n<p style=\"display: inline-block; margin-right: 10px; vertical-align: middle; font-size: 18px; color: #333333;\">Plus d&rsquo;infos \u2192<\/p>\n<a style=\"display: inline-block; padding: 10px 20px; background-color: #8de3d7; color: #000000; text-decoration: none; border-radius: 5px; font-weight: bold; font-size: 20px; vertical-align: middle;\" href=\"mailto:communication@gepomay.fr\"> communication@gepomay.fr <\/a><\/div>\n<\/div>\n<\/div>\t\t\t\t\t\t\t\t<\/div>\n\t\t\t\t<\/div>\n\t\t\t\t<div class=\"elementor-element elementor-element-480b331 elementor-widget elementor-widget-spacer\" data-id=\"480b331\" data-element_type=\"widget\" data-widget_type=\"spacer.default\">\n\t\t\t\t<div class=\"elementor-widget-container\">\n\t\t\t\t\t\t\t<div class=\"elementor-spacer\">\n\t\t\t<div class=\"elementor-spacer-inner\"><\/div>\n\t\t<\/div>\n\t\t\t\t\t\t<\/div>\n\t\t\t\t<\/div>\n\t\t\t\t<div class=\"elementor-element elementor-element-d700657 elementor-widget elementor-widget-heading\" data-id=\"d700657\" data-element_type=\"widget\" data-widget_type=\"heading.default\">\n\t\t\t\t<div class=\"elementor-widget-container\">\n\t\t\t\t\t<h2 class=\"elementor-heading-title elementor-size-default\"><!-- Section Animations -->\n<div style=\"background-color: #7caacb;color: white;padding: 5px 30px;border-radius: 30px;text-align: center\">\n    <h2 style=\"font-size: 22px;margin: 0;color: #ffffff;font-weight: bold\">Je repr\u00e9sente le GEPOMAY lors d'\u00e9v\u00e9nements locaux et\/ou je souhaite proposer des animations \n\n<\/h2>\n<\/div><\/h2>\t\t\t\t<\/div>\n\t\t\t\t<\/div>\n\t\t\t\t<div class=\"elementor-element elementor-element-278e892 elementor-widget elementor-widget-text-editor\" data-id=\"278e892\" data-element_type=\"widget\" data-widget_type=\"text-editor.default\">\n\t\t\t\t<div class=\"elementor-widget-container\">\n\t\t\t\t\t\t\t\t\t<h3 style=\"margin-top: 0;\"><span style=\"color: #333333; font-family: var(--e-global-typography-text-font-family), Sans-serif; font-weight: var(--e-global-typography-text-font-weight); text-align: var(--text-align); font-size: 18px;\"> Pour participer \u00e0 l&rsquo;animation d&rsquo;\u00e9v\u00e9nements locaux au nom du GEPOMAY n&rsquo;h\u00e9sitez pas \u00e0 nous contacter aux coordonn\u00e9es suivantes : <\/span><\/h3>\n<div style=\"text-align: center;\">\n<div style=\"text-align: center;\">\n<p style=\"display: inline-block; margin-right: 10px; vertical-align: middle; font-size: 18px; color: #333333;\">Plus d&rsquo;infos \u2192<\/p>\n<a style=\"display: inline-block; padding: 10px 20px; background-color: #8de3d7; color: #000000; text-decoration: none; border-radius: 5px; font-weight: bold; font-size: 20px; vertical-align: middle;\" href=\"mailto:animation@gepomay.fr\"> animation@gepomay.fr <\/a><\/div>\n<\/div>\t\t\t\t\t\t\t\t<\/div>\n\t\t\t\t<\/div>\n\t\t\t\t<div class=\"elementor-element elementor-element-a8e93d0 elementor-widget elementor-widget-spacer\" data-id=\"a8e93d0\" data-element_type=\"widget\" data-widget_type=\"spacer.default\">\n\t\t\t\t<div class=\"elementor-widget-container\">\n\t\t\t\t\t\t\t<div class=\"elementor-spacer\">\n\t\t\t<div class=\"elementor-spacer-inner\"><\/div>\n\t\t<\/div>\n\t\t\t\t\t\t<\/div>\n\t\t\t\t<\/div>\n\t\t\t\t<div class=\"elementor-element elementor-element-5d30820 elementor-widget elementor-widget-heading\" data-id=\"5d30820\" data-element_type=\"widget\" data-widget_type=\"heading.default\">\n\t\t\t\t<div class=\"elementor-widget-container\">\n\t\t\t\t\t<h2 class=\"elementor-heading-title elementor-size-default\"><!-- Section Animations -->\n<div style=\"background-color: #7caacb;color: white;padding: 5px 30px;border-radius: 30px;text-align: center\">\n    <h2 style=\"font-size: 22px;margin: 0;color: #ffffff;font-weight: bold\">Je pr\u00eate main forte ponctuellement\n<\/h2>\n<\/div><\/h2>\t\t\t\t<\/div>\n\t\t\t\t<\/div>\n\t\t\t\t<div class=\"elementor-element elementor-element-59db99e elementor-widget elementor-widget-text-editor\" data-id=\"59db99e\" data-element_type=\"widget\" data-widget_type=\"text-editor.default\">\n\t\t\t\t<div class=\"elementor-widget-container\">\n\t\t\t\t\t\t\t\t\t<h3 style=\"margin-top: 0;\"><span style=\"color: #333333; font-family: var(--e-global-typography-text-font-family), Sans-serif; font-weight: var(--e-global-typography-text-font-weight); text-align: var(--text-align); font-size: 18px;\"><strong> Envie de contribuer \u00e0 la pr\u00e9servation de notre biodiversit\u00e9 ?<\/strong> Participez \u00e0 nos actions sur le terrain, comme les chantiers participatifs pour l&rsquo;arrachage des esp\u00e8ces v\u00e9g\u00e9tales exotiques envahissantes ou la plantation d&rsquo;esp\u00e8ces v\u00e9g\u00e9tales end\u00e9miques.<\/span><\/h3>\n<h3 style=\"margin-top: 0;\"><strong><span style=\"color: #333333; font-family: var(--e-global-typography-text-font-family), Sans-serif; text-align: var(--text-align); font-size: 18px;\"> Suivez-nous sur les r\u00e9seaux sociaux pour rester inform\u00e9.e des prochaines initiatives et rejoindre nos projets !<\/span><\/strong><\/h3>\n<div style=\"text-align: center;\">\n<div style=\"text-align: center;\">\n<p style=\"display: inline-block; margin-right: 10px; vertical-align: middle; font-size: 18px; color: #333333;\">Plus d&rsquo;infos \u2192<\/p>\n<a style=\"display: inline-block; padding: 10px 20px; background-color: #8de3d7; color: #000000; text-decoration: none; border-radius: 5px; font-weight: bold; font-size: 20px; vertical-align: middle;\" href=\"mailto:communication@gepomay.fr\"> communication@gepomay.fr <\/a><\/div>\n<\/div>\t\t\t\t\t\t\t\t<\/div>\n\t\t\t\t<\/div>\n\t\t\t\t<div class=\"elementor-element elementor-element-2da4f7e elementor-widget elementor-widget-spacer\" data-id=\"2da4f7e\" data-element_type=\"widget\" data-widget_type=\"spacer.default\">\n\t\t\t\t<div class=\"elementor-widget-container\">\n\t\t\t\t\t\t\t<div class=\"elementor-spacer\">\n\t\t\t<div class=\"elementor-spacer-inner\"><\/div>\n\t\t<\/div>\n\t\t\t\t\t\t<\/div>\n\t\t\t\t<\/div>\n\t\t\t\t<div class=\"elementor-element elementor-element-dd70050 elementor-widget elementor-widget-heading\" data-id=\"dd70050\" data-element_type=\"widget\" data-widget_type=\"heading.default\">\n\t\t\t\t<div class=\"elementor-widget-container\">\n\t\t\t\t\t<h2 class=\"elementor-heading-title elementor-size-default\"><!-- Section Animations -->\n<div style=\"background-color: #7caacb;color: white;padding: 5px 30px;border-radius: 30px;text-align: center\">\n    <h2 style=\"font-size: 22px;margin: 0;color: #ffffff;font-weight: bold\">Je m'engage dans les r\u00e9flexions strat\u00e9giques pour l'association\u00a0\n<\/h2>\n<\/div><\/h2>\t\t\t\t<\/div>\n\t\t\t\t<\/div>\n\t\t\t\t<div class=\"elementor-element elementor-element-2d8d813 elementor-widget elementor-widget-text-editor\" data-id=\"2d8d813\" data-element_type=\"widget\" data-widget_type=\"text-editor.default\">\n\t\t\t\t<div class=\"elementor-widget-container\">\n\t\t\t\t\t\t\t\t\t<h3 style=\"margin-top: 0;\"><span style=\"color: #333333; font-family: var(--e-global-typography-text-font-family), Sans-serif; font-weight: var(--e-global-typography-text-font-weight); text-align: var(--text-align); font-size: 18px;\"><strong> Vous souhaitez contribuer \u00e0 fa\u00e7onner les orientations des actions du GEPOMAY ?<\/strong> Engagez-vous dans les r\u00e9flexions strat\u00e9giques pour l&rsquo;association et participez activement \u00e0 l\u2019\u00e9laboration de projets qui auront un impact concret sur la pr\u00e9servation de la biodiversit\u00e9 mahoraise.<\/span><\/h3>\n<div style=\"text-align: center;\">\n<div style=\"text-align: center;\">\n<p style=\"display: inline-block; margin-right: 10px; vertical-align: middle; font-size: 18px; color: #333333;\">Plus d&rsquo;infos \u2192<\/p>\n<a style=\"display: inline-block; padding: 10px 20px; background-color: #8de3d7; color: #000000; text-decoration: none; border-radius: 5px; font-weight: bold; font-size: 20px; vertical-align: middle;\" href=\"mailto:contact@gepomay.fr\"> contact@gepomay.fr <\/a><\/div>\n<\/div>\t\t\t\t\t\t\t\t<\/div>\n\t\t\t\t<\/div>\n\t\t\t\t<div class=\"elementor-element elementor-element-c0972c0 elementor-widget elementor-widget-spacer\" data-id=\"c0972c0\" data-element_type=\"widget\" data-widget_type=\"spacer.default\">\n\t\t\t\t<div class=\"elementor-widget-container\">\n\t\t\t\t\t\t\t<div class=\"elementor-spacer\">\n\t\t\t<div class=\"elementor-spacer-inner\"><\/div>\n\t\t<\/div>\n\t\t\t\t\t\t<\/div>\n\t\t\t\t<\/div>\n\t\t\t\t\t<\/div>\n\t\t\t\t<\/div>\n\t\t\t\t<\/div>\n\t\t","protected":false},"excerpt":{"rendered":"<p>Vous souhaitez vous engager aux c\u00f4t\u00e9s du GEPOMAY ? Pas besoin d\u2019\u00eatre un expert en ornithologie\u00a0!Il est possible de s\u2019engager aux c\u00f4t\u00e9s du GEPOMAY de nombreuses fa\u00e7ons. Chaque coup de pouce compte pour l\u2019association\u2026 et pour la biodiversit\u00e9\ud83c\udf3f Et vous, quelle serait votre pr\u00e9f\u00e9rence\u00a0? J&rsquo;apprends \u00e0 reconna\u00eetre les esp\u00e8ces communes et je m&rsquo;engage sur le &hellip; <\/p>\n<p class=\"link-more\"><a href=\"https:\/\/gepomay.fr\/index.php\/benevoles\/devenir-benevole\/\" class=\"more-link\">Lire la suite de<span class=\"screen-reader-text\">\u00ab\u00a0Devenir un\u00b7e b\u00e9n\u00e9vole actif\u00b7ve !\u00a0\u00bb<\/span><\/a><\/p>\n","protected":false},"author":1,"featured_media":0,"parent":2123,"menu_order":2,"comment_status":"closed","ping_status":"closed","template":"","meta":{"footnotes":""},"_links":{"self":[{"href":"https:\/\/gepomay.fr\/index.php\/wp-json\/wp\/v2\/pages\/2145"}],"collection":[{"href":"https:\/\/gepomay.fr\/index.php\/wp-json\/wp\/v2\/pages"}],"about":[{"href":"https:\/\/gepomay.fr\/index.php\/wp-json\/wp\/v2\/types\/page"}],"author":[{"embeddable":true,"href":"https:\/\/gepomay.fr\/index.php\/wp-json\/wp\/v2\/users\/1"}],"replies":[{"embeddable":true,"href":"https:\/\/gepomay.fr\/index.php\/wp-json\/wp\/v2\/comments?post=2145"}],"version-history":[{"count":24,"href":"https:\/\/gepomay.fr\/index.php\/wp-json\/wp\/v2\/pages\/2145\/revisions"}],"predecessor-version":[{"id":5827,"href":"https:\/\/gepomay.fr\/index.php\/wp-json\/wp\/v2\/pages\/2145\/revisions\/5827"}],"up":[{"embeddable":true,"href":"https:\/\/gepomay.fr\/index.php\/wp-json\/wp\/v2\/pages\/2123"}],"wp:attachment":[{"href":"https:\/\/gepomay.fr\/index.php\/wp-json\/wp\/v2\/media?parent=2145"}],"curies":[{"name":"wp","href":"https:\/\/api.w.org\/{rel}","templated":true}]}}