{"id":1849,"date":"2020-06-02T11:16:55","date_gmt":"2020-06-02T08:16:55","guid":{"rendered":"http:\/\/gepomay.fr\/?page_id=1849"},"modified":"2025-07-23T13:45:13","modified_gmt":"2025-07-23T10:45:13","slug":"especes-menacees","status":"publish","type":"page","link":"https:\/\/gepomay.fr\/index.php\/oiseaux-de-mayotte\/especes-menacees\/","title":{"rendered":"Oiseaux menac\u00e9s \u00e0 Mayotte"},"content":{"rendered":"\t\t<div data-elementor-type=\"wp-page\" data-elementor-id=\"1849\" class=\"elementor elementor-1849\">\n\t\t\t\t<div class=\"elementor-element elementor-element-7f43301 e-flex e-con-boxed e-con e-parent\" data-id=\"7f43301\" data-element_type=\"container\">\n\t\t\t\t\t<div class=\"e-con-inner\">\n\t\t\t\t<div class=\"elementor-element elementor-element-b96d86d elementor-widget elementor-widget-text-editor\" data-id=\"b96d86d\" data-element_type=\"widget\" data-widget_type=\"text-editor.default\">\n\t\t\t\t<div class=\"elementor-widget-container\">\n\t\t\t\t\t\t\t\t\t<div style=\"\n  background-color: #e6f2fa;\n  border: 2px solid #a0c8e8;\n  border-radius: 12px;\n  padding: 20px 25px;\n  max-width: 700px;\n  margin: 20px auto;\n  font-family: Roboto, sans-serif;\n  color: #084d8a;\n  font-size: 18pt;\n  text-align: center;\n  box-shadow: 0 4px 10px rgba(100, 149, 237, 0.3);\n\">\n  A Mayotte, sur les 151 esp\u00e8ces d&rsquo;oiseaux recens\u00e9es, 11 esp\u00e8ces sont consid\u00e9r\u00e9es comme menac\u00e9es.\n<\/div>\t\t\t\t\t\t\t\t<\/div>\n\t\t\t\t<\/div>\n\t\t\t\t<div class=\"elementor-element elementor-element-91e4057 elementor-widget elementor-widget-text-editor\" data-id=\"91e4057\" data-element_type=\"widget\" data-widget_type=\"text-editor.default\">\n\t\t\t\t<div class=\"elementor-widget-container\">\n\t\t\t\t\t\t\t\t\t<h2 class=\"has-vivid-cyan-blue-color has-text-color\"><span style=\"color: #000000;\"><span style=\"font-family: Roboto, sans-serif; font-weight: 400; font-size: 18px;\">Une <\/span><em style=\"font-family: Roboto, sans-serif; font-weight: 400; font-size: 18px;\">esp\u00e8ce menac\u00e9e<\/em><span style=\"font-family: Roboto, sans-serif; font-weight: 400; font-size: 18px;\"> est class\u00e9e comme telle sur la <\/span><\/span><a style=\"font-family: Roboto, sans-serif; font-weight: 400; background-color: #ffffff; font-size: 18px;\" href=\"https:\/\/uicn.fr\/liste-rouge-mondiale\/\" target=\"_blank\" rel=\"noreferrer noopener\">Liste rouge de l&rsquo;Union Internationale pour la Conservation de la Nature<\/a><span style=\"color: #7a7a7a; font-family: Roboto, sans-serif; font-weight: 400; font-size: 18px;\"><span style=\"color: #000000;\">,<\/span> <span style=\"color: #000000;\">UICN. Il existe trois cat\u00e9gories de menaces selon ce document :<\/span><\/span><\/h2>\n<p><span style=\"color: #000000;\"><!-- \/wp:paragraph --><\/span><\/p>\n<p><span style=\"color: #000000;\"><!-- wp:list --><\/span><\/p>\n<ul>\n<li><span style=\"color: #000000;\">Vuln\u00e9rable &#8211; VU<\/span><\/li>\n<li><span style=\"color: #000000;\">En danger d&rsquo;extinction &#8211; EN<\/span><\/li>\n<li><span style=\"color: #000000;\">En danger critique d&rsquo;extinction &#8211; CR<\/span><\/li>\n<\/ul>\n<p><span style=\"color: #000000;\"><!-- \/wp:list --><\/span><\/p>\n<p><span style=\"color: #000000;\"><!-- wp:image {\"id\":3085,\"sizeSlug\":\"full\",\"linkDestination\":\"none\"} --><\/span><\/p>\n<figure class=\"wp-block-image size-full\"><img fetchpriority=\"high\" decoding=\"async\" width=\"850\" height=\"546\" class=\"wp-image-3085\" src=\"https:\/\/gepomay.fr\/wp-content\/uploads\/2022\/03\/Categories-et-criteres-de-lUICN-pour-la-Liste-Rouge.png\" alt=\"\" srcset=\"https:\/\/gepomay.fr\/wp-content\/uploads\/2022\/03\/Categories-et-criteres-de-lUICN-pour-la-Liste-Rouge.png 850w, https:\/\/gepomay.fr\/wp-content\/uploads\/2022\/03\/Categories-et-criteres-de-lUICN-pour-la-Liste-Rouge-300x193.png 300w\" sizes=\"(max-width: 850px) 100vw, 850px\" \/>\n<figcaption>Cat\u00e9gories et crit\u00e8re de l&rsquo;UICN pour la Liste Rouge<\/figcaption>\n<\/figure>\n<p><!-- \/wp:image --><\/p>\n<p><!-- wp:separator --><\/p>\t\t\t\t\t\t\t\t<\/div>\n\t\t\t\t<\/div>\n\t\t\t\t<div class=\"elementor-element elementor-element-1106e09 elementor-widget elementor-widget-text-editor\" data-id=\"1106e09\" data-element_type=\"widget\" data-widget_type=\"text-editor.default\">\n\t\t\t\t<div class=\"elementor-widget-container\">\n\t\t\t\t\t\t\t\t\t<style>\n  .threat-box-horizontal {\n    display: flex;\n    align-items: flex-start; \/* aligne les \u00e9l\u00e9ments en haut *\/\n    justify-content: space-between;\n    background-color: #fff4f4;\n    border-left: 6px solid #c0392b;\n    padding: 20px;\n    margin: 30px 0; \/* suppression de margin auto pour s'\u00e9tendre *\/\n    width: 100%; \/* prend toute la largeur *\/\n    box-sizing: border-box; \/* inclut padding dans la largeur *\/\n    font-family: Roboto, sans-serif;\n    box-shadow: 0 4px 12px rgba(192, 57, 43, 0.1);\n    border-radius: 8px;\n    color: #2c3e50;\n    flex-wrap: wrap;\n  }\n\n  .threat-box-horizontal .text-content {\n    flex: 1;\n    font-size: 0.95rem;\n    padding-right: 20px;\n    min-width: 300px; \/* pour \u00e9viter que le texte soit trop \u00e9troit *\/\n  }\n\n  .threat-box-horizontal h2 {\n    color: #c0392b;\n    font-size: 1.5rem;\n    margin: 0 0 10px 0;\n  }\n\n  .threat-box-horizontal p {\n    margin: 0;\n  }\n\n  .threat-box-horizontal a {\n    color: #a93226;\n    font-weight: bold;\n    text-decoration: none;\n  }\n\n  .threat-box-horizontal a:hover {\n    text-decoration: underline;\n  }\n\n  .threat-box-horizontal figure {\n    flex: 0 0 40%;\n    margin: 0;\n    text-align: center;\n    min-width: 300px; \/* pour mobile\/tablettes *\/\n  }\n\n  .threat-box-horizontal img {\n    width: 100%;\n    height: auto;\n    border-radius: 8px;\n    object-fit: cover;\n  }\n\n  .threat-box-horizontal figcaption {\n    font-size: 0.85rem;\n    color: #555;\n    margin-top: 6px;\n  }\n\n  @media (max-width: 768px) {\n    .threat-box-horizontal {\n      flex-direction: column;\n      align-items: center;\n      padding: 20px 10px; \/* un peu de padding lat\u00e9ral *\/\n    }\n\n    .threat-box-horizontal .text-content {\n      padding-right: 0;\n      margin-bottom: 15px;\n      min-width: unset;\n    }\n\n    .threat-box-horizontal figure {\n      width: 100%;\n      min-width: unset;\n    }\n  }\n<\/style>\n\n<div class=\"threat-box-horizontal\">\n  <div class=\"text-content\">\n    <h2>\u26a0\ufe0f Une esp\u00e8ce en danger critique d&rsquo;extinction (CR)<\/h2>\n    <p>&nbsp;<\/p>\n    <p>&nbsp;<\/p>\n    <p>Le <a href=\"http:\/\/gepomay.fr\/index.php\/2020\/02\/17\/nouvelle-fiche-espece-le-crabier-blanc\/\" target=\"_blank\" rel=\"noopener noreferrer\"><strong>Crabier blanc<\/strong><\/a> (<em>Ardeola idae<\/em>) est l&rsquo;une des esp\u00e8ces les plus menac\u00e9es observ\u00e9es \u00e0 Mayotte. Sa pr\u00e9servation est une priorit\u00e9 urgente.<\/p>\n  <\/div>\n  <figure>\n    <img decoding=\"async\" src=\"http:\/\/gepomay.fr\/wp-content\/uploads\/2020\/02\/crabier-1-1024x590.jpg\" alt=\"Crabier blanc\" \/>\n    <figcaption>\u00a9Gilles Adt<\/figcaption>\n  <\/figure>\t\t\t\t\t\t\t\t<\/div>\n\t\t\t\t<\/div>\n\t\t\t\t<div class=\"elementor-element elementor-element-e125b9c elementor-widget elementor-widget-text-editor\" data-id=\"e125b9c\" data-element_type=\"widget\" data-widget_type=\"text-editor.default\">\n\t\t\t\t<div class=\"elementor-widget-container\">\n\t\t\t\t\t\t\t\t\t<p><style>\n  .threat-box-group {\n    display: flex;\n    flex-wrap: wrap;\n    gap: 20px;\n    justify-content: space-between;\n    background-color: #fff5f5;\n    border-left: 6px solid #FFA500;\n    padding: 20px;\n    margin: 30px auto;\n    max-width: 1100px;\n    font-family: Roboto, sans-serif;\n    box-shadow: 0 4px 12px rgba(229, 115, 115, 0.15);\n    border-radius: 10px;\n    color: #2c3e50;\n  }\n\n  .threat-box-group h2 {\n    width: 100%;\n    color: #FFA500;\n    margin-bottom: 10px;\n    font-size: 1.6rem;\n  }\n\n  .threat-box-item {\n    flex: 0 0 32%;\n    text-align: center;\n  }\n\n  .threat-box-item .image-frame {\n    width: 100%;\n    height: 220px;\n    overflow: hidden;\n    border-radius: 8px;\n  }\n\n  .threat-box-item img {\n    width: 100%;\n    height: 100%;\n    object-fit: cover;\n    display: block;\n  }\n\n  .threat-box-item figcaption {\n    font-size: 0.9rem;\n    color: #555;\n    margin-top: 8px;\n  }\n\n  .threat-box-item a {\n    color: #FFA500;\n    font-weight: bold;\n    text-decoration: none;\n  }\n\n  .threat-box-item a:hover {\n    text-decoration: underline;\n  }\n\n  @media (max-width: 768px) {\n    .threat-box-item {\n      flex: 0 0 100%;\n    }\n  }\n<\/style><\/p>\n<div class=\"threat-box-group\">\n<h2>\u26a0\ufe0f Trois esp\u00e8ces en danger d&rsquo;extinction (EN)<\/h2>\n<figure class=\"threat-box-item\">\n<div class=\"image-frame\"><img decoding=\"async\" src=\"http:\/\/gepomay.fr\/wp-content\/uploads\/2019\/09\/2012.08.07-_ADT9583-NIKON-D7000-LR-1024x678.jpg\" alt=\"Grande aigrette\" \/><\/div>\n<figcaption><a href=\"https:\/\/gepomay.fr\/index.php\/2022\/02\/15\/loiseau-du-mois-la-grande-aigrette\/\" target=\"_blank\" rel=\"noopener\"><strong>La Grande aigrette<\/strong><\/a>, <em>Ardea alba<\/em><br \/>\u00a9 Gilles Adt<\/figcaption>\n<\/figure>\n<figure class=\"threat-box-item\">\n<div class=\"image-frame\"><img decoding=\"async\" src=\"http:\/\/gepomay.fr\/wp-content\/uploads\/2019\/10\/h\u00e9ron-humblot-1024x628.jpg\" alt=\"H\u00e9ron de Humblot\" \/><\/div>\n<figcaption><a href=\"https:\/\/gepomay.fr\/index.php\/2022\/06\/13\/loiseau-du-mois-le-heron-de-humblot\/\" target=\"_blank\" rel=\"noopener\"><strong>Le H\u00e9ron de Humblot<\/strong><\/a>, <em>Ardea humbloti<\/em><br \/>\u00a9 Gilles Adt<\/figcaption>\n<\/figure>\n<figure class=\"threat-box-item\">\n<div class=\"image-frame\"><img decoding=\"async\" src=\"http:\/\/gepomay.fr\/wp-content\/uploads\/2020\/06\/martinet.malgache.pava_.1g-1-e1591078455848.jpg\" alt=\"Martinet malgache\" \/><\/div>\n<figcaption><strong>Le Martinet malgache<\/strong> (sous-esp\u00e8ce end\u00e9mique de Mayotte), <em>Apus balstoni mayottensis<\/em><br \/>\u00a9 Gilles Adt<\/figcaption>\n<\/figure>\n<\/div>\t\t\t\t\t\t\t\t<\/div>\n\t\t\t\t<\/div>\n\t\t\t\t<div class=\"elementor-element elementor-element-edb568f elementor-widget elementor-widget-text-editor\" data-id=\"edb568f\" data-element_type=\"widget\" data-widget_type=\"text-editor.default\">\n\t\t\t\t<div class=\"elementor-widget-container\">\n\t\t\t\t\t\t\t\t\t<p><style>\n  .threat-box-group {\n    display: flex;\n    flex-wrap: wrap;\n    gap: 20px;\n    justify-content: space-between;\n    background-color: #fff5f5;\n    border-left: 6px solid #FFA500;\n    padding: 20px;\n    margin: 30px auto;\n    max-width: 1100px;\n    font-family: Roboto, sans-serif;\n    box-shadow: 0 4px 12px rgba(229, 115, 115, 0.15);\n    border-radius: 10px;\n    color: #2c3e50;\n  }\n\n  .threat-box-group h2 {\n    width: 100%;\n    color: #E1A001;\n    margin-bottom: 10px;\n    font-size: 1.6rem;\n  }\n\n  .threat-box-item {\n    flex: 0 0 32%;\n    text-align: center;\n  }\n\n  .threat-box-item .image-frame {\n    width: 100%;\n    height: 220px;\n    overflow: hidden;\n    border-radius: 8px;\n  }\n\n  .threat-box-item img {\n    width: 100%;\n    height: 100%;\n    object-fit: cover;\n    display: block;\n  }\n\n  .threat-box-item figcaption {\n    font-size: 0.9rem;\n    color: #555;\n    margin-top: 8px;\n  }\n\n  .threat-box-item a {\n    color: #FFA500;\n    font-weight: bold;\n    text-decoration: none;\n  }\n\n  .threat-box-item a:hover {\n    text-decoration: underline;\n  }\n\n  @media (max-width: 768px) {\n    .threat-box-item {\n      flex: 0 0 100%;\n    }\n  }\n<\/style><\/p>\n<div class=\"threat-box-group\">\n<h2>\ud83d\udfe0 <span style=\"color: #ffcc00;\">Sept esp\u00e8ces vuln\u00e9rables (VU)<\/span><\/h2>\n<figure class=\"threat-box-item\">\n<div class=\"image-frame\"><img decoding=\"async\" src=\"http:\/\/gepomay.fr\/wp-content\/uploads\/2020\/01\/2014.11.19_ADT5304-NIKON-D810-LR-1024x985.jpg\" alt=\"Drome ard\u00e9ole\" \/><\/div>\n<figcaption><a href=\"http:\/\/gepomay.fr\/index.php\/2020\/01\/02\/nouvelle-fiche-oiseau-le-drome-ardeole\/\">Le Drome ard\u00e9ole<\/a>, <em>Dromas ardeola<\/em><br \/>\u00a9 Gilles Adt<\/figcaption>\n<\/figure>\n<figure class=\"threat-box-item\">\n<div class=\"image-frame\"><img decoding=\"async\" src=\"http:\/\/gepomay.fr\/wp-content\/uploads\/2020\/06\/Paul-van-Giersbergen.jpg\" alt=\"Drongo de Mayotte\" \/><\/div>\n<figcaption><a href=\"http:\/\/gepomay.fr\/index.php\/2020\/06\/02\/nouvelle-fiche-oiseau-le-drongo-de-mayotte\/\">Le Drongo de Mayotte<\/a>, <em>Dicrurus waldenii<\/em><br \/>\u00a9 Paul van Giersbergen<\/figcaption>\n<\/figure>\n<figure class=\"threat-box-item\">\n<div class=\"image-frame\"><img decoding=\"async\" src=\"http:\/\/gepomay.fr\/wp-content\/uploads\/2019\/12\/Capture.jpg\" alt=\"Faucon p\u00e8lerin\" \/><\/div>\n<figcaption><a href=\"http:\/\/gepomay.fr\/index.php\/2019\/12\/13\/nouvelle-fiche-oiseau-le-faucon-pelerin\/\">Le Faucon p\u00e8lerin<\/a>, <em>Falco peregrinus<\/em><br \/>\u00a9 GEPOMAY<\/figcaption>\n<\/figure>\n<figure class=\"threat-box-item\">\n<div class=\"image-frame\"><img decoding=\"async\" src=\"http:\/\/gepomay.fr\/wp-content\/uploads\/2019\/10\/gr\u00e8be-castagneux-2-1024x635.jpg\" alt=\"Gr\u00e8be castagneux\" \/><\/div>\n<figcaption><a href=\"https:\/\/gepomay.fr\/index.php\/2022\/07\/15\/loiseau-du-mois-le-grebe-castagneux\/\">Le Gr\u00e8be castagneux<\/a>, <em>Tachybaptus ruficollis<\/em><br \/>\u00a9 Gilles Adt<\/figcaption>\n<\/figure>\n<figure class=\"threat-box-item\">\n<div class=\"image-frame\"><img decoding=\"async\" src=\"http:\/\/gepomay.fr\/wp-content\/uploads\/2019\/10\/paille-en-queue-3-1024x1024.jpg\" alt=\"Pha\u00e9ton \u00e0 bec jaune\" \/><\/div>\n<figcaption><a href=\"http:\/\/gepomay.fr\/index.php\/2020\/06\/14\/loiseau-du-mois-le-phaeton-a-bec-jaune\/\">Le Pha\u00e9ton \u00e0 bec jaune<\/a>, <em>Phaethon lepturus<\/em><br \/>\u00a9 Gilles Adt<\/figcaption>\n<\/figure>\n<figure class=\"threat-box-item\">\n<div class=\"image-frame\"><img decoding=\"async\" src=\"http:\/\/gepomay.fr\/wp-content\/uploads\/2019\/10\/pigeon.des_.comores.jpg\" alt=\"Pigeon des Comores\" \/><\/div>\n<figcaption><a href=\"https:\/\/gepomay.fr\/index.php\/2023\/06\/16\/loiseau-du-mois-le-pigeon-des-comores\/\">Le Pigeon des Comores<\/a>, <em>Columba pollenii<\/em><br \/>\u00a9 Alexandre Laubin<\/figcaption>\n<\/figure>\n<figure class=\"threat-box-item\">\n<div class=\"image-frame\"><img decoding=\"async\" src=\"http:\/\/gepomay.fr\/wp-content\/uploads\/2019\/10\/Tal\u00e8vedAllenAlaubin-cr\u00e9dit-alex.jpg\" alt=\"Tal\u00e8ve d'Allen\" \/><\/div>\n<figcaption><a href=\"https:\/\/gepomay.fr\/index.php\/2022\/03\/15\/loiseau-du-mois-la-taleve-dallen\/\">La Tal\u00e8ve d&rsquo;Allen<\/a>, <em>Porphyrio alleni<\/em><br \/>\u00a9 Alexandre Laubin \/ GEPOMAY<\/figcaption>\n<\/figure>\n<\/div>\t\t\t\t\t\t\t\t<\/div>\n\t\t\t\t<\/div>\n\t\t\t\t\t<\/div>\n\t\t\t\t<\/div>\n\t\t<div class=\"elementor-element elementor-element-685064c e-flex e-con-boxed e-con e-parent\" data-id=\"685064c\" data-element_type=\"container\">\n\t\t\t\t\t<div class=\"e-con-inner\">\n\t\t\t\t<div class=\"elementor-element elementor-element-c1dd652 elementor-widget elementor-widget-spacer\" data-id=\"c1dd652\" data-element_type=\"widget\" data-widget_type=\"spacer.default\">\n\t\t\t\t<div class=\"elementor-widget-container\">\n\t\t\t\t\t\t\t<div class=\"elementor-spacer\">\n\t\t\t<div class=\"elementor-spacer-inner\"><\/div>\n\t\t<\/div>\n\t\t\t\t\t\t<\/div>\n\t\t\t\t<\/div>\n\t\t\t\t\t<\/div>\n\t\t\t\t<\/div>\n\t\t\t\t<\/div>\n\t\t","protected":false},"excerpt":{"rendered":"<p>A Mayotte, sur les 151 esp\u00e8ces d&rsquo;oiseaux recens\u00e9es, 11 esp\u00e8ces sont consid\u00e9r\u00e9es comme menac\u00e9es. Une esp\u00e8ce menac\u00e9e est class\u00e9e comme telle sur la Liste rouge de l&rsquo;Union Internationale pour la Conservation de la Nature, UICN. Il existe trois cat\u00e9gories de menaces selon ce document : Vuln\u00e9rable &#8211; VU En danger d&rsquo;extinction &#8211; EN En danger &hellip; <\/p>\n<p class=\"link-more\"><a href=\"https:\/\/gepomay.fr\/index.php\/oiseaux-de-mayotte\/especes-menacees\/\" class=\"more-link\">Lire la suite de<span class=\"screen-reader-text\">\u00ab\u00a0Oiseaux menac\u00e9s \u00e0 Mayotte\u00a0\u00bb<\/span><\/a><\/p>\n","protected":false},"author":1,"featured_media":0,"parent":91,"menu_order":4,"comment_status":"closed","ping_status":"closed","template":"","meta":{"footnotes":""},"_links":{"self":[{"href":"https:\/\/gepomay.fr\/index.php\/wp-json\/wp\/v2\/pages\/1849"}],"collection":[{"href":"https:\/\/gepomay.fr\/index.php\/wp-json\/wp\/v2\/pages"}],"about":[{"href":"https:\/\/gepomay.fr\/index.php\/wp-json\/wp\/v2\/types\/page"}],"author":[{"embeddable":true,"href":"https:\/\/gepomay.fr\/index.php\/wp-json\/wp\/v2\/users\/1"}],"replies":[{"embeddable":true,"href":"https:\/\/gepomay.fr\/index.php\/wp-json\/wp\/v2\/comments?post=1849"}],"version-history":[{"count":22,"href":"https:\/\/gepomay.fr\/index.php\/wp-json\/wp\/v2\/pages\/1849\/revisions"}],"predecessor-version":[{"id":5990,"href":"https:\/\/gepomay.fr\/index.php\/wp-json\/wp\/v2\/pages\/1849\/revisions\/5990"}],"up":[{"embeddable":true,"href":"https:\/\/gepomay.fr\/index.php\/wp-json\/wp\/v2\/pages\/91"}],"wp:attachment":[{"href":"https:\/\/gepomay.fr\/index.php\/wp-json\/wp\/v2\/media?parent=1849"}],"curies":[{"name":"wp","href":"https:\/\/api.w.org\/{rel}","templated":true}]}}