{"id":1433,"date":"2020-01-10T09:03:52","date_gmt":"2020-01-10T06:03:52","guid":{"rendered":"http:\/\/gepomay.fr\/?page_id=1433"},"modified":"2025-07-23T10:05:29","modified_gmt":"2025-07-23T07:05:29","slug":"oiseaux-cotiers-et-marins","status":"publish","type":"page","link":"https:\/\/gepomay.fr\/index.php\/oiseaux-de-mayotte\/oiseaux-cotiers-et-marins\/","title":{"rendered":"Oiseaux c\u00f4tiers et marins"},"content":{"rendered":"\t\t<div data-elementor-type=\"wp-page\" data-elementor-id=\"1433\" class=\"elementor elementor-1433\">\n\t\t\t\t<div class=\"elementor-element elementor-element-1bd4e435 e-flex e-con-boxed e-con e-parent\" data-id=\"1bd4e435\" data-element_type=\"container\">\n\t\t\t\t\t<div class=\"e-con-inner\">\n\t\t\t\t<div class=\"elementor-element elementor-element-1da4536 elementor-widget elementor-widget-text-editor\" data-id=\"1da4536\" data-element_type=\"widget\" data-widget_type=\"text-editor.default\">\n\t\t\t\t<div class=\"elementor-widget-container\">\n\t\t\t\t\t\t\t\t\t<p><style>\n  .custom-gallery {\n    display: flex;\n    flex-wrap: wrap;\n    justify-content: space-between;\n    gap: 16px;\n    margin-top: 20px;\n  }\n\n  .custom-gallery figure {\n    width: 23%;\n    margin: 0;\n    overflow: hidden;\n    text-align: center;\n    font-family: Roboto, sans-serif;\n  }\n\n  .custom-gallery img {\n    width: 100%;\n    height: 200px;\n    object-fit: cover;\n    display: block;\n    border-radius: 8px;\n  }\n\n  .custom-gallery figcaption {\n    font-size: 14px;\n    margin-top: 8px;\n  }\n\n  @media (max-width: 768px) {\n    .custom-gallery figure {\n      width: 48%;\n    }\n  }\n\n  @media (max-width: 480px) {\n    .custom-gallery figure {\n      width: 100%;\n    }\n  }\n<\/style><\/p>\n<h2 style=\"font-family: Roboto, sans-serif; font-weight: 400; font-size: 18px; color: #000;\">Pour en d\u00e9couvrir plus sur une esp\u00e8ce, n&rsquo;h\u00e9sitez pas \u00e0 cliquer sur le nom de l&rsquo;oiseau !<\/h2>\n<div class=\"custom-gallery\">\n<figure><a href=\"https:\/\/gepomay.fr\/wp-content\/uploads\/2019\/10\/2013.11.12_ADT8709-NIKON-D800E-LR-1.jpg\"> <img decoding=\"async\" src=\"http:\/\/gepomay.fr\/wp-content\/uploads\/2019\/10\/2013.11.12_ADT8709-NIKON-D800E-LR-1-1024x683.jpg\" alt=\"Chevalier aboyeur\" \/> <\/a>\n<figcaption><strong>Chevalier aboyeur<\/strong><br \/>\u00a9Gilles Adt<\/figcaption>\n<\/figure>\n<figure><a href=\"https:\/\/gepomay.fr\/wp-content\/uploads\/2019\/10\/2012.09.19-_ADT0866-NIKON-D7000-LR.jpg\"> <img decoding=\"async\" src=\"http:\/\/gepomay.fr\/wp-content\/uploads\/2019\/10\/2012.09.19-_ADT0866-NIKON-D7000-LR-1024x678.jpg\" alt=\"Chevalier guignette\" \/> <\/a>\n<figcaption><strong><a href=\"http:\/\/gepomay.fr\/index.php\/2020\/11\/23\/loiseau-du-moi-le-chevalier-guignette\/\">Chevalier guignette<\/a><\/strong><br \/>\u00a9Gilles Adt<\/figcaption>\n<\/figure>\n<figure><a href=\"https:\/\/gepomay.fr\/wp-content\/uploads\/2019\/10\/drome-ard\u00e9ole-2-1.jpg\"> <img decoding=\"async\" src=\"http:\/\/gepomay.fr\/wp-content\/uploads\/2019\/10\/drome-ard\u00e9ole-2-1-1024x576.jpg\" alt=\"Drome ard\u00e9ole\" \/> <\/a>\n<figcaption><strong><a href=\"http:\/\/gepomay.fr\/index.php\/2020\/01\/02\/nouvelle-fiche-oiseau-le-drome-ardeole\/\">Drome ard\u00e9ole<\/a><\/strong><br \/>\u00a9Gilles Adt<\/figcaption>\n<\/figure>\n<figure><a href=\"https:\/\/gepomay.fr\/wp-content\/uploads\/2019\/10\/courlis-corlieu-1.jpg\"> <img decoding=\"async\" src=\"http:\/\/gepomay.fr\/wp-content\/uploads\/2019\/10\/courlis-corlieu-1-1024x576.jpg\" alt=\"Courlis corlieu\" \/> <\/a>\n<figcaption><strong><a href=\"http:\/\/gepomay.fr\/index.php\/2019\/11\/04\/nouvelle-fiche-espece-le-courlis-corlieu\/\">Courlis corlieu<\/a><\/strong><br \/>\u00a9Gilles Adt<\/figcaption>\n<\/figure>\n<\/div>\t\t\t\t\t\t\t\t<\/div>\n\t\t\t\t<\/div>\n\t\t\t\t<div class=\"elementor-element elementor-element-d7654ce elementor-widget elementor-widget-text-editor\" data-id=\"d7654ce\" data-element_type=\"widget\" data-widget_type=\"text-editor.default\">\n\t\t\t\t<div class=\"elementor-widget-container\">\n\t\t\t\t\t\t\t\t\t<p><style>\n  .custom-gallery {\n    display: flex;\n    flex-wrap: wrap;\n    justify-content: space-between;\n    gap: 16px;\n    margin-top: 20px;\n  }\n\n  .custom-gallery figure {\n    width: 23%;\n    margin: 0;\n    overflow: hidden;\n    text-align: center;\n    font-family: Roboto, sans-serif;\n  }\n\n  .custom-gallery img {\n    width: 100%;\n    height: 200px;\n    object-fit: cover;\n    display: block;\n    border-radius: 8px;\n  }\n\n  .custom-gallery figcaption {\n    font-size: 14px;\n    margin-top: 8px;\n  }\n\n  @media (max-width: 768px) {\n    .custom-gallery figure {\n      width: 48%;\n    }\n  }\n\n  @media (max-width: 480px) {\n    .custom-gallery figure {\n      width: 100%;\n    }\n  }\n<\/style><\/p>\n<div class=\"custom-gallery\">\n<figure><a href=\"https:\/\/gepomay.fr\/wp-content\/uploads\/2019\/10\/grand-graveleau-1.jpg\"> <img decoding=\"async\" src=\"https:\/\/gepomay.fr\/wp-content\/uploads\/2019\/10\/grand-graveleau-1.jpg\" alt=\"Grand gravelot\" \/> <\/a>\n<figcaption><strong> <a href=\"https:\/\/gepomay.fr\/wp-content\/uploads\/2019\/10\/grand-graveleau-1.jpg\" target=\"_blank\" rel=\"noopener\"> Grand gravelot <\/a> <\/strong><br \/>\u00a9Gilles Adt<\/figcaption>\n<\/figure>\n<figure><a href=\"https:\/\/gepomay.fr\/wp-content\/uploads\/2019\/10\/h\u00e9ron-humblot.jpg\"> <img decoding=\"async\" src=\"https:\/\/gepomay.fr\/wp-content\/uploads\/2019\/10\/h\u00e9ron-humblot.jpg\" alt=\"H\u00e9ron de humblot\" \/> <\/a>\n<figcaption><strong> <a href=\"https:\/\/gepomay.fr\/wp-content\/uploads\/2019\/10\/h\u00e9ron-humblot.jpg\"> H\u00e9ron de humblot <\/a> <\/strong><br \/>\u00a9Gilles Adt<\/figcaption>\n<\/figure>\n<figure><a href=\"https:\/\/gepomay.fr\/wp-content\/uploads\/2019\/10\/sterne-hupp\u00e9e-3.jpg\"> <img decoding=\"async\" src=\"https:\/\/gepomay.fr\/wp-content\/uploads\/2019\/10\/sterne-hupp\u00e9e-3.jpg\" alt=\"Sterne hupp\u00e9e\" \/> <\/a>\n<figcaption><strong> <a href=\"http:\/\/gepomay.fr\/index.php\/2020\/06\/03\/nouvelle-fiche-oiseau-la-sterne-huppee\/\"> Sterne hupp\u00e9e <\/a> <\/strong><br \/>\u00a9Gilles Adt<\/figcaption>\n<\/figure>\n<figure><a href=\"https:\/\/gepomay.fr\/wp-content\/uploads\/2019\/10\/sterne.jpg\"> <img decoding=\"async\" src=\"https:\/\/gepomay.fr\/wp-content\/uploads\/2019\/10\/sterne.jpg\" alt=\"Sterne voyageuse\" \/> <\/a>\n<figcaption><strong> <a href=\"http:\/\/gepomay.fr\/index.php\/2020\/06\/02\/nouvelle-fiche-oiseau-la-sterne-voyageuse\/\"> Sterne voyageuse <\/a> <\/strong><br \/>\u00a9Thomas Ferrarri<\/figcaption>\n<\/figure>\n<\/div>\t\t\t\t\t\t\t\t<\/div>\n\t\t\t\t<\/div>\n\t\t\t\t<div class=\"elementor-element elementor-element-52b0814 elementor-widget elementor-widget-text-editor\" data-id=\"52b0814\" data-element_type=\"widget\" data-widget_type=\"text-editor.default\">\n\t\t\t\t<div class=\"elementor-widget-container\">\n\t\t\t\t\t\t\t\t\t<p><style>\n  .custom-gallery {\n    display: flex;\n    flex-wrap: wrap;\n    justify-content: space-between;\n    gap: 16px;\n    margin-top: 20px;\n  }\n\n  .custom-gallery figure {\n    width: 23%;\n    margin: 0;\n    overflow: hidden;\n    text-align: center;\n    font-family: Roboto, sans-serif;\n  }\n\n  .custom-gallery img {\n    width: 100%;\n    height: 200px;\n    object-fit: cover;\n    display: block;\n    border-radius: 8px;\n  }\n\n  .custom-gallery figcaption {\n    font-size: 14px;\n    margin-top: 8px;\n  }\n\n  @media (max-width: 768px) {\n    .custom-gallery figure {\n      width: 48%;\n    }\n  }\n\n  @media (max-width: 480px) {\n    .custom-gallery figure {\n      width: 100%;\n    }\n  }\n<\/style><\/p>\n<div class=\"custom-gallery\">\n<figure><a href=\"https:\/\/gepomay.fr\/wp-content\/uploads\/2019\/10\/h\u00e9ron-stri\u00e9-3-1.jpg\"> <img decoding=\"async\" src=\"http:\/\/gepomay.fr\/wp-content\/uploads\/2019\/10\/h\u00e9ron-stri\u00e9-3-1-1024x608.jpg\" alt=\"H\u00e9ron stri\u00e9\" \/> <\/a>\n<figcaption><strong> <a href=\"https:\/\/gepomay.fr\/index.php\/2021\/07\/15\/loiseau-du-mois-le-heron-strie\/\" target=\"_blank\" rel=\"noopener\"> H\u00e9ron stri\u00e9 <\/a> <\/strong><br \/>\u00a9Gilles Adt<\/figcaption>\n<\/figure>\n<figure><a href=\"https:\/\/gepomay.fr\/wp-content\/uploads\/2019\/10\/chevalier-bargette-1.jpg\"> <img decoding=\"async\" src=\"http:\/\/gepomay.fr\/wp-content\/uploads\/2019\/10\/chevalier-bargette-1-1024x707.jpg\" alt=\"Chevalier bargette\" \/> <\/a>\n<figcaption><strong> <a href=\"https:\/\/gepomay.fr\/index.php\/2022\/10\/14\/loiseau-du-mois-le-chevalier-bargette\/\" target=\"_blank\" rel=\"noopener\"> Chevalier bargette <\/a> <\/strong><br \/>\u00a9Thomas Ferrari &#8211; GEPOMAY<\/figcaption>\n<\/figure>\n<figure><a href=\"https:\/\/gepomay.fr\/wp-content\/uploads\/2019\/10\/tournepierre-\u00e0-collier-1.jpg\"> <img decoding=\"async\" src=\"http:\/\/gepomay.fr\/wp-content\/uploads\/2019\/10\/tournepierre-\u00e0-collier-1-1024x767.jpg\" alt=\"Tournepierre \u00e0 collier\" \/> <\/a>\n<figcaption><strong> <a href=\"https:\/\/gepomay.fr\/index.php\/2021\/09\/15\/loiseau-du-mois-le-tournepierre-a-collier\/\" target=\"_blank\" rel=\"noopener\"> Tournepierre \u00e0 collier <\/a> <\/strong><br \/>\u00a9Thomas Ferrari &#8211; GEPOMAY<\/figcaption>\n<\/figure>\n<figure><a href=\"https:\/\/gepomay.fr\/wp-content\/uploads\/2019\/10\/gravelot.de_.leschenault-cred-fr\u00e9d\u00e9ric-pelsy-1.jpg\"> <img decoding=\"async\" src=\"http:\/\/gepomay.fr\/wp-content\/uploads\/2019\/10\/gravelot.de_.leschenault-cred-fr\u00e9d\u00e9ric-pelsy-1.jpg\" alt=\"Gravelot de Leschenault\" \/> <\/a>\n<figcaption><strong> <a href=\"https:\/\/gepomay.fr\/index.php\/2023\/03\/14\/loiseau-du-mois-le-gravelot-de-leschenault\/\" target=\"_blank\" rel=\"noopener\"> Gravelot de Leschenault <\/a> <\/strong><br \/>\u00a9Fr\u00e9d\u00e9ric Pelsy<\/figcaption>\n<\/figure>\n<\/div>\t\t\t\t\t\t\t\t<\/div>\n\t\t\t\t<\/div>\n\t\t\t\t<div class=\"elementor-element elementor-element-f728929 elementor-widget elementor-widget-text-editor\" data-id=\"f728929\" data-element_type=\"widget\" data-widget_type=\"text-editor.default\">\n\t\t\t\t<div class=\"elementor-widget-container\">\n\t\t\t\t\t\t\t\t\t<p><style>\n  .custom-gallery {\n    display: flex;\n    flex-wrap: wrap;\n    justify-content: space-between;\n    gap: 16px;\n    margin-top: 20px;\n  }\n\n  .custom-gallery figure {\n    width: 23%;\n    margin: 0;\n    overflow: hidden;\n    text-align: center;\n    font-family: Roboto, sans-serif;\n  }\n\n  .custom-gallery img {\n    width: 100%;\n    height: 200px;\n    object-fit: cover;\n    display: block;\n    border-radius: 8px;\n  }\n\n  .custom-gallery figcaption {\n    font-size: 14px;\n    margin-top: 8px;\n  }\n\n  @media (max-width: 768px) {\n    .custom-gallery figure {\n      width: 48%;\n    }\n  }\n\n  @media (max-width: 480px) {\n    .custom-gallery figure {\n      width: 100%;\n    }\n  }\n<\/style><\/p>\n<div class=\"custom-gallery\">\n<figure><a href=\"https:\/\/gepomay.fr\/wp-content\/uploads\/2019\/10\/b\u00e9casseau-cocorli-Derek-Keats.jpg\"> <img decoding=\"async\" src=\"http:\/\/gepomay.fr\/wp-content\/uploads\/2019\/10\/b\u00e9casseau-cocorli-Derek-Keats.jpg\" alt=\"B\u00e9casseau cocorli\" \/> <\/a>\n<figcaption><strong> <a href=\"http:\/\/gepomay.fr\/index.php\/2020\/09\/21\/loiseau-du-mois-le-becasseau-cocorli\/\" target=\"_blank\" rel=\"noopener\"> B\u00e9casseau cocorli <\/a> <\/strong><br \/>\u00a9Derek Keats<\/figcaption>\n<\/figure>\n<figure><a href=\"https:\/\/gepomay.fr\/wp-content\/uploads\/2019\/10\/paille-en-queue-3.jpg\"> <img decoding=\"async\" src=\"http:\/\/gepomay.fr\/wp-content\/uploads\/2019\/10\/paille-en-queue-3-1024x1024.jpg\" alt=\"Pha\u00e9ton \u00e0 bec jaune\" \/> <\/a>\n<figcaption><strong> <a href=\"http:\/\/gepomay.fr\/index.php\/2020\/06\/14\/loiseau-du-mois-le-phaeton-a-bec-jaune\/\" target=\"_blank\" rel=\"noopener\"> Pha\u00e9ton \u00e0 bec jaune <\/a> <\/strong><br \/>\u00a9Gilles Adt<\/figcaption>\n<\/figure>\n<figure><a href=\"https:\/\/gepomay.fr\/wp-content\/uploads\/2019\/10\/noddi-brun-1.jpg\"> <img decoding=\"async\" src=\"http:\/\/gepomay.fr\/wp-content\/uploads\/2019\/10\/noddi-brun-1-1024x881.jpg\" alt=\"Noddi brun\" \/> <\/a>\n<figcaption><strong> <a href=\"http:\/\/gepomay.fr\/index.php\/2021\/01\/22\/loiseau-du-mois-le-noddi-brun\/\" target=\"_blank\" rel=\"noopener\"> Noddi brun <\/a> <\/strong><br \/>\u00a9Gilles Adt<\/figcaption>\n<\/figure>\n<figure><a href=\"https:\/\/gepomay.fr\/wp-content\/uploads\/2019\/10\/B\u00e9casseau-sanderling-2.jpg\"> <img decoding=\"async\" src=\"http:\/\/gepomay.fr\/wp-content\/uploads\/2019\/10\/B\u00e9casseau-sanderling-2-1024x750.jpg\" alt=\"B\u00e9casseau Sanderling\" \/> <\/a>\n<figcaption><strong>B\u00e9casseau Sanderling<\/strong><br \/>\u00a9Thomas Ferrari \u2013 GEPOMAY<\/figcaption>\n<\/figure>\n<\/div>\t\t\t\t\t\t\t\t<\/div>\n\t\t\t\t<\/div>\n\t\t\t\t<div class=\"elementor-element elementor-element-1a4ccbd elementor-widget elementor-widget-text-editor\" data-id=\"1a4ccbd\" data-element_type=\"widget\" data-widget_type=\"text-editor.default\">\n\t\t\t\t<div class=\"elementor-widget-container\">\n\t\t\t\t\t\t\t\t\t<p><style>\n  .custom-gallery {\n    display: flex;\n    flex-wrap: wrap;\n    justify-content: space-between;\n    gap: 16px;\n    margin-top: 20px;\n  }\n\n  .custom-gallery figure {\n    width: 23%;\n    margin: 0;\n    overflow: hidden;\n    text-align: center;\n    font-family: Roboto, sans-serif;\n  }\n\n  .custom-gallery img {\n    width: 100%;\n    height: 200px;\n    object-fit: cover;\n    display: block;\n    border-radius: 8px;\n  }\n\n  .custom-gallery figcaption {\n    font-size: 14px;\n    margin-top: 8px;\n  }\n\n  @media (max-width: 768px) {\n    .custom-gallery figure {\n      width: 48%;\n    }\n  }\n\n  @media (max-width: 480px) {\n    .custom-gallery figure {\n      width: 100%;\n    }\n  }\n<\/style><\/p>\n<div class=\"custom-gallery\">\n<figure><a href=\"https:\/\/gepomay.fr\/wp-content\/uploads\/2019\/10\/sterne-de-saunders-cred-varuni-de-silva.jpg\"> <img decoding=\"async\" src=\"https:\/\/gepomay.fr\/wp-content\/uploads\/2019\/10\/sterne-de-saunders-cred-varuni-de-silva.jpg\" alt=\"Sterne de Saunders\" \/> <\/a>\n<figcaption><strong> <a href=\"https:\/\/gepomay.fr\/wp-content\/uploads\/2019\/10\/sterne-de-saunders-cred-varuni-de-silva.jpg\" target=\"_blank\" rel=\"noopener\"> Sterne de Saunders <\/a> <\/strong><br \/>\u00a9Varuni-de Silva<\/figcaption>\n<\/figure>\n<figure><a href=\"https:\/\/gepomay.fr\/wp-content\/uploads\/2019\/10\/pluvier-argent\u00e9-cred-vadim-kreynin.jpg\"> <img decoding=\"async\" src=\"https:\/\/gepomay.fr\/wp-content\/uploads\/2019\/10\/pluvier-argent\u00e9-cred-vadim-kreynin.jpg\" alt=\"Pha\u00e9ton \u00e0 bec jaune\" \/> <\/a>\n<figcaption><strong> <a href=\"https:\/\/gepomay.fr\/index.php\/2021\/11\/09\/loiseau-du-mois-le-pluvier-argente\/\" target=\"_blank\" rel=\"noopener\"> Pluvier argent\u00e9 <\/a> <\/strong><br \/>\u00a9Vadim Kreynin<\/figcaption>\n<\/figure>\n<\/div>\t\t\t\t\t\t\t\t<\/div>\n\t\t\t\t<\/div>\n\t\t\t\t<div class=\"elementor-element elementor-element-b414146 elementor-widget elementor-widget-spacer\" data-id=\"b414146\" data-element_type=\"widget\" data-widget_type=\"spacer.default\">\n\t\t\t\t<div class=\"elementor-widget-container\">\n\t\t\t\t\t\t\t<div class=\"elementor-spacer\">\n\t\t\t<div class=\"elementor-spacer-inner\"><\/div>\n\t\t<\/div>\n\t\t\t\t\t\t<\/div>\n\t\t\t\t<\/div>\n\t\t\t\t\t<\/div>\n\t\t\t\t<\/div>\n\t\t\t\t<\/div>\n\t\t","protected":false},"excerpt":{"rendered":"<p>Pour en d\u00e9couvrir plus sur une esp\u00e8ce, n&rsquo;h\u00e9sitez pas \u00e0 cliquer sur le nom de l&rsquo;oiseau ! Chevalier aboyeur\u00a9Gilles Adt Chevalier guignette\u00a9Gilles Adt Drome ard\u00e9ole\u00a9Gilles Adt Courlis corlieu\u00a9Gilles Adt Grand gravelot \u00a9Gilles Adt H\u00e9ron de humblot \u00a9Gilles Adt Sterne hupp\u00e9e \u00a9Gilles Adt Sterne voyageuse \u00a9Thomas Ferrarri H\u00e9ron stri\u00e9 \u00a9Gilles Adt Chevalier bargette \u00a9Thomas Ferrari &#8211; &hellip; <\/p>\n<p class=\"link-more\"><a href=\"https:\/\/gepomay.fr\/index.php\/oiseaux-de-mayotte\/oiseaux-cotiers-et-marins\/\" class=\"more-link\">Lire la suite de<span class=\"screen-reader-text\">\u00ab\u00a0Oiseaux c\u00f4tiers et marins\u00a0\u00bb<\/span><\/a><\/p>\n","protected":false},"author":1,"featured_media":0,"parent":91,"menu_order":2,"comment_status":"closed","ping_status":"closed","template":"","meta":{"footnotes":""},"_links":{"self":[{"href":"https:\/\/gepomay.fr\/index.php\/wp-json\/wp\/v2\/pages\/1433"}],"collection":[{"href":"https:\/\/gepomay.fr\/index.php\/wp-json\/wp\/v2\/pages"}],"about":[{"href":"https:\/\/gepomay.fr\/index.php\/wp-json\/wp\/v2\/types\/page"}],"author":[{"embeddable":true,"href":"https:\/\/gepomay.fr\/index.php\/wp-json\/wp\/v2\/users\/1"}],"replies":[{"embeddable":true,"href":"https:\/\/gepomay.fr\/index.php\/wp-json\/wp\/v2\/comments?post=1433"}],"version-history":[{"count":20,"href":"https:\/\/gepomay.fr\/index.php\/wp-json\/wp\/v2\/pages\/1433\/revisions"}],"predecessor-version":[{"id":5962,"href":"https:\/\/gepomay.fr\/index.php\/wp-json\/wp\/v2\/pages\/1433\/revisions\/5962"}],"up":[{"embeddable":true,"href":"https:\/\/gepomay.fr\/index.php\/wp-json\/wp\/v2\/pages\/91"}],"wp:attachment":[{"href":"https:\/\/gepomay.fr\/index.php\/wp-json\/wp\/v2\/media?parent=1433"}],"curies":[{"name":"wp","href":"https:\/\/api.w.org\/{rel}","templated":true}]}}