{"id":1291,"date":"2019-12-31T09:26:29","date_gmt":"2019-12-31T06:26:29","guid":{"rendered":"http:\/\/gepomay.fr\/?page_id=1291"},"modified":"2025-07-23T13:54:52","modified_gmt":"2025-07-23T10:54:52","slug":"cartographie-du-territoire","status":"publish","type":"page","link":"https:\/\/gepomay.fr\/index.php\/oiseaux-de-mayotte\/cartographie-du-territoire\/","title":{"rendered":"Cartographie du territoire"},"content":{"rendered":"\t\t<div data-elementor-type=\"wp-page\" data-elementor-id=\"1291\" class=\"elementor elementor-1291\">\n\t\t\t\t<div class=\"elementor-element elementor-element-b004901 e-flex e-con-boxed e-con e-parent\" data-id=\"b004901\" data-element_type=\"container\">\n\t\t\t\t\t<div class=\"e-con-inner\">\n\t\t\t\t<div class=\"elementor-element elementor-element-e0e1413 elementor-widget elementor-widget-heading\" data-id=\"e0e1413\" data-element_type=\"widget\" data-widget_type=\"heading.default\">\n\t\t\t\t<div class=\"elementor-widget-container\">\n\t\t\t\t\t<h2 class=\"elementor-heading-title elementor-size-default\"><!-- Section contexte-->\n<div style=\"background-color: #7caacb;color: white;padding: 5px 30px;border-radius: 30px;text-align: center;margin-bottom: 20px\">\n<h2 style=\"font-size: 22px;margin: 0;color: #ffffff;font-weight: bold\">O\u00f9 observer les oiseaux ?<\/h2><\/h2>\t\t\t\t<\/div>\n\t\t\t\t<\/div>\n\t\t\t\t<div class=\"elementor-element elementor-element-f229162 elementor-widget elementor-widget-text-editor\" data-id=\"f229162\" data-element_type=\"widget\" data-widget_type=\"text-editor.default\">\n\t\t\t\t<div class=\"elementor-widget-container\">\n\t\t\t\t\t\t\t\t\t<style> \n  .text-map-container {\n    display: flex;\n    align-items: flex-start;\n    gap: 20px;\n    max-width: 1100px;\n    margin: 0 auto;\n    font-family: Roboto, sans-serif;\n  }\n\n  .text-map-container .text-content {\n    flex: 0 0 35%;\n    text-align: justify;\n    color: #000000;\n    font-size: 1.rem;\n  }\n\n  .text-map-container .map-figure {\n    flex: 0 0 65%;\n    text-align: center;\n  }\n\n  .text-map-container .map-figure img {\n    width: 100%;\n    height: auto;\n    border-radius: 8px;\n  }\n\n  .text-map-container .map-figure figcaption {\n    font-style: italic;\n    font-size: 0.rem;\n    margin-top: 8px;\n    color: #555;\n  }\n\n  @media (max-width: 768px) {\n    .text-map-container {\n      flex-direction: column;\n      align-items: center;\n    }\n\n    .text-map-container .map-figure,\n    .text-map-container .text-content {\n      flex: unset;\n      width: 100%;\n    }\n\n    .text-map-container .text-content {\n      margin-bottom: 20px;\n    }\n  }\n<\/style>\n\n<div class=\"text-map-container\">\n  <div class=\"text-content\">\n    <p>Les oiseaux se r\u00e9partissent par aire g\u00e9ographique, notamment en fonction de ce dont ils se nourrissent et des milieux o\u00f9 ils nichent. Cette carte de Mayotte donne une id\u00e9e des diff\u00e9rents types de milieux, d\u00e9couvrez ensuite les principales esp\u00e8ces que l&rsquo;on peut y observer.<\/p>\n  <\/div>\n  <figure class=\"map-figure\">\n    <img decoding=\"async\" src=\"http:\/\/gepomay.fr\/wp-content\/uploads\/2019\/12\/81554985_594251124702957_1959450838774579200_n-724x1024.jpg\" alt=\"Carte des secteurs bioclimatiques de Mayotte\" \/>\n    <figcaption>Carte des secteurs bioclimatiques de Mayotte, CBMN 2014<\/figcaption>\n  <\/figure>\n<\/div>\n\t\t\t\t\t\t\t\t<\/div>\n\t\t\t\t<\/div>\n\t\t\t\t<div class=\"elementor-element elementor-element-7a62fd37 elementor-widget elementor-widget-text-editor\" data-id=\"7a62fd37\" data-element_type=\"widget\" data-widget_type=\"text-editor.default\">\n\t\t\t\t<div class=\"elementor-widget-container\">\n\t\t\t\t\t\t\t\t\t<\/figure>\n<p><!-- \/wp:image --><\/p>\n<p><!-- wp:separator --><\/p>\n<hr class=\"wp-block-separator\" \/>\n<p><!-- \/wp:separator --><\/p>\n<p><!-- wp:media-text {\"mediaPosition\":\"right\",\"mediaId\":1329,\"mediaType\":\"image\",\"mediaWidth\":30} --><\/p>\n<div class=\"wp-block-media-text alignwide has-media-on-the-right is-stacked-on-mobile\" style=\"grid-template-columns: auto 30%;\">\n<figure class=\"wp-block-media-text__media\"><img fetchpriority=\"high\" decoding=\"async\" width=\"1024\" height=\"1024\" class=\"wp-image-1329 size-full\" src=\"http:\/\/gepomay.fr\/wp-content\/uploads\/2019\/12\/Benara.5-1-1024x1024.jpg\" alt=\"\" srcset=\"https:\/\/gepomay.fr\/wp-content\/uploads\/2019\/12\/Benara.5-1-1024x1024.jpg 1024w, https:\/\/gepomay.fr\/wp-content\/uploads\/2019\/12\/Benara.5-1-300x300.jpg 300w, https:\/\/gepomay.fr\/wp-content\/uploads\/2019\/12\/Benara.5-1-150x150.jpg 150w, https:\/\/gepomay.fr\/wp-content\/uploads\/2019\/12\/Benara.5-1.jpg 1036w\" sizes=\"(max-width: 1024px) 100vw, 1024px\" \/><\/figure>\n<div class=\"wp-block-media-text__content\">\n<p><!-- wp:paragraph {\"placeholder\":\"Contenu\u2026\"} --><\/p>\n<p><strong>Secteur hygro-submontagnarde <\/strong>: for\u00eat humide de haute altitude (exemple : sommet du mont B\u00e9nara)<\/p>\n<p><!-- \/wp:paragraph --><\/p>\n<p><!-- wp:list --><\/p>\n<ul>\n<li><span style=\"text-decoration: underline;\">Oiseaux communs <\/span>: <a href=\"http:\/\/gepomay.fr\/index.php\/2020\/06\/02\/nouvelle-fiche-oiseau-le-drongo-de-mayotte\/\">Drongo de Mayotte<\/a>, Courol de Madagascar, Pigeon des Comores<\/li>\n<li><span style=\"text-decoration: underline;\">Mais aussi <\/span>: <a href=\"https:\/\/gepomay.fr\/index.php\/2020\/12\/22\/loiseau-du-mois-le-moucheronne-de-madagascar\/\" target=\"_blank\" rel=\"noreferrer noopener\">Moucherolle de Madagascar<\/a>, <a href=\"http:\/\/gepomay.fr\/index.php\/2020\/05\/26\/nouvelle-fiche-oiseau-le-souimanga-de-mayotte\/?_thumbnail_id=22\">Souimanga de Mayotte<\/a><\/li>\n<\/ul>\n<p><!-- \/wp:list --><\/p>\n<\/div>\n<\/div>\n<p><!-- \/wp:media-text --><\/p>\n<p><!-- wp:separator --><\/p>\n<hr class=\"wp-block-separator\" \/>\n<p><!-- \/wp:separator --><\/p>\n<p><!-- wp:media-text {\"mediaId\":1326,\"mediaType\":\"image\",\"mediaWidth\":41} --><\/p>\n<div class=\"wp-block-media-text alignwide is-stacked-on-mobile\" style=\"grid-template-columns: 41% auto;\">\n<figure class=\"wp-block-media-text__media\"><img decoding=\"async\" width=\"1024\" height=\"683\" class=\"wp-image-1326 size-full\" src=\"http:\/\/gepomay.fr\/wp-content\/uploads\/2019\/12\/mont-choungui-1024x683.jpg\" alt=\"\" srcset=\"https:\/\/gepomay.fr\/wp-content\/uploads\/2019\/12\/mont-choungui-1024x683.jpg 1024w, https:\/\/gepomay.fr\/wp-content\/uploads\/2019\/12\/mont-choungui-300x200.jpg 300w, https:\/\/gepomay.fr\/wp-content\/uploads\/2019\/12\/mont-choungui.jpg 1600w\" sizes=\"(max-width: 1024px) 100vw, 1024px\" \/><\/figure>\n<div class=\"wp-block-media-text__content\">\n<p><!-- wp:paragraph {\"placeholder\":\"Contenu\u2026\"} --><\/p>\n<p><strong>Secteur<\/strong> <strong>x\u00e9ro-submontagnarde <\/strong>: for\u00eat s\u00e8che de haute altitude (exemple : sommet du mont Choungui)<\/p>\n<p><!-- \/wp:paragraph --><\/p>\n<p><!-- wp:list --><\/p>\n<ul>\n<li><span style=\"text-decoration: underline;\">Oiseaux communs <\/span>:<a href=\"https:\/\/gepomay.fr\/index.php\/2020\/12\/22\/loiseau-du-mois-le-moucheronne-de-madagascar\/\" target=\"_blank\" rel=\"noreferrer noopener\"> Moucherolle de Madagascar<\/a>, Martinet du Cap, <a href=\"http:\/\/gepomay.fr\/index.php\/2019\/12\/13\/nouvelle-fiche-oiseau-le-faucon-pelerin\/\">Faucon p\u00e8lerin <\/a><\/li>\n<li><span style=\"text-decoration: underline;\">Mais aussi <\/span>: <a href=\"https:\/\/gepomay.fr\/index.php\/2022\/09\/01\/loiseau-du-mois-le-zosterops-de-mayotte\/(ouvre un nouvel onglet)\" target=\"_blank\" rel=\"noreferrer noopener\">Zost\u00e9rops de Ma<\/a><a href=\"https:\/\/gepomay.fr\/index.php\/2022\/09\/01\/loiseau-du-mois-le-zosterops-de-mayotte\/(ouvre un nouvel onglet)\" target=\"_blank\" rel=\"noreferrer noopener\">y<\/a><a href=\"https:\/\/gepomay.fr\/index.php\/2022\/09\/01\/loiseau-du-mois-le-zosterops-de-mayotte\/(ouvre un nouvel onglet)\" target=\"_blank\" rel=\"noreferrer noopener\">o<\/a><a href=\"https:\/\/gepomay.fr\/index.php\/2022\/09\/01\/loiseau-du-mois-le-zosterops-de-mayotte\/(ouvre un nouvel onglet)\" target=\"_blank\" rel=\"noreferrer noopener\">t<\/a><a href=\"https:\/\/gepomay.fr\/index.php\/2022\/09\/01\/loiseau-du-mois-le-zosterops-de-mayotte\/(ouvre un nouvel onglet)\" target=\"_blank\" rel=\"noreferrer noopener\">t<\/a><a href=\"https:\/\/gepomay.fr\/index.php\/2022\/09\/01\/loiseau-du-mois-le-zosterops-de-mayotte\/(ouvre un nouvel onglet)\" target=\"_blank\" rel=\"noreferrer noopener\">e<\/a>, <a href=\"http:\/\/gepomay.fr\/index.php\/2020\/06\/30\/nouvelle-fiche-oiseau-la-chouette-effraie\/\">Chouette effraie<\/a><\/li>\n<\/ul>\n<p><!-- \/wp:list --><\/p>\n<p><!-- wp:paragraph --><\/p>\n<p><!-- \/wp:paragraph --><\/p>\n<\/div>\n<\/div>\n<p><!-- \/wp:media-text --><\/p>\n<p><!-- wp:separator --><\/p>\n<hr class=\"wp-block-separator\" \/>\n<p><!-- \/wp:separator --><\/p>\n<p><!-- wp:media-text {\"mediaPosition\":\"right\",\"mediaId\":1320,\"mediaType\":\"image\",\"mediaWidth\":35} --><\/p>\n<div class=\"wp-block-media-text alignwide has-media-on-the-right is-stacked-on-mobile\" style=\"grid-template-columns: auto 35%;\">\n<figure class=\"wp-block-media-text__media\"><img decoding=\"async\" width=\"259\" height=\"194\" class=\"wp-image-1320 size-full\" src=\"http:\/\/gepomay.fr\/wp-content\/uploads\/2019\/12\/foret-humide.jpg\" alt=\"\" \/><\/figure>\n<div class=\"wp-block-media-text__content\">\n<p><!-- wp:paragraph {\"placeholder\":\"Contenu\u2026\"} --><\/p>\n<p><strong>Secteur hygrophile <\/strong>: for\u00eat humide (exemple : for\u00eat du Dziani Bol\u00e9)<\/p>\n<p><!-- \/wp:paragraph --><\/p>\n<p><!-- wp:list --><\/p>\n<ul>\n<li><span style=\"text-decoration: underline;\">Oiseaux communs <\/span>: <a href=\"https:\/\/gepomay.fr\/index.php\/2021\/06\/15\/loiseau-du-mois-le-petit-duc-de-mayotte\/\" target=\"_blank\" rel=\"noreferrer noopener\">Petit duc de Mayotte<\/a>, Courol de Madagascar, <a href=\"https:\/\/gepomay.fr\/index.php\/2020\/10\/23\/en-octobre-decouvrez-le-founingo-des-comores\/\">Founingo des Comores <\/a><\/li>\n<li><span style=\"text-decoration: underline;\">Mais aussi <\/span>: Pigeon des Comores, <a href=\"http:\/\/gepomay.fr\/index.php\/2019\/12\/13\/nouvelle-fiche-oiseau-lepervier-de-frances\/\">\u00c9pervier de Franc\u00e8s<\/a>, <a href=\"http:\/\/gepomay.fr\/index.php\/2020\/06\/02\/nouvelle-fiche-oiseau-le-drongo-de-mayotte\/\">Drongo de Mayotte <\/a><\/li>\n<\/ul>\n<p><!-- \/wp:list --><\/p>\n<\/div>\n<\/div>\n<p><!-- \/wp:media-text --><\/p>\n<p><!-- wp:separator --><\/p>\n<hr class=\"wp-block-separator\" \/>\n<p><!-- \/wp:separator --><\/p>\n<p><!-- wp:media-text {\"mediaId\":1327,\"mediaType\":\"image\",\"mediaWidth\":36} --><\/p>\n<div class=\"wp-block-media-text alignwide is-stacked-on-mobile\" style=\"grid-template-columns: 36% auto;\">\n<figure class=\"wp-block-media-text__media\"><img loading=\"lazy\" decoding=\"async\" width=\"259\" height=\"173\" class=\"wp-image-1327 size-full\" src=\"http:\/\/gepomay.fr\/wp-content\/uploads\/2019\/12\/agroforesterie.jpg\" alt=\"\" \/><\/figure>\n<div class=\"wp-block-media-text__content\">\n<p><!-- wp:paragraph {\"placeholder\":\"Contenu\u2026\"} --><\/p>\n<p><strong>Secteur m\u00e9sophile <\/strong>: for\u00eat mod\u00e9r\u00e9e (exemple : zones semi-agricoles)<\/p>\n<p><!-- \/wp:paragraph --><\/p>\n<p><!-- wp:list --><\/p>\n<ul>\n<li><span style=\"text-decoration: underline;\">Oiseaux communs <\/span>: <a href=\"https:\/\/gepomay.fr\/index.php\/2021\/10\/14\/loiseau-du-mois-le-bulbul-de-madagascar\/\" target=\"_blank\" rel=\"noreferrer noopener\">Bulbul de Madagascar<\/a>, Courol de Madagascar, <a href=\"http:\/\/gepomay.fr\/index.php\/2019\/12\/13\/nouvelle-fiche-oiseau-lepervier-de-frances\/\">\u00c9pervier de Franc\u00e8s<\/a><\/li>\n<li><span style=\"text-decoration: underline;\">Mais aussi <\/span>: Tourterelle peinte, <a href=\"https:\/\/gepomay.fr\/index.php\/2022\/05\/16\/loiseau-du-mois-la-tourterelle-du-cap\/(ouvre un nouvel onglet)\" target=\"_blank\" rel=\"noreferrer noopener\">Tourterelle du Cap<\/a>, <a href=\"http:\/\/gepomay.fr\/index.php\/2020\/05\/26\/nouvelle-fiche-oiseau-le-souimanga-de-mayotte\/\">Souimanga de Mayotte <\/a><\/li>\n<\/ul>\n<p><!-- \/wp:list --><\/p>\n<\/div>\n<\/div>\n<p><!-- \/wp:media-text --><\/p>\n<p><!-- wp:separator --><\/p>\n<hr class=\"wp-block-separator\" \/>\n<p><!-- \/wp:separator --><\/p>\n<p><!-- wp:media-text {\"mediaPosition\":\"right\",\"mediaId\":1314,\"mediaType\":\"image\",\"mediaWidth\":35} --><\/p>\n<div class=\"wp-block-media-text alignwide has-media-on-the-right is-stacked-on-mobile\" style=\"grid-template-columns: auto 35%;\">\n<figure class=\"wp-block-media-text__media\"><img loading=\"lazy\" decoding=\"async\" width=\"276\" height=\"183\" class=\"wp-image-1314 size-full\" src=\"http:\/\/gepomay.fr\/wp-content\/uploads\/2019\/12\/for\u00eat-s\u00e8che.jpg\" alt=\"\" \/><\/figure>\n<div class=\"wp-block-media-text__content\">\n<p><!-- wp:paragraph {\"placeholder\":\"Contenu\u2026\"} --><\/p>\n<p><strong>Secteur semi-x\u00e9rophile <\/strong>: for\u00eat s\u00e8che (exemple : Petite Terre, pointe de Saziley)<\/p>\n<p><!-- \/wp:paragraph --><\/p>\n<p><!-- wp:list --><\/p>\n<ul>\n<li><span style=\"text-decoration: underline;\">Oiseaux communs <\/span>: <a href=\"http:\/\/gepomay.fr\/index.php\/2020\/05\/26\/nouvelle-fiche-oiseau-le-souimanga-de-mayotte\/\">Souimanga de Mayotte<\/a>, <a href=\"https:\/\/gepomay.fr\/index.php\/2020\/12\/22\/loiseau-du-mois-le-moucheronne-de-madagascar\/\" target=\"_blank\" rel=\"noreferrer noopener\">Moucherolle de Madagascar<\/a>, <a href=\"http:\/\/gepomay.fr\/index.php\/2020\/06\/30\/nouvelle-fiche-oiseau-la-chouette-effraie\/\">Chouette effraie<\/a><\/li>\n<li><span style=\"text-decoration: underline;\">Mais aussi <\/span>: <a href=\"http:\/\/gepomay.fr\/index.php\/2020\/06\/14\/loiseau-du-mois-le-phaeton-a-bec-jaune\/\">Paille-en-queue<\/a>, <a href=\"https:\/\/gepomay.fr\/index.php\/2022\/11\/14\/loiseau-du-mois-le-capucin-nonnette\/(ouvre un nouvel onglet)\" target=\"_blank\" rel=\"noreferrer noopener\">Capucin nonette<\/a>, Tourterelle tambourette<\/li>\n<\/ul>\n<p><!-- \/wp:list --><\/p>\n<\/div>\n<\/div>\n<p><!-- \/wp:media-text --><\/p>\n<p><!-- wp:separator --><\/p>\n<hr class=\"wp-block-separator\" \/>\n<p><!-- \/wp:separator --><\/p>\n<p><!-- wp:media-text {\"mediaId\":1332,\"mediaType\":\"image\",\"mediaWidth\":37} --><\/p>\n<div class=\"wp-block-media-text alignwide is-stacked-on-mobile\" style=\"grid-template-columns: 37% auto;\">\n<figure class=\"wp-block-media-text__media\"><img loading=\"lazy\" decoding=\"async\" width=\"1024\" height=\"684\" class=\"wp-image-1332 size-full\" src=\"http:\/\/gepomay.fr\/wp-content\/uploads\/2019\/12\/karihani-mieux-1024x684.jpg\" alt=\"\" srcset=\"https:\/\/gepomay.fr\/wp-content\/uploads\/2019\/12\/karihani-mieux-1024x684.jpg 1024w, https:\/\/gepomay.fr\/wp-content\/uploads\/2019\/12\/karihani-mieux-300x200.jpg 300w, https:\/\/gepomay.fr\/wp-content\/uploads\/2019\/12\/karihani-mieux.jpg 1200w\" sizes=\"(max-width: 1024px) 100vw, 1024px\" \/><\/figure>\n<div class=\"wp-block-media-text__content\">\n<p><!-- wp:paragraph {\"placeholder\":\"Contenu\u2026\"} --><\/p>\n<p><strong>Zone humide int\u00e9rieure <\/strong>: \u00e9tendue d&rsquo;eau douce, rivi\u00e8res, prairies humides (exemple : lac Karihani)<\/p>\n<p><!-- \/wp:paragraph --><\/p>\n<p><!-- wp:list --><\/p>\n<ul>\n<li><span style=\"text-decoration: underline;\">Oiseaux communs <\/span>: <a href=\"http:\/\/gepomay.fr\/index.php\/2020\/02\/17\/nouvelle-fiche-espece-le-crabier-blanc\/\">Crabier blanc<\/a>, <a href=\"https:\/\/gepomay.fr\/index.php\/2022\/02\/15\/loiseau-du-mois-la-grande-aigrette\/\" target=\"_blank\" rel=\"noreferrer noopener\">Grande aigrette<\/a>, <a href=\"https:\/\/gepomay.fr\/index.php\/2022\/07\/15\/loiseau-du-mois-le-grebe-castagneux\/\" target=\"_blank\" rel=\"noreferrer noopener\">Gr\u00e8be castagneux<\/a><\/li>\n<li><span style=\"text-decoration: underline;\">Mais aussi <\/span>: <a href=\"https:\/\/gepomay.fr\/index.php\/2021\/08\/18\/loiseau-du-mois-le-martin-pecheur-vintsi\/\" target=\"_blank\" rel=\"noreferrer noopener\">Martin p\u00eacheur<\/a>, <a href=\"https:\/\/gepomay.fr\/index.php\/2022\/03\/15\/loiseau-du-mois-la-taleve-dallen\/\" target=\"_blank\" rel=\"noreferrer noopener\">Tal\u00e8ve d&rsquo;Allen<\/a>, R\u00e2le de Cuvier<\/li>\n<\/ul>\n<p><!-- \/wp:list --><\/p>\n<\/div>\n<\/div>\n<p><!-- \/wp:media-text --><\/p>\n<p><!-- wp:separator --><\/p>\n<hr class=\"wp-block-separator\" \/>\n<p><!-- \/wp:separator --><\/p>\n<p><!-- wp:media-text {\"mediaPosition\":\"right\",\"mediaId\":1306,\"mediaType\":\"image\",\"mediaWidth\":32} --><\/p>\n<div class=\"wp-block-media-text alignwide has-media-on-the-right is-stacked-on-mobile\" style=\"grid-template-columns: auto 32%;\">\n<figure class=\"wp-block-media-text__media\"><img loading=\"lazy\" decoding=\"async\" width=\"600\" height=\"450\" class=\"wp-image-1306 size-full\" src=\"http:\/\/gepomay.fr\/wp-content\/uploads\/2019\/12\/mangrove.jpg\" alt=\"\" srcset=\"https:\/\/gepomay.fr\/wp-content\/uploads\/2019\/12\/mangrove.jpg 600w, https:\/\/gepomay.fr\/wp-content\/uploads\/2019\/12\/mangrove-300x225.jpg 300w\" sizes=\"(max-width: 600px) 100vw, 600px\" \/><\/figure>\n<div class=\"wp-block-media-text__content\">\n<p><!-- wp:paragraph {\"placeholder\":\"Contenu\u2026\"} --><\/p>\n<p><strong>Zone humide littorale <\/strong>: mangrove, vasi\u00e8re, prairie humide littorale (exemple : baie de Bou\u00e9ni)<\/p>\n<p><!-- \/wp:paragraph --><\/p>\n<p><!-- wp:list --><\/p>\n<ul>\n<li><span style=\"text-decoration: underline;\">Oiseaux communs <\/span>: <a href=\"http:\/\/gepomay.fr\/index.php\/2020\/01\/02\/nouvelle-fiche-oiseau-le-drome-ardeole\/\">Drome ard\u00e9ole<\/a>, <a href=\"http:\/\/gepomay.fr\/index.php\/2019\/11\/04\/nouvelle-fiche-espece-le-courlis-corlieu\/\">Courlis corlieu<\/a>, <a href=\"https:\/\/gepomay.fr\/index.php\/2020\/11\/23\/loiseau-du-moi-le-chevalier-guignette\/\" target=\"_blank\" rel=\"noreferrer noopener\">Chevalier guignette<\/a><\/li>\n<li><span style=\"text-decoration: underline;\">Mais aussi <\/span>: <a href=\"https:\/\/gepomay.fr\/index.php\/2022\/06\/13\/loiseau-du-mois-le-heron-de-humblot\/(ouvre un nouvel onglet)\" target=\"_blank\" rel=\"noreferrer noopener\">H\u00e9ron de Humblot<\/a>, Grand gravelot, Chevalier aboyeur<\/li>\n<\/ul>\n<p><!-- \/wp:list --><\/p>\n<\/div>\n<\/div>\n<p><!-- \/wp:media-text --><\/p>\n<p><!-- wp:separator --><\/p>\n<hr class=\"wp-block-separator\" \/>\n<p><!-- \/wp:separator --><\/p>\n<p><!-- wp:media-text {\"mediaId\":1299,\"mediaType\":\"image\",\"mediaWidth\":33} --><\/p>\n<div class=\"wp-block-media-text alignwide is-stacked-on-mobile\" style=\"grid-template-columns: 33% auto;\">\n<figure class=\"wp-block-media-text__media\"><img loading=\"lazy\" decoding=\"async\" width=\"430\" height=\"323\" class=\"wp-image-1299 size-full\" src=\"http:\/\/gepomay.fr\/wp-content\/uploads\/2019\/12\/padza.jpg\" alt=\"\" srcset=\"https:\/\/gepomay.fr\/wp-content\/uploads\/2019\/12\/padza.jpg 430w, https:\/\/gepomay.fr\/wp-content\/uploads\/2019\/12\/padza-300x225.jpg 300w\" sizes=\"(max-width: 430px) 100vw, 430px\" \/><\/figure>\n<div class=\"wp-block-media-text__content\">\n<p><!-- wp:paragraph {\"placeholder\":\"Contenu\u2026\"} --><\/p>\n<p><strong>Padza <\/strong>: zone d\u00e9forest\u00e9e et ravin\u00e9e (exemple : padza de Dapani)<\/p>\n<p><!-- \/wp:paragraph --><\/p>\n<p><!-- wp:list --><\/p>\n<ul>\n<li><span style=\"text-decoration: underline;\">Oiseaux communs <\/span>: <a href=\"http:\/\/gepomay.fr\/index.php\/2020\/05\/26\/nouvelle-fiche-oiseau-le-souimanga-de-mayotte\/\">Souimanga de Mayotte<\/a>, <a href=\"http:\/\/gepomay.fr\/index.php\/2019\/12\/13\/nouvelle-fiche-oiseau-le-faucon-pelerin\/\">Faucon p\u00e8lerin<\/a>, <a href=\"https:\/\/gepomay.fr\/index.php\/2020\/12\/22\/loiseau-du-mois-le-moucheronne-de-madagascar\/\" target=\"_blank\" rel=\"noreferrer noopener\">Moucherolle de Madagascar<\/a><\/li>\n<li><span style=\"text-decoration: underline;\">Mais aussi <\/span>: <a href=\"https:\/\/gepomay.fr\/index.php\/2022\/09\/01\/loiseau-du-mois-le-zosterops-de-mayotte\/(ouvre un nouvel onglet)\" target=\"_blank\" rel=\"noreferrer noopener\">Zost\u00e9rops de Mayotte<\/a>, <a href=\"http:\/\/gepomay.fr\/index.php\/2020\/08\/21\/les-oiseaux-du-mois-foudi-des-comores-et-foudi-de-madagascar\/\">Foudi des Comores<\/a>, Martinet du Cap<\/li>\n<\/ul>\n<p><!-- \/wp:list --><\/p>\n<\/div>\n<\/div>\n<p><!-- \/wp:media-text --><\/p>\n<p><!-- wp:separator --><\/p>\n<hr class=\"wp-block-separator\" \/>\n<p><!-- \/wp:separator --><\/p>\n<p><!-- wp:media-text {\"mediaPosition\":\"right\",\"mediaId\":1303,\"mediaType\":\"image\",\"mediaWidth\":34} --><\/p>\n<div class=\"wp-block-media-text alignwide has-media-on-the-right is-stacked-on-mobile\" style=\"grid-template-columns: auto 34%;\">\n<figure class=\"wp-block-media-text__media\"><img loading=\"lazy\" decoding=\"async\" width=\"259\" height=\"194\" class=\"wp-image-1303 size-full\" src=\"http:\/\/gepomay.fr\/wp-content\/uploads\/2019\/12\/village.jpg\" alt=\"\" \/><\/figure>\n<div class=\"wp-block-media-text__content\">\n<p><!-- wp:paragraph {\"placeholder\":\"Contenu\u2026\"} --><\/p>\n<p><strong>Espace urbain et artificialis\u00e9 <\/strong>: villages, zones industrielles (exemple : village de M&rsquo;tsap\u00e9r\u00e9)<\/p>\n<p><!-- \/wp:paragraph --><\/p>\n<p><!-- wp:list --><\/p>\n<ul>\n<li><span style=\"text-decoration: underline;\">Oiseaux communs <\/span>: Martin triste, <a href=\"https:\/\/gepomay.fr\/index.php\/2021\/12\/14\/loiseau-du-mois-le-corbeau-pie\/\" target=\"_blank\" rel=\"noreferrer noopener\" data-type=\"URL\" data-id=\"https:\/\/gepomay.fr\/index.php\/2021\/12\/14\/loiseau-du-mois-le-corbeau-pie\/\">Corbeau pie<\/a>, H\u00e9ron garde-b\u0153uf, Moineau domestique<\/li>\n<li><span style=\"text-decoration: underline;\">Mais aussi <\/span>: <a href=\"http:\/\/gepomay.fr\/index.php\/2019\/12\/13\/nouvelle-fiche-oiseau-lepervier-de-frances\/\">\u00c9pervier de Franc\u00e8s<\/a>, <a href=\"https:\/\/gepomay.fr\/index.php\/2022\/08\/16\/loiseau-du-mois-le-guepier-de-madagascar\/\" target=\"_blank\" rel=\"noreferrer noopener\">Gu\u00eapier de Madagascar<\/a>, <a href=\"http:\/\/gepomay.fr\/index.php\/2020\/06\/30\/nouvelle-fiche-oiseau-la-chouette-effraie\/\">Chouette effraie <\/a><\/li>\n<\/ul>\n<p><!-- \/wp:list --><\/p>\n<\/div>\n<\/div>\n<p><!-- \/wp:media-text --><\/p>\n<p><!-- wp:separator --><\/p>\n<hr class=\"wp-block-separator\" \/>\n<p><!-- \/wp:separator --><\/p>\n<p><!-- wp:media-text {\"mediaId\":1253,\"mediaType\":\"image\",\"mediaWidth\":34} --><\/p>\n<div class=\"wp-block-media-text alignwide is-stacked-on-mobile\" style=\"grid-template-columns: 34% auto;\">\n<figure class=\"wp-block-media-text__media\"><img loading=\"lazy\" decoding=\"async\" width=\"1024\" height=\"684\" class=\"wp-image-1253 size-full\" src=\"http:\/\/gepomay.fr\/wp-content\/uploads\/2019\/12\/2014.11.15_ADT5032-NIKON-D810-LR-1024x684.jpg\" alt=\"\" srcset=\"https:\/\/gepomay.fr\/wp-content\/uploads\/2019\/12\/2014.11.15_ADT5032-NIKON-D810-LR-1024x684.jpg 1024w, https:\/\/gepomay.fr\/wp-content\/uploads\/2019\/12\/2014.11.15_ADT5032-NIKON-D810-LR-300x200.jpg 300w, https:\/\/gepomay.fr\/wp-content\/uploads\/2019\/12\/2014.11.15_ADT5032-NIKON-D810-LR-768x513.jpg 768w, https:\/\/gepomay.fr\/wp-content\/uploads\/2019\/12\/2014.11.15_ADT5032-NIKON-D810-LR-2000x1335.jpg 2000w\" sizes=\"(max-width: 1024px) 100vw, 1024px\" \/><\/figure>\n<div class=\"wp-block-media-text__content\">\n<p><!-- wp:paragraph {\"placeholder\":\"Contenu\u2026\"} --><\/p>\n<p><strong>Lagon <\/strong>: c\u00f4tes, pourtours des \u00eelots, grand large (exemple : \u00eelot de sable blanc du sud)<\/p>\n<p><!-- \/wp:paragraph --><\/p>\n<p><!-- wp:list --><\/p>\n<ul>\n<li><span style=\"text-decoration: underline;\">Oiseaux communs <\/span>: <a href=\"http:\/\/gepomay.fr\/index.php\/2020\/06\/02\/nouvelle-fiche-oiseau-la-sterne-voyageuse\/\">Sterne voyageuse<\/a>, <a href=\"https:\/\/gepomay.fr\/index.php\/2021\/01\/22\/loiseau-du-mois-le-noddi-brun\/\" target=\"_blank\" rel=\"noreferrer noopener\">Noddi brun<\/a>, <a href=\"http:\/\/gepomay.fr\/index.php\/2020\/06\/14\/loiseau-du-mois-le-phaeton-a-bec-jaune\/\">Paille-en-queue<\/a><\/li>\n<li><span style=\"text-decoration: underline;\">Mais aussi <\/span>: <a href=\"http:\/\/gepomay.fr\/index.php\/2020\/06\/03\/nouvelle-fiche-oiseau-la-sterne-huppee\/\">Sterne hupp\u00e9e<\/a>, Fou masqu\u00e9, Fr\u00e9gate ariel<\/li>\n<\/ul>\n<p><!-- \/wp:list --><\/p>\n<\/div>\n<\/div>\n<p><!-- \/wp:media-text --><\/p>\t\t\t\t\t\t\t\t<\/div>\n\t\t\t\t<\/div>\n\t\t\t\t<div class=\"elementor-element elementor-element-b7b9121 elementor-widget elementor-widget-spacer\" data-id=\"b7b9121\" data-element_type=\"widget\" data-widget_type=\"spacer.default\">\n\t\t\t\t<div class=\"elementor-widget-container\">\n\t\t\t\t\t\t\t<div class=\"elementor-spacer\">\n\t\t\t<div class=\"elementor-spacer-inner\"><\/div>\n\t\t<\/div>\n\t\t\t\t\t\t<\/div>\n\t\t\t\t<\/div>\n\t\t\t\t\t<\/div>\n\t\t\t\t<\/div>\n\t\t\t\t<\/div>\n\t\t","protected":false},"excerpt":{"rendered":"<p>O\u00f9 observer les oiseaux ? Les oiseaux se r\u00e9partissent par aire g\u00e9ographique, notamment en fonction de ce dont ils se nourrissent et des milieux o\u00f9 ils nichent. Cette carte de Mayotte donne une id\u00e9e des diff\u00e9rents types de milieux, d\u00e9couvrez ensuite les principales esp\u00e8ces que l&rsquo;on peut y observer. Carte des secteurs bioclimatiques de Mayotte, &hellip; <\/p>\n<p class=\"link-more\"><a href=\"https:\/\/gepomay.fr\/index.php\/oiseaux-de-mayotte\/cartographie-du-territoire\/\" class=\"more-link\">Lire la suite de<span class=\"screen-reader-text\">\u00ab\u00a0Cartographie du territoire\u00a0\u00bb<\/span><\/a><\/p>\n","protected":false},"author":1,"featured_media":0,"parent":91,"menu_order":5,"comment_status":"closed","ping_status":"closed","template":"","meta":{"footnotes":""},"_links":{"self":[{"href":"https:\/\/gepomay.fr\/index.php\/wp-json\/wp\/v2\/pages\/1291"}],"collection":[{"href":"https:\/\/gepomay.fr\/index.php\/wp-json\/wp\/v2\/pages"}],"about":[{"href":"https:\/\/gepomay.fr\/index.php\/wp-json\/wp\/v2\/types\/page"}],"author":[{"embeddable":true,"href":"https:\/\/gepomay.fr\/index.php\/wp-json\/wp\/v2\/users\/1"}],"replies":[{"embeddable":true,"href":"https:\/\/gepomay.fr\/index.php\/wp-json\/wp\/v2\/comments?post=1291"}],"version-history":[{"count":37,"href":"https:\/\/gepomay.fr\/index.php\/wp-json\/wp\/v2\/pages\/1291\/revisions"}],"predecessor-version":[{"id":5998,"href":"https:\/\/gepomay.fr\/index.php\/wp-json\/wp\/v2\/pages\/1291\/revisions\/5998"}],"up":[{"embeddable":true,"href":"https:\/\/gepomay.fr\/index.php\/wp-json\/wp\/v2\/pages\/91"}],"wp:attachment":[{"href":"https:\/\/gepomay.fr\/index.php\/wp-json\/wp\/v2\/media?parent=1291"}],"curies":[{"name":"wp","href":"https:\/\/api.w.org\/{rel}","templated":true}]}}