{"id":1270,"date":"2019-12-30T13:59:23","date_gmt":"2019-12-30T10:59:23","guid":{"rendered":"http:\/\/gepomay.fr\/?page_id=1270"},"modified":"2025-07-22T11:04:14","modified_gmt":"2025-07-22T08:04:14","slug":"formulaire-de-contact-animation","status":"publish","type":"page","link":"https:\/\/gepomay.fr\/index.php\/formulaire-de-contact-animation\/","title":{"rendered":"Contacts"},"content":{"rendered":"\t\t<div data-elementor-type=\"wp-page\" data-elementor-id=\"1270\" class=\"elementor elementor-1270\">\n\t\t\t\t<div class=\"elementor-element elementor-element-2c460586 e-flex e-con-boxed e-con e-parent\" data-id=\"2c460586\" data-element_type=\"container\">\n\t\t\t\t\t<div class=\"e-con-inner\">\n\t\t\t\t<div class=\"elementor-element elementor-element-ab2e5c0 elementor-widget elementor-widget-heading\" data-id=\"ab2e5c0\" data-element_type=\"widget\" data-widget_type=\"heading.default\">\n\t\t\t\t<div class=\"elementor-widget-container\">\n\t\t\t\t\t<h2 class=\"elementor-heading-title elementor-size-default\"><div style=\"background-color: #7caacb;color: white;padding: 5px 30px;border-radius: 30px;text-align: center;margin-bottom: 20px\">\n<h2 style=\"font-size: 22px;margin: 0;color: #ffffff;font-weight: bold\">Pourquoi souhaitez-vous nous contacter ?<\/h2><\/h2>\t\t\t\t<\/div>\n\t\t\t\t<\/div>\n\t\t\t\t<div class=\"elementor-element elementor-element-26543a4 elementor-widget elementor-widget-text-editor\" data-id=\"26543a4\" data-element_type=\"widget\" data-widget_type=\"text-editor.default\">\n\t\t\t\t<div class=\"elementor-widget-container\">\n\t\t\t\t\t\t\t\t\t<style>\n  .contact-section {\n    max-width: 1000px;\n    margin: 30px auto;\n    font-family: 'Arial', sans-serif;\n    color: #003366;\n    padding: 0 15px;\n  }\n\n  .contact-card {\n    background: #e6f2ff; \/* bleu clair *\/\n    border-radius: 15px;\n    box-shadow: 0 8px 20px rgb(45 85 114 \/ 0.25);\n    padding: 18px 22px;\n    margin-bottom: 30px;\n    transition: transform 0.3s ease, box-shadow 0.3s ease;\n  }\n\n  .contact-card:hover {\n    transform: translateY(-6px);\n    box-shadow: 0 15px 30px rgb(45 85 114 \/ 0.35);\n  }\n\n  .contact-header {\n    background-color: #2d5572; \/* bleu fonc\u00e9 *\/\n    border-radius: 30px;\n    padding: 0px 20px;\n    max-width: fit-content;\n    color: #ffffff;\n    font-size: 20px; \/* modifi\u00e9 ici *\/\n    font-weight: 700;\n    margin-bottom: 20px;\n    box-shadow: 0 3px 10px rgb(45 85 114 \/ 0.5);\n  }\n\n  .contact-text {\n    font-size: 18px;\n    line-height: 1.4;\n    margin-bottom: 12px;\n    color: #333333;\n  }\n\n  .contact-link {\n    display: inline-block;\n    padding: 10px 22px;\n    background-color: #8de3d7;\n    color: #003366;\n    text-decoration: none;\n    border-radius: 12px;\n    font-weight: 700;\n    font-size: 18px;\n    box-shadow: 0 4px 10px rgb(141 227 215 \/ 0.6);\n    transition: background-color 0.3s ease, color 0.3s ease;\n  }\n\n  .contact-link:hover {\n    background-color: #70c7bf;\n    color: #002244;\n  }\n\n  @media (max-width: 600px) {\n    .contact-header {\n      font-size: 15px; \/* r\u00e9duit aussi sur mobile *\/\n      padding: 8px 16px;\n    }\n\n    .contact-text,\n    .contact-link {\n      font-size: 16px;\n    }\n\n    .contact-link {\n      padding: 8px 18px;\n    }\n  }\n<\/style>\n\n<div class=\"contact-section\">\n\n  <section class=\"contact-card\">\n    <h2 class=\"contact-header\">Vous avez des questions sur nos animations ?<\/h2>\n    <p class=\"contact-text\">\n      Vous souhaitez obtenir un devis pour une <strong>prestation d&rsquo;animation<\/strong> ou vous inscrire \u00e0 l&rsquo;une de nos sorties ornithologiques ?\n    <\/p>\n    <p>\n      <a href=\"mailto:animation@gepomay.fr\" class=\"contact-link\">animation@gepomay.fr<\/a>\n    <\/p>\n  <\/section>\n\n  <section class=\"contact-card\">\n    <h2 class=\"contact-header\">Suivis oiseaux communs et oiseaux des for\u00eats<\/h2>\n    <p class=\"contact-text\">\n      Vous souhaitez obtenir des <strong>informations<\/strong> ou faire du <strong>b\u00e9n\u00e9volat<\/strong> sur les suivis des oiseaux communs et\/ou des oiseaux des for\u00eats ?\n    <\/p>\n    <p>\n      <a href=\"mailto:stoc-mayotte@gepomay.fr\" class=\"contact-link\">stoc-mayotte@gepomay.fr<\/a>\n    <\/p>\n  <\/section>\n\n  <section class=\"contact-card\">\n    <h2 class=\"contact-header\">Programme May&rsquo;Refuges LPO<\/h2>\n    <p class=\"contact-text\">\n      Vous \u00eates une <strong>entreprise<\/strong>, une <strong>collectivit\u00e9<\/strong> ou un <strong>\u00e9tablissement scolaire<\/strong> et souhaitez obtenir des <strong>informations<\/strong> ou <strong>cr\u00e9er un site May&rsquo;Refuges LPO<\/strong> : un espace refuge accueillant la biodiversit\u00e9 de Mayotte sur votre terrain ?\n    <\/p>\n    <p class=\"contact-text\">\n      Rejoindre le r\u00e9seau May&rsquo;Refuges LPO, c&rsquo;est cr\u00e9er des conditions favorables \u00e0 la faune et \u00e0 la flore sauvages tout en r\u00e9duisant son impact environnemental !\n    <\/p>\n    <p>\n      <a href=\"mailto:mayrefuges@gepomay.fr\" class=\"contact-link\">mayrefuges@gepomay.fr<\/a>\n    <\/p>\n  <\/section>\n\n  <section class=\"contact-card\">\n    <h2 class=\"contact-header\">Vous souhaitez faire appel au GEPOMAY pour une prestation ?<\/h2>\n    <p class=\"contact-text\">\n      Envoi d&rsquo;une <strong>facture<\/strong> ou <strong>demande de devis<\/strong> pour une <strong>prestation naturaliste<\/strong>.\n    <\/p>\n    <p>\n      <a href=\"mailto:secretariat@gepomay.fr\" class=\"contact-link\">secretariat@gepomay.fr<\/a>\n    <\/p>\n  <\/section>\n\n  <section class=\"contact-card\">\n    <h2 class=\"contact-header\">Vous avez trouv\u00e9 un oiseau<\/h2>\n    <p class=\"contact-text\">\n      Si vous avez trouv\u00e9 un <strong>oiseau<\/strong> ou un <strong>oisillon en difficult\u00e9<\/strong> merci de vous r\u00e9f\u00e9rer \u00e0 la page ci-apr\u00e8s : <strong><a href=\"https:\/\/gepomay.fr\/index.php\/test\/vous-avez-vu-un-oiseau\/\" target=\"_blank\" rel=\"noopener\" style=\"color:#2d5572; text-decoration: underline;\">voir ici<\/a><\/strong>\n    <\/p>\n    <p>\n      <a href=\"mailto:communication@gepomay.fr\" class=\"contact-link\">06.39.68.15.58 et transmettez-nous une photo<\/a>\n    <\/p>\n  <\/section>\n\n  <section class=\"contact-card\">\n    <h2 class=\"contact-header\">Autres questions<\/h2>\n    <p class=\"contact-text\">\n      Pour en savoir plus sur l&rsquo;association, proposer un <strong>partenariat<\/strong> ou pour toute demande d&rsquo;<strong>interview<\/strong> et d&rsquo;apparition dans les <strong>m\u00e9dias<\/strong> :\n    <\/p>\n    <p>\n      <a href=\"mailto:communication@gepomay.fr\" class=\"contact-link\">communication@gepomay.fr<\/a>\n    <\/p>\n    <p class=\"contact-text\">\n      Pour proposer votre <strong>candidature<\/strong> ou contacter les <strong>charg\u00e9.e.s de projet<\/strong> ou la <strong>direction<\/strong> :\n    <\/p>\n    <p>\n      <a href=\"mailto:contact@gepomay.fr\" class=\"contact-link\">contact@gepomay.fr<\/a>\n    <\/p>\n  <\/section>\n\n<\/div>\n\t\t\t\t\t\t\t\t<\/div>\n\t\t\t\t<\/div>\n\t\t\t\t<div class=\"elementor-element elementor-element-1ad6fae elementor-widget elementor-widget-spacer\" data-id=\"1ad6fae\" data-element_type=\"widget\" data-widget_type=\"spacer.default\">\n\t\t\t\t<div class=\"elementor-widget-container\">\n\t\t\t\t\t\t\t<div class=\"elementor-spacer\">\n\t\t\t<div class=\"elementor-spacer-inner\"><\/div>\n\t\t<\/div>\n\t\t\t\t\t\t<\/div>\n\t\t\t\t<\/div>\n\t\t\t\t\t<\/div>\n\t\t\t\t<\/div>\n\t\t\t\t<\/div>\n\t\t","protected":false},"excerpt":{"rendered":"<p>Pourquoi souhaitez-vous nous contacter ? Vous avez des questions sur nos animations ? Vous souhaitez obtenir un devis pour une prestation d&rsquo;animation ou vous inscrire \u00e0 l&rsquo;une de nos sorties ornithologiques ? animation@gepomay.fr Suivis oiseaux communs et oiseaux des for\u00eats Vous souhaitez obtenir des informations ou faire du b\u00e9n\u00e9volat sur les suivis des oiseaux communs &hellip; <\/p>\n<p class=\"link-more\"><a href=\"https:\/\/gepomay.fr\/index.php\/formulaire-de-contact-animation\/\" class=\"more-link\">Lire la suite de<span class=\"screen-reader-text\">\u00ab\u00a0Contacts\u00a0\u00bb<\/span><\/a><\/p>\n","protected":false},"author":1,"featured_media":0,"parent":0,"menu_order":5,"comment_status":"closed","ping_status":"closed","template":"","meta":{"footnotes":""},"_links":{"self":[{"href":"https:\/\/gepomay.fr\/index.php\/wp-json\/wp\/v2\/pages\/1270"}],"collection":[{"href":"https:\/\/gepomay.fr\/index.php\/wp-json\/wp\/v2\/pages"}],"about":[{"href":"https:\/\/gepomay.fr\/index.php\/wp-json\/wp\/v2\/types\/page"}],"author":[{"embeddable":true,"href":"https:\/\/gepomay.fr\/index.php\/wp-json\/wp\/v2\/users\/1"}],"replies":[{"embeddable":true,"href":"https:\/\/gepomay.fr\/index.php\/wp-json\/wp\/v2\/comments?post=1270"}],"version-history":[{"count":26,"href":"https:\/\/gepomay.fr\/index.php\/wp-json\/wp\/v2\/pages\/1270\/revisions"}],"predecessor-version":[{"id":5812,"href":"https:\/\/gepomay.fr\/index.php\/wp-json\/wp\/v2\/pages\/1270\/revisions\/5812"}],"wp:attachment":[{"href":"https:\/\/gepomay.fr\/index.php\/wp-json\/wp\/v2\/media?parent=1270"}],"curies":[{"name":"wp","href":"https:\/\/api.w.org\/{rel}","templated":true}]}}