{"id":118,"date":"2018-03-09T13:43:04","date_gmt":"2018-03-09T10:43:04","guid":{"rendered":"http:\/\/gepomay.fr\/?page_id=118"},"modified":"2025-07-22T14:14:03","modified_gmt":"2025-07-22T11:14:03","slug":"oocm","status":"publish","type":"page","link":"https:\/\/gepomay.fr\/index.php\/projets\/oocm\/","title":{"rendered":"Observatoire des oiseaux c\u00f4tiers de Mayotte"},"content":{"rendered":"\t\t<div data-elementor-type=\"wp-page\" data-elementor-id=\"118\" class=\"elementor elementor-118\">\n\t\t\t\t<div class=\"elementor-element elementor-element-4e995c94 e-flex e-con-boxed e-con e-parent\" data-id=\"4e995c94\" data-element_type=\"container\">\n\t\t\t\t\t<div class=\"e-con-inner\">\n\t\t\t\t<div class=\"elementor-element elementor-element-baf8d93 elementor-widget elementor-widget-text-editor\" data-id=\"baf8d93\" data-element_type=\"widget\" data-widget_type=\"text-editor.default\">\n\t\t\t\t<div class=\"elementor-widget-container\">\n\t\t\t\t\t\t\t\t\t<p><span style=\"font-weight: bold; font-size: 14pt; color: #333333;\">L&rsquo;Observatoire des Oiseaux C\u00f4tiers de Mayotte<\/span><span style=\"font-size: 14pt; color: #333333;\">, ou OOCM, a pour objectif de suivre l&rsquo;\u00e9volution des populations d&rsquo;oiseaux c\u00f4tiers et marins sur le long terme. Pour atteindre cet objectif, le GEPOMAY travaille notamment avec le\u00a0<\/span><a style=\"color: #0bb4aa; background-color: #ffffff; font-size: 14pt;\" href=\"https:\/\/parc-marin-mayotte.fr\/\" target=\"_blank\" rel=\"noopener\">Parc Naturel Marin de Mayotte<\/a><span style=\"font-size: 14pt; color: #333333;\">, son partenaire technique et financier.<\/span><\/p>\t\t\t\t\t\t\t\t<\/div>\n\t\t\t\t<\/div>\n\t\t\t\t<div class=\"elementor-element elementor-element-fd423c7 elementor-widget elementor-widget-text-editor\" data-id=\"fd423c7\" data-element_type=\"widget\" data-widget_type=\"text-editor.default\">\n\t\t\t\t<div class=\"elementor-widget-container\">\n\t\t\t\t\t\t\t\t\t<div style=\"display: flex; justify-content: space-between; gap: 20px; flex-wrap: wrap;\">\n\n  <figure style=\"flex: 1; min-width: 300px; text-align: center;\">\n    <img decoding=\"async\" src=\"https:\/\/gepomay.fr\/wp-content\/uploads\/2023\/05\/GEP3060-1024x683.jpg\" alt=\"Oiseau - Thomas Ferrari\" style=\"width: 100%; height: 250px; object-fit: cover;\" \/>\n    <figcaption style=\"margin-top: 8px;\">\u00a9 Thomas Ferrari &#8211; GEPOMAY<\/figcaption>\n  <\/figure>\n\n  <figure style=\"flex: 1; min-width: 300px; text-align: center;\">\n    <img decoding=\"async\" src=\"https:\/\/gepomay.fr\/wp-content\/uploads\/2019\/12\/2014.11.15_ADT5032-NIKON-D810-LR.jpg\" alt=\"Oiseau - Gilles Adt\" style=\"width: 100%; height: 250px; object-fit: cover;\" \/>\n    <figcaption style=\"margin-top: 8px;\">\u00a9 Gilles Adt<\/figcaption>\n  <\/figure>\n\n  <figure style=\"flex: 1; min-width: 300px; text-align: center;\">\n    <img decoding=\"async\" src=\"https:\/\/gepomay.fr\/wp-content\/uploads\/2022\/06\/heron-humblot-2-1024x768.jpg\" alt=\"H\u00e9ron Humblot - Gilles Adt\" style=\"width: 100%; height: 250px; object-fit: cover;\" \/>\n    <figcaption style=\"margin-top: 8px;\">\u00a9 Gilles Adt<\/figcaption>\n  <\/figure>\n\n<\/div>\n\t\t\t\t\t\t\t\t<\/div>\n\t\t\t\t<\/div>\n\t\t\t\t<div class=\"elementor-element elementor-element-a397033 elementor-widget elementor-widget-text-editor\" data-id=\"a397033\" data-element_type=\"widget\" data-widget_type=\"text-editor.default\">\n\t\t\t\t<div class=\"elementor-widget-container\">\n\t\t\t\t\t\t\t\t\t<p><span style=\"font-size: 14pt;\"><span style=\"color: #000000;\">L&rsquo;OOCM est coordonn\u00e9 \u00e0 l&rsquo;\u00e9chelle nationale par les<\/span> <a href=\"https:\/\/www.reserves-naturelles.org\/\" target=\"_blank\" rel=\"noopener\">R\u00e9serves Naturelles de France<\/a> <span style=\"color: #000000;\">et le projet d&rsquo;Observatoire du Patrimoine Naturel Littoral (<\/span><a href=\"https:\/\/www.reserves-naturelles.org\/rnf\/projets\/observatoire-du-patrimoine-naturel-littoral\" target=\"_blank\" rel=\"noopener\">OPNL<\/a><span style=\"color: #000000;\">), au travers du volet <em>Limicoles c\u00f4tiers<\/em>. Ce projet s&rsquo;inscrit \u00e9galement dans le cadre international des recensements mondiaux des oiseaux d&rsquo;eau coordonn\u00e9s par<\/span> <a href=\"https:\/\/www.wetlands.org\/\" target=\"_blank\" rel=\"noopener\">Wetlands International<\/a>.<\/span><\/p>\t\t\t\t\t\t\t\t<\/div>\n\t\t\t\t<\/div>\n\t\t\t\t<div class=\"elementor-element elementor-element-bb54922 elementor-widget elementor-widget-heading\" data-id=\"bb54922\" data-element_type=\"widget\" data-widget_type=\"heading.default\">\n\t\t\t\t<div class=\"elementor-widget-container\">\n\t\t\t\t\t<h2 class=\"elementor-heading-title elementor-size-default\"><!-- Section contexte-->\n<div style=\"background-color: #7caacb;color: white;padding: 5px 30px;border-radius: 30px;text-align: center;margin-bottom: 20px\">\n    <h2 style=\"font-size: 22px;margin: 0;color: #ffffff;font-weight: bold\">Quelles esp\u00e8ces ?<\/h2>\n<\/div><\/h2>\t\t\t\t<\/div>\n\t\t\t\t<\/div>\n\t\t\t\t<div class=\"elementor-element elementor-element-6c2cbc5 elementor-widget elementor-widget-text-editor\" data-id=\"6c2cbc5\" data-element_type=\"widget\" data-widget_type=\"text-editor.default\">\n\t\t\t\t<div class=\"elementor-widget-container\">\n\t\t\t\t\t\t\t\t\t<p><span style=\"color: #000000;\">Quatre famille d&rsquo;oiseaux sont concern\u00e9es par l&rsquo;OOCM :\u00a0<\/span><\/p>\n<ul>\n<li style=\"list-style-type: none;\">\n<ul>\n<li style=\"list-style-type: none;\">\n<ul>\n<li><span style=\"color: #000000;\">Les <strong>sternes<\/strong>\u00a0: ce sont des larid\u00e9s que l&rsquo;on retrouve sur les \u00eelots du lagon mahorais\u00a0<\/span><\/li>\n<li><span style=\"color: #000000;\">Les <strong>limicoles<\/strong> : ce sont de petits \u00e9chassiers qui se nourrissent sur le littoral, dans la vase et le limon<\/span><\/li>\n<li><span style=\"color: #000000;\">Les\u00a0<strong>ard\u00e9id\u00e9s\u00a0<\/strong>: c&rsquo;est la famille des h\u00e9rons et des aigrettes, on les retrouve dans les zones humides, les vasi\u00e8res et les platiers littoraux<\/span><\/li>\n<li><span style=\"color: #000000;\">Les<\/span> <a href=\"https:\/\/gepomay.fr\/index.php\/2020\/06\/14\/loiseau-du-mois-le-phaeton-a-bec-jaune\/\">Pha\u00e9tons \u00e0 bec jaune<\/a> <span style=\"color: #000000;\">ou Paille-en-queue : c&rsquo;est le seul oiseau nicheur \u00e0 Mayotte. Ces derniers nichent au niveau des falaises.<\/span><\/li>\n<\/ul>\n<\/li>\n<\/ul>\n<\/li>\n<\/ul>\t\t\t\t\t\t\t\t<\/div>\n\t\t\t\t<\/div>\n\t\t\t\t<div class=\"elementor-element elementor-element-9b85424 elementor-widget elementor-widget-heading\" data-id=\"9b85424\" data-element_type=\"widget\" data-widget_type=\"heading.default\">\n\t\t\t\t<div class=\"elementor-widget-container\">\n\t\t\t\t\t<h2 class=\"elementor-heading-title elementor-size-default\"><!-- Section contexte-->\n<div style=\"background-color: #7caacb;color: white;padding: 5px 30px;border-radius: 30px;text-align: center;margin-bottom: 20px\">\n    <h2 style=\"font-size: 22px;margin: 0;color: #ffffff;font-weight: bold\">Quelles actions ?<\/h2>\n<\/div><\/h2>\t\t\t\t<\/div>\n\t\t\t\t<\/div>\n\t\t\t\t<div class=\"elementor-element elementor-element-820f921 elementor-widget elementor-widget-text-editor\" data-id=\"820f921\" data-element_type=\"widget\" data-widget_type=\"text-editor.default\">\n\t\t\t\t<div class=\"elementor-widget-container\">\n\t\t\t\t\t\t\t\t\t<p><span style=\"color: #000000;\">Le recensement et le suivi des oiseaux c\u00f4tiers et marins de Mayotte passent par des comptages mensuels. Ceux-ci sont r\u00e9alis\u00e9s \u00e0 pied sur le littoral et principalement sur Petite-Terre, en ULM pour observer les oiseaux en repos sur les \u00eelots et en bateau pour les oiseaux marins.\u00a0<\/span><\/p>\n<p><span style=\"color: #000000;\">En parall\u00e8le, le GEPOMAY anime des ateliers de sensibilisation sur le th\u00e8me des oiseaux c\u00f4tiers et marins notamment dans le cadre des projets P&rsquo;tits fundis du lagon \u00e0 destination des \u00e9tablissements scolaires de l&rsquo;\u00eele.\u00a0<\/span><\/p>\t\t\t\t\t\t\t\t<\/div>\n\t\t\t\t<\/div>\n\t\t\t\t<div class=\"elementor-element elementor-element-51c8ecf elementor-widget elementor-widget-heading\" data-id=\"51c8ecf\" data-element_type=\"widget\" data-widget_type=\"heading.default\">\n\t\t\t\t<div class=\"elementor-widget-container\">\n\t\t\t\t\t<h2 class=\"elementor-heading-title elementor-size-default\"><!-- Section contexte-->\n<div style=\"background-color: #7caacb;color: white;padding: 5px 30px;border-radius: 30px;text-align: center;margin-bottom: 20px\">\n    <h2 style=\"font-size: 22px;margin: 0;color: #ffffff;font-weight: bold\">Le saviez-vous ?<\/h2>\n<\/div><\/h2>\t\t\t\t<\/div>\n\t\t\t\t<\/div>\n\t\t\t\t<div class=\"elementor-element elementor-element-a9f879d elementor-widget elementor-widget-text-editor\" data-id=\"a9f879d\" data-element_type=\"widget\" data-widget_type=\"text-editor.default\">\n\t\t\t\t<div class=\"elementor-widget-container\">\n\t\t\t\t\t\t\t\t\t<p><span style=\"color: #000000;\">Mayotte accueille\u00a0entre 6 et 7%\u00a0de la population biog\u00e9ographique (ouest Oc\u00e9an indien) de sternes voyageuses. Elles, et d&rsquo;autres esp\u00e8ces, viennent se reposer\u00a0de d\u00e9cembre \u00e0 mai\u00a0sur les \u00eelots de Mayotte. <strong>Ce sont donc 12 \u00eelots qui sont reconnus\u00a0d&rsquo;importance internationale\u00a0pour les populations de sternes<\/strong>.\u00a0<\/span><\/p>\n<p><style>\n  .warning-box {\n    background-color: #fff3cd; \/* Jaune p\u00e2le *\/\n    border: 1px solid #ffeeba; \/* Jaune un peu plus soutenu *\/\n    padding: 20px;\n    border-radius: 8px;\n    margin-bottom: 20px;\n    box-shadow: 0 2px 6px rgba(0, 0, 0, 0.1);\n    font-family: Arial, sans-serif;\n    font-size: 16px;\n    color: #856404; \/* Marron fonc\u00e9 lisible sur jaune *\/\n  }\n\n  .warning-box::before {\n    content: \"\u26a0\ufe0f Info importante\";\n    display: block;\n    font-weight: bold;\n    margin-bottom: 10px;\n  }\n<\/style><\/p>\n<div class=\"warning-box\">Peu de gens le savent : d\u00e9ranger les sternes au repos sur un \u00eelot de sable blanc, que ce soit en arrivant en bateau ou en cano\u00eb, provoque un envol qui entra\u00eene une d\u00e9pense \u00e9nerg\u00e9tique inutile. Ces d\u00e9rangements peuvent augmenter la mortalit\u00e9 des individus durant la migration ou la p\u00e9riode de reproduction. <strong>De d\u00e9cembre \u00e0 mai, laissez les \u00eelots aux sternes.<\/strong><\/div>\t\t\t\t\t\t\t\t<\/div>\n\t\t\t\t<\/div>\n\t\t\t\t<div class=\"elementor-element elementor-element-68b1ec0 elementor-widget elementor-widget-text-editor\" data-id=\"68b1ec0\" data-element_type=\"widget\" data-widget_type=\"text-editor.default\">\n\t\t\t\t<div class=\"elementor-widget-container\">\n\t\t\t\t\t\t\t\t\t<div style=\"display: flex; gap: 20px; flex-wrap: wrap; justify-content: center; margin-bottom: 20px;\">\n\n  <figure style=\"flex: 1; min-width: 300px; text-align: center; margin: 0;\">\n    <img decoding=\"async\" \n      src=\"https:\/\/gepomay.fr\/wp-content\/uploads\/2023\/05\/12698524_461798224023722_1698412698263628492_o.jpg\" \n      alt=\"Photo GEPOMAY 1\" \n      style=\"width: 100%; height: auto; object-fit: cover;\" \/>\n    <figcaption style=\"margin-top: 8px; font-size: 14px; color: #555;\">\u00a9 GEPOMAY<\/figcaption>\n  <\/figure>\n\n  <figure style=\"flex: 1; min-width: 300px; text-align: center; margin: 0;\">\n    <img decoding=\"async\" \n      src=\"https:\/\/gepomay.fr\/wp-content\/uploads\/2023\/05\/244418283_1757725607764304_5655161254947002882_n.jpg\" \n      alt=\"Photo GEPOMAY 2\" \n      style=\"width: 100%; height: auto; object-fit: cover;\" \/>\n    <figcaption style=\"margin-top: 8px; font-size: 14px; color: #555;\">\u00a9 GEPOMAY<\/figcaption>\n  <\/figure>\n\n<\/div>\n\t\t\t\t\t\t\t\t<\/div>\n\t\t\t\t<\/div>\n\t\t\t\t<div class=\"elementor-element elementor-element-c304573 elementor-widget elementor-widget-heading\" data-id=\"c304573\" data-element_type=\"widget\" data-widget_type=\"heading.default\">\n\t\t\t\t<div class=\"elementor-widget-container\">\n\t\t\t\t\t<h2 class=\"elementor-heading-title elementor-size-default\"><!-- Section contexte-->\n<div style=\"background-color: #7caacb;color: white;padding: 5px 30px;border-radius: 30px;text-align: center;margin-bottom: 20px\">\n    <h2 style=\"font-size: 22px;margin: 0;color: #ffffff;font-weight: bold\">Un peu de lecture...<\/h2><\/h2>\t\t\t\t<\/div>\n\t\t\t\t<\/div>\n\t\t\t\t<div class=\"elementor-element elementor-element-b0b566 elementor-widget elementor-widget-text-editor\" data-id=\"b0b566\" data-element_type=\"widget\" data-widget_type=\"text-editor.default\">\n\t\t\t\t<div class=\"elementor-widget-container\">\n\t\t\t\t\t\t\t\t\t<p><\/p>\n<ul>\n<li><a href=\"https:\/\/gepomay.fr\/wp-content\/uploads\/2023\/05\/GEPOMAY_OOCM_Bilan2021-2022.pdf\">Observatoire des Oiseaux C\u00f4tiers de Mayotte \u2013 bilan 2021-2022<\/a><\/li>\n<li><a href=\"https:\/\/gepomay.fr\/wp-content\/uploads\/2023\/05\/Resultats-2021-du-comptage-WETLANDS-INTERNATIONAL.pdf\">R\u00e9sultats 2021 du comptage WETLANDS INTERNATIONAL<\/a> &#8211; zoom sur Mayotte p.23<\/li>\n<li><a href=\"https:\/\/gepomay.fr\/wp-content\/uploads\/2020\/01\/R%C3%A9sum%C3%A9_OOCM_OPNL2019_TFerrari-converti.pdf\">R\u00e9sum\u00e9 des actions de l\u2019Observatoire des oiseaux c\u00f4tiers de Mayotte \u2013 2020<\/a><\/li>\n<li><a style=\"background-color: #ffffff;\" href=\"https:\/\/gepomay.fr\/wp-content\/uploads\/2019\/10\/BilanOOCM20132016VFLight.pdf\" target=\"_blank\" rel=\"noopener\">Bilan de l&rsquo;Observatoire des oiseaux c\u00f4tiers de Mayotte &#8211; 2013\/2016<\/a><\/li>\n<\/ul>\n<p><\/p>\t\t\t\t\t\t\t\t<\/div>\n\t\t\t\t<\/div>\n\t\t\t\t<div class=\"elementor-element elementor-element-7b758b4 elementor-widget elementor-widget-spacer\" data-id=\"7b758b4\" data-element_type=\"widget\" data-widget_type=\"spacer.default\">\n\t\t\t\t<div class=\"elementor-widget-container\">\n\t\t\t\t\t\t\t<div class=\"elementor-spacer\">\n\t\t\t<div class=\"elementor-spacer-inner\"><\/div>\n\t\t<\/div>\n\t\t\t\t\t\t<\/div>\n\t\t\t\t<\/div>\n\t\t\t\t\t<\/div>\n\t\t\t\t<\/div>\n\t\t\t\t<\/div>\n\t\t","protected":false},"excerpt":{"rendered":"<p>L&rsquo;Observatoire des Oiseaux C\u00f4tiers de Mayotte, ou OOCM, a pour objectif de suivre l&rsquo;\u00e9volution des populations d&rsquo;oiseaux c\u00f4tiers et marins sur le long terme. Pour atteindre cet objectif, le GEPOMAY travaille notamment avec le\u00a0Parc Naturel Marin de Mayotte, son partenaire technique et financier. \u00a9 Thomas Ferrari &#8211; GEPOMAY \u00a9 Gilles Adt \u00a9 Gilles Adt L&rsquo;OOCM &hellip; <\/p>\n<p class=\"link-more\"><a href=\"https:\/\/gepomay.fr\/index.php\/projets\/oocm\/\" class=\"more-link\">Lire la suite de<span class=\"screen-reader-text\">\u00ab\u00a0Observatoire des oiseaux c\u00f4tiers de Mayotte\u00a0\u00bb<\/span><\/a><\/p>\n","protected":false},"author":1,"featured_media":0,"parent":223,"menu_order":1,"comment_status":"closed","ping_status":"closed","template":"","meta":{"footnotes":""},"_links":{"self":[{"href":"https:\/\/gepomay.fr\/index.php\/wp-json\/wp\/v2\/pages\/118"}],"collection":[{"href":"https:\/\/gepomay.fr\/index.php\/wp-json\/wp\/v2\/pages"}],"about":[{"href":"https:\/\/gepomay.fr\/index.php\/wp-json\/wp\/v2\/types\/page"}],"author":[{"embeddable":true,"href":"https:\/\/gepomay.fr\/index.php\/wp-json\/wp\/v2\/users\/1"}],"replies":[{"embeddable":true,"href":"https:\/\/gepomay.fr\/index.php\/wp-json\/wp\/v2\/comments?post=118"}],"version-history":[{"count":28,"href":"https:\/\/gepomay.fr\/index.php\/wp-json\/wp\/v2\/pages\/118\/revisions"}],"predecessor-version":[{"id":5922,"href":"https:\/\/gepomay.fr\/index.php\/wp-json\/wp\/v2\/pages\/118\/revisions\/5922"}],"up":[{"embeddable":true,"href":"https:\/\/gepomay.fr\/index.php\/wp-json\/wp\/v2\/pages\/223"}],"wp:attachment":[{"href":"https:\/\/gepomay.fr\/index.php\/wp-json\/wp\/v2\/media?parent=118"}],"curies":[{"name":"wp","href":"https:\/\/api.w.org\/{rel}","templated":true}]}}